{"id":7253,"date":"2025-12-19T17:41:57","date_gmt":"2025-12-19T16:41:57","guid":{"rendered":"https:\/\/academiespatiale.fr\/?page_id=7253"},"modified":"2025-12-19T17:49:48","modified_gmt":"2025-12-19T16:49:48","slug":"international-mobility-scholarships","status":"publish","type":"page","link":"https:\/\/academiespatiale.fr\/index.php\/international\/international-mobility-scholarships\/","title":{"rendered":"International mobility scholarships"},"content":{"rendered":"\n<div class=\"wp-block-columns alignfull has-text-color has-link-color wp-elements-8422e2a85d9f2e5605b7dd2ae54b3e54 is-layout-flex wp-container-core-columns-is-layout-e94c545b wp-block-columns-is-layout-flex\" style=\"color:#b1b1b1;margin-top:-25px;margin-bottom:20px;padding-top:0;padding-right:0;padding-bottom:0;padding-left:60px;font-size:15px\">\n<div class=\"wp-block-column has-text-color has-link-color wp-elements-32661c60388d2123b0bf1683c717c484 is-layout-flow wp-block-column-is-layout-flow\" style=\"color:#a1a1a1;padding-top:0;padding-bottom:0;font-size:15px;font-style:normal;font-weight:100;flex-basis:100%\"><div class=\"aioseo-breadcrumbs\"><span class=\"aioseo-breadcrumb\">\n\t\t\t<a href=\"https:\/\/academiespatiale.fr\" title=\"Home\">Home<\/a>\n\t\t<\/span><span class=\"aioseo-breadcrumb-separator\">&raquo;<\/span><span class=\"aioseo-breadcrumb\">\n\t\t\t<a href=\"https:\/\/academiespatiale.fr\/index.php\/international\/\" title=\"International\">International<\/a>\n\t\t<\/span><span class=\"aioseo-breadcrumb-separator\">&raquo;<\/span><span class=\"aioseo-breadcrumb\">\n\t\t\tInternational mobility scholarships\n\t\t<\/span><\/div><\/div>\n<\/div>\n\n\n\n<div class=\"wp-block-columns alignwide are-vertically-aligned-center has-border-color has-accent-border-color has-white-color has-accent-background-color has-text-color has-background has-link-color wp-elements-27c3f6fa11e61cc2e568d19abeb97231 is-layout-flex wp-container-core-columns-is-layout-73b4a733 wp-block-columns-is-layout-flex\" style=\"border-width:1px;margin-top:0;margin-bottom:0;padding-top:var(--wp--preset--spacing--40);padding-right:0;padding-bottom:0;padding-left:0\">\n<div class=\"wp-block-column is-vertically-aligned-center is-layout-flow wp-block-column-is-layout-flow\">\n<p class=\"has-text-align-center\" style=\"font-size:15px\"><a href=\"https:\/\/academiespatiale.fr\/index.php\/international\/international-masters\/\" title=\"\"><strong>Master&rsquo;s<\/strong><\/a><\/p>\n<\/div>\n\n\n\n<div class=\"wp-block-column is-vertically-aligned-center is-layout-flow wp-block-column-is-layout-flow\">\n<p class=\"has-text-align-center\" style=\"font-size:15px\"><a href=\"https:\/\/academiespatiale.fr\/index.php\/international\/international-innovative-training\/\" title=\"\"><strong>Innovative training<\/strong><\/a><\/p>\n<\/div>\n\n\n\n<div class=\"wp-block-column is-vertically-aligned-center is-layout-flow wp-block-column-is-layout-flow\">\n<p class=\"has-text-align-center\" style=\"font-size:15px\">\u2193 Mobility scholarships \u2193<\/p>\n<\/div>\n\n\n\n<div class=\"wp-block-column is-vertically-aligned-center is-layout-flow wp-block-column-is-layout-flow\">\n<p class=\"has-text-align-center\" style=\"font-size:15px\"><a href=\"https:\/\/academiespatiale.fr\/index.php\/international\/international-conference\/\" title=\"\"><strong>Conferences 2026<\/strong><\/a><\/p>\n<\/div>\n<\/div>\n\n\n\n<div style=\"height:50px\" aria-hidden=\"true\" class=\"wp-block-spacer\"><\/div>\n\n\n\n<div class=\"wp-block-columns alignwide is-layout-flex wp-container-core-columns-is-layout-28f84493 wp-block-columns-is-layout-flex\">\n<div class=\"wp-block-column is-layout-flow wp-block-column-is-layout-flow\" style=\"flex-basis:100%\">\n<p>The call for applications for international mobility scholarships is open to international students who will join the Acad\u00e9mie Spatiale (incoming mobility), as well as to students from the academy wishing to undertake a period abroad (outgoing mobility). <\/p>\n\n\n\n<p>International mobility scholarships are awarded for study projects lasting one academic year or one academic semester. They are intended for international students wishing to enrol in the master\u2019s programmes of the Acad\u00e9mie Spatiale d\u2019\u00cele-de-France, as well as for students of the academy who wish to carry out internships abroad.<\/p>\n\n\n\n<p><em>For any questions<\/em>:&nbsp;<a href=\"mailto:mobility@academiespatiale.fr\" target=\"_blank\" rel=\"noreferrer noopener\">mobility@academiespatiale.fr<\/a><\/p>\n\n\n\n<h5 class=\"wp-block-heading has-text-align-center\" id=\"aioseo-mobility-call-currently-open-128\">Mobility call currently open<\/h5>\n\n\n\n<p class=\"has-text-align-center\"><strong>Deadlines:<\/strong><br><s><strong>1st call:<\/strong> 30 October 2025<\/s><br><strong>2nd call:<\/strong> 30 January 2026<br><strong>3rd call:<\/strong> 31 May 2026<\/p>\n<\/div>\n<\/div>\n\n\n\n<hr class=\"wp-block-separator has-alpha-channel-opacity\"\/>\n\n\n<ul class=\"wp-block-latest-posts__list has-dates alignwide wp-block-latest-posts\"><li><div class=\"wp-block-latest-posts__featured-image alignleft\"><a href=\"https:\/\/academiespatiale.fr\/index.php\/2025\/07\/08\/appel-a-candidatures-2026-bourses-de-mobilites-internationales\/\" aria-label=\"Appel \u00e0 candidatures 2025\/2026 : bourses de mobilit\u00e9s internationales\"><img loading=\"lazy\" decoding=\"async\" width=\"300\" height=\"200\" src=\"https:\/\/academiespatiale.fr\/wp-content\/uploads\/2024\/11\/AAC_mobilites-internationales-300x200.png\" class=\"attachment-medium size-medium wp-post-image\" alt=\"\" style=\"max-width:300px;max-height:300px;\" srcset=\"https:\/\/academiespatiale.fr\/wp-content\/uploads\/2024\/11\/AAC_mobilites-internationales-300x200.png 300w, https:\/\/academiespatiale.fr\/wp-content\/uploads\/2024\/11\/AAC_mobilites-internationales-360x240.png 360w, https:\/\/academiespatiale.fr\/wp-content\/uploads\/2024\/11\/AAC_mobilites-internationales.png 750w\" sizes=\"auto, (max-width: 300px) 100vw, 300px\" \/><\/a><\/div><a class=\"wp-block-latest-posts__post-title\" href=\"https:\/\/academiespatiale.fr\/index.php\/2025\/07\/08\/appel-a-candidatures-2026-bourses-de-mobilites-internationales\/\">Appel \u00e0 candidatures 2025\/2026 : bourses de mobilit\u00e9s internationales<\/a><time datetime=\"2025-07-08T17:08:36+02:00\" class=\"wp-block-latest-posts__post-date\">8 juillet 2025<\/time><div class=\"wp-block-latest-posts__post-full-content\"><!-- wp:block {\"ref\":7170} \/-->\n\n<!-- wp:details {\"style\":{\"elements\":{\"link\":{\"color\":{\"text\":\"#959595\"}}},\"color\":{\"text\":\"#959595\"}}} -->\n<details class=\"wp-block-details has-text-color has-link-color\" style=\"color:#959595\"><summary>&gt;&gt;&gt; click here for the English version<\/summary><!-- wp:paragraph -->\n<p>As part of the CMA France 2030 project \u00ab\u00a0Space Academy of Ile-de-France\u00a0\u00bb (The Space Academy of Ile-de-France), which coordinates 8 space-related training institutes in Ile-de-France (UPS, SU, ONERA, UPC, UPEC, UVSQ, IPP, PSL), we are pleased to announce the<strong>\u00a0call for application for international mobility grants. This aims foreign students joining the space academy (incoming mobility) and students of the academy willing to study abroad (outgoing mobility)<\/strong>. These international mobility grants (up to \u20ac1200\/month) are awarded for study projects lasting one academic year or semester in a Space Academy training and internships for space-related research projects in a laboratory of a partner of the academy (for foreign students) or abroad.<\/p>\n<!-- \/wp:paragraph -->\n\n<!-- wp:columns -->\n<div class=\"wp-block-columns\"><!-- wp:column -->\n<div class=\"wp-block-column\"><!-- wp:file {\"id\":5305,\"href\":\"https:\/\/academiespatiale.fr\/wp-content\/uploads\/2025\/07\/SPACE-IDF-IntMobility-Incoming2026-Call.pdf\",\"displayPreview\":true,\"previewHeight\":200,\"align\":\"center\"} -->\n<div class=\"wp-block-file aligncenter\"><object class=\"wp-block-file__embed\" data=\"https:\/\/academiespatiale.fr\/wp-content\/uploads\/2025\/07\/SPACE-IDF-IntMobility-Incoming2026-Call.pdf\" type=\"application\/pdf\" style=\"width:100%;height:200px\" aria-label=\"SPACE-IDF-IntMobility-Incoming2026-Call\"><\/object><a id=\"wp-block-file--media-0a6899cc-ab1d-4946-b984-3726aea0ec68\" href=\"https:\/\/academiespatiale.fr\/wp-content\/uploads\/2025\/07\/SPACE-IDF-IntMobility-Incoming2026-Call.pdf\">SPACE-IDF-IntMobility-Incoming2026-Call<\/a><a href=\"https:\/\/academiespatiale.fr\/wp-content\/uploads\/2025\/07\/SPACE-IDF-IntMobility-Incoming2026-Call.pdf\" class=\"wp-block-file__button wp-element-button\" download aria-describedby=\"wp-block-file--media-0a6899cc-ab1d-4946-b984-3726aea0ec68\">Incoming call<\/a><\/div>\n<!-- \/wp:file --><\/div>\n<!-- \/wp:column -->\n\n<!-- wp:column {\"verticalAlignment\":\"center\"} -->\n<div class=\"wp-block-column is-vertically-aligned-center\"><!-- wp:paragraph {\"align\":\"center\"} -->\n<p class=\"has-text-align-center\"><\/p>\n<!-- \/wp:paragraph --><\/div>\n<!-- \/wp:column -->\n\n<!-- wp:column -->\n<div class=\"wp-block-column\"><!-- wp:file {\"id\":5306,\"href\":\"https:\/\/academiespatiale.fr\/wp-content\/uploads\/2025\/07\/SPACE-IDF-IntMobility-Outgoing2026-Call.pdf\",\"displayPreview\":true,\"previewHeight\":200,\"align\":\"center\"} -->\n<div class=\"wp-block-file aligncenter\"><object class=\"wp-block-file__embed\" data=\"https:\/\/academiespatiale.fr\/wp-content\/uploads\/2025\/07\/SPACE-IDF-IntMobility-Outgoing2026-Call.pdf\" type=\"application\/pdf\" style=\"width:100%;height:200px\" aria-label=\"SPACE-IDF-IntMobility-Outgoing2026-Call\"><\/object><a id=\"wp-block-file--media-70e654f5-7805-4aaa-ac8f-97a3bf24889c\" href=\"https:\/\/academiespatiale.fr\/wp-content\/uploads\/2025\/07\/SPACE-IDF-IntMobility-Outgoing2026-Call.pdf\">SPACE-IDF-IntMobility-Outgoing2026-Call<\/a><a href=\"https:\/\/academiespatiale.fr\/wp-content\/uploads\/2025\/07\/SPACE-IDF-IntMobility-Outgoing2026-Call.pdf\" class=\"wp-block-file__button wp-element-button\" download aria-describedby=\"wp-block-file--media-70e654f5-7805-4aaa-ac8f-97a3bf24889c\">Outgoing call<\/a><\/div>\n<!-- \/wp:file --><\/div>\n<!-- \/wp:column --><\/div>\n<!-- \/wp:columns -->\n\n<!-- wp:separator -->\n<hr class=\"wp-block-separator has-alpha-channel-opacity\" \/>\n<!-- \/wp:separator -->\n\n<!-- wp:columns -->\n<div class=\"wp-block-columns\"><!-- wp:column {\"verticalAlignment\":\"center\",\"width\":\"33.33%\"} -->\n<div class=\"wp-block-column is-vertically-aligned-center\" style=\"flex-basis:33.33%\"><!-- wp:file {\"id\":5307,\"href\":\"https:\/\/academiespatiale.fr\/wp-content\/uploads\/2025\/07\/SPACE-IDF-IntMobility-Incoming2026-Form_StudentName.docx\",\"align\":\"center\"} -->\n<div class=\"wp-block-file aligncenter\"><a id=\"wp-block-file--media-0a816134-262d-4efe-a77e-de081d39a9b5\" href=\"https:\/\/academiespatiale.fr\/wp-content\/uploads\/2025\/07\/SPACE-IDF-IntMobility-Incoming2026-Form_StudentName.docx\">SPACE-IDF-IntMobility-Incoming2026-Form_StudentName<\/a><a href=\"https:\/\/academiespatiale.fr\/wp-content\/uploads\/2025\/07\/SPACE-IDF-IntMobility-Incoming2026-Form_StudentName.docx\" class=\"wp-block-file__button wp-element-button\" download aria-describedby=\"wp-block-file--media-0a816134-262d-4efe-a77e-de081d39a9b5\">Incoming form<\/a><\/div>\n<!-- \/wp:file -->\n\n<!-- wp:file {\"id\":5308,\"href\":\"https:\/\/academiespatiale.fr\/wp-content\/uploads\/2025\/07\/SPACE-IDF-IntMobility-Outgoing2026-Form_StudentName.docx\",\"align\":\"center\"} -->\n<div class=\"wp-block-file aligncenter\"><a id=\"wp-block-file--media-d0871087-35fb-4100-a3f7-f796a30ca0cc\" href=\"https:\/\/academiespatiale.fr\/wp-content\/uploads\/2025\/07\/SPACE-IDF-IntMobility-Outgoing2026-Form_StudentName.docx\">SPACE-IDF-IntMobility-Outgoing2026-Form_StudentName<\/a><a href=\"https:\/\/academiespatiale.fr\/wp-content\/uploads\/2025\/07\/SPACE-IDF-IntMobility-Outgoing2026-Form_StudentName.docx\" class=\"wp-block-file__button wp-element-button\" download aria-describedby=\"wp-block-file--media-d0871087-35fb-4100-a3f7-f796a30ca0cc\">Outgoing form<\/a><\/div>\n<!-- \/wp:file --><\/div>\n<!-- \/wp:column -->\n\n<!-- wp:column {\"width\":\"66.66%\"} -->\n<div class=\"wp-block-column\" style=\"flex-basis:66.66%\"><!-- wp:paragraph -->\n<p>For each application, fill in one of the attached forms and send it to the following address\u00a0:<br><a href=\"mailto:mobility@academiespatiale.fr\" target=\"_blank\" rel=\"noopener\" title=\"\"><strong>mobility@academiespatiale.fr<\/strong><\/a><br><strong>Before one of the following deadlines: 30 october 2025 \/ 30 january 2026 \/ 31 may 2026<\/strong><\/p>\n<!-- \/wp:paragraph --><\/div>\n<!-- \/wp:column --><\/div>\n<!-- \/wp:columns -->\n\n<!-- wp:paragraph {\"align\":\"right\"} -->\n<p class=\"has-text-align-right\">Any further information ?<br><a href=\"mailto:mobility@academiespatiale.fr\" target=\"_blank\" rel=\"noopener\" title=\"\">mobility@academiespatiale.fr<\/a><\/p>\n<!-- \/wp:paragraph --><\/details>\n<!-- \/wp:details -->\n\n<!-- wp:separator -->\n<hr class=\"wp-block-separator has-alpha-channel-opacity\" \/>\n<!-- \/wp:separator -->\n\n<!-- wp:paragraph -->\n<p>Dans le cadre du projet CMA France 2030 \u00ab\u00a0<strong>Acad\u00e9mie Spatiale d&rsquo;Ile-de-France<\/strong>\u00a0\u00bb coordonnant 8 \u00e9tablissements franciliens\u00a0(UPS, SU, ONERA, UPC, UPEC, UVSQ, IPP, PSL)\u00a0sur la formation dans le domaine du spatial, nous avons le plaisir de vous annoncer l&rsquo;<strong>appel \u00e0 candidatures 2026 pour les mobilit\u00e9s internationales. Il est adress\u00e9 aux \u00e9tudiantes et \u00e9tudiants \u00e9trangers qui int\u00e8greront l&rsquo;Acad\u00e9mie Spatiale (mobilit\u00e9 entrante) et pour des s\u00e9jours \u00e0 l&rsquo;\u00e9tranger des \u00e9tudiant\u00b7es de l&rsquo;Acad\u00e9mie (mobilit\u00e9 sortante)<\/strong>. Ces bourses de mobilit\u00e9 internationale (jusqu&rsquo;\u00e0 1200\u20ac\/mois) sont attribu\u00e9es pour des projets d&rsquo;\u00e9tude d&rsquo;une ann\u00e9e ou un semestre acad\u00e9mique dans une formation de l&rsquo;Acad\u00e9mie Spatiale et pour des stages de recherche li\u00e9s au domaine spatial dans un laboratoire de l&rsquo;acad\u00e9mie (pour les \u00e9trangers) ou \u00e0 l&rsquo;\u00e9tranger.\u00a0<\/p>\n<!-- \/wp:paragraph -->\n\n<!-- wp:columns -->\n<div class=\"wp-block-columns\"><!-- wp:column -->\n<div class=\"wp-block-column\"><!-- wp:file {\"id\":5305,\"href\":\"https:\/\/academiespatiale.fr\/wp-content\/uploads\/2025\/07\/SPACE-IDF-IntMobility-Incoming2026-Call.pdf\",\"displayPreview\":true,\"previewHeight\":200,\"align\":\"center\"} -->\n<div class=\"wp-block-file aligncenter\"><object class=\"wp-block-file__embed\" data=\"https:\/\/academiespatiale.fr\/wp-content\/uploads\/2025\/07\/SPACE-IDF-IntMobility-Incoming2026-Call.pdf\" type=\"application\/pdf\" style=\"width:100%;height:200px\" aria-label=\"SPACE-IDF-IntMobility-Incoming2026-Call\"><\/object><a id=\"wp-block-file--media-ea8783b8-ff07-4051-8a0d-b8886e49c952\" href=\"https:\/\/academiespatiale.fr\/wp-content\/uploads\/2025\/07\/SPACE-IDF-IntMobility-Incoming2026-Call.pdf\">SPACE-IDF-IntMobility-Incoming2026-Call<\/a><a href=\"https:\/\/academiespatiale.fr\/wp-content\/uploads\/2025\/07\/SPACE-IDF-IntMobility-Incoming2026-Call.pdf\" class=\"wp-block-file__button wp-element-button\" download aria-describedby=\"wp-block-file--media-ea8783b8-ff07-4051-8a0d-b8886e49c952\">Incoming call<\/a><\/div>\n<!-- \/wp:file --><\/div>\n<!-- \/wp:column -->\n\n<!-- wp:column {\"verticalAlignment\":\"center\"} -->\n<div class=\"wp-block-column is-vertically-aligned-center\"><!-- wp:paragraph {\"align\":\"center\"} -->\n<p class=\"has-text-align-center\"><\/p>\n<!-- \/wp:paragraph --><\/div>\n<!-- \/wp:column -->\n\n<!-- wp:column -->\n<div class=\"wp-block-column\"><!-- wp:file {\"id\":5306,\"href\":\"https:\/\/academiespatiale.fr\/wp-content\/uploads\/2025\/07\/SPACE-IDF-IntMobility-Outgoing2026-Call.pdf\",\"displayPreview\":true,\"previewHeight\":200,\"align\":\"center\"} -->\n<div class=\"wp-block-file aligncenter\"><object class=\"wp-block-file__embed\" data=\"https:\/\/academiespatiale.fr\/wp-content\/uploads\/2025\/07\/SPACE-IDF-IntMobility-Outgoing2026-Call.pdf\" type=\"application\/pdf\" style=\"width:100%;height:200px\" aria-label=\"SPACE-IDF-IntMobility-Outgoing2026-Call\"><\/object><a id=\"wp-block-file--media-a58c18b2-2cad-496b-9804-bf49c24656dc\" href=\"https:\/\/academiespatiale.fr\/wp-content\/uploads\/2025\/07\/SPACE-IDF-IntMobility-Outgoing2026-Call.pdf\">SPACE-IDF-IntMobility-Outgoing2026-Call<\/a><a href=\"https:\/\/academiespatiale.fr\/wp-content\/uploads\/2025\/07\/SPACE-IDF-IntMobility-Outgoing2026-Call.pdf\" class=\"wp-block-file__button wp-element-button\" download aria-describedby=\"wp-block-file--media-a58c18b2-2cad-496b-9804-bf49c24656dc\">Outgoing call<\/a><\/div>\n<!-- \/wp:file --><\/div>\n<!-- \/wp:column --><\/div>\n<!-- \/wp:columns -->\n\n<!-- wp:separator -->\n<hr class=\"wp-block-separator has-alpha-channel-opacity\" \/>\n<!-- \/wp:separator -->\n\n<!-- wp:columns -->\n<div class=\"wp-block-columns\"><!-- wp:column {\"verticalAlignment\":\"center\",\"width\":\"33.33%\"} -->\n<div class=\"wp-block-column is-vertically-aligned-center\" style=\"flex-basis:33.33%\"><!-- wp:file {\"id\":5307,\"href\":\"https:\/\/academiespatiale.fr\/wp-content\/uploads\/2025\/07\/SPACE-IDF-IntMobility-Incoming2026-Form_StudentName.docx\",\"align\":\"center\"} -->\n<div class=\"wp-block-file aligncenter\"><a id=\"wp-block-file--media-f651845c-c8aa-413d-85c0-f8970827b08b\" href=\"https:\/\/academiespatiale.fr\/wp-content\/uploads\/2025\/07\/SPACE-IDF-IntMobility-Incoming2026-Form_StudentName.docx\">SPACE-IDF-IntMobility-Incoming2026-Form_StudentName<\/a><a href=\"https:\/\/academiespatiale.fr\/wp-content\/uploads\/2025\/07\/SPACE-IDF-IntMobility-Incoming2026-Form_StudentName.docx\" class=\"wp-block-file__button wp-element-button\" download aria-describedby=\"wp-block-file--media-f651845c-c8aa-413d-85c0-f8970827b08b\">Incoming form<\/a><\/div>\n<!-- \/wp:file -->\n\n<!-- wp:file {\"id\":5308,\"href\":\"https:\/\/academiespatiale.fr\/wp-content\/uploads\/2025\/07\/SPACE-IDF-IntMobility-Outgoing2026-Form_StudentName.docx\",\"align\":\"center\"} -->\n<div class=\"wp-block-file aligncenter\"><a id=\"wp-block-file--media-8e322a14-b85c-45ea-a4c4-45ee08c38b15\" href=\"https:\/\/academiespatiale.fr\/wp-content\/uploads\/2025\/07\/SPACE-IDF-IntMobility-Outgoing2026-Form_StudentName.docx\">SPACE-IDF-IntMobility-Outgoing2026-Form_StudentName<\/a><a href=\"https:\/\/academiespatiale.fr\/wp-content\/uploads\/2025\/07\/SPACE-IDF-IntMobility-Outgoing2026-Form_StudentName.docx\" class=\"wp-block-file__button wp-element-button\" download aria-describedby=\"wp-block-file--media-8e322a14-b85c-45ea-a4c4-45ee08c38b15\">Outgoing form<\/a><\/div>\n<!-- \/wp:file --><\/div>\n<!-- \/wp:column -->\n\n<!-- wp:column {\"width\":\"66.66%\"} -->\n<div class=\"wp-block-column\" style=\"flex-basis:66.66%\"><!-- wp:paragraph -->\n<p>Pour chaque candidature, il faut remplir l&rsquo;un de ces formulaires et l&rsquo;envoyer \u00e0 l\u2019adresse suivante : <br><a href=\"mailto:mobility@academiespatiale.fr\" target=\"_blank\" rel=\"noopener\" title=\"\"><strong>mobility@academiespatiale.fr<\/strong><\/a><br><strong>Au plus tard <\/strong>avant avant l\u2019une des dates limites suivantes : 30 octobre 2025 \/ 30 janvier 2026 \/ 31 mai 2026<\/p>\n<!-- \/wp:paragraph --><\/div>\n<!-- \/wp:column --><\/div>\n<!-- \/wp:columns -->\n\n<!-- wp:paragraph {\"align\":\"right\"} -->\n<p class=\"has-text-align-right\">Besoin de pr\u00e9cisions compl\u00e9mentaires ?<br><a href=\"mailto:mobility@academiespatiale.fr\">mobility@academiespatiale.fr<\/a><\/p>\n<!-- \/wp:paragraph -->\n\n<!-- wp:paragraph -->\n<p><\/p>\n<!-- \/wp:paragraph --><\/div><\/li>\n<\/ul>\n\n\n<div style=\"height:50px\" aria-hidden=\"true\" class=\"wp-block-spacer\"><\/div>\n\n\n\n<div class=\"wp-block-columns alignwide are-vertically-aligned-center has-border-color has-accent-border-color has-white-color has-accent-background-color has-text-color has-background has-link-color wp-elements-fa798b1be2935cb302010389d58c29a8 is-layout-flex wp-container-core-columns-is-layout-73b4a733 wp-block-columns-is-layout-flex\" style=\"border-width:1px;margin-top:0;margin-bottom:0;padding-top:var(--wp--preset--spacing--40);padding-right:0;padding-bottom:0;padding-left:0\">\n<div class=\"wp-block-column is-vertically-aligned-center is-layout-flow wp-block-column-is-layout-flow\">\n<p class=\"has-text-align-center\" style=\"font-size:15px\"><a href=\"https:\/\/academiespatiale.fr\/index.php\/international\/international-masters\/\" title=\"\"><strong>Master&rsquo;s<\/strong><\/a><\/p>\n<\/div>\n\n\n\n<div class=\"wp-block-column is-vertically-aligned-center is-layout-flow wp-block-column-is-layout-flow\">\n<p class=\"has-text-align-center\" style=\"font-size:15px\"><a href=\"https:\/\/academiespatiale.fr\/index.php\/international\/international-innovative-training\/\" title=\"\"><strong>Innovative training<\/strong><\/a><\/p>\n<\/div>\n\n\n\n<div class=\"wp-block-column is-vertically-aligned-center is-layout-flow wp-block-column-is-layout-flow\">\n<p class=\"has-text-align-center\" style=\"font-size:15px\"> \u2191 Mobility scholarships \u2191<\/p>\n<\/div>\n\n\n\n<div class=\"wp-block-column is-vertically-aligned-center is-layout-flow wp-block-column-is-layout-flow\">\n<p class=\"has-text-align-center\" style=\"font-size:15px\"><a href=\"https:\/\/academiespatiale.fr\/index.php\/international\/international-conference\/\" title=\"\"><strong>Conferences 2026<\/strong><\/a><\/p>\n<\/div>\n<\/div>\n\n\n\n<div style=\"height:100px\" aria-hidden=\"true\" class=\"wp-block-spacer\"><\/div>\n\n\n\n<div class=\"wp-block-columns alignfull has-text-color has-link-color wp-elements-8422e2a85d9f2e5605b7dd2ae54b3e54 is-layout-flex wp-container-core-columns-is-layout-e94c545b wp-block-columns-is-layout-flex\" style=\"color:#b1b1b1;margin-top:-25px;margin-bottom:20px;padding-top:0;padding-right:0;padding-bottom:0;padding-left:60px;font-size:15px\">\n<div class=\"wp-block-column has-text-color has-link-color wp-elements-32661c60388d2123b0bf1683c717c484 is-layout-flow wp-block-column-is-layout-flow\" style=\"color:#a1a1a1;padding-top:0;padding-bottom:0;font-size:15px;font-style:normal;font-weight:100;flex-basis:100%\"><div class=\"aioseo-breadcrumbs\"><span class=\"aioseo-breadcrumb\">\n\t\t\t<a href=\"https:\/\/academiespatiale.fr\" title=\"Home\">Home<\/a>\n\t\t<\/span><span class=\"aioseo-breadcrumb-separator\">&raquo;<\/span><span class=\"aioseo-breadcrumb\">\n\t\t\t<a href=\"https:\/\/academiespatiale.fr\/index.php\/international\/\" title=\"International\">International<\/a>\n\t\t<\/span><span class=\"aioseo-breadcrumb-separator\">&raquo;<\/span><span class=\"aioseo-breadcrumb\">\n\t\t\tInternational mobility scholarships\n\t\t<\/span><\/div><\/div>\n<\/div>\n","protected":false},"excerpt":{"rendered":"<p>Master&rsquo;s Innovative training \u2193 Mobility scholarships \u2193 Conferences 2026 The call for applications for international mobility scholarships is open to international students who will join the Acad\u00e9mie Spatiale (incoming mobility), as well as to students from the academy wishing to undertake a period abroad (outgoing mobility). International mobility scholarships are [&hellip;]<\/p>\n","protected":false},"author":1,"featured_media":0,"parent":6635,"menu_order":0,"comment_status":"closed","ping_status":"closed","template":"","meta":{"_monsterinsights_skip_tracking":false,"_monsterinsights_sitenote_active":false,"_monsterinsights_sitenote_note":"","_monsterinsights_sitenote_category":0,"_EventAllDay":false,"_EventTimezone":"","_EventStartDate":"","_EventEndDate":"","_EventStartDateUTC":"","_EventEndDateUTC":"","_EventShowMap":false,"_EventShowMapLink":false,"_EventURL":"","_EventCost":"","_EventCostDescription":"","_EventCurrencySymbol":"","_EventCurrencyCode":"","_EventCurrencyPosition":"","_EventDateTimeSeparator":"","_EventTimeRangeSeparator":"","_EventOrganizerID":[],"_EventVenueID":[],"_OrganizerEmail":"","_OrganizerPhone":"","_OrganizerWebsite":"","_VenueAddress":"","_VenueCity":"","_VenueCountry":"","_VenueProvince":"","_VenueState":"","_VenueZip":"","_VenuePhone":"","_VenueURL":"","_VenueStateProvince":"","_VenueLat":"","_VenueLng":"","_VenueShowMap":false,"_VenueShowMapLink":false,"footnotes":""},"class_list":["post-7253","page","type-page","status-publish","hentry"],"aioseo_notices":[],"_links":{"self":[{"href":"https:\/\/academiespatiale.fr\/index.php\/wp-json\/wp\/v2\/pages\/7253","targetHints":{"allow":["GET"]}}],"collection":[{"href":"https:\/\/academiespatiale.fr\/index.php\/wp-json\/wp\/v2\/pages"}],"about":[{"href":"https:\/\/academiespatiale.fr\/index.php\/wp-json\/wp\/v2\/types\/page"}],"author":[{"embeddable":true,"href":"https:\/\/academiespatiale.fr\/index.php\/wp-json\/wp\/v2\/users\/1"}],"replies":[{"embeddable":true,"href":"https:\/\/academiespatiale.fr\/index.php\/wp-json\/wp\/v2\/comments?post=7253"}],"version-history":[{"count":5,"href":"https:\/\/academiespatiale.fr\/index.php\/wp-json\/wp\/v2\/pages\/7253\/revisions"}],"predecessor-version":[{"id":7268,"href":"https:\/\/academiespatiale.fr\/index.php\/wp-json\/wp\/v2\/pages\/7253\/revisions\/7268"}],"up":[{"embeddable":true,"href":"https:\/\/academiespatiale.fr\/index.php\/wp-json\/wp\/v2\/pages\/6635"}],"wp:attachment":[{"href":"https:\/\/academiespatiale.fr\/index.php\/wp-json\/wp\/v2\/media?parent=7253"}],"curies":[{"name":"wp","href":"https:\/\/api.w.org\/{rel}","templated":true}]}}