{"id":7172,"date":"2025-12-19T11:49:28","date_gmt":"2025-12-19T10:49:28","guid":{"rendered":"https:\/\/academiespatiale.fr\/?page_id=7172"},"modified":"2026-02-20T16:30:34","modified_gmt":"2026-02-20T15:30:34","slug":"serious-game-concepto","status":"publish","type":"page","link":"https:\/\/academiespatiale.fr\/index.php\/formations\/formations-innovantes\/serious-game-concepto\/","title":{"rendered":"Serious Game CONCEPTO &#8211; Space Design Station"},"content":{"rendered":"\n<div class=\"wp-block-columns alignfull has-text-color has-link-color wp-elements-8422e2a85d9f2e5605b7dd2ae54b3e54 is-layout-flex wp-container-core-columns-is-layout-e94c545b wp-block-columns-is-layout-flex\" style=\"color:#b1b1b1;margin-top:-25px;margin-bottom:20px;padding-top:0;padding-right:0;padding-bottom:0;padding-left:60px;font-size:15px\">\n<div class=\"wp-block-column has-text-color has-link-color wp-elements-32661c60388d2123b0bf1683c717c484 is-layout-flow wp-block-column-is-layout-flow\" style=\"color:#a1a1a1;padding-top:0;padding-bottom:0;font-size:15px;font-style:normal;font-weight:100;flex-basis:100%\"><div class=\"aioseo-breadcrumbs\"><span class=\"aioseo-breadcrumb\">\n\t\t\tHome\n\t\t<\/span><\/div><\/div>\n<\/div>\n\n\n\n<div class=\"wp-block-columns alignwide is-layout-flex wp-container-core-columns-is-layout-28f84493 wp-block-columns-is-layout-flex\">\n<div class=\"wp-block-column is-layout-flow wp-block-column-is-layout-flow\" style=\"flex-basis:100%\">\n<p><strong>From January 5 to 9, 2026, Acad\u00e9mie Spatiale \u00cele-de-France is teaming up with Paris-Saclay University (OI Spatial CPS3) and CentraleSup\u00e9lec to offer CONCEPTO, an educational serious game dedicated to space. Designed as an immersive experience, this program places students at the heart of a large-scale industrial tender, confronting them with the real challenges of designing an unmanned scientific space station. It is a unique opportunity to test their skills, in quasi-professional conditions, against the technological, organizational, and strategic challenges of the space sector.<\/strong><\/p>\n<\/div>\n<\/div>\n\n\n\n<div class=\"wp-block-columns alignwide is-layout-flex wp-container-core-columns-is-layout-28f84493 wp-block-columns-is-layout-flex\">\n<div class=\"wp-block-column is-vertically-aligned-center is-layout-flow wp-block-column-is-layout-flow\">\n<p class=\"has-text-align-center\"><strong>CONCEPTO<br>Space Station Design &#8211; Serious Game<\/strong><br><br><strong>From January 5 to 9, 2026<br><\/strong><br>Terrasse, auditorium et salles<br>Centre de langues &#8211; B\u00e2timent Eiffel<br>CentraleSup\u00e9lec<\/p>\n\n\n\n<hr class=\"wp-block-separator has-alpha-channel-opacity\" style=\"margin-top:var(--wp--preset--spacing--70);margin-bottom:var(--wp--preset--spacing--70)\"\/>\n\n\n\n<p class=\"has-text-align-center\">Dual purpose<\/p>\n\n\n\n<p class=\"has-text-align-center\"><strong>Develop technical and cross-functional skills<br><\/strong><em>CAD, systems engineering, strategy, space law, project management, communication, soft skills<\/em><\/p>\n\n\n\n<p class=\"has-text-align-center\"><\/p>\n\n\n\n<p class=\"has-text-align-center\"><strong>Promoting professional integration<br><\/strong><em>by creating a direct link with experts and industrial partners in the space sector<\/em><\/p>\n<\/div>\n\n\n\n<div class=\"wp-block-column is-layout-flow wp-block-column-is-layout-flow\"><div class=\"wp-block-image\">\n<figure class=\"aligncenter size-large is-resized\"><img loading=\"lazy\" decoding=\"async\" width=\"724\" height=\"1024\" src=\"https:\/\/academiespatiale.fr\/wp-content\/uploads\/2025\/12\/affiche-concepto-web-724x1024.jpg\" alt=\"\" class=\"wp-image-7174\" style=\"aspect-ratio:0.7070371054847122;width:483px;height:auto\" srcset=\"https:\/\/academiespatiale.fr\/wp-content\/uploads\/2025\/12\/affiche-concepto-web-724x1024.jpg 724w, https:\/\/academiespatiale.fr\/wp-content\/uploads\/2025\/12\/affiche-concepto-web-212x300.jpg 212w, https:\/\/academiespatiale.fr\/wp-content\/uploads\/2025\/12\/affiche-concepto-web-768x1086.jpg 768w, https:\/\/academiespatiale.fr\/wp-content\/uploads\/2025\/12\/affiche-concepto-web-1086x1536.jpg 1086w, https:\/\/academiespatiale.fr\/wp-content\/uploads\/2025\/12\/affiche-concepto-web-1448x2048.jpg 1448w, https:\/\/academiespatiale.fr\/wp-content\/uploads\/2025\/12\/affiche-concepto-web-scaled.jpg 1810w\" sizes=\"auto, (max-width: 724px) 100vw, 724px\" \/><\/figure>\n<\/div><\/div>\n<\/div>\n\n\n\n<p><strong>The challenge will take place over five days, structured in two complementary phases:<\/strong><\/p>\n\n\n\n<ul class=\"wp-block-list\">\n<li>Phase 1 (3 days): students will design and prototype a systems version of a station module<\/li>\n\n\n\n<li>Phase 2 (2 days): students will negotiate the purchase of other modules and then build a \u201csystem of systems\u201d for the complete station before finalizing their response to the call for tenders, focused on the creation of an autonomous scientific space station.<\/li>\n<\/ul>\n\n\n\n<p><strong>Expected attendance:<\/strong> 100 to 120 participants.<br><strong>Target audience:<\/strong> Master&rsquo;s and MSc students from engineering, space science, space law, strategy, and business programs.<\/p>\n\n\n\n<p><strong>Terms and conditions:<\/strong><\/p>\n\n\n\n<ul class=\"wp-block-list\">\n<li>Free for universities and their students (Bachelor&rsquo;s\/Master&rsquo;s\/PhD\/Post-Doc)<\/li>\n\n\n\n<li>Serious Game in person only, from January 5 to 9, 2026<\/li>\n\n\n\n<li>Possibility to participate in either Phase 1 or Phase 2 if 5 days are not available<\/li>\n\n\n\n<li>Possibility for interested colleagues to come and discover the game during the week, or even join the \u201cGame Master\u201d team that plays roles (phone calls, chat on Slack, in person) during the week<\/li>\n<\/ul>\n\n\n\n<div class=\"wp-block-columns alignwide is-layout-flex wp-container-core-columns-is-layout-28f84493 wp-block-columns-is-layout-flex\">\n<div class=\"wp-block-column is-layout-flow wp-block-column-is-layout-flow\" style=\"flex-basis:100%\">\n<p class=\"has-background-color-background-color has-background\">Thomas Garnier \u2013 Co-director of the M2 Newspace UPSaclay program and founder of Concepto<br>thomas.garnier [at] latmos.ipsl.fr<\/p>\n<\/div>\n<\/div>\n\n\n\n<div style=\"height:100px\" aria-hidden=\"true\" class=\"wp-block-spacer\"><\/div>\n\n\n\n<div class=\"wp-block-columns alignfull has-text-color has-link-color wp-elements-8422e2a85d9f2e5605b7dd2ae54b3e54 is-layout-flex wp-container-core-columns-is-layout-e94c545b wp-block-columns-is-layout-flex\" style=\"color:#b1b1b1;margin-top:-25px;margin-bottom:20px;padding-top:0;padding-right:0;padding-bottom:0;padding-left:60px;font-size:15px\">\n<div class=\"wp-block-column has-text-color has-link-color wp-elements-32661c60388d2123b0bf1683c717c484 is-layout-flow wp-block-column-is-layout-flow\" style=\"color:#a1a1a1;padding-top:0;padding-bottom:0;font-size:15px;font-style:normal;font-weight:100;flex-basis:100%\"><div class=\"aioseo-breadcrumbs\"><span class=\"aioseo-breadcrumb\">\n\t\t\tHome\n\t\t<\/span><\/div><\/div>\n<\/div>\n","protected":false},"excerpt":{"rendered":"<p>From January 5 to 9, 2026, Acad\u00e9mie Spatiale \u00cele-de-France is teaming up with Paris-Saclay University (OI Spatial CPS3) and CentraleSup\u00e9lec to offer CONCEPTO, an educational serious game dedicated to space. Designed as an immersive experience, this program places students at the heart of a large-scale industrial tender, confronting them with [&hellip;]<\/p>\n","protected":false},"author":1,"featured_media":7193,"parent":6131,"menu_order":0,"comment_status":"closed","ping_status":"closed","template":"","meta":{"_monsterinsights_skip_tracking":false,"_monsterinsights_sitenote_active":false,"_monsterinsights_sitenote_note":"","_monsterinsights_sitenote_category":0,"_EventAllDay":false,"_EventTimezone":"","_EventStartDate":"","_EventEndDate":"","_EventStartDateUTC":"","_EventEndDateUTC":"","_EventShowMap":false,"_EventShowMapLink":false,"_EventURL":"","_EventCost":"","_EventCostDescription":"","_EventCurrencySymbol":"","_EventCurrencyCode":"","_EventCurrencyPosition":"","_EventDateTimeSeparator":"","_EventTimeRangeSeparator":"","_EventOrganizerID":[],"_EventVenueID":[],"_OrganizerEmail":"","_OrganizerPhone":"","_OrganizerWebsite":"","_VenueAddress":"","_VenueCity":"","_VenueCountry":"","_VenueProvince":"","_VenueState":"","_VenueZip":"","_VenuePhone":"","_VenueURL":"","_VenueStateProvince":"","_VenueLat":"","_VenueLng":"","_VenueShowMap":false,"_VenueShowMapLink":false,"footnotes":""},"class_list":["post-7172","page","type-page","status-publish","has-post-thumbnail","hentry"],"aioseo_notices":[],"_links":{"self":[{"href":"https:\/\/academiespatiale.fr\/index.php\/wp-json\/wp\/v2\/pages\/7172","targetHints":{"allow":["GET"]}}],"collection":[{"href":"https:\/\/academiespatiale.fr\/index.php\/wp-json\/wp\/v2\/pages"}],"about":[{"href":"https:\/\/academiespatiale.fr\/index.php\/wp-json\/wp\/v2\/types\/page"}],"author":[{"embeddable":true,"href":"https:\/\/academiespatiale.fr\/index.php\/wp-json\/wp\/v2\/users\/1"}],"replies":[{"embeddable":true,"href":"https:\/\/academiespatiale.fr\/index.php\/wp-json\/wp\/v2\/comments?post=7172"}],"version-history":[{"count":11,"href":"https:\/\/academiespatiale.fr\/index.php\/wp-json\/wp\/v2\/pages\/7172\/revisions"}],"predecessor-version":[{"id":7199,"href":"https:\/\/academiespatiale.fr\/index.php\/wp-json\/wp\/v2\/pages\/7172\/revisions\/7199"}],"up":[{"embeddable":true,"href":"https:\/\/academiespatiale.fr\/index.php\/wp-json\/wp\/v2\/pages\/6131"}],"wp:featuredmedia":[{"embeddable":true,"href":"https:\/\/academiespatiale.fr\/index.php\/wp-json\/wp\/v2\/media\/7193"}],"wp:attachment":[{"href":"https:\/\/academiespatiale.fr\/index.php\/wp-json\/wp\/v2\/media?parent=7172"}],"curies":[{"name":"wp","href":"https:\/\/api.w.org\/{rel}","templated":true}]}}