{"id":7077,"date":"2025-12-19T17:22:42","date_gmt":"2025-12-19T16:22:42","guid":{"rendered":"https:\/\/academiespatiale.fr\/?page_id=7077"},"modified":"2025-12-19T17:48:05","modified_gmt":"2025-12-19T16:48:05","slug":"international-masters","status":"publish","type":"page","link":"https:\/\/academiespatiale.fr\/index.php\/international\/international-masters\/","title":{"rendered":"International and English-taught Master&rsquo;s"},"content":{"rendered":"\n<div class=\"wp-block-columns alignfull has-text-color has-link-color wp-elements-8422e2a85d9f2e5605b7dd2ae54b3e54 is-layout-flex wp-container-core-columns-is-layout-e94c545b wp-block-columns-is-layout-flex\" style=\"color:#b1b1b1;margin-top:-25px;margin-bottom:20px;padding-top:0;padding-right:0;padding-bottom:0;padding-left:60px;font-size:15px\">\n<div class=\"wp-block-column has-text-color has-link-color wp-elements-32661c60388d2123b0bf1683c717c484 is-layout-flow wp-block-column-is-layout-flow\" style=\"color:#a1a1a1;padding-top:0;padding-bottom:0;font-size:15px;font-style:normal;font-weight:100;flex-basis:100%\"><div class=\"aioseo-breadcrumbs\"><span class=\"aioseo-breadcrumb\">\n\t\t\t<a href=\"https:\/\/academiespatiale.fr\" title=\"Home\">Home<\/a>\n\t\t<\/span><span class=\"aioseo-breadcrumb-separator\">&raquo;<\/span><span class=\"aioseo-breadcrumb\">\n\t\t\t<a href=\"https:\/\/academiespatiale.fr\/index.php\/international\/\" title=\"International\">International<\/a>\n\t\t<\/span><span class=\"aioseo-breadcrumb-separator\">&raquo;<\/span><span class=\"aioseo-breadcrumb\">\n\t\t\tInternational and English-taught Master\u2019s\n\t\t<\/span><\/div><\/div>\n<\/div>\n\n\n\n<div class=\"wp-block-columns alignwide are-vertically-aligned-center has-border-color has-accent-border-color has-white-color has-accent-background-color has-text-color has-background has-link-color wp-elements-7965dc20b7115282d5e5a09dce05b3fd is-layout-flex wp-container-core-columns-is-layout-73b4a733 wp-block-columns-is-layout-flex\" style=\"border-width:1px;margin-top:0;margin-bottom:0;padding-top:var(--wp--preset--spacing--40);padding-right:0;padding-bottom:0;padding-left:0\">\n<div class=\"wp-block-column is-vertically-aligned-center is-layout-flow wp-block-column-is-layout-flow\">\n<p class=\"has-text-align-center\" style=\"font-size:15px\">\u2193 Master&rsquo;s \u2193<\/p>\n<\/div>\n\n\n\n<div class=\"wp-block-column is-vertically-aligned-center is-layout-flow wp-block-column-is-layout-flow\">\n<p class=\"has-text-align-center\" style=\"font-size:15px\"><a href=\"https:\/\/academiespatiale.fr\/index.php\/international\/international-innovative-training\/\" title=\"\"><strong>Innovative training<\/strong><\/a><\/p>\n<\/div>\n\n\n\n<div class=\"wp-block-column is-vertically-aligned-center is-layout-flow wp-block-column-is-layout-flow\">\n<p class=\"has-text-align-center\" style=\"font-size:15px\"><a href=\"https:\/\/academiespatiale.fr\/index.php\/international\/international-mobility-scholarships\/\" title=\"\"><strong>Mobility scholarships<\/strong><\/a><\/p>\n<\/div>\n\n\n\n<div class=\"wp-block-column is-vertically-aligned-center is-layout-flow wp-block-column-is-layout-flow\">\n<p class=\"has-text-align-center\" style=\"font-size:15px\"><a href=\"https:\/\/academiespatiale.fr\/index.php\/international\/international-conference\/\" title=\"\"><strong>Conferences 2026<\/strong><\/a><\/p>\n<\/div>\n<\/div>\n\n\n\n<div style=\"height:100px\" aria-hidden=\"true\" class=\"wp-block-spacer\"><\/div>\n\n\n\n<div class=\"wp-block-columns alignwide is-layout-flex wp-container-core-columns-is-layout-cf05694f wp-block-columns-is-layout-flex\">\n<div class=\"wp-block-column is-layout-flow wp-block-column-is-layout-flow\" style=\"padding-right:var(--wp--preset--spacing--80);padding-left:0\">\n<h5 class=\"wp-block-heading\" id=\"aioseo-master-ssa-satellite-systems-and-applications-france-south-africa-21\"><strong>Master SSA &#8211; Satellite Systems and Applications (France \/  South Africa)<\/strong><\/h5>\n\n\n\n<p>2 years \u2013 UPEC \/ Cape Perninsula \u2013 University of Technology (South Africa)<\/p>\n\n\n\n<div class=\"wp-block-columns is-layout-flex wp-container-core-columns-is-layout-28f84493 wp-block-columns-is-layout-flex\">\n<div class=\"wp-block-column is-vertically-aligned-center is-layout-flow wp-block-column-is-layout-flow\">\n<div data-wp-interactive=\"core\/file\" class=\"wp-block-file aligncenter\"><object data-wp-bind--hidden=\"!state.hasPdfPreview\" hidden class=\"wp-block-file__embed\" data=\"https:\/\/academiespatiale.fr\/wp-content\/uploads\/2025\/01\/Master_SSA_Satellite-Systems-Applications_International-France-Afrique-Sud.pdf\" type=\"application\/pdf\" style=\"width:100%;height:200px\" aria-label=\"Contenu embarqu\u00e9 Master_SSA_Satellite-Systems-Applications_International-France-Afrique-Sud.\"><\/object><a id=\"wp-block-file--media-4b209953-c75d-4294-b07d-f2ba592d8ab7\" href=\"https:\/\/academiespatiale.fr\/wp-content\/uploads\/2025\/01\/Master_SSA_Satellite-Systems-Applications_International-France-Afrique-Sud.pdf\">Master_SSA_Satellite-Systems-Applications_International-France-Afrique-Sud<\/a><a href=\"https:\/\/academiespatiale.fr\/wp-content\/uploads\/2025\/01\/Master_SSA_Satellite-Systems-Applications_International-France-Afrique-Sud.pdf\" class=\"wp-block-file__button wp-element-button\" download aria-describedby=\"wp-block-file--media-4b209953-c75d-4294-b07d-f2ba592d8ab7\">T\u00e9l\u00e9charger la brochure<\/a><\/div>\n<\/div>\n\n\n\n<div class=\"wp-block-column is-layout-flow wp-block-column-is-layout-flow\">\n<figure class=\"wp-block-image size-large\"><img loading=\"lazy\" decoding=\"async\" width=\"1024\" height=\"577\" src=\"https:\/\/academiespatiale.fr\/wp-content\/uploads\/2025\/01\/NASA01-1024x577.jpg\" alt=\"\" class=\"wp-image-3016\" srcset=\"https:\/\/academiespatiale.fr\/wp-content\/uploads\/2025\/01\/NASA01-1024x577.jpg 1024w, https:\/\/academiespatiale.fr\/wp-content\/uploads\/2025\/01\/NASA01-300x169.jpg 300w, https:\/\/academiespatiale.fr\/wp-content\/uploads\/2025\/01\/NASA01-768x433.jpg 768w, https:\/\/academiespatiale.fr\/wp-content\/uploads\/2025\/01\/NASA01-1536x866.jpg 1536w, https:\/\/academiespatiale.fr\/wp-content\/uploads\/2025\/01\/NASA01.jpg 1907w\" sizes=\"auto, (max-width: 1024px) 100vw, 1024px\" \/><\/figure>\n<\/div>\n<\/div>\n\n\n\n<p>More infos \u2192 <a href=\"https:\/\/sciences-tech.u-pec.fr\/formation\/master-international-systemes-satellitaires-et-applications-fiche-descriptive\" target=\"_blank\" rel=\"noopener\" title=\"\">Master International syst\u00e8mes satellitaires et applications : fiche descriptive (English version) &#8211; Sciences et technologie<\/a><\/p>\n<\/div>\n\n\n\n<div class=\"wp-block-column is-layout-flow wp-block-column-is-layout-flow\" style=\"padding-left:var(--wp--preset--spacing--80)\">\n<h5 class=\"wp-block-heading\" id=\"aioseo-master-in-space-earth-observation-astrophysics-satellite-technology-france-vietnam-30\"><strong>Master in Space &#8211; Earth Observation, Astrophysics, Satellite Technology (France \/ Vietnam)<\/strong><\/h5>\n\n\n\n<p>2 years \u2013 UPEC \/ USTH (Vietnam) \/ Universit\u00e9 Paris Cit\u00e9 \/ PSL (Observatoire de Paris)<\/p>\n\n\n\n<div class=\"wp-block-columns is-layout-flex wp-container-core-columns-is-layout-28f84493 wp-block-columns-is-layout-flex\">\n<div class=\"wp-block-column is-vertically-aligned-center is-layout-flow wp-block-column-is-layout-flow\">\n<div data-wp-interactive=\"core\/file\" class=\"wp-block-file aligncenter\"><object data-wp-bind--hidden=\"!state.hasPdfPreview\" hidden class=\"wp-block-file__embed\" data=\"https:\/\/academiespatiale.fr\/wp-content\/uploads\/2025\/01\/Master_Space_International-France-Vietnam_2021.pdf\" type=\"application\/pdf\" style=\"width:100%;height:200px\" aria-label=\"Contenu embarqu\u00e9 Master_Space_International-France-Vietnam_2021.\"><\/object><a id=\"wp-block-file--media-80ef0b40-7902-4b7a-978f-a1cb1f759359\" href=\"https:\/\/academiespatiale.fr\/wp-content\/uploads\/2025\/01\/Master_Space_International-France-Vietnam_2021.pdf\">Master_Space_International-France-Vietnam_2021<\/a><a href=\"https:\/\/academiespatiale.fr\/wp-content\/uploads\/2025\/01\/Master_Space_International-France-Vietnam_2021.pdf\" class=\"wp-block-file__button wp-element-button\" download aria-describedby=\"wp-block-file--media-80ef0b40-7902-4b7a-978f-a1cb1f759359\">T\u00e9l\u00e9charger la brochure USTH<\/a><\/div>\n<\/div>\n\n\n\n<div class=\"wp-block-column is-layout-flow wp-block-column-is-layout-flow\">\n<div data-wp-interactive=\"core\/file\" class=\"wp-block-file aligncenter\"><object data-wp-bind--hidden=\"!state.hasPdfPreview\" hidden class=\"wp-block-file__embed\" data=\"https:\/\/academiespatiale.fr\/wp-content\/uploads\/2025\/01\/Master_Space_International-France-Vietnam_UPCite.pdf\" type=\"application\/pdf\" style=\"width:100%;height:200px\" aria-label=\"Contenu embarqu\u00e9 Master_Space_International-France-Vietnam_UPCite.\"><\/object><a id=\"wp-block-file--media-ea2c0171-8b3c-435f-9a9f-49714c9a004d\" href=\"https:\/\/academiespatiale.fr\/wp-content\/uploads\/2025\/01\/Master_Space_International-France-Vietnam_UPCite.pdf\">Master_Space_International-France-Vietnam_UPCite<\/a><a href=\"https:\/\/academiespatiale.fr\/wp-content\/uploads\/2025\/01\/Master_Space_International-France-Vietnam_UPCite.pdf\" class=\"wp-block-file__button wp-element-button\" download aria-describedby=\"wp-block-file--media-ea2c0171-8b3c-435f-9a9f-49714c9a004d\">T\u00e9l\u00e9charger la brochure UPCit\u00e9<\/a><\/div>\n<\/div>\n<\/div>\n\n\n\n<p>More infos USTH \u2192 <a href=\"https:\/\/usth.edu.vn\/en\/master-in-space-remote-sensing-astrophysics-satellite-technology-5143\/\" target=\"_blank\" rel=\"noopener\" title=\"\">Master in Space <\/a><br>Plus d&rsquo;infos UPCit\u00e9 \u2192 <a href=\"https:\/\/odf.u-paris.fr\/fr\/offre-de-formation\/master-XB\/sciences-technologies-sante-STS\/space-K2VOBYG3\/master-space-astrophysique-observation-de-la-terre-ingenierie-des-satellites-JS1WV1V9.html\" target=\"_blank\" rel=\"noopener\" title=\"\">Master SPACE- Ametys Ca<\/a><\/p>\n<\/div>\n<\/div>\n\n\n\n<hr class=\"wp-block-separator has-alpha-channel-opacity\" style=\"margin-top:var(--wp--preset--spacing--80);margin-bottom:var(--wp--preset--spacing--80)\"\/>\n\n\n\n<div class=\"wp-block-columns alignfull is-layout-flex wp-container-core-columns-is-layout-28f84493 wp-block-columns-is-layout-flex\">\n<div class=\"wp-block-column is-layout-flow wp-block-column-is-layout-flow\" style=\"padding-right:var(--wp--preset--spacing--80);padding-left:var(--wp--preset--spacing--80)\">\n<h5 class=\"wp-block-heading\" id=\"aioseo-master-frs-fundamentals-of-remote-sensing-french-english-taught-39\"><strong>Master FRS &#8211; Fundamentals of Remote Sensing (French &amp; english-taught)<\/strong><\/h5>\n\n\n\n<p>2 years &#8211; Universit\u00e9 Paris Cit\u00e9 (IPGP) \/ Sorbonne Universit\u00e9<\/p>\n\n\n\n<div class=\"wp-block-columns is-layout-flex wp-container-core-columns-is-layout-28f84493 wp-block-columns-is-layout-flex\">\n<div class=\"wp-block-column is-vertically-aligned-center is-layout-flow wp-block-column-is-layout-flow\">\n<div data-wp-interactive=\"core\/file\" class=\"wp-block-file aligncenter\"><object data-wp-bind--hidden=\"!state.hasPdfPreview\" hidden class=\"wp-block-file__embed\" data=\"https:\/\/academiespatiale.fr\/wp-content\/uploads\/2025\/01\/Master_FRS-STPE_Fundamentals-Remote-Sensing_EN.pdf\" type=\"application\/pdf\" style=\"width:100%;height:200px\" aria-label=\"Contenu embarqu\u00e9 Master_FRS-STPE_Fundamentals-Remote-Sensing_EN.\"><\/object><a id=\"wp-block-file--media-064ba65b-2379-4a17-a1fc-e40585948905\" href=\"https:\/\/academiespatiale.fr\/wp-content\/uploads\/2025\/01\/Master_FRS-STPE_Fundamentals-Remote-Sensing_EN.pdf\">Master_FRS-STPE_Fundamentals-Remote-Sensing_EN<\/a><a href=\"https:\/\/academiespatiale.fr\/wp-content\/uploads\/2025\/01\/Master_FRS-STPE_Fundamentals-Remote-Sensing_EN.pdf\" class=\"wp-block-file__button wp-element-button\" download aria-describedby=\"wp-block-file--media-064ba65b-2379-4a17-a1fc-e40585948905\">Download brochure (ENGLISH)<\/a><\/div>\n<\/div>\n\n\n\n<div class=\"wp-block-column is-layout-flow wp-block-column-is-layout-flow\">\n<div data-wp-interactive=\"core\/file\" class=\"wp-block-file aligncenter\"><object data-wp-bind--hidden=\"!state.hasPdfPreview\" hidden class=\"wp-block-file__embed\" data=\"https:\/\/academiespatiale.fr\/wp-content\/uploads\/2025\/01\/Master_FRS-STPE_Fundamentals-Remote-Sensing_FR.pdf\" type=\"application\/pdf\" style=\"width:100%;height:200px\" aria-label=\"Contenu embarqu\u00e9 Master_FRS-STPE_Fundamentals-Remote-Sensing_FR.\"><\/object><a id=\"wp-block-file--media-4e463645-abf8-429f-92d3-da635d63ddc6\" href=\"https:\/\/academiespatiale.fr\/wp-content\/uploads\/2025\/01\/Master_FRS-STPE_Fundamentals-Remote-Sensing_FR.pdf\">Master_FRS-STPE_Fundamentals-Remote-Sensing_FR<\/a><a href=\"https:\/\/academiespatiale.fr\/wp-content\/uploads\/2025\/01\/Master_FRS-STPE_Fundamentals-Remote-Sensing_FR.pdf\" class=\"wp-block-file__button wp-element-button\" download aria-describedby=\"wp-block-file--media-4e463645-abf8-429f-92d3-da635d63ddc6\">T\u00e9l\u00e9charger la brochure (FRANCAIS)<\/a><\/div>\n<\/div>\n<\/div>\n\n\n\n<p>More infos \u2192 <a href=\"https:\/\/u-paris.fr\/en\/master-in-earth-and-planet-sciences-environment-fundamentals-of-remote-sensing-frs\/\" target=\"_blank\" rel=\"noopener\" title=\"\">Master in earth and planet sciences, environment: fundamentals of remote sensing (FRS) | Universit\u00e9 Paris Cit\u00e9<\/a><\/p>\n<\/div>\n\n\n\n<div class=\"wp-block-column is-layout-flow wp-block-column-is-layout-flow\" style=\"padding-right:var(--wp--preset--spacing--80);padding-left:var(--wp--preset--spacing--80)\">\n<h5 class=\"wp-block-heading\" id=\"aioseo-master-2-saas-smart-aerospace-and-autonomous-systems-english-taught-54\"><strong>Master 2 SAAS &#8211; Smart Aerospace and Autonomous Systems (English-taught)<\/strong><\/h5>\n\n\n\n<div class=\"wp-block-columns is-layout-flex wp-container-core-columns-is-layout-28f84493 wp-block-columns-is-layout-flex\">\n<div class=\"wp-block-column is-layout-flow wp-block-column-is-layout-flow\">\n<p>1 year &#8211; <em>Universit\u00e9 Paris-Saclay \/ Universit\u00e9 d\u2019Evry Val d\u2019Essonne<\/em><\/p>\n\n\n\n<p>More infos \u2192 <a href=\"https:\/\/www.universite-paris-saclay.fr\/en\/education\/master\/electrical-engineering\/m2-smart-aerospace-and-autonomous-systems\">M2 Smart Aerospace and Autonomous Systems | Universit\u00e9 Paris-Saclay<\/a><\/p>\n<\/div>\n\n\n\n<div class=\"wp-block-column is-vertically-aligned-center is-layout-flow wp-block-column-is-layout-flow\">\n<div data-wp-interactive=\"core\/file\" class=\"wp-block-file aligncenter\"><object data-wp-bind--hidden=\"!state.hasPdfPreview\" hidden class=\"wp-block-file__embed\" data=\"https:\/\/academiespatiale.fr\/wp-content\/uploads\/2025\/12\/M2_SAAS_Smart-Aerospace-Autonomous-Systems.pdf\" type=\"application\/pdf\" style=\"width:100%;height:200px\" aria-label=\"Contenu embarqu\u00e9 M2_SAAS_Smart-Aerospace-Autonomous-Systems.\"><\/object><a id=\"wp-block-file--media-fd9a580d-d596-4ed2-869b-dd317032767a\" href=\"https:\/\/academiespatiale.fr\/wp-content\/uploads\/2025\/12\/M2_SAAS_Smart-Aerospace-Autonomous-Systems.pdf\">M2_SAAS_Smart-Aerospace-Autonomous-Systems<\/a><a href=\"https:\/\/academiespatiale.fr\/wp-content\/uploads\/2025\/12\/M2_SAAS_Smart-Aerospace-Autonomous-Systems.pdf\" class=\"wp-block-file__button wp-element-button\" download aria-describedby=\"wp-block-file--media-fd9a580d-d596-4ed2-869b-dd317032767a\">Download brochure (ENGLISH)<\/a><\/div>\n<\/div>\n<\/div>\n<\/div>\n\n\n\n<div class=\"wp-block-column is-layout-flow wp-block-column-is-layout-flow\" style=\"padding-right:var(--wp--preset--spacing--80);padding-left:var(--wp--preset--spacing--80)\">\n<h5 class=\"wp-block-heading\" id=\"aioseo-master-science-technology-in-space-business-strategy-english-taught-67\"><strong>Master Science &amp; Technology in Space Business Strategy (English-taught)<\/strong><\/h5>\n\n\n\n<p>15 month &#8211; Universit\u00e9 Paris-Saclay \/ UVSQ \/ CentraleSup\u00e9lec<\/p>\n\n\n\n<div class=\"wp-block-columns is-layout-flex wp-container-core-columns-is-layout-28f84493 wp-block-columns-is-layout-flex\">\n<div class=\"wp-block-column is-layout-flow wp-block-column-is-layout-flow\">\n<div data-wp-interactive=\"core\/file\" class=\"wp-block-file aligncenter\"><object data-wp-bind--hidden=\"!state.hasPdfPreview\" hidden class=\"wp-block-file__embed\" data=\"https:\/\/academiespatiale.fr\/wp-content\/uploads\/2025\/01\/Master-ScT_SBS_Space-Business-Strategy_CentraleSupelec_2024-2025.pdf\" type=\"application\/pdf\" style=\"width:100%;height:200px\" aria-label=\"Contenu embarqu\u00e9 Master-ScT_SBS_Space-Business-Strategy_CentraleSup\u00e9lec_2024-2025.\"><\/object><a id=\"wp-block-file--media-06b22cd9-a28f-4174-b8bd-abd0935ce123\" href=\"https:\/\/academiespatiale.fr\/wp-content\/uploads\/2025\/01\/Master-ScT_SBS_Space-Business-Strategy_CentraleSupelec_2024-2025.pdf\">Master-ScT_SBS_Space-Business-Strategy_CentraleSup\u00e9lec_2024-2025<\/a><a href=\"https:\/\/academiespatiale.fr\/wp-content\/uploads\/2025\/01\/Master-ScT_SBS_Space-Business-Strategy_CentraleSupelec_2024-2025.pdf\" class=\"wp-block-file__button wp-element-button\" download aria-describedby=\"wp-block-file--media-06b22cd9-a28f-4174-b8bd-abd0935ce123\">T\u00e9l\u00e9charger la brochure<\/a><\/div>\n<\/div>\n\n\n\n<div class=\"wp-block-column is-layout-flow wp-block-column-is-layout-flow\">\n<figure class=\"wp-block-image size-large\"><a href=\"https:\/\/www.centralesupelec.fr\/en\/msct-space-business-strategy-entrepreneurship-and-sustainability-design?tab=overview\" target=\"_blank\" rel=\" noreferrer noopener\"><img loading=\"lazy\" decoding=\"async\" width=\"720\" height=\"1024\" src=\"https:\/\/academiespatiale.fr\/wp-content\/uploads\/2025\/01\/Brochure-Space-business-strategy-720x1024.jpg\" alt=\"\" class=\"wp-image-2895\" style=\"aspect-ratio:16\/9;object-fit:cover\" srcset=\"https:\/\/academiespatiale.fr\/wp-content\/uploads\/2025\/01\/Brochure-Space-business-strategy-720x1024.jpg 720w, https:\/\/academiespatiale.fr\/wp-content\/uploads\/2025\/01\/Brochure-Space-business-strategy-211x300.jpg 211w, https:\/\/academiespatiale.fr\/wp-content\/uploads\/2025\/01\/Brochure-Space-business-strategy-768x1093.jpg 768w, https:\/\/academiespatiale.fr\/wp-content\/uploads\/2025\/01\/Brochure-Space-business-strategy.jpg 806w\" sizes=\"auto, (max-width: 720px) 100vw, 720px\" \/><\/a><\/figure>\n<\/div>\n<\/div>\n\n\n\n<p><strong>More infos \u2192<\/strong> <a href=\"https:\/\/www.centralesupelec.fr\/en\/msct-space-business-strategy-entrepreneurship-and-sustainability-design?tab=overview\" target=\"_blank\" rel=\"noopener\" title=\"\">MSc&amp;T in Space Business Strategy<\/a><\/p>\n<\/div>\n<\/div>\n\n\n\n<hr class=\"wp-block-separator has-alpha-channel-opacity\" style=\"margin-top:var(--wp--preset--spacing--80);margin-bottom:var(--wp--preset--spacing--80)\"\/>\n\n\n\n<div class=\"wp-block-columns alignwide is-layout-flex wp-container-core-columns-is-layout-28f84493 wp-block-columns-is-layout-flex\">\n<div class=\"wp-block-column is-layout-flow wp-block-column-is-layout-flow\" style=\"padding-right:var(--wp--preset--spacing--80);padding-left:0\">\n<h5 class=\"wp-block-heading\" id=\"aioseo-master-2-npac-nuclei-particles-astroparticles-cosmology-english-taught-48\"><strong>Master 2 NPAC &#8211; Nuclei, Particles, Astroparticles Cosmology (English-taught)<\/strong><\/h5>\n\n\n\n<p>1 year &#8211; <em>Sorbonne Universit\u00e9 (Institut Lagrange de Paris) \/ Universit\u00e9 Paris Cit\u00e9 \/ Universit\u00e9 Paris-Saclay \/ CNRS \/ INSTN<\/em><\/p>\n\n\n\n<p>The NPAC \u201cM2\u201d(*) Master&rsquo;s degree is designed to provide training for students who wish to study nuclear physics, particle physics, astroparticles, and cosmology. More specifically, it prepares students for either an experimental (primarily) or a theoretical PhD in these fields in laboratories attached to universities or other major research institutions (in particular, but not exclusively, CNRS and CEA in France).<\/p>\n\n\n\n<p class=\"has-small-font-size\">(*) In the French system, the Master&rsquo;s program is divided into two years: M1 (first year of Master) and M2 (second year of Master).<\/p>\n\n\n\n<p>More infos \u2192 <a href=\"https:\/\/master.physique.sorbonne-universite.fr\/fr\/m2\/npac\/nuclei.html\">Nuclei, particles, astroparticles and cosmology &#8211; Master Sciences, Technologies, Sant\u00e9<\/a><br>More infos UPSaclay \u2192 <a href=\"https:\/\/www.universite-paris-saclay.fr\/formation\/master\/physique-fondamentale-et-applications\/m2-nuclei-particles-astroparticles-and-cosmology#edit-group-admission\">M2 Nuclei, Particles, Astroparticles and Cosmology | Universit\u00e9 Paris-Saclay<\/a><\/p>\n<\/div>\n\n\n\n<div class=\"wp-block-column is-layout-flow wp-block-column-is-layout-flow\" style=\"padding-left:var(--wp--preset--spacing--80)\">\n<h5 class=\"wp-block-heading\" id=\"aioseo-master-irt-suts-parcours-irt-international-research-track-english-taught-62\"><strong>Master 2 IRT (SUTS parcours IRT) &#8211; International Research Track (English-taught)<\/strong><\/h5>\n\n\n\n<p><em>1 year \u2013 Universit\u00e9 PSL (ENS, Observatoire de Paris)<\/em><\/p>\n\n\n\n<p>The international research track (M2 IRT) is designed according to the priorities of the graduate program, with strong links between academic teaching and laboratory research. You will need to choose one of six majors in line with your career plans in order to learn the techniques and methods used in astrophysics. The program is based on competitive projects in astrophysics and engineering for astrophysics conducted at PSL.<\/p>\n\n\n\n<p>More infos \u2192 <a href=\"https:\/\/observatoiredeparis.psl.eu\/international-research-track-4582.html\">International Research Track &#8211; Observatoire de Paris &#8211; PSL &#8211; Centre de recherche en astronomie et astrophysique<\/a><\/p>\n<\/div>\n<\/div>\n\n\n\n<div style=\"height:30px\" aria-hidden=\"true\" class=\"wp-block-spacer\"><\/div>\n\n\n\n<div class=\"wp-block-columns alignwide are-vertically-aligned-center has-border-color has-accent-border-color has-white-color has-accent-background-color has-text-color has-background has-link-color wp-elements-2f938bd9df768683a2799b5bdf6e8294 is-layout-flex wp-container-core-columns-is-layout-73b4a733 wp-block-columns-is-layout-flex\" style=\"border-width:1px;margin-top:0;margin-bottom:0;padding-top:var(--wp--preset--spacing--40);padding-right:0;padding-bottom:0;padding-left:0\">\n<div class=\"wp-block-column is-vertically-aligned-center is-layout-flow wp-block-column-is-layout-flow\">\n<p class=\"has-text-align-center\" style=\"font-size:15px\">\u2191 Master&rsquo;s \u2191<\/p>\n<\/div>\n\n\n\n<div class=\"wp-block-column is-vertically-aligned-center is-layout-flow wp-block-column-is-layout-flow\">\n<p class=\"has-text-align-center\" style=\"font-size:15px\"><strong><a href=\"https:\/\/academiespatiale.fr\/index.php\/international\/international-innovative-training\/\" title=\"\">Innovative training<\/a><\/strong><\/p>\n<\/div>\n\n\n\n<div class=\"wp-block-column is-vertically-aligned-center is-layout-flow wp-block-column-is-layout-flow\">\n<p class=\"has-text-align-center\" style=\"font-size:15px\"><a href=\"https:\/\/academiespatiale.fr\/index.php\/international\/international-mobility-scholarships\/\" title=\"\"><strong>Mobility scholarships<\/strong><\/a><\/p>\n<\/div>\n\n\n\n<div class=\"wp-block-column is-vertically-aligned-center is-layout-flow wp-block-column-is-layout-flow\">\n<p class=\"has-text-align-center\" style=\"font-size:15px\"><a href=\"https:\/\/academiespatiale.fr\/index.php\/international\/international-conference\/\" title=\"\"><strong>Conferences 2026<\/strong><\/a><\/p>\n<\/div>\n<\/div>\n\n\n\n<div style=\"height:100px\" aria-hidden=\"true\" class=\"wp-block-spacer\"><\/div>\n\n\n\n<div class=\"wp-block-columns alignfull has-text-color has-link-color wp-elements-8422e2a85d9f2e5605b7dd2ae54b3e54 is-layout-flex wp-container-core-columns-is-layout-e94c545b wp-block-columns-is-layout-flex\" style=\"color:#b1b1b1;margin-top:-25px;margin-bottom:20px;padding-top:0;padding-right:0;padding-bottom:0;padding-left:60px;font-size:15px\">\n<div class=\"wp-block-column has-text-color has-link-color wp-elements-32661c60388d2123b0bf1683c717c484 is-layout-flow wp-block-column-is-layout-flow\" style=\"color:#a1a1a1;padding-top:0;padding-bottom:0;font-size:15px;font-style:normal;font-weight:100;flex-basis:100%\"><div class=\"aioseo-breadcrumbs\"><span class=\"aioseo-breadcrumb\">\n\t\t\t<a href=\"https:\/\/academiespatiale.fr\" title=\"Home\">Home<\/a>\n\t\t<\/span><span class=\"aioseo-breadcrumb-separator\">&raquo;<\/span><span class=\"aioseo-breadcrumb\">\n\t\t\t<a href=\"https:\/\/academiespatiale.fr\/index.php\/international\/\" title=\"International\">International<\/a>\n\t\t<\/span><span class=\"aioseo-breadcrumb-separator\">&raquo;<\/span><span class=\"aioseo-breadcrumb\">\n\t\t\tInternational and English-taught Master\u2019s\n\t\t<\/span><\/div><\/div>\n<\/div>\n","protected":false},"excerpt":{"rendered":"<p>\u2193 Master&rsquo;s \u2193 Innovative training Mobility scholarships Conferences 2026 Master SSA &#8211; Satellite Systems and Applications (France \/ South Africa) 2 years \u2013 UPEC \/ Cape Perninsula \u2013 University of Technology (South Africa) More infos \u2192 Master International syst\u00e8mes satellitaires et applications : fiche descriptive (English version) &#8211; Sciences et [&hellip;]<\/p>\n","protected":false},"author":1,"featured_media":0,"parent":6635,"menu_order":0,"comment_status":"closed","ping_status":"closed","template":"","meta":{"_monsterinsights_skip_tracking":false,"_monsterinsights_sitenote_active":false,"_monsterinsights_sitenote_note":"","_monsterinsights_sitenote_category":0,"_EventAllDay":false,"_EventTimezone":"","_EventStartDate":"","_EventEndDate":"","_EventStartDateUTC":"","_EventEndDateUTC":"","_EventShowMap":false,"_EventShowMapLink":false,"_EventURL":"","_EventCost":"","_EventCostDescription":"","_EventCurrencySymbol":"","_EventCurrencyCode":"","_EventCurrencyPosition":"","_EventDateTimeSeparator":"","_EventTimeRangeSeparator":"","_EventOrganizerID":[],"_EventVenueID":[],"_OrganizerEmail":"","_OrganizerPhone":"","_OrganizerWebsite":"","_VenueAddress":"","_VenueCity":"","_VenueCountry":"","_VenueProvince":"","_VenueState":"","_VenueZip":"","_VenuePhone":"","_VenueURL":"","_VenueStateProvince":"","_VenueLat":"","_VenueLng":"","_VenueShowMap":false,"_VenueShowMapLink":false,"footnotes":""},"class_list":["post-7077","page","type-page","status-publish","hentry"],"aioseo_notices":[],"_links":{"self":[{"href":"https:\/\/academiespatiale.fr\/index.php\/wp-json\/wp\/v2\/pages\/7077","targetHints":{"allow":["GET"]}}],"collection":[{"href":"https:\/\/academiespatiale.fr\/index.php\/wp-json\/wp\/v2\/pages"}],"about":[{"href":"https:\/\/academiespatiale.fr\/index.php\/wp-json\/wp\/v2\/types\/page"}],"author":[{"embeddable":true,"href":"https:\/\/academiespatiale.fr\/index.php\/wp-json\/wp\/v2\/users\/1"}],"replies":[{"embeddable":true,"href":"https:\/\/academiespatiale.fr\/index.php\/wp-json\/wp\/v2\/comments?post=7077"}],"version-history":[{"count":28,"href":"https:\/\/academiespatiale.fr\/index.php\/wp-json\/wp\/v2\/pages\/7077\/revisions"}],"predecessor-version":[{"id":7797,"href":"https:\/\/academiespatiale.fr\/index.php\/wp-json\/wp\/v2\/pages\/7077\/revisions\/7797"}],"up":[{"embeddable":true,"href":"https:\/\/academiespatiale.fr\/index.php\/wp-json\/wp\/v2\/pages\/6635"}],"wp:attachment":[{"href":"https:\/\/academiespatiale.fr\/index.php\/wp-json\/wp\/v2\/media?parent=7077"}],"curies":[{"name":"wp","href":"https:\/\/api.w.org\/{rel}","templated":true}]}}