{"id":668,"date":"2024-04-16T17:38:36","date_gmt":"2024-04-16T15:38:36","guid":{"rendered":"https:\/\/academiespatiale.fr\/?page_id=668"},"modified":"2024-04-16T17:39:26","modified_gmt":"2024-04-16T15:39:26","slug":"communaute","status":"publish","type":"page","link":"https:\/\/academiespatiale.fr\/index.php\/communaute\/","title":{"rendered":"Communaut\u00e9"},"content":{"rendered":"\n<div style=\"height:100px\" aria-hidden=\"true\" class=\"wp-block-spacer\"><\/div>\n\n\n\n<p class=\"has-text-align-center has-accent-color has-text-color has-link-color wp-elements-ba6709cf344663837f34c6b2739d64de\">[EN CONSTRUCTION]<\/p>\n\n\n\n<div style=\"height:100px\" aria-hidden=\"true\" class=\"wp-block-spacer\"><\/div>\n\n\n<ul class=\"wp-block-latest-posts__list is-grid columns-3 has-dates alignwide wp-block-latest-posts\"><li><div class=\"wp-block-latest-posts__featured-image\"><a href=\"https:\/\/academiespatiale.fr\/index.php\/2026\/04\/13\/lespace-accessible-a-toutes-et-tous-retour-sur-le-lancement-reussi-de-lacademie-spatiale-a-lupec\/\" aria-label=\"L\u2019espace accessible \u00e0 toutes et tous : retour sur le lancement r\u00e9ussi de l\u2019Acad\u00e9mie Spatiale \u00e0 l\u2019UPEC\"><img loading=\"lazy\" decoding=\"async\" width=\"300\" height=\"200\" src=\"https:\/\/academiespatiale.fr\/wp-content\/uploads\/2026\/04\/Seminaire_lancement-Academie-Upec_fev2026_retour-300x200.png\" class=\"attachment-medium size-medium wp-post-image\" alt=\"\" style=\"\" srcset=\"https:\/\/academiespatiale.fr\/wp-content\/uploads\/2026\/04\/Seminaire_lancement-Academie-Upec_fev2026_retour-300x200.png 300w, https:\/\/academiespatiale.fr\/wp-content\/uploads\/2026\/04\/Seminaire_lancement-Academie-Upec_fev2026_retour-360x240.png 360w, https:\/\/academiespatiale.fr\/wp-content\/uploads\/2026\/04\/Seminaire_lancement-Academie-Upec_fev2026_retour.png 750w\" sizes=\"auto, (max-width: 300px) 100vw, 300px\" \/><\/a><\/div><a class=\"wp-block-latest-posts__post-title\" href=\"https:\/\/academiespatiale.fr\/index.php\/2026\/04\/13\/lespace-accessible-a-toutes-et-tous-retour-sur-le-lancement-reussi-de-lacademie-spatiale-a-lupec\/\">L\u2019espace accessible \u00e0 toutes et tous : retour sur le lancement r\u00e9ussi de l\u2019Acad\u00e9mie Spatiale \u00e0 l\u2019UPEC<\/a><time datetime=\"2026-04-13T18:32:55+02:00\" class=\"wp-block-latest-posts__post-date\">13 avril 2026<\/time><div class=\"wp-block-latest-posts__post-excerpt\">Le 3 f\u00e9vrier dernier s\u2019est tenu \u00e0 l\u2019UPEC le lancement de l\u2019Acad\u00e9mie Spatiale d\u2019\u00cele-de-France, devant un auditorium comble. L\u2019\u00e9v\u00e9nement a r\u00e9uni pr\u00e8s de 150 \u00e9tudiant\u00b7es et personnels issu\u00b7es des diff\u00e9rentes composantes de l\u2019universit\u00e9. L\u2019occasion de d\u00e9couvrir les nombreuses opportunit\u00e9s de carri\u00e8re qu\u2019offre aujourd\u2019hui le secteur spatial et de comprendre comment [&hellip;]<\/div><\/li>\n<li><div class=\"wp-block-latest-posts__featured-image\"><a href=\"https:\/\/academiespatiale.fr\/index.php\/2026\/04\/03\/participez-a-linauguration-de-lantenne-bande-s-observatoire-du-sirta\/\" aria-label=\"Participez \u00e0 l&rsquo;inauguration de l&rsquo;antenne Bande S &#8211; Observatoire du SIRTA\"><img loading=\"lazy\" decoding=\"async\" width=\"300\" height=\"200\" src=\"https:\/\/academiespatiale.fr\/wp-content\/uploads\/2026\/04\/Inauguration_bandeS_sirta_palaiseau_avril2026-300x200.png\" class=\"attachment-medium size-medium wp-post-image\" alt=\"\" style=\"\" srcset=\"https:\/\/academiespatiale.fr\/wp-content\/uploads\/2026\/04\/Inauguration_bandeS_sirta_palaiseau_avril2026-300x200.png 300w, https:\/\/academiespatiale.fr\/wp-content\/uploads\/2026\/04\/Inauguration_bandeS_sirta_palaiseau_avril2026-360x240.png 360w, https:\/\/academiespatiale.fr\/wp-content\/uploads\/2026\/04\/Inauguration_bandeS_sirta_palaiseau_avril2026.png 750w\" sizes=\"auto, (max-width: 300px) 100vw, 300px\" \/><\/a><\/div><a class=\"wp-block-latest-posts__post-title\" href=\"https:\/\/academiespatiale.fr\/index.php\/2026\/04\/03\/participez-a-linauguration-de-lantenne-bande-s-observatoire-du-sirta\/\">Participez \u00e0 l&rsquo;inauguration de l&rsquo;antenne Bande S &#8211; Observatoire du SIRTA<\/a><time datetime=\"2026-04-03T16:33:38+02:00\" class=\"wp-block-latest-posts__post-date\">3 avril 2026<\/time><div class=\"wp-block-latest-posts__post-excerpt\">Mercredi 15 avril 2026, \u00e0 partir de 15h45, rendez-vous \u00e0 l&rsquo;Observatoire du SIRTA pour l&rsquo;inauguration de l&rsquo;antenne Bande S SYLVIE financ\u00e9e par l&rsquo;Acad\u00e9mie Spatiale d&rsquo;\u00cele-de-France. Cette nouvelle antenne, install\u00e9e \u00e0 proximit\u00e9 du campus de l\u2019\u00c9cole polytechnique, servira \u00e0 assurer des communications haut d\u00e9bit avec le satellite IonSat du Centre spatial [&hellip;]<\/div><\/li>\n<li><div class=\"wp-block-latest-posts__featured-image\"><a href=\"https:\/\/academiespatiale.fr\/index.php\/2026\/04\/01\/en-direct-contact-depuis-la-station-spatiale-international-avec-lastronaute-sophie-adenot\/\" aria-label=\"[En direct] Contact depuis la Station Spatiale International avec l&rsquo;astronaute Sophie Adenot\"><img loading=\"lazy\" decoding=\"async\" width=\"300\" height=\"200\" src=\"https:\/\/academiespatiale.fr\/wp-content\/uploads\/2026\/04\/Adenot_Direct_ISS_UPSaclay_ASIDF_OVSQ-300x200.png\" class=\"attachment-medium size-medium wp-post-image\" alt=\"\" style=\"\" srcset=\"https:\/\/academiespatiale.fr\/wp-content\/uploads\/2026\/04\/Adenot_Direct_ISS_UPSaclay_ASIDF_OVSQ-300x200.png 300w, https:\/\/academiespatiale.fr\/wp-content\/uploads\/2026\/04\/Adenot_Direct_ISS_UPSaclay_ASIDF_OVSQ-360x240.png 360w, https:\/\/academiespatiale.fr\/wp-content\/uploads\/2026\/04\/Adenot_Direct_ISS_UPSaclay_ASIDF_OVSQ.png 750w\" sizes=\"auto, (max-width: 300px) 100vw, 300px\" \/><\/a><\/div><a class=\"wp-block-latest-posts__post-title\" href=\"https:\/\/academiespatiale.fr\/index.php\/2026\/04\/01\/en-direct-contact-depuis-la-station-spatiale-international-avec-lastronaute-sophie-adenot\/\">[En direct] Contact depuis la Station Spatiale International avec l&rsquo;astronaute Sophie Adenot<\/a><time datetime=\"2026-04-01T17:44:02+02:00\" class=\"wp-block-latest-posts__post-date\">1 avril 2026<\/time><div class=\"wp-block-latest-posts__post-excerpt\">Le jeudi 9 avril 2026, l&rsquo;Acad\u00e9mie Spatiale d&rsquo;\u00cele-de-France et l&rsquo;OVSQ co-organisent un \u00e9v\u00e8nement dont le point d&rsquo;orgue sera la retransmission en direct du contact radio \u00e9tabli par l&rsquo;Universit\u00e9 Paris-Saclay avec Sophie Adenot, astronaute fran\u00e7aise actuellement \u00e0 bord de la Station Spatiale Internationale. Cet \u00e9v\u00e8nement est co-organis\u00e9 par l&rsquo;Acad\u00e9mie Spatiale d&rsquo;\u00cele-de-France [&hellip;]<\/div><\/li>\n<li><div class=\"wp-block-latest-posts__featured-image\"><a href=\"https:\/\/academiespatiale.fr\/index.php\/2026\/03\/03\/congres-international-health-from-space-places-etudiantes-offertes-par-cap-biospace\/\" aria-label=\"Congr\u00e8s international Health from Space &#8211; Places \u00e9tudiantes offertes par CAP BIOSPACE\"><img loading=\"lazy\" decoding=\"async\" width=\"300\" height=\"200\" src=\"https:\/\/academiespatiale.fr\/wp-content\/uploads\/2026\/03\/Health-from-space_2026-300x200.png\" class=\"attachment-medium size-medium wp-post-image\" alt=\"\" style=\"\" srcset=\"https:\/\/academiespatiale.fr\/wp-content\/uploads\/2026\/03\/Health-from-space_2026-300x200.png 300w, https:\/\/academiespatiale.fr\/wp-content\/uploads\/2026\/03\/Health-from-space_2026-360x240.png 360w, https:\/\/academiespatiale.fr\/wp-content\/uploads\/2026\/03\/Health-from-space_2026.png 750w\" sizes=\"auto, (max-width: 300px) 100vw, 300px\" \/><\/a><\/div><a class=\"wp-block-latest-posts__post-title\" href=\"https:\/\/academiespatiale.fr\/index.php\/2026\/03\/03\/congres-international-health-from-space-places-etudiantes-offertes-par-cap-biospace\/\">Congr\u00e8s international Health from Space &#8211; Places \u00e9tudiantes offertes par CAP BIOSPACE<\/a><time datetime=\"2026-03-03T11:19:51+01:00\" class=\"wp-block-latest-posts__post-date\">3 mars 2026<\/time><div class=\"wp-block-latest-posts__post-excerpt\">Vous \u00eates un ou une \u00e9tudiante int\u00e9ress\u00e9e par les sciences, la sant\u00e9 et la recherche dans le domaine spatial ?&nbsp;Le congr\u00e8s international&nbsp;Health from Space&nbsp;vous propose de d\u00e9couvrir comment la recherche spatiale transforme les sciences de la vie et la sant\u00e9&nbsp;les 24 et&nbsp;25 mars 2026&nbsp;\u00e0 Cannes. Ce n\u2019est pas seulement une [&hellip;]<\/div><\/li>\n<li><div class=\"wp-block-latest-posts__featured-image\"><a href=\"https:\/\/academiespatiale.fr\/index.php\/2026\/02\/12\/lancement-groupe-travail-jeunes-chercheurs-chercheuses\/\" aria-label=\"Lancement du groupe de travail des jeunes chercheurs et chercheuses de l&rsquo;Acad\u00e9mie Spatiale\"><img loading=\"lazy\" decoding=\"async\" width=\"300\" height=\"200\" src=\"https:\/\/academiespatiale.fr\/wp-content\/uploads\/2026\/02\/jeuneschercheurs_23fev2026-300x200.png\" class=\"attachment-medium size-medium wp-post-image\" alt=\"\" style=\"\" srcset=\"https:\/\/academiespatiale.fr\/wp-content\/uploads\/2026\/02\/jeuneschercheurs_23fev2026-300x200.png 300w, https:\/\/academiespatiale.fr\/wp-content\/uploads\/2026\/02\/jeuneschercheurs_23fev2026-360x240.png 360w, https:\/\/academiespatiale.fr\/wp-content\/uploads\/2026\/02\/jeuneschercheurs_23fev2026.png 750w\" sizes=\"auto, (max-width: 300px) 100vw, 300px\" \/><\/a><\/div><a class=\"wp-block-latest-posts__post-title\" href=\"https:\/\/academiespatiale.fr\/index.php\/2026\/02\/12\/lancement-groupe-travail-jeunes-chercheurs-chercheuses\/\">Lancement du groupe de travail des jeunes chercheurs et chercheuses de l&rsquo;Acad\u00e9mie Spatiale<\/a><time datetime=\"2026-02-12T17:53:57+01:00\" class=\"wp-block-latest-posts__post-date\">12 f\u00e9vrier 2026<\/time><div class=\"wp-block-latest-posts__post-excerpt\">L&rsquo;Acad\u00e9mie Spatiale d&rsquo;\u00cele-de-France lance un groupe de travail mensuel d\u00e9di\u00e9 aux jeunes cherchers et chercheuses impliqu\u00e9\u00b7es dans des th\u00e9matiques spatiale. Une s\u00e9ance de lancement est pr\u00e9vu lundi 23 f\u00e9vrier en pr\u00e9sentiel \u00e0 Paris ou en distanciel. Ce groupe a pour vocation de cr\u00e9er un espace r\u00e9gulier d\u2019\u00e9changes scientifiques, de confrontation [&hellip;]<\/div><\/li>\n<li><div class=\"wp-block-latest-posts__featured-image\"><a href=\"https:\/\/academiespatiale.fr\/index.php\/2026\/02\/12\/suivez-en-direct-le-decollage-de-sophie-adenot-vers-liss\/\" aria-label=\"Suivez en direct le d\u00e9collage de Sophie Adenot vers l&rsquo;ISS\"><img loading=\"lazy\" decoding=\"async\" width=\"300\" height=\"200\" src=\"https:\/\/academiespatiale.fr\/wp-content\/uploads\/2026\/02\/deceollage-Sophie-Adenot-300x200.png\" class=\"attachment-medium size-medium wp-post-image\" alt=\"\" style=\"\" srcset=\"https:\/\/academiespatiale.fr\/wp-content\/uploads\/2026\/02\/deceollage-Sophie-Adenot-300x200.png 300w, https:\/\/academiespatiale.fr\/wp-content\/uploads\/2026\/02\/deceollage-Sophie-Adenot-360x240.png 360w, https:\/\/academiespatiale.fr\/wp-content\/uploads\/2026\/02\/deceollage-Sophie-Adenot.png 750w\" sizes=\"auto, (max-width: 300px) 100vw, 300px\" \/><\/a><\/div><a class=\"wp-block-latest-posts__post-title\" href=\"https:\/\/academiespatiale.fr\/index.php\/2026\/02\/12\/suivez-en-direct-le-decollage-de-sophie-adenot-vers-liss\/\">Suivez en direct le d\u00e9collage de Sophie Adenot vers l&rsquo;ISS<\/a><time datetime=\"2026-02-12T16:44:51+01:00\" class=\"wp-block-latest-posts__post-date\">12 f\u00e9vrier 2026<\/time><div class=\"wp-block-latest-posts__post-excerpt\">Sophie Adenot, ing\u00e9nieure a\u00e9ronautique fran\u00e7aise, rejoindra la station spatiale internationale vendredi 13 f\u00e9vrier 2026, pour une dur\u00e9e de 9 mois. \u00c0 l&rsquo;occasion de son d\u00e9part, et dans la perspective du contact radio avec la station spatiale internationale qu&rsquo;organise l&rsquo;Universit\u00e9 Paris-Saclay en lien avec le coll\u00e8ge Albert Camus de La Norville [&hellip;]<\/div><\/li>\n<\/ul>","protected":false},"excerpt":{"rendered":"<p>[EN CONSTRUCTION]<\/p>\n","protected":false},"author":1,"featured_media":0,"parent":0,"menu_order":0,"comment_status":"closed","ping_status":"closed","template":"","meta":{"_monsterinsights_skip_tracking":false,"_monsterinsights_sitenote_active":false,"_monsterinsights_sitenote_note":"","_monsterinsights_sitenote_category":0,"_EventAllDay":false,"_EventTimezone":"","_EventStartDate":"","_EventEndDate":"","_EventStartDateUTC":"","_EventEndDateUTC":"","_EventShowMap":false,"_EventShowMapLink":false,"_EventURL":"","_EventCost":"","_EventCostDescription":"","_EventCurrencySymbol":"","_EventCurrencyCode":"","_EventCurrencyPosition":"","_EventDateTimeSeparator":"","_EventTimeRangeSeparator":"","_EventOrganizerID":[],"_EventVenueID":[],"_OrganizerEmail":"","_OrganizerPhone":"","_OrganizerWebsite":"","_VenueAddress":"","_VenueCity":"","_VenueCountry":"","_VenueProvince":"","_VenueState":"","_VenueZip":"","_VenuePhone":"","_VenueURL":"","_VenueStateProvince":"","_VenueLat":"","_VenueLng":"","_VenueShowMap":false,"_VenueShowMapLink":false,"footnotes":""},"class_list":["post-668","page","type-page","status-publish","hentry"],"aioseo_notices":[],"_links":{"self":[{"href":"https:\/\/academiespatiale.fr\/index.php\/wp-json\/wp\/v2\/pages\/668","targetHints":{"allow":["GET"]}}],"collection":[{"href":"https:\/\/academiespatiale.fr\/index.php\/wp-json\/wp\/v2\/pages"}],"about":[{"href":"https:\/\/academiespatiale.fr\/index.php\/wp-json\/wp\/v2\/types\/page"}],"author":[{"embeddable":true,"href":"https:\/\/academiespatiale.fr\/index.php\/wp-json\/wp\/v2\/users\/1"}],"replies":[{"embeddable":true,"href":"https:\/\/academiespatiale.fr\/index.php\/wp-json\/wp\/v2\/comments?post=668"}],"version-history":[{"count":2,"href":"https:\/\/academiespatiale.fr\/index.php\/wp-json\/wp\/v2\/pages\/668\/revisions"}],"predecessor-version":[{"id":670,"href":"https:\/\/academiespatiale.fr\/index.php\/wp-json\/wp\/v2\/pages\/668\/revisions\/670"}],"wp:attachment":[{"href":"https:\/\/academiespatiale.fr\/index.php\/wp-json\/wp\/v2\/media?parent=668"}],"curies":[{"name":"wp","href":"https:\/\/api.w.org\/{rel}","templated":true}]}}