{"id":663,"date":"2024-04-16T17:30:46","date_gmt":"2024-04-16T15:30:46","guid":{"rendered":"https:\/\/academiespatiale.fr\/?page_id=663"},"modified":"2025-12-19T17:17:53","modified_gmt":"2025-12-19T16:17:53","slug":"ao-mobilites","status":"publish","type":"page","link":"https:\/\/academiespatiale.fr\/index.php\/recherche\/ao\/ao-mobilites\/","title":{"rendered":"Bourses de mobilit\u00e9s internationale : appel &amp; r\u00e9sultats"},"content":{"rendered":"\n<div class=\"wp-block-columns alignfull has-text-color has-link-color wp-elements-8422e2a85d9f2e5605b7dd2ae54b3e54 is-layout-flex wp-container-core-columns-is-layout-e94c545b wp-block-columns-is-layout-flex\" style=\"color:#b1b1b1;margin-top:-25px;margin-bottom:20px;padding-top:0;padding-right:0;padding-bottom:0;padding-left:60px;font-size:15px\">\n<div class=\"wp-block-column has-text-color has-link-color wp-elements-32661c60388d2123b0bf1683c717c484 is-layout-flow wp-block-column-is-layout-flow\" style=\"color:#a1a1a1;padding-top:0;padding-bottom:0;font-size:15px;font-style:normal;font-weight:100;flex-basis:100%\"><div class=\"aioseo-breadcrumbs\"><span class=\"aioseo-breadcrumb\">\n\t\t\tHome\n\t\t<\/span><\/div><\/div>\n<\/div>\n\n\n\n<div class=\"wp-block-columns is-layout-flex wp-container-core-columns-is-layout-28f84493 wp-block-columns-is-layout-flex\">\n<div class=\"wp-block-column is-layout-flow wp-block-column-is-layout-flow\" style=\"flex-basis:66.66%\">\n<p>Les bourses de mobilit\u00e9 internationale sont attribu\u00e9es pour des projets d\u2019\u00e9tude d\u2019une ann\u00e9e ou un semestre acad\u00e9mique et sont destin\u00e9es aux \u00e9tudiant\u00b7es \u00e9trangers qui souhaitent int\u00e9grer les formations en master de l\u2019Acad\u00e9mie Spatiale d\u2019Ile-de-France ainsi qu&rsquo;aux \u00e9tudiant\u00b7es de l\u2019acad\u00e9mie qui souhaitent effectuer des stages \u00e0 l\u2019\u00e9tranger. <\/p>\n\n\n\n<p style=\"font-size:15px\"><em>International mobility scholarships are awarded for study projects lasting one academic year or one academic semester. They are intended for international students wishing to enrol in the master\u2019s programmes of the Acad\u00e9mie Spatiale d\u2019\u00cele-de-France, as well as for students of the academy who wish to carry out internships abroad.<\/em><\/p>\n\n\n\n<hr class=\"wp-block-separator has-alpha-channel-opacity\"\/>\n\n\n\n<div style=\"height:10px\" aria-hidden=\"true\" class=\"wp-block-spacer\"><\/div>\n\n\n\n<p>Pour toutes questions <em>\/ for any questions<\/em>: <a href=\"mailto:mobility@academiespatiale.fr\" target=\"_blank\" rel=\"noreferrer noopener\">mobility@academiespatiale.fr<\/a><\/p>\n\n\n\n<hr class=\"wp-block-separator has-alpha-channel-opacity\"\/>\n<\/div>\n\n\n\n<div class=\"wp-block-column is-layout-flow wp-block-column-is-layout-flow\" style=\"flex-basis:33.33%\">\n<figure class=\"wp-block-image size-large\"><img loading=\"lazy\" decoding=\"async\" width=\"683\" height=\"1024\" src=\"https:\/\/academiespatiale.fr\/wp-content\/uploads\/2025\/04\/pexels-lara-jameson-8828610-683x1024.jpg\" alt=\"\" class=\"wp-image-4186\" srcset=\"https:\/\/academiespatiale.fr\/wp-content\/uploads\/2025\/04\/pexels-lara-jameson-8828610-683x1024.jpg 683w, https:\/\/academiespatiale.fr\/wp-content\/uploads\/2025\/04\/pexels-lara-jameson-8828610-200x300.jpg 200w, https:\/\/academiespatiale.fr\/wp-content\/uploads\/2025\/04\/pexels-lara-jameson-8828610-768x1152.jpg 768w, https:\/\/academiespatiale.fr\/wp-content\/uploads\/2025\/04\/pexels-lara-jameson-8828610-1024x1536.jpg 1024w, https:\/\/academiespatiale.fr\/wp-content\/uploads\/2025\/04\/pexels-lara-jameson-8828610-1365x2048.jpg 1365w, https:\/\/academiespatiale.fr\/wp-content\/uploads\/2025\/04\/pexels-lara-jameson-8828610-scaled.jpg 1707w\" sizes=\"auto, (max-width: 683px) 100vw, 683px\" \/><\/figure>\n<\/div>\n<\/div>\n\n\n\n<h2 class=\"wp-block-heading\">Appel en cours \/<em> Call currently open<\/em><\/h2>\n\n\n\n<div class=\"wp-block-columns is-layout-flex wp-container-core-columns-is-layout-28f84493 wp-block-columns-is-layout-flex\">\n<div class=\"wp-block-column is-layout-flow wp-block-column-is-layout-flow\">\n<p>Dates limites : <br>\u2192 1<sup>er<\/sup> appel : 30 octobre 2025<br>\u2192 2<sup>e<\/sup> appel : 30 janvier 2026<br>\u2192 3<sup>e<\/sup> appel : 31 mai 2026<\/p>\n<\/div>\n\n\n\n<div class=\"wp-block-column is-layout-flow wp-block-column-is-layout-flow\">\n<p style=\"font-size:15px\"><em>Deadlines:<br>\u2192 1st call: 30 October 2025<br>\u2192 2nd call: 30 January 2026<br>\u2192 3rd call: 31 May 2026<\/em><\/p>\n<\/div>\n<\/div>\n\n\n<ul class=\"wp-block-latest-posts__list has-dates wp-block-latest-posts\"><li><div class=\"wp-block-latest-posts__featured-image alignleft\"><img loading=\"lazy\" decoding=\"async\" width=\"300\" height=\"200\" src=\"https:\/\/academiespatiale.fr\/wp-content\/uploads\/2024\/11\/AAC_mobilites-internationales-300x200.png\" class=\"attachment-medium size-medium wp-post-image\" alt=\"\" style=\"\" srcset=\"https:\/\/academiespatiale.fr\/wp-content\/uploads\/2024\/11\/AAC_mobilites-internationales-300x200.png 300w, https:\/\/academiespatiale.fr\/wp-content\/uploads\/2024\/11\/AAC_mobilites-internationales-360x240.png 360w, https:\/\/academiespatiale.fr\/wp-content\/uploads\/2024\/11\/AAC_mobilites-internationales.png 750w\" sizes=\"auto, (max-width: 300px) 100vw, 300px\" \/><\/div><a class=\"wp-block-latest-posts__post-title\" href=\"https:\/\/academiespatiale.fr\/index.php\/2025\/07\/08\/appel-a-candidatures-2026-bourses-de-mobilites-internationales\/\">Appel \u00e0 candidatures 2025\/2026 : bourses de mobilit\u00e9s internationales<\/a><time datetime=\"2025-07-08T17:08:36+02:00\" class=\"wp-block-latest-posts__post-date\">8 juillet 2025<\/time><div class=\"wp-block-latest-posts__post-full-content\"><!-- wp:block {\"ref\":7170} \/-->\n\n<!-- wp:details {\"style\":{\"elements\":{\"link\":{\"color\":{\"text\":\"#959595\"}}},\"color\":{\"text\":\"#959595\"}}} -->\n<details class=\"wp-block-details has-text-color has-link-color\" style=\"color:#959595\"><summary>&gt;&gt;&gt; click here for the English version<\/summary><!-- wp:paragraph -->\n<p>As part of the CMA France 2030 project \u00ab\u00a0Space Academy of Ile-de-France\u00a0\u00bb (The Space Academy of Ile-de-France), which coordinates 8 space-related training institutes in Ile-de-France (UPS, SU, ONERA, UPC, UPEC, UVSQ, IPP, PSL), we are pleased to announce the<strong>\u00a0call for application for international mobility grants. This aims foreign students joining the space academy (incoming mobility) and students of the academy willing to study abroad (outgoing mobility)<\/strong>. These international mobility grants (up to \u20ac1200\/month) are awarded for study projects lasting one academic year or semester in a Space Academy training and internships for space-related research projects in a laboratory of a partner of the academy (for foreign students) or abroad.<\/p>\n<!-- \/wp:paragraph -->\n\n<!-- wp:columns -->\n<div class=\"wp-block-columns\"><!-- wp:column -->\n<div class=\"wp-block-column\"><!-- wp:file {\"id\":5305,\"href\":\"https:\/\/academiespatiale.fr\/wp-content\/uploads\/2025\/07\/SPACE-IDF-IntMobility-Incoming2026-Call.pdf\",\"displayPreview\":true,\"previewHeight\":200,\"align\":\"center\"} -->\n<div class=\"wp-block-file aligncenter\"><object class=\"wp-block-file__embed\" data=\"https:\/\/academiespatiale.fr\/wp-content\/uploads\/2025\/07\/SPACE-IDF-IntMobility-Incoming2026-Call.pdf\" type=\"application\/pdf\" style=\"width:100%;height:200px\" aria-label=\"SPACE-IDF-IntMobility-Incoming2026-Call\"><\/object><a id=\"wp-block-file--media-0a6899cc-ab1d-4946-b984-3726aea0ec68\" href=\"https:\/\/academiespatiale.fr\/wp-content\/uploads\/2025\/07\/SPACE-IDF-IntMobility-Incoming2026-Call.pdf\">SPACE-IDF-IntMobility-Incoming2026-Call<\/a><a href=\"https:\/\/academiespatiale.fr\/wp-content\/uploads\/2025\/07\/SPACE-IDF-IntMobility-Incoming2026-Call.pdf\" class=\"wp-block-file__button wp-element-button\" download aria-describedby=\"wp-block-file--media-0a6899cc-ab1d-4946-b984-3726aea0ec68\">Incoming call<\/a><\/div>\n<!-- \/wp:file --><\/div>\n<!-- \/wp:column -->\n\n<!-- wp:column {\"verticalAlignment\":\"center\"} -->\n<div class=\"wp-block-column is-vertically-aligned-center\"><!-- wp:paragraph {\"align\":\"center\"} -->\n<p class=\"has-text-align-center\"><\/p>\n<!-- \/wp:paragraph --><\/div>\n<!-- \/wp:column -->\n\n<!-- wp:column -->\n<div class=\"wp-block-column\"><!-- wp:file {\"id\":5306,\"href\":\"https:\/\/academiespatiale.fr\/wp-content\/uploads\/2025\/07\/SPACE-IDF-IntMobility-Outgoing2026-Call.pdf\",\"displayPreview\":true,\"previewHeight\":200,\"align\":\"center\"} -->\n<div class=\"wp-block-file aligncenter\"><object class=\"wp-block-file__embed\" data=\"https:\/\/academiespatiale.fr\/wp-content\/uploads\/2025\/07\/SPACE-IDF-IntMobility-Outgoing2026-Call.pdf\" type=\"application\/pdf\" style=\"width:100%;height:200px\" aria-label=\"SPACE-IDF-IntMobility-Outgoing2026-Call\"><\/object><a id=\"wp-block-file--media-70e654f5-7805-4aaa-ac8f-97a3bf24889c\" href=\"https:\/\/academiespatiale.fr\/wp-content\/uploads\/2025\/07\/SPACE-IDF-IntMobility-Outgoing2026-Call.pdf\">SPACE-IDF-IntMobility-Outgoing2026-Call<\/a><a href=\"https:\/\/academiespatiale.fr\/wp-content\/uploads\/2025\/07\/SPACE-IDF-IntMobility-Outgoing2026-Call.pdf\" class=\"wp-block-file__button wp-element-button\" download aria-describedby=\"wp-block-file--media-70e654f5-7805-4aaa-ac8f-97a3bf24889c\">Outgoing call<\/a><\/div>\n<!-- \/wp:file --><\/div>\n<!-- \/wp:column --><\/div>\n<!-- \/wp:columns -->\n\n<!-- wp:separator -->\n<hr class=\"wp-block-separator has-alpha-channel-opacity\" \/>\n<!-- \/wp:separator -->\n\n<!-- wp:columns -->\n<div class=\"wp-block-columns\"><!-- wp:column {\"verticalAlignment\":\"center\",\"width\":\"33.33%\"} -->\n<div class=\"wp-block-column is-vertically-aligned-center\" style=\"flex-basis:33.33%\"><!-- wp:file {\"id\":5307,\"href\":\"https:\/\/academiespatiale.fr\/wp-content\/uploads\/2025\/07\/SPACE-IDF-IntMobility-Incoming2026-Form_StudentName.docx\",\"align\":\"center\"} -->\n<div class=\"wp-block-file aligncenter\"><a id=\"wp-block-file--media-0a816134-262d-4efe-a77e-de081d39a9b5\" href=\"https:\/\/academiespatiale.fr\/wp-content\/uploads\/2025\/07\/SPACE-IDF-IntMobility-Incoming2026-Form_StudentName.docx\">SPACE-IDF-IntMobility-Incoming2026-Form_StudentName<\/a><a href=\"https:\/\/academiespatiale.fr\/wp-content\/uploads\/2025\/07\/SPACE-IDF-IntMobility-Incoming2026-Form_StudentName.docx\" class=\"wp-block-file__button wp-element-button\" download aria-describedby=\"wp-block-file--media-0a816134-262d-4efe-a77e-de081d39a9b5\">Incoming form<\/a><\/div>\n<!-- \/wp:file -->\n\n<!-- wp:file {\"id\":5308,\"href\":\"https:\/\/academiespatiale.fr\/wp-content\/uploads\/2025\/07\/SPACE-IDF-IntMobility-Outgoing2026-Form_StudentName.docx\",\"align\":\"center\"} -->\n<div class=\"wp-block-file aligncenter\"><a id=\"wp-block-file--media-d0871087-35fb-4100-a3f7-f796a30ca0cc\" href=\"https:\/\/academiespatiale.fr\/wp-content\/uploads\/2025\/07\/SPACE-IDF-IntMobility-Outgoing2026-Form_StudentName.docx\">SPACE-IDF-IntMobility-Outgoing2026-Form_StudentName<\/a><a href=\"https:\/\/academiespatiale.fr\/wp-content\/uploads\/2025\/07\/SPACE-IDF-IntMobility-Outgoing2026-Form_StudentName.docx\" class=\"wp-block-file__button wp-element-button\" download aria-describedby=\"wp-block-file--media-d0871087-35fb-4100-a3f7-f796a30ca0cc\">Outgoing form<\/a><\/div>\n<!-- \/wp:file --><\/div>\n<!-- \/wp:column -->\n\n<!-- wp:column {\"width\":\"66.66%\"} -->\n<div class=\"wp-block-column\" style=\"flex-basis:66.66%\"><!-- wp:paragraph -->\n<p>For each application, fill in one of the attached forms and send it to the following address\u00a0:<br><a href=\"mailto:mobility@academiespatiale.fr\" target=\"_blank\" rel=\"noopener\" title=\"\"><strong>mobility@academiespatiale.fr<\/strong><\/a><br><strong>Before one of the following deadlines: 30 october 2025 \/ 30 january 2026 \/ 31 may 2026<\/strong><\/p>\n<!-- \/wp:paragraph --><\/div>\n<!-- \/wp:column --><\/div>\n<!-- \/wp:columns -->\n\n<!-- wp:paragraph {\"align\":\"right\"} -->\n<p class=\"has-text-align-right\">Any further information ?<br><a href=\"mailto:mobility@academiespatiale.fr\" target=\"_blank\" rel=\"noopener\" title=\"\">mobility@academiespatiale.fr<\/a><\/p>\n<!-- \/wp:paragraph --><\/details>\n<!-- \/wp:details -->\n\n<!-- wp:separator -->\n<hr class=\"wp-block-separator has-alpha-channel-opacity\" \/>\n<!-- \/wp:separator -->\n\n<!-- wp:paragraph -->\n<p>Dans le cadre du projet CMA France 2030 \u00ab\u00a0<strong>Acad\u00e9mie Spatiale d&rsquo;Ile-de-France<\/strong>\u00a0\u00bb coordonnant 8 \u00e9tablissements franciliens\u00a0(UPS, SU, ONERA, UPC, UPEC, UVSQ, IPP, PSL)\u00a0sur la formation dans le domaine du spatial, nous avons le plaisir de vous annoncer l&rsquo;<strong>appel \u00e0 candidatures 2026 pour les mobilit\u00e9s internationales. Il est adress\u00e9 aux \u00e9tudiantes et \u00e9tudiants \u00e9trangers qui int\u00e8greront l&rsquo;Acad\u00e9mie Spatiale (mobilit\u00e9 entrante) et pour des s\u00e9jours \u00e0 l&rsquo;\u00e9tranger des \u00e9tudiant\u00b7es de l&rsquo;Acad\u00e9mie (mobilit\u00e9 sortante)<\/strong>. Ces bourses de mobilit\u00e9 internationale (jusqu&rsquo;\u00e0 1200\u20ac\/mois) sont attribu\u00e9es pour des projets d&rsquo;\u00e9tude d&rsquo;une ann\u00e9e ou un semestre acad\u00e9mique dans une formation de l&rsquo;Acad\u00e9mie Spatiale et pour des stages de recherche li\u00e9s au domaine spatial dans un laboratoire de l&rsquo;acad\u00e9mie (pour les \u00e9trangers) ou \u00e0 l&rsquo;\u00e9tranger.\u00a0<\/p>\n<!-- \/wp:paragraph -->\n\n<!-- wp:columns -->\n<div class=\"wp-block-columns\"><!-- wp:column -->\n<div class=\"wp-block-column\"><!-- wp:file {\"id\":5305,\"href\":\"https:\/\/academiespatiale.fr\/wp-content\/uploads\/2025\/07\/SPACE-IDF-IntMobility-Incoming2026-Call.pdf\",\"displayPreview\":true,\"previewHeight\":200,\"align\":\"center\"} -->\n<div class=\"wp-block-file aligncenter\"><object class=\"wp-block-file__embed\" data=\"https:\/\/academiespatiale.fr\/wp-content\/uploads\/2025\/07\/SPACE-IDF-IntMobility-Incoming2026-Call.pdf\" type=\"application\/pdf\" style=\"width:100%;height:200px\" aria-label=\"SPACE-IDF-IntMobility-Incoming2026-Call\"><\/object><a id=\"wp-block-file--media-ea8783b8-ff07-4051-8a0d-b8886e49c952\" href=\"https:\/\/academiespatiale.fr\/wp-content\/uploads\/2025\/07\/SPACE-IDF-IntMobility-Incoming2026-Call.pdf\">SPACE-IDF-IntMobility-Incoming2026-Call<\/a><a href=\"https:\/\/academiespatiale.fr\/wp-content\/uploads\/2025\/07\/SPACE-IDF-IntMobility-Incoming2026-Call.pdf\" class=\"wp-block-file__button wp-element-button\" download aria-describedby=\"wp-block-file--media-ea8783b8-ff07-4051-8a0d-b8886e49c952\">Incoming call<\/a><\/div>\n<!-- \/wp:file --><\/div>\n<!-- \/wp:column -->\n\n<!-- wp:column {\"verticalAlignment\":\"center\"} -->\n<div class=\"wp-block-column is-vertically-aligned-center\"><!-- wp:paragraph {\"align\":\"center\"} -->\n<p class=\"has-text-align-center\"><\/p>\n<!-- \/wp:paragraph --><\/div>\n<!-- \/wp:column -->\n\n<!-- wp:column -->\n<div class=\"wp-block-column\"><!-- wp:file {\"id\":5306,\"href\":\"https:\/\/academiespatiale.fr\/wp-content\/uploads\/2025\/07\/SPACE-IDF-IntMobility-Outgoing2026-Call.pdf\",\"displayPreview\":true,\"previewHeight\":200,\"align\":\"center\"} -->\n<div class=\"wp-block-file aligncenter\"><object class=\"wp-block-file__embed\" data=\"https:\/\/academiespatiale.fr\/wp-content\/uploads\/2025\/07\/SPACE-IDF-IntMobility-Outgoing2026-Call.pdf\" type=\"application\/pdf\" style=\"width:100%;height:200px\" aria-label=\"SPACE-IDF-IntMobility-Outgoing2026-Call\"><\/object><a id=\"wp-block-file--media-a58c18b2-2cad-496b-9804-bf49c24656dc\" href=\"https:\/\/academiespatiale.fr\/wp-content\/uploads\/2025\/07\/SPACE-IDF-IntMobility-Outgoing2026-Call.pdf\">SPACE-IDF-IntMobility-Outgoing2026-Call<\/a><a href=\"https:\/\/academiespatiale.fr\/wp-content\/uploads\/2025\/07\/SPACE-IDF-IntMobility-Outgoing2026-Call.pdf\" class=\"wp-block-file__button wp-element-button\" download aria-describedby=\"wp-block-file--media-a58c18b2-2cad-496b-9804-bf49c24656dc\">Outgoing call<\/a><\/div>\n<!-- \/wp:file --><\/div>\n<!-- \/wp:column --><\/div>\n<!-- \/wp:columns -->\n\n<!-- wp:separator -->\n<hr class=\"wp-block-separator has-alpha-channel-opacity\" \/>\n<!-- \/wp:separator -->\n\n<!-- wp:columns -->\n<div class=\"wp-block-columns\"><!-- wp:column {\"verticalAlignment\":\"center\",\"width\":\"33.33%\"} -->\n<div class=\"wp-block-column is-vertically-aligned-center\" style=\"flex-basis:33.33%\"><!-- wp:file {\"id\":5307,\"href\":\"https:\/\/academiespatiale.fr\/wp-content\/uploads\/2025\/07\/SPACE-IDF-IntMobility-Incoming2026-Form_StudentName.docx\",\"align\":\"center\"} -->\n<div class=\"wp-block-file aligncenter\"><a id=\"wp-block-file--media-f651845c-c8aa-413d-85c0-f8970827b08b\" href=\"https:\/\/academiespatiale.fr\/wp-content\/uploads\/2025\/07\/SPACE-IDF-IntMobility-Incoming2026-Form_StudentName.docx\">SPACE-IDF-IntMobility-Incoming2026-Form_StudentName<\/a><a href=\"https:\/\/academiespatiale.fr\/wp-content\/uploads\/2025\/07\/SPACE-IDF-IntMobility-Incoming2026-Form_StudentName.docx\" class=\"wp-block-file__button wp-element-button\" download aria-describedby=\"wp-block-file--media-f651845c-c8aa-413d-85c0-f8970827b08b\">Incoming form<\/a><\/div>\n<!-- \/wp:file -->\n\n<!-- wp:file {\"id\":5308,\"href\":\"https:\/\/academiespatiale.fr\/wp-content\/uploads\/2025\/07\/SPACE-IDF-IntMobility-Outgoing2026-Form_StudentName.docx\",\"align\":\"center\"} -->\n<div class=\"wp-block-file aligncenter\"><a id=\"wp-block-file--media-8e322a14-b85c-45ea-a4c4-45ee08c38b15\" href=\"https:\/\/academiespatiale.fr\/wp-content\/uploads\/2025\/07\/SPACE-IDF-IntMobility-Outgoing2026-Form_StudentName.docx\">SPACE-IDF-IntMobility-Outgoing2026-Form_StudentName<\/a><a href=\"https:\/\/academiespatiale.fr\/wp-content\/uploads\/2025\/07\/SPACE-IDF-IntMobility-Outgoing2026-Form_StudentName.docx\" class=\"wp-block-file__button wp-element-button\" download aria-describedby=\"wp-block-file--media-8e322a14-b85c-45ea-a4c4-45ee08c38b15\">Outgoing form<\/a><\/div>\n<!-- \/wp:file --><\/div>\n<!-- \/wp:column -->\n\n<!-- wp:column {\"width\":\"66.66%\"} -->\n<div class=\"wp-block-column\" style=\"flex-basis:66.66%\"><!-- wp:paragraph -->\n<p>Pour chaque candidature, il faut remplir l&rsquo;un de ces formulaires et l&rsquo;envoyer \u00e0 l\u2019adresse suivante : <br><a href=\"mailto:mobility@academiespatiale.fr\" target=\"_blank\" rel=\"noopener\" title=\"\"><strong>mobility@academiespatiale.fr<\/strong><\/a><br><strong>Au plus tard <\/strong>avant avant l\u2019une des dates limites suivantes : 30 octobre 2025 \/ 30 janvier 2026 \/ 31 mai 2026<\/p>\n<!-- \/wp:paragraph --><\/div>\n<!-- \/wp:column --><\/div>\n<!-- \/wp:columns -->\n\n<!-- wp:paragraph {\"align\":\"right\"} -->\n<p class=\"has-text-align-right\">Besoin de pr\u00e9cisions compl\u00e9mentaires ?<br><a href=\"mailto:mobility@academiespatiale.fr\">mobility@academiespatiale.fr<\/a><\/p>\n<!-- \/wp:paragraph -->\n\n<!-- wp:paragraph -->\n<p><\/p>\n<!-- \/wp:paragraph --><\/div><\/li>\n<\/ul>\n\n\n<hr class=\"wp-block-separator has-alpha-channel-opacity\"\/>\n\n\n\n<div style=\"height:20px\" aria-hidden=\"true\" class=\"wp-block-spacer\"><\/div>\n\n\n\n<h2 class=\"wp-block-heading\">R\u00e9sultat<\/h2>\n\n\n\n<p>Liste des bourses de mobilit\u00e9s internationales labellis\u00e9es et soutenues par l\u2019Acad\u00e9mie Spatiale.<\/p>\n\n\n\n<h3 class=\"wp-block-heading\">2024<\/h3>\n\n\n\n<p class=\"has-text-align-left\" style=\"text-transform:uppercase\">Mobilit\u00e9 entrante<\/p>\n\n\n\n<p><strong>Master 2 SPACE &#8211; Universit\u00e9 Paris-Est Cr\u00e9teil (UPEC)<br><\/strong>Avril \u00e0 septembre 2025, University of Science and Technology of Hanoi <br><em>Kiem Lien Do Thi &#8211; Mobilit\u00e9 entrante (Hanoi, Vietnam)<\/em><\/p>\n\n\n\n<p><strong>Licence Physique &#8211; Universit\u00e9 Paris Sciences &amp; Lettres (PSL) <br><\/strong>Septembre 2024 \u00e0 juillet 2025, Jamia Millia Islamia <br><em>Mishra Shaunak &#8211; Mobilit\u00e9 entrante (New Delhi, India)<\/em><\/p>\n\n\n\n<p><strong>Licence Physique &#8211; Universit\u00e9 Paris Sciences &amp; Lettres (PSL) <br><\/strong>Universidad de las Americas Publa <br><em>Maria Chavollaza &#8211; Mobilit\u00e9 entrante (Mexico, Mexique)<\/em><\/p>\n\n\n\n<p><strong>Licence Physique &#8211; Universit\u00e9 Paris Sciences &amp; Lettres (PSL) <br><\/strong>Septembre 2024 \u00e0 juillet 2025, Institute of Atmospheric Physics, Czech Academy of Sciences <br><em>Tom\u00e1\u0161 Form\u00e1nek &#8211; Mobilit\u00e9 entrante (R\u00e9publique tch\u00e8que)<\/em><\/p>\n\n\n\n<div style=\"height:20px\" aria-hidden=\"true\" class=\"wp-block-spacer\"><\/div>\n\n\n\n<p class=\"has-text-align-left\" style=\"text-transform:uppercase\">Mobilit\u00e9s sortante<\/p>\n\n\n\n<p><strong>Master 2 IRT &#8211; Universit\u00e9 Paris Sciences &amp; Lettres (PSL<\/strong>)<br>Septembre 2024 \u00e0 juillet 2025, Korea Astronomy and Space Science Institute<br><em>Paloma Thevenet &#8211; Mobilit\u00e9 sortante (Cor\u00e9e du Sud)<\/em><\/p>\n\n\n\n<p><strong>Master 2 FRS \u2013 Sorbonne Universit\u00e9<\/strong><br>6 mois en 2024, Universit\u00e9 de Tokyo<br><em>Aude Barton &#8211; Mobilit\u00e9 sortante (Tokyo, Japon)<\/em><\/p>\n\n\n\n<p><strong>Master 1 Cursus Master Ing\u00e9nierie Physique &#8211; Sorbonne Universit\u00e9<\/strong><br>2 mois en 2024, Istituto di Astrofisica e Planetologia Spaziali<br><em>Lucie Jonkisz &#8211; Mobilit\u00e9 sortante<\/em> <em>(Italie)<\/em><\/p>\n\n\n\n<p><strong>Ing\u00e9nieur Polytechnicien &#8211; Institut Polytechnique de Paris<\/strong><br>Mars \u00e0 juillet 2024, University of New South Wales<br><em>Yani Ait-Ammar &#8211; Mobilit\u00e9 sortante (Canberra, Australie)<\/em><\/p>\n\n\n\n<p><strong>Ing\u00e9nieur Polytechnicien &#8211; Institut Polytechnique de Paris<\/strong><br>Avril \u00e0 juillet 2024, Universit\u00e9 de Kanazawa<br><em>Pierre Chabanne Garcia &#8211; Mobilit\u00e9 sortante (Japon)<\/em><\/p>\n\n\n\n<p><strong>Ing\u00e9nieur Polytechnicien &#8211; Institut Polytechnique de Paris<\/strong><br>Avril \u00e0 ao\u00fbt 2024, Princeton Plasma Physics Laboratory, National Lab<br><em>Matthieu Couturier &#8211; Mobilit\u00e9 sortante (USA)<\/em><\/p>\n\n\n\n<hr class=\"wp-block-separator has-alpha-channel-opacity\"\/>\n\n\n\n<p><\/p>\n\n\n\n<figure class=\"wp-block-image alignwide size-full\"><img loading=\"lazy\" decoding=\"async\" width=\"14840\" height=\"1039\" src=\"https:\/\/academiespatiale.fr\/wp-content\/uploads\/2024\/05\/Frise_logosCMA-HD.png\" alt=\"\" class=\"wp-image-997\" srcset=\"https:\/\/academiespatiale.fr\/wp-content\/uploads\/2024\/05\/Frise_logosCMA-HD.png 14840w, https:\/\/academiespatiale.fr\/wp-content\/uploads\/2024\/05\/Frise_logosCMA-HD-300x21.png 300w, https:\/\/academiespatiale.fr\/wp-content\/uploads\/2024\/05\/Frise_logosCMA-HD-1024x72.png 1024w, https:\/\/academiespatiale.fr\/wp-content\/uploads\/2024\/05\/Frise_logosCMA-HD-768x54.png 768w, https:\/\/academiespatiale.fr\/wp-content\/uploads\/2024\/05\/Frise_logosCMA-HD-1536x108.png 1536w, https:\/\/academiespatiale.fr\/wp-content\/uploads\/2024\/05\/Frise_logosCMA-HD-2048x143.png 2048w\" sizes=\"auto, (max-width: 14840px) 100vw, 14840px\" \/><\/figure>\n\n\n\n<div style=\"height:100px\" aria-hidden=\"true\" class=\"wp-block-spacer\"><\/div>\n\n\n\n<div class=\"wp-block-columns alignfull has-text-color has-link-color wp-elements-8422e2a85d9f2e5605b7dd2ae54b3e54 is-layout-flex wp-container-core-columns-is-layout-e94c545b wp-block-columns-is-layout-flex\" style=\"color:#b1b1b1;margin-top:-25px;margin-bottom:20px;padding-top:0;padding-right:0;padding-bottom:0;padding-left:60px;font-size:15px\">\n<div class=\"wp-block-column has-text-color has-link-color wp-elements-32661c60388d2123b0bf1683c717c484 is-layout-flow wp-block-column-is-layout-flow\" style=\"color:#a1a1a1;padding-top:0;padding-bottom:0;font-size:15px;font-style:normal;font-weight:100;flex-basis:100%\"><div class=\"aioseo-breadcrumbs\"><span class=\"aioseo-breadcrumb\">\n\t\t\tHome\n\t\t<\/span><\/div><\/div>\n<\/div>\n","protected":false},"excerpt":{"rendered":"<p>Les bourses de mobilit\u00e9 internationale sont attribu\u00e9es pour des projets d\u2019\u00e9tude d\u2019une ann\u00e9e ou un semestre acad\u00e9mique et sont destin\u00e9es aux \u00e9tudiant\u00b7es \u00e9trangers qui souhaitent int\u00e9grer les formations en master de l\u2019Acad\u00e9mie Spatiale d\u2019Ile-de-France ainsi qu&rsquo;aux \u00e9tudiant\u00b7es de l\u2019acad\u00e9mie qui souhaitent effectuer des stages \u00e0 l\u2019\u00e9tranger. International mobility scholarships are [&hellip;]<\/p>\n","protected":false},"author":1,"featured_media":3437,"parent":67,"menu_order":0,"comment_status":"closed","ping_status":"closed","template":"","meta":{"_monsterinsights_skip_tracking":false,"_monsterinsights_sitenote_active":false,"_monsterinsights_sitenote_note":"","_monsterinsights_sitenote_category":0,"_EventAllDay":false,"_EventTimezone":"","_EventStartDate":"","_EventEndDate":"","_EventStartDateUTC":"","_EventEndDateUTC":"","_EventShowMap":false,"_EventShowMapLink":false,"_EventURL":"","_EventCost":"","_EventCostDescription":"","_EventCurrencySymbol":"","_EventCurrencyCode":"","_EventCurrencyPosition":"","_EventDateTimeSeparator":"","_EventTimeRangeSeparator":"","_EventOrganizerID":[],"_EventVenueID":[],"_OrganizerEmail":"","_OrganizerPhone":"","_OrganizerWebsite":"","_VenueAddress":"","_VenueCity":"","_VenueCountry":"","_VenueProvince":"","_VenueState":"","_VenueZip":"","_VenuePhone":"","_VenueURL":"","_VenueStateProvince":"","_VenueLat":"","_VenueLng":"","_VenueShowMap":false,"_VenueShowMapLink":false,"footnotes":""},"class_list":["post-663","page","type-page","status-publish","has-post-thumbnail","hentry"],"aioseo_notices":[],"_links":{"self":[{"href":"https:\/\/academiespatiale.fr\/index.php\/wp-json\/wp\/v2\/pages\/663","targetHints":{"allow":["GET"]}}],"collection":[{"href":"https:\/\/academiespatiale.fr\/index.php\/wp-json\/wp\/v2\/pages"}],"about":[{"href":"https:\/\/academiespatiale.fr\/index.php\/wp-json\/wp\/v2\/types\/page"}],"author":[{"embeddable":true,"href":"https:\/\/academiespatiale.fr\/index.php\/wp-json\/wp\/v2\/users\/1"}],"replies":[{"embeddable":true,"href":"https:\/\/academiespatiale.fr\/index.php\/wp-json\/wp\/v2\/comments?post=663"}],"version-history":[{"count":41,"href":"https:\/\/academiespatiale.fr\/index.php\/wp-json\/wp\/v2\/pages\/663\/revisions"}],"predecessor-version":[{"id":7235,"href":"https:\/\/academiespatiale.fr\/index.php\/wp-json\/wp\/v2\/pages\/663\/revisions\/7235"}],"up":[{"embeddable":true,"href":"https:\/\/academiespatiale.fr\/index.php\/wp-json\/wp\/v2\/pages\/67"}],"wp:featuredmedia":[{"embeddable":true,"href":"https:\/\/academiespatiale.fr\/index.php\/wp-json\/wp\/v2\/media\/3437"}],"wp:attachment":[{"href":"https:\/\/academiespatiale.fr\/index.php\/wp-json\/wp\/v2\/media?parent=663"}],"curies":[{"name":"wp","href":"https:\/\/api.w.org\/{rel}","templated":true}]}}