{"id":63,"date":"2024-03-28T17:55:41","date_gmt":"2024-03-28T16:55:41","guid":{"rendered":"https:\/\/academiespatiale.fr\/?page_id=63"},"modified":"2025-12-19T18:55:54","modified_gmt":"2025-12-19T17:55:54","slug":"carrieres","status":"publish","type":"page","link":"https:\/\/academiespatiale.fr\/index.php\/formations\/carrieres\/","title":{"rendered":"M\u00e9tiers"},"content":{"rendered":"\n<div class=\"wp-block-columns alignfull has-text-color has-link-color wp-elements-8422e2a85d9f2e5605b7dd2ae54b3e54 is-layout-flex wp-container-core-columns-is-layout-e94c545b wp-block-columns-is-layout-flex\" style=\"color:#b1b1b1;margin-top:-25px;margin-bottom:20px;padding-top:0;padding-right:0;padding-bottom:0;padding-left:60px;font-size:15px\">\n<div class=\"wp-block-column has-text-color has-link-color wp-elements-32661c60388d2123b0bf1683c717c484 is-layout-flow wp-block-column-is-layout-flow\" style=\"color:#a1a1a1;padding-top:0;padding-bottom:0;font-size:15px;font-style:normal;font-weight:100;flex-basis:100%\"><div class=\"aioseo-breadcrumbs\"><span class=\"aioseo-breadcrumb\">\n\t\t\t<a href=\"https:\/\/academiespatiale.fr\" title=\"Home\">Home<\/a>\n\t\t<\/span><span class=\"aioseo-breadcrumb-separator\">&raquo;<\/span><span class=\"aioseo-breadcrumb\">\n\t\t\t<a href=\"https:\/\/academiespatiale.fr\/index.php\/formations\/\" title=\"Formations &amp; m\u00e9tiers\">Formations &amp; m\u00e9tiers<\/a>\n\t\t<\/span><span class=\"aioseo-breadcrumb-separator\">&raquo;<\/span><span class=\"aioseo-breadcrumb\">\n\t\t\tM\u00e9tiers\n\t\t<\/span><\/div><\/div>\n<\/div>\n\n\n\n<div class=\"wp-block-columns is-layout-flex wp-container-core-columns-is-layout-cbe57604 wp-block-columns-is-layout-flex\">\n<div class=\"wp-block-column is-layout-flow wp-block-column-is-layout-flow\" style=\"padding-top:0;padding-right:0;padding-bottom:0;padding-left:0;flex-basis:59.8%\">\n<figure class=\"wp-block-embed is-type-video is-provider-youtube wp-block-embed-youtube wp-embed-aspect-16-9 wp-has-aspect-ratio\"><div class=\"wp-block-embed__wrapper\">\n<iframe loading=\"lazy\" title=\"TABLE RONDE : Yvelines et l&#039;IDF - acteurs cl\u00e9s de la course spatiale ?\" width=\"750\" height=\"422\" src=\"https:\/\/www.youtube.com\/embed\/BPrdXjEyM78?feature=oembed\" frameborder=\"0\" allow=\"accelerometer; autoplay; clipboard-write; encrypted-media; gyroscope; picture-in-picture; web-share\" referrerpolicy=\"strict-origin-when-cross-origin\" allowfullscreen><\/iframe>\n<\/div><\/figure>\n\n\n\n<p class=\"has-text-align-left has-small-font-size\">\u00a9 Vid\u00e9o : Flo Lemonnier \/ Escape Productions<\/p>\n<\/div>\n\n\n\n<div class=\"wp-block-column is-layout-flow wp-block-column-is-layout-flow\">\n<p class=\"has-text-align-left\" style=\"font-size:15px\"><strong>Comment les Yvelines et l\u2019\u00cele-de-France restent-ils des acteurs cl\u00e9s de la course spatiale ?<\/strong><\/p>\n\n\n\n<p class=\"has-text-align-left\" style=\"font-size:15px\">Lors de l&rsquo;\u00e9v\u00e8nement organis\u00e9 \u00e0 l&rsquo;OVSQ autour du lancement du satellite <a href=\"https:\/\/academiespatiale.fr\/index.php\/2025\/02\/26\/evenement-lancement-en-direct-duvsq-sat-ng\/\" target=\"_blank\" rel=\"noopener\" title=\"\">UVSQT-Sat NG<\/a>, une table ronde s&rsquo;est tenue autour de la question de la place de la r\u00e9gion, de l&rsquo;Universit\u00e9 (axe recherche et \u00e9ducation) et de l&rsquo;industrie dans la course spatiale.<\/p>\n<\/div>\n<\/div>\n\n\n\n<p class=\"has-text-align-right\" style=\"margin-top:0;margin-bottom:0;font-size:13px\">Anim\u00e9 par <strong>Mustapha Meftah<\/strong>, chercheur HDR au <a href=\"https:\/\/latmos.ipsl.fr\/fr\/\" target=\"_blank\" rel=\"noopener\" title=\"\">LATMOS<\/a>.<br>Intervenants (de gauche \u00e0 droite) : <strong>Yannick Avelino<\/strong>, fondateur d&rsquo;<a href=\"https:\/\/adrelys.fr\/\" target=\"_blank\" rel=\"noopener\" title=\"\">Adrelys<\/a> \/ <strong>Beno\u00eet Agnus<\/strong>, Fondateur de <a href=\"https:\/\/www.scienteama.com\/\" target=\"_blank\" rel=\"noopener\" title=\"\">ScienTeamA<\/a> \/ <strong>Frederic Lerich<\/strong>, directeur du <a href=\"https:\/\/www.limeep-ps.uvsq.fr\/\" target=\"_blank\" rel=\"noopener\" title=\"\">LIMEEP-PS<\/a> \/ <strong>Antoine Mangin<\/strong>, directeur scientifique de <a href=\"https:\/\/www.acri-st.fr\/fr\/\" target=\"_blank\" rel=\"noopener\" title=\"\">ACRI-ST<\/a><\/p>\n\n\n\n<div style=\"height:20px\" aria-hidden=\"true\" class=\"wp-block-spacer\"><\/div>\n\n\n\n<hr class=\"wp-block-separator has-alpha-channel-opacity\"\/>\n\n\n\n<div class=\"wp-block-columns alignwide is-layout-flex wp-container-core-columns-is-layout-cf05694f wp-block-columns-is-layout-flex\">\n<div class=\"wp-block-column is-layout-flow wp-block-column-is-layout-flow\" style=\"flex-basis:100%\">\n<h2 class=\"wp-block-heading\">Les domaines du spatial<\/h2>\n\n\n\n<p><strong><em>Astronomie &#8211; g\u00e9oscience &#8211; ing\u00e9nierie &#8211; m\u00e9canique &#8211; num\u00e9rique &#8211; informatique &#8211; m\u00e9dical &#8211; gestion &#8211; droit &#8211; politique &#8211; commerce &#8211; culture<\/em><\/strong><\/p>\n\n\n\n<p>Le domaine spatial englobe de nombreux domaines qui n\u00e9cessitent des comp\u00e9tences et expertises vari\u00e9es. Il concerne aussi bien la conception et la r\u00e9alisation de v\u00e9hicules spatiaux que d&rsquo;instruments destin\u00e9s \u00e0 l&rsquo;environnement hostile qu&rsquo;est l&rsquo;espace. Cela inclut \u00e9galement le transfert des donn\u00e9es, leur traitement et le pilotage des plateformes depuis le sol. La privatisation et la fragmentation du march\u00e9 ouvrent la voie \u00e0 des m\u00e9tiers li\u00e9s au commerce, \u00e0 la l\u00e9gislation, \u00e0 la d\u00e9fense et \u00e0 la g\u00e9opolitique, n\u00e9cessitant des expertises en sciences humaines, telles que le droit, la gestion, l&rsquo;\u00e9conomie ou les sciences politiques.<\/p>\n<\/div>\n<\/div>\n\n\n\n<div style=\"height:30px\" aria-hidden=\"true\" class=\"wp-block-spacer\"><\/div>\n\n\n\n<div class=\"wp-block-columns alignwide is-layout-flex wp-container-core-columns-is-layout-28f84493 wp-block-columns-is-layout-flex\">\n<div class=\"wp-block-column is-layout-flow wp-block-column-is-layout-flow\">\n<p>SCIENCE<\/p>\n\n\n\n<h5 class=\"wp-block-heading\">Lanceurs et v\u00e9hicules spatiaux<\/h5>\n\n\n\n<p style=\"font-size:15px\"><em>Expertise&nbsp;: mat\u00e9riaux \/ combustion \/ m\u00e9canique \/ \u00e9lectronique embarqu\u00e9e \/ m\u00e9canique c\u00e9leste \/ thermique \/ dynamique des fluides \/ a\u00e9rodynamisme<\/em><\/p>\n\n\n\n<figure class=\"wp-block-image size-full is-resized is-style-rounded\"><img loading=\"lazy\" decoding=\"async\" width=\"2560\" height=\"1646\" src=\"https:\/\/academiespatiale.fr\/wp-content\/uploads\/2025\/04\/pexels-pixabay-2159-scaled.jpg\" alt=\"\" class=\"wp-image-4485\" style=\"aspect-ratio:16\/9;object-fit:cover;width:375px\" srcset=\"https:\/\/academiespatiale.fr\/wp-content\/uploads\/2025\/04\/pexels-pixabay-2159-scaled.jpg 2560w, https:\/\/academiespatiale.fr\/wp-content\/uploads\/2025\/04\/pexels-pixabay-2159-300x193.jpg 300w, https:\/\/academiespatiale.fr\/wp-content\/uploads\/2025\/04\/pexels-pixabay-2159-1024x658.jpg 1024w, https:\/\/academiespatiale.fr\/wp-content\/uploads\/2025\/04\/pexels-pixabay-2159-768x494.jpg 768w, https:\/\/academiespatiale.fr\/wp-content\/uploads\/2025\/04\/pexels-pixabay-2159-1536x988.jpg 1536w, https:\/\/academiespatiale.fr\/wp-content\/uploads\/2025\/04\/pexels-pixabay-2159-2048x1317.jpg 2048w\" sizes=\"auto, (max-width: 2560px) 100vw, 2560px\" \/><\/figure>\n\n\n\n<div style=\"height:20px\" aria-hidden=\"true\" class=\"wp-block-spacer\"><\/div>\n\n\n\n<p>Couvre les m\u00e9tiers li\u00e9s \u00e0 la conception, la fabrication et l\u2019op\u00e9ration des lanceurs, fus\u00e9es, drones spatiaux, et des v\u00e9hicules destin\u00e9s \u00e0 mettre en orbite ou \u00e0 transporter des charges utiles dans l\u2019espace. <\/p>\n\n\n\n<p>Toutes les explorations ou utilisation de l\u2019espace sont rendues possible gr\u00e2ce \u00e0 ces m\u00e9tiers qui assurent la r\u00e9ussite des missions en termes de lancement et de transport spatial.<\/p>\n\n\n\n<div style=\"height:50px\" aria-hidden=\"true\" class=\"wp-block-spacer\"><\/div>\n\n\n\n<p>SCIENCE<\/p>\n\n\n\n<h5 class=\"wp-block-heading\">D\u00e9bris spatiaux et durabilit\u00e9<\/h5>\n\n\n\n<p style=\"font-size:15px\"><em>Expertise&nbsp;: m\u00e9canique c\u00e9leste \/ mat\u00e9riaux \/ combustion \/ d\u00e9fense \/ s\u00e9curit\u00e9 \/ \u00e9lectronique \/ automatisme \/ droit \/ environnement spatial \/ m\u00e9canique balistique<\/em><\/p>\n\n\n\n<figure class=\"wp-block-image size-full is-resized is-style-rounded\"><img loading=\"lazy\" decoding=\"async\" width=\"2560\" height=\"1440\" src=\"https:\/\/academiespatiale.fr\/wp-content\/uploads\/2025\/04\/pexels-zelch-30596308-scaled.jpg\" alt=\"\" class=\"wp-image-4488\" style=\"aspect-ratio:16\/9;object-fit:cover;width:375px\" srcset=\"https:\/\/academiespatiale.fr\/wp-content\/uploads\/2025\/04\/pexels-zelch-30596308-scaled.jpg 2560w, https:\/\/academiespatiale.fr\/wp-content\/uploads\/2025\/04\/pexels-zelch-30596308-300x169.jpg 300w, https:\/\/academiespatiale.fr\/wp-content\/uploads\/2025\/04\/pexels-zelch-30596308-1024x576.jpg 1024w, https:\/\/academiespatiale.fr\/wp-content\/uploads\/2025\/04\/pexels-zelch-30596308-768x432.jpg 768w, https:\/\/academiespatiale.fr\/wp-content\/uploads\/2025\/04\/pexels-zelch-30596308-1536x864.jpg 1536w, https:\/\/academiespatiale.fr\/wp-content\/uploads\/2025\/04\/pexels-zelch-30596308-2048x1152.jpg 2048w\" sizes=\"auto, (max-width: 2560px) 100vw, 2560px\" \/><\/figure>\n\n\n\n<div style=\"height:20px\" aria-hidden=\"true\" class=\"wp-block-spacer\"><\/div>\n\n\n\n<p>Ces m\u00e9tiers sont d\u00e9di\u00e9s \u00e0 la gestion des d\u00e9bris spatiaux, \u00e0 la minimisation de leur impact, et \u00e0 la promotion d\u2019un usage durable de l\u2019espace. <\/p>\n\n\n\n<p>\u00c0 mesure que l\u2019orbite terrestre basse devient encombr\u00e9e, ce sujet devient de plus en plus essentiel pour pr\u00e9server l\u2019environnement spatial pour les g\u00e9n\u00e9rations futures.<\/p>\n\n\n\n<div style=\"height:50px\" aria-hidden=\"true\" class=\"wp-block-spacer\"><\/div>\n\n\n\n<p>POLITIQUE<\/p>\n\n\n\n<h5 class=\"wp-block-heading\">Questions politiques et diplomatiques<\/h5>\n\n\n\n<p style=\"font-size:15px\"><em>Expertise&nbsp;: sciences politiques \/ droit \/ \u00e9conomie \/ anglais \/ g\u00e9opolitique \/ histoire<\/em><\/p>\n\n\n\n<figure class=\"wp-block-image size-full is-resized is-style-rounded\"><img loading=\"lazy\" decoding=\"async\" width=\"2560\" height=\"1707\" src=\"https:\/\/academiespatiale.fr\/wp-content\/uploads\/2025\/04\/pexels-olia-danilevich-5313361-scaled.jpg\" alt=\"\" class=\"wp-image-4493\" style=\"aspect-ratio:16\/9;object-fit:cover;width:375px\" srcset=\"https:\/\/academiespatiale.fr\/wp-content\/uploads\/2025\/04\/pexels-olia-danilevich-5313361-scaled.jpg 2560w, https:\/\/academiespatiale.fr\/wp-content\/uploads\/2025\/04\/pexels-olia-danilevich-5313361-300x200.jpg 300w, https:\/\/academiespatiale.fr\/wp-content\/uploads\/2025\/04\/pexels-olia-danilevich-5313361-1024x683.jpg 1024w, https:\/\/academiespatiale.fr\/wp-content\/uploads\/2025\/04\/pexels-olia-danilevich-5313361-768x512.jpg 768w, https:\/\/academiespatiale.fr\/wp-content\/uploads\/2025\/04\/pexels-olia-danilevich-5313361-1536x1024.jpg 1536w, https:\/\/academiespatiale.fr\/wp-content\/uploads\/2025\/04\/pexels-olia-danilevich-5313361-2048x1365.jpg 2048w, https:\/\/academiespatiale.fr\/wp-content\/uploads\/2025\/04\/pexels-olia-danilevich-5313361-360x240.jpg 360w\" sizes=\"auto, (max-width: 2560px) 100vw, 2560px\" \/><\/figure>\n\n\n\n<div style=\"height:20px\" aria-hidden=\"true\" class=\"wp-block-spacer\"><\/div>\n\n\n\n<p>Regroupe les m\u00e9tiers impliqu\u00e9s dans la diplomatie, les relations internationales et les politiques spatiales (nationales et internationales). <\/p>\n\n\n\n<p>Il s\u2019agit de g\u00e9rer les coop\u00e9rations internationales, les accords et d\u2019influencer les d\u00e9cisions.<\/p>\n<\/div>\n\n\n\n<div class=\"wp-block-column is-layout-flow wp-block-column-is-layout-flow\">\n<p>SCIENCE<\/p>\n\n\n\n<h5 class=\"wp-block-heading\">Capteurs et instruments embarqu\u00e9s<\/h5>\n\n\n\n<p style=\"font-size:15px\"><em>Expertise&nbsp;: physique et physico-chimie des milieux \/ t\u00e9l\u00e9d\u00e9tection \/ optique \/ hyperfr\u00e9quence \/ \u00e9lectronique embarqu\u00e9e \/ informatique \/ m\u00e9canique \/ d\u00e9tecteurs \/ thermique \/ m\u00e9trologie \/ technologie du vide \/ m\u00e9thode AIT\/AIV<\/em><\/p>\n\n\n\n<figure class=\"wp-block-image size-full is-resized is-style-rounded\"><img loading=\"lazy\" decoding=\"async\" width=\"2274\" height=\"1506\" src=\"https:\/\/academiespatiale.fr\/wp-content\/uploads\/2025\/04\/pexels-pixabay-41006.jpg\" alt=\"\" class=\"wp-image-4486\" style=\"aspect-ratio:16\/9;object-fit:cover;width:375px\" srcset=\"https:\/\/academiespatiale.fr\/wp-content\/uploads\/2025\/04\/pexels-pixabay-41006.jpg 2274w, https:\/\/academiespatiale.fr\/wp-content\/uploads\/2025\/04\/pexels-pixabay-41006-300x199.jpg 300w, https:\/\/academiespatiale.fr\/wp-content\/uploads\/2025\/04\/pexels-pixabay-41006-1024x678.jpg 1024w, https:\/\/academiespatiale.fr\/wp-content\/uploads\/2025\/04\/pexels-pixabay-41006-768x509.jpg 768w, https:\/\/academiespatiale.fr\/wp-content\/uploads\/2025\/04\/pexels-pixabay-41006-1536x1017.jpg 1536w, https:\/\/academiespatiale.fr\/wp-content\/uploads\/2025\/04\/pexels-pixabay-41006-2048x1356.jpg 2048w\" sizes=\"auto, (max-width: 2274px) 100vw, 2274px\" \/><\/figure>\n\n\n\n<div style=\"height:20px\" aria-hidden=\"true\" class=\"wp-block-spacer\"><\/div>\n\n\n\n<p>Regroupe les m\u00e9tiers li\u00e9s au d\u00e9veloppement et \u00e0 l\u2019int\u00e9gration de capteurs, d\u2019instruments scientifiques, et de syst\u00e8mes de communication qui permettent aux engins spatiaux de collecter des donn\u00e9es et de fonctionner efficacement. <\/p>\n\n\n\n<p>Ces m\u00e9tiers sont essentiels au succ\u00e8s des missions d\u2019observation, de communication, et de recherche scientifique, car ils concernent les technologies qui capturent et transmettent les informations.<\/p>\n\n\n\n<div style=\"height:50px\" aria-hidden=\"true\" class=\"wp-block-spacer\"><\/div>\n\n\n\n<p>SCIENCE<\/p>\n\n\n\n<h5 class=\"wp-block-heading\">Missions scientifiques et habit\u00e9es<\/h5>\n\n\n\n<p style=\"font-size:15px\"><em>Expertise&nbsp;: m\u00e9canique c\u00e9leste \/ plan\u00e9tologie \/ environnement spatial et terrestre \/ m\u00e9decine \/ biologie \/ di\u00e9t\u00e9tique \/ chimie \/ automatisme \/ architecte \/ designer<\/em><\/p>\n\n\n\n<figure class=\"wp-block-image size-full is-resized is-style-rounded\"><img loading=\"lazy\" decoding=\"async\" width=\"2560\" height=\"2560\" src=\"https:\/\/academiespatiale.fr\/wp-content\/uploads\/2025\/04\/pexels-dennisariel-31046021-scaled.jpg\" alt=\"\" class=\"wp-image-4489\" style=\"aspect-ratio:16\/9;object-fit:cover;width:375px\" srcset=\"https:\/\/academiespatiale.fr\/wp-content\/uploads\/2025\/04\/pexels-dennisariel-31046021-scaled.jpg 2560w, https:\/\/academiespatiale.fr\/wp-content\/uploads\/2025\/04\/pexels-dennisariel-31046021-300x300.jpg 300w, https:\/\/academiespatiale.fr\/wp-content\/uploads\/2025\/04\/pexels-dennisariel-31046021-1024x1024.jpg 1024w, https:\/\/academiespatiale.fr\/wp-content\/uploads\/2025\/04\/pexels-dennisariel-31046021-150x150.jpg 150w, https:\/\/academiespatiale.fr\/wp-content\/uploads\/2025\/04\/pexels-dennisariel-31046021-768x768.jpg 768w, https:\/\/academiespatiale.fr\/wp-content\/uploads\/2025\/04\/pexels-dennisariel-31046021-1536x1536.jpg 1536w, https:\/\/academiespatiale.fr\/wp-content\/uploads\/2025\/04\/pexels-dennisariel-31046021-2048x2048.jpg 2048w\" sizes=\"auto, (max-width: 2560px) 100vw, 2560px\" \/><\/figure>\n\n\n\n<div style=\"height:20px\" aria-hidden=\"true\" class=\"wp-block-spacer\"><\/div>\n\n\n\n<p style=\"text-decoration:none\">Cette cat\u00e9gorie regroupe les m\u00e9tiers li\u00e9s \u00e0 la conception, la planification et l\u2019ex\u00e9cution des missions d\u2019exploration scientifique, robotique ou habit\u00e9es, ainsi que les aspects de m\u00e9decine spatiale. <\/p>\n\n\n\n<p>Ces missions n\u00e9cessitent une expertise en sciences plan\u00e9taires, technologie de survie et gestion des \u00e9quipages.<\/p>\n\n\n\n<div style=\"height:50px\" aria-hidden=\"true\" class=\"wp-block-spacer\"><\/div>\n\n\n\n<p>COMMERCE<\/p>\n\n\n\n<h5 class=\"wp-block-heading\">Aspects commerciaux et marketing<\/h5>\n\n\n\n<p style=\"font-size:15px\"><em>Expertise&nbsp;: commerce \/ finance \/ droit \/ communication \/ \u00e9conomie \/ gestion<\/em><\/p>\n\n\n\n<figure class=\"wp-block-image size-full is-resized is-style-rounded\"><img loading=\"lazy\" decoding=\"async\" width=\"2560\" height=\"1440\" src=\"https:\/\/academiespatiale.fr\/wp-content\/uploads\/2025\/04\/pexels-artempodrez-5716032-scaled.jpg\" alt=\"\" class=\"wp-image-4492\" style=\"aspect-ratio:16\/9;object-fit:cover;width:375px\" srcset=\"https:\/\/academiespatiale.fr\/wp-content\/uploads\/2025\/04\/pexels-artempodrez-5716032-scaled.jpg 2560w, https:\/\/academiespatiale.fr\/wp-content\/uploads\/2025\/04\/pexels-artempodrez-5716032-300x169.jpg 300w, https:\/\/academiespatiale.fr\/wp-content\/uploads\/2025\/04\/pexels-artempodrez-5716032-1024x576.jpg 1024w, https:\/\/academiespatiale.fr\/wp-content\/uploads\/2025\/04\/pexels-artempodrez-5716032-768x432.jpg 768w, https:\/\/academiespatiale.fr\/wp-content\/uploads\/2025\/04\/pexels-artempodrez-5716032-1536x864.jpg 1536w, https:\/\/academiespatiale.fr\/wp-content\/uploads\/2025\/04\/pexels-artempodrez-5716032-2048x1152.jpg 2048w\" sizes=\"auto, (max-width: 2560px) 100vw, 2560px\" \/><\/figure>\n\n\n\n<div style=\"height:20px\" aria-hidden=\"true\" class=\"wp-block-spacer\"><\/div>\n\n\n\n<p>Ces m\u00e9tiers concernent le d\u00e9veloppement commercial, la gestion des entreprises et les opportunit\u00e9s \u00e9conomiques. <\/p>\n\n\n\n<p>Suite \u00e0 la privatisation des entreprises spatiales, ce domaine devient de plus en plus important pour soutenir le d\u00e9veloppement de nouveaux march\u00e9s et l\u2019\u00e9conomie.<\/p>\n<\/div>\n\n\n\n<div class=\"wp-block-column is-layout-flow wp-block-column-is-layout-flow\">\n<p>SCIENCE<\/p>\n\n\n\n<h5 class=\"wp-block-heading\">R\u00e9ception et traitement de donn\u00e9es<\/h5>\n\n\n\n<p style=\"font-size:15px\"><em>Expertise&nbsp;: informatique \/ traitement du signal \/ t\u00e9l\u00e9communication \/ hyperfr\u00e9quences \/ \u00e9lectronique \/ gestion des donn\u00e9es \/ traitement des donn\u00e9es \/ sciences des donn\u00e9es et intelligence artificielle \/ t\u00e9l\u00e9d\u00e9tection \/ g\u00e9ographie<\/em><\/p>\n\n\n\n<figure class=\"wp-block-image size-full is-resized is-style-rounded\"><img loading=\"lazy\" decoding=\"async\" width=\"2560\" height=\"1707\" src=\"https:\/\/academiespatiale.fr\/wp-content\/uploads\/2025\/04\/pexels-igor-mashkov-14869791-6325003-scaled.jpg\" alt=\"\" class=\"wp-image-4487\" style=\"aspect-ratio:16\/9;object-fit:cover;width:375px\" srcset=\"https:\/\/academiespatiale.fr\/wp-content\/uploads\/2025\/04\/pexels-igor-mashkov-14869791-6325003-scaled.jpg 2560w, https:\/\/academiespatiale.fr\/wp-content\/uploads\/2025\/04\/pexels-igor-mashkov-14869791-6325003-300x200.jpg 300w, https:\/\/academiespatiale.fr\/wp-content\/uploads\/2025\/04\/pexels-igor-mashkov-14869791-6325003-1024x683.jpg 1024w, https:\/\/academiespatiale.fr\/wp-content\/uploads\/2025\/04\/pexels-igor-mashkov-14869791-6325003-768x512.jpg 768w, https:\/\/academiespatiale.fr\/wp-content\/uploads\/2025\/04\/pexels-igor-mashkov-14869791-6325003-1536x1024.jpg 1536w, https:\/\/academiespatiale.fr\/wp-content\/uploads\/2025\/04\/pexels-igor-mashkov-14869791-6325003-2048x1365.jpg 2048w, https:\/\/academiespatiale.fr\/wp-content\/uploads\/2025\/04\/pexels-igor-mashkov-14869791-6325003-360x240.jpg 360w\" sizes=\"auto, (max-width: 2560px) 100vw, 2560px\" \/><\/figure>\n\n\n\n<div style=\"height:20px\" aria-hidden=\"true\" class=\"wp-block-spacer\"><\/div>\n\n\n\n<p>Cette cat\u00e9gorie inclut les m\u00e9tiers impliqu\u00e9s dans la r\u00e9ception des donn\u00e9es spatiales, leur traitement, leur stockage, et leur analyse pour en extraire des informations utiles. <\/p>\n\n\n\n<p>Ce domaine permet d\u2019exploiter les donn\u00e9es collect\u00e9es et ainsi transformer les donn\u00e9es brutes en applications concr\u00e8tes.<\/p>\n\n\n\n<div style=\"height:50px\" aria-hidden=\"true\" class=\"wp-block-spacer\"><\/div>\n\n\n\n<p>DROIT<\/p>\n\n\n\n<h5 class=\"wp-block-heading\">R\u00e8glementation et gestion des op\u00e9rations<\/h5>\n\n\n\n<p style=\"font-size:15px\"><em>Expertise&nbsp;: droit \/ finance \/ connaissance du secteur spatial \/ s\u00e9curit\u00e9 \/ t\u00e9l\u00e9communication \/<br>environnement spatial<\/em><\/p>\n\n\n\n<figure class=\"wp-block-image size-full is-resized is-style-rounded\"><img loading=\"lazy\" decoding=\"async\" width=\"2560\" height=\"1707\" src=\"https:\/\/academiespatiale.fr\/wp-content\/uploads\/2025\/04\/pexels-ekaterina-bolovtsova-6077861-scaled.jpg\" alt=\"\" class=\"wp-image-4490\" style=\"aspect-ratio:16\/9;object-fit:cover;width:375px\" srcset=\"https:\/\/academiespatiale.fr\/wp-content\/uploads\/2025\/04\/pexels-ekaterina-bolovtsova-6077861-scaled.jpg 2560w, https:\/\/academiespatiale.fr\/wp-content\/uploads\/2025\/04\/pexels-ekaterina-bolovtsova-6077861-300x200.jpg 300w, https:\/\/academiespatiale.fr\/wp-content\/uploads\/2025\/04\/pexels-ekaterina-bolovtsova-6077861-1024x683.jpg 1024w, https:\/\/academiespatiale.fr\/wp-content\/uploads\/2025\/04\/pexels-ekaterina-bolovtsova-6077861-768x512.jpg 768w, https:\/\/academiespatiale.fr\/wp-content\/uploads\/2025\/04\/pexels-ekaterina-bolovtsova-6077861-1536x1024.jpg 1536w, https:\/\/academiespatiale.fr\/wp-content\/uploads\/2025\/04\/pexels-ekaterina-bolovtsova-6077861-2048x1365.jpg 2048w, https:\/\/academiespatiale.fr\/wp-content\/uploads\/2025\/04\/pexels-ekaterina-bolovtsova-6077861-360x240.jpg 360w\" sizes=\"auto, (max-width: 2560px) 100vw, 2560px\" \/><\/figure>\n\n\n\n<div style=\"height:20px\" aria-hidden=\"true\" class=\"wp-block-spacer\"><\/div>\n\n\n\n<p>Les m\u00e9tiers de cette cat\u00e9gorie g\u00e8rent les questions de r\u00e8glementation, de s\u00e9curit\u00e9, de gestion des ressources ainsi que de coordination des op\u00e9rations. <\/p>\n\n\n\n<p>C\u2019est un domaine crucial pour g\u00e9rer l\u2019espace en tant que ressource partag\u00e9e en assurant le respect des lois et des standards internationaux.<\/p>\n\n\n\n<div style=\"height:50px\" aria-hidden=\"true\" class=\"wp-block-spacer\"><\/div>\n\n\n\n<p>COMMUNICATION<\/p>\n\n\n\n<h5 class=\"wp-block-heading\">R\u00e8glementation et gestion des op\u00e9rations<\/h5>\n\n\n\n<p style=\"font-size:15px\"><em>Expertise&nbsp;: m\u00e9diation \/ sciences \/ communication \/ graphisme<\/em><\/p>\n\n\n\n<figure class=\"wp-block-image size-full is-resized is-style-rounded\"><img loading=\"lazy\" decoding=\"async\" width=\"1707\" height=\"2560\" src=\"https:\/\/academiespatiale.fr\/wp-content\/uploads\/2025\/04\/pexels-bertellifotografia-3697813-scaled.jpg\" alt=\"\" class=\"wp-image-4491\" style=\"aspect-ratio:16\/9;object-fit:cover;width:375px\" srcset=\"https:\/\/academiespatiale.fr\/wp-content\/uploads\/2025\/04\/pexels-bertellifotografia-3697813-scaled.jpg 1707w, https:\/\/academiespatiale.fr\/wp-content\/uploads\/2025\/04\/pexels-bertellifotografia-3697813-200x300.jpg 200w, https:\/\/academiespatiale.fr\/wp-content\/uploads\/2025\/04\/pexels-bertellifotografia-3697813-683x1024.jpg 683w, https:\/\/academiespatiale.fr\/wp-content\/uploads\/2025\/04\/pexels-bertellifotografia-3697813-768x1152.jpg 768w, https:\/\/academiespatiale.fr\/wp-content\/uploads\/2025\/04\/pexels-bertellifotografia-3697813-1024x1536.jpg 1024w, https:\/\/academiespatiale.fr\/wp-content\/uploads\/2025\/04\/pexels-bertellifotografia-3697813-1365x2048.jpg 1365w\" sizes=\"auto, (max-width: 1707px) 100vw, 1707px\" \/><\/figure>\n\n\n\n<div style=\"height:20px\" aria-hidden=\"true\" class=\"wp-block-spacer\"><\/div>\n\n\n\n<p>Un ensemble de m\u00e9tiers d\u00e9di\u00e9s \u00e0 la diffusion des connaissances, \u00e0 l\u2019\u00e9ducation, et \u00e0 la valorisation des projets spatiaux. <\/p>\n\n\n\n<p>Sensibiliser le public permet d\u2019inspirer les futures g\u00e9n\u00e9rations de professionnels de l\u2019espace et de mettre en avant l\u2019int\u00e9r\u00eat de la recherche spatiale.<\/p>\n<\/div>\n<\/div>\n","protected":false},"excerpt":{"rendered":"<p>\u00a9 Vid\u00e9o : Flo Lemonnier \/ Escape Productions Comment les Yvelines et l\u2019\u00cele-de-France restent-ils des acteurs cl\u00e9s de la course spatiale ? Lors de l&rsquo;\u00e9v\u00e8nement organis\u00e9 \u00e0 l&rsquo;OVSQ autour du lancement du satellite UVSQT-Sat NG, une table ronde s&rsquo;est tenue autour de la question de la place de la r\u00e9gion, [&hellip;]<\/p>\n","protected":false},"author":1,"featured_media":0,"parent":65,"menu_order":0,"comment_status":"closed","ping_status":"closed","template":"","meta":{"_monsterinsights_skip_tracking":false,"_monsterinsights_sitenote_active":false,"_monsterinsights_sitenote_note":"","_monsterinsights_sitenote_category":0,"_EventAllDay":false,"_EventTimezone":"","_EventStartDate":"","_EventEndDate":"","_EventStartDateUTC":"","_EventEndDateUTC":"","_EventShowMap":false,"_EventShowMapLink":false,"_EventURL":"","_EventCost":"","_EventCostDescription":"","_EventCurrencySymbol":"","_EventCurrencyCode":"","_EventCurrencyPosition":"","_EventDateTimeSeparator":"","_EventTimeRangeSeparator":"","_EventOrganizerID":[],"_EventVenueID":[],"_OrganizerEmail":"","_OrganizerPhone":"","_OrganizerWebsite":"","_VenueAddress":"","_VenueCity":"","_VenueCountry":"","_VenueProvince":"","_VenueState":"","_VenueZip":"","_VenuePhone":"","_VenueURL":"","_VenueStateProvince":"","_VenueLat":"","_VenueLng":"","_VenueShowMap":false,"_VenueShowMapLink":false,"footnotes":""},"class_list":["post-63","page","type-page","status-publish","hentry"],"aioseo_notices":[],"_links":{"self":[{"href":"https:\/\/academiespatiale.fr\/index.php\/wp-json\/wp\/v2\/pages\/63","targetHints":{"allow":["GET"]}}],"collection":[{"href":"https:\/\/academiespatiale.fr\/index.php\/wp-json\/wp\/v2\/pages"}],"about":[{"href":"https:\/\/academiespatiale.fr\/index.php\/wp-json\/wp\/v2\/types\/page"}],"author":[{"embeddable":true,"href":"https:\/\/academiespatiale.fr\/index.php\/wp-json\/wp\/v2\/users\/1"}],"replies":[{"embeddable":true,"href":"https:\/\/academiespatiale.fr\/index.php\/wp-json\/wp\/v2\/comments?post=63"}],"version-history":[{"count":108,"href":"https:\/\/academiespatiale.fr\/index.php\/wp-json\/wp\/v2\/pages\/63\/revisions"}],"predecessor-version":[{"id":7359,"href":"https:\/\/academiespatiale.fr\/index.php\/wp-json\/wp\/v2\/pages\/63\/revisions\/7359"}],"up":[{"embeddable":true,"href":"https:\/\/academiespatiale.fr\/index.php\/wp-json\/wp\/v2\/pages\/65"}],"wp:attachment":[{"href":"https:\/\/academiespatiale.fr\/index.php\/wp-json\/wp\/v2\/media?parent=63"}],"curies":[{"name":"wp","href":"https:\/\/api.w.org\/{rel}","templated":true}]}}