{"id":5746,"date":"2025-09-22T17:23:44","date_gmt":"2025-09-22T15:23:44","guid":{"rendered":"https:\/\/academiespatiale.fr\/?page_id=5746"},"modified":"2026-02-20T16:30:01","modified_gmt":"2026-02-20T15:30:01","slug":"masterclass-teledection-2026","status":"publish","type":"page","link":"https:\/\/academiespatiale.fr\/index.php\/formations\/formations-innovantes\/masterclass-teledection-2026\/","title":{"rendered":"Masterclass Remote Sensing #2 &#8211; 2026"},"content":{"rendered":"\n<div class=\"wp-block-columns alignfull has-text-color has-link-color wp-elements-8422e2a85d9f2e5605b7dd2ae54b3e54 is-layout-flex wp-container-core-columns-is-layout-e94c545b wp-block-columns-is-layout-flex\" style=\"color:#b1b1b1;margin-top:-25px;margin-bottom:20px;padding-top:0;padding-right:0;padding-bottom:0;padding-left:60px;font-size:15px\">\n<div class=\"wp-block-column has-text-color has-link-color wp-elements-32661c60388d2123b0bf1683c717c484 is-layout-flow wp-block-column-is-layout-flow\" style=\"color:#a1a1a1;padding-top:0;padding-bottom:0;font-size:15px;font-style:normal;font-weight:100;flex-basis:100%\"><div class=\"aioseo-breadcrumbs\"><span class=\"aioseo-breadcrumb\">\n\t\t\t<a href=\"https:\/\/academiespatiale.fr\" title=\"Home\">Home<\/a>\n\t\t<\/span><span class=\"aioseo-breadcrumb-separator\">&raquo;<\/span><span class=\"aioseo-breadcrumb\">\n\t\t\t<a href=\"https:\/\/academiespatiale.fr\/index.php\/formations\/\" title=\"Formations &amp; m\u00e9tiers\">Formations &amp; m\u00e9tiers<\/a>\n\t\t<\/span><span class=\"aioseo-breadcrumb-separator\">&raquo;<\/span><span class=\"aioseo-breadcrumb\">\n\t\t\t<a href=\"https:\/\/academiespatiale.fr\/index.php\/formations\/formations-innovantes\/\" title=\"Formations innovantes\">Formations innovantes<\/a>\n\t\t<\/span><span class=\"aioseo-breadcrumb-separator\">&raquo;<\/span><span class=\"aioseo-breadcrumb\">\n\t\t\tMasterclass Remote Sensing #2 \u2013 2026\n\t\t<\/span><\/div><\/div>\n<\/div>\n\n\n\n<div class=\"wp-block-columns alignwide is-layout-flex wp-container-core-columns-is-layout-28f84493 wp-block-columns-is-layout-flex\">\n<div class=\"wp-block-column is-layout-flow wp-block-column-is-layout-flow\" style=\"flex-basis:100%\">\n<p class=\"has-text-align-left\"><strong>The second edition of our winter school MasterClass #2 \u00ab\u00a0Remote Sensing of Terrestrial and Extraterrestrial Resources\u00a0\u00bb hosted by the Acad\u00e9mie Spatiale d\u2019Ile de France trough Universit\u00e9 Paris Cit\u00e9, took place from February 16-20, 2026, at the UPCit\u00e9&rsquo;s Forest Station, Fontainebleau.<\/strong><\/p>\n\n\n\n<p>The international participants gain insights into cutting-edge technologies in Earth resource monitoring with remote sensing and geodesy, as well as the exploration and utilization of extraterrestrial resources.<\/p>\n<\/div>\n<\/div>\n\n\n\n<div class=\"wp-block-columns alignwide is-layout-flex wp-container-core-columns-is-layout-14cf5ab5 wp-block-columns-is-layout-flex\">\n<div class=\"wp-block-column is-vertically-aligned-center is-layout-flow wp-block-column-is-layout-flow\">\n<p class=\"has-text-align-center\"><strong>MASTERCLASS #2<br>16-20 february 2026<\/strong><br><br>UPCit\u00e9&rsquo;s Forest Station, Fontainebleau<\/p>\n\n\n\n<p class=\"has-text-align-center\" style=\"font-size:15px\">Registration form below<br>Deadline: December 15, 2025<\/p>\n\n\n\n<hr class=\"wp-block-separator has-alpha-channel-opacity\"\/>\n\n\n\n<div style=\"height:20px\" aria-hidden=\"true\" class=\"wp-block-spacer\"><\/div>\n\n\n\n<p class=\"has-text-align-center\" style=\"font-size:15px\"><strong>Gives 3 ECTS credits at UPCit\u00e9<\/strong><\/p>\n\n\n\n<p class=\"has-text-align-center\" style=\"font-size:15px\"><em>If you attend all modules and pass the exam<br><\/em>Non-UPCit\u00e9 students: check with your university to confirm the 3 ECTS credits<\/p>\n<\/div>\n\n\n\n<div class=\"wp-block-column is-vertically-aligned-center is-layout-flow wp-block-column-is-layout-flow\">\n<figure data-wp-context=\"{&quot;imageId&quot;:&quot;69f179db7075f&quot;}\" data-wp-interactive=\"core\/image\" data-wp-key=\"69f179db7075f\" class=\"wp-block-image size-large has-custom-border wp-lightbox-container\"><img loading=\"lazy\" decoding=\"async\" width=\"725\" height=\"1024\" data-wp-class--hide=\"state.isContentHidden\" data-wp-class--show=\"state.isContentVisible\" data-wp-init=\"callbacks.setButtonStyles\" data-wp-on--click=\"actions.showLightbox\" data-wp-on--load=\"callbacks.setButtonStyles\" data-wp-on-window--resize=\"callbacks.setButtonStyles\" src=\"https:\/\/academiespatiale.fr\/wp-content\/uploads\/2025\/09\/Masterclass2026_Ac.Spatiale_UPCite_affiche_v02-725x1024.png\" alt=\"\" class=\"wp-image-5909\" style=\"border-style:none;border-width:0px;border-radius:0px\" srcset=\"https:\/\/academiespatiale.fr\/wp-content\/uploads\/2025\/09\/Masterclass2026_Ac.Spatiale_UPCite_affiche_v02-725x1024.png 725w, https:\/\/academiespatiale.fr\/wp-content\/uploads\/2025\/09\/Masterclass2026_Ac.Spatiale_UPCite_affiche_v02-212x300.png 212w, https:\/\/academiespatiale.fr\/wp-content\/uploads\/2025\/09\/Masterclass2026_Ac.Spatiale_UPCite_affiche_v02-768x1085.png 768w, https:\/\/academiespatiale.fr\/wp-content\/uploads\/2025\/09\/Masterclass2026_Ac.Spatiale_UPCite_affiche_v02-1087x1536.png 1087w, https:\/\/academiespatiale.fr\/wp-content\/uploads\/2025\/09\/Masterclass2026_Ac.Spatiale_UPCite_affiche_v02.png 1123w\" sizes=\"auto, (max-width: 725px) 100vw, 725px\" \/><button\n\t\t\tclass=\"lightbox-trigger\"\n\t\t\ttype=\"button\"\n\t\t\taria-haspopup=\"dialog\"\n\t\t\taria-label=\"Agrandir\"\n\t\t\tdata-wp-init=\"callbacks.initTriggerButton\"\n\t\t\tdata-wp-on--click=\"actions.showLightbox\"\n\t\t\tdata-wp-style--right=\"state.imageButtonRight\"\n\t\t\tdata-wp-style--top=\"state.imageButtonTop\"\n\t\t>\n\t\t\t<svg xmlns=\"http:\/\/www.w3.org\/2000\/svg\" width=\"12\" height=\"12\" fill=\"none\" viewBox=\"0 0 12 12\">\n\t\t\t\t<path fill=\"#fff\" d=\"M2 0a2 2 0 0 0-2 2v2h1.5V2a.5.5 0 0 1 .5-.5h2V0H2Zm2 10.5H2a.5.5 0 0 1-.5-.5V8H0v2a2 2 0 0 0 2 2h2v-1.5ZM8 12v-1.5h2a.5.5 0 0 0 .5-.5V8H12v2a2 2 0 0 1-2 2H8Zm2-12a2 2 0 0 1 2 2v2h-1.5V2a.5.5 0 0 0-.5-.5H8V0h2Z\" \/>\n\t\t\t<\/svg>\n\t\t<\/button><\/figure>\n<\/div>\n\n\n\n<div class=\"wp-block-column is-vertically-aligned-center is-layout-flow wp-block-column-is-layout-flow\">\n<div class=\"wp-block-group has-background-color-background-color has-background\" style=\"padding-top:var(--wp--preset--spacing--60);padding-right:var(--wp--preset--spacing--60);padding-bottom:var(--wp--preset--spacing--60);padding-left:var(--wp--preset--spacing--60)\"><div class=\"wp-block-group__inner-container is-layout-constrained wp-container-core-group-is-layout-da4f2bcd wp-block-group-is-layout-constrained\">\n<h4 class=\"wp-block-heading has-text-align-center\">&#8211;<br>REGISTRATIONS CLOSES<br>&#8211;<\/h4>\n<\/div><\/div>\n\n\n\n<div class=\"wp-block-group has-background-color-background-color has-background\" style=\"padding-top:var(--wp--preset--spacing--50);padding-right:var(--wp--preset--spacing--50);padding-bottom:var(--wp--preset--spacing--50);padding-left:var(--wp--preset--spacing--50)\"><div class=\"wp-block-group__inner-container is-layout-constrained wp-container-core-group-is-layout-0747478d wp-block-group-is-layout-constrained\">\n<p style=\"margin-top:0;margin-bottom:-20px;font-size:15px\">Download the poster (PDF format)<\/p>\n\n\n\n<div class=\"wp-block-file\"><a id=\"wp-block-file--media-7aaf5f99-92ef-47aa-bc39-1a71be20b47b\" href=\"https:\/\/academiespatiale.fr\/wp-content\/uploads\/2025\/09\/Masterclass2026_Ac.Spatiale_UPCite_affiche_v02_HD-1.pdf\">Masterclass2026_Ac.Spatiale_UPCite_affiche_v02_HD<\/a><a href=\"https:\/\/academiespatiale.fr\/wp-content\/uploads\/2025\/09\/Masterclass2026_Ac.Spatiale_UPCite_affiche_v02_HD-1.pdf\" class=\"wp-block-file__button wp-element-button\" download aria-describedby=\"wp-block-file--media-7aaf5f99-92ef-47aa-bc39-1a71be20b47b\">T\u00e9l\u00e9charger<\/a><\/div>\n<\/div><\/div>\n<\/div>\n<\/div>\n\n\n\n<hr class=\"wp-block-separator has-alpha-channel-opacity\"\/>\n\n\n\n<p><strong>Themes for the 2026 session:<\/strong><\/p>\n\n\n\n<ul class=\"wp-block-list\">\n<li>Remote sensing for agriculture and vegetation<\/li>\n\n\n\n<li>Earth observation for low-carbon energy applications<\/li>\n\n\n\n<li>Space geodesy applied to water resource management<\/li>\n\n\n\n<li>Mineral exploration and hyperspectral data<\/li>\n\n\n\n<li>Artificial intelligence applications in geological exploration<\/li>\n\n\n\n<li>Emerging technologies in mineral exploration<\/li>\n\n\n\n<li>In-situ resource utilization (ISRU) on the Moon<\/li>\n\n\n\n<li>Geophysical instrumentation for lunar exploration<\/li>\n\n\n\n<li>Field feedback and in-situ measurement techniques<\/li>\n\n\n\n<li>Space law and governance of extraterrestrial resources<\/li>\n\n\n\n<li>Regulatory frameworks and contemporary challenges<\/li>\n\n\n\n<li>Governance simulation and legal case study<\/li>\n\n\n\n<li>Economics and public policy of space resources<\/li>\n\n\n\n<li>Critical resources and strategic analysis<\/li>\n<\/ul>\n\n\n\n<div class=\"wp-block-columns alignwide is-layout-flex wp-container-core-columns-is-layout-28f84493 wp-block-columns-is-layout-flex\">\n<div class=\"wp-block-column is-layout-flow wp-block-column-is-layout-flow\" style=\"flex-basis:100%\">\n<p class=\"has-background-color-background-color has-background\">Retrospective of the first Remote Sensing Masterclass &#8211; 2025<br>\u2192 <a href=\"https:\/\/academiespatiale.fr\/index.php\/ecole-dete\/masterclass-teledetection\/\">Masterclass remote sensing &#8211; Acad\u00e9mie Spatiale d&rsquo;\u00cele-de-France<\/a><\/p>\n<\/div>\n<\/div>\n\n\n\n<div class=\"wp-block-columns alignwide is-layout-flex wp-container-core-columns-is-layout-28f84493 wp-block-columns-is-layout-flex\">\n<div class=\"wp-block-column is-layout-flow wp-block-column-is-layout-flow\">\n<figure class=\"wp-block-image size-large\"><img loading=\"lazy\" decoding=\"async\" width=\"1024\" height=\"683\" src=\"https:\/\/academiespatiale.fr\/wp-content\/uploads\/2025\/04\/Choice-1-classroom-1-1024x683.jpg\" alt=\"\" class=\"wp-image-4245\" srcset=\"https:\/\/academiespatiale.fr\/wp-content\/uploads\/2025\/04\/Choice-1-classroom-1-1024x683.jpg 1024w, https:\/\/academiespatiale.fr\/wp-content\/uploads\/2025\/04\/Choice-1-classroom-1-300x200.jpg 300w, https:\/\/academiespatiale.fr\/wp-content\/uploads\/2025\/04\/Choice-1-classroom-1-768x512.jpg 768w, https:\/\/academiespatiale.fr\/wp-content\/uploads\/2025\/04\/Choice-1-classroom-1-1536x1024.jpg 1536w, https:\/\/academiespatiale.fr\/wp-content\/uploads\/2025\/04\/Choice-1-classroom-1-2048x1365.jpg 2048w, https:\/\/academiespatiale.fr\/wp-content\/uploads\/2025\/04\/Choice-1-classroom-1-360x240.jpg 360w\" sizes=\"auto, (max-width: 1024px) 100vw, 1024px\" \/><\/figure>\n<\/div>\n\n\n\n<div class=\"wp-block-column is-layout-flow wp-block-column-is-layout-flow\">\n<figure class=\"wp-block-image size-large\"><img loading=\"lazy\" decoding=\"async\" width=\"1024\" height=\"683\" src=\"https:\/\/academiespatiale.fr\/wp-content\/uploads\/2025\/04\/choice-1-group-with-diplomas-1-1024x683.jpg\" alt=\"\" class=\"wp-image-4259\" srcset=\"https:\/\/academiespatiale.fr\/wp-content\/uploads\/2025\/04\/choice-1-group-with-diplomas-1-1024x683.jpg 1024w, https:\/\/academiespatiale.fr\/wp-content\/uploads\/2025\/04\/choice-1-group-with-diplomas-1-300x200.jpg 300w, https:\/\/academiespatiale.fr\/wp-content\/uploads\/2025\/04\/choice-1-group-with-diplomas-1-768x512.jpg 768w, https:\/\/academiespatiale.fr\/wp-content\/uploads\/2025\/04\/choice-1-group-with-diplomas-1-1536x1024.jpg 1536w, https:\/\/academiespatiale.fr\/wp-content\/uploads\/2025\/04\/choice-1-group-with-diplomas-1-2048x1365.jpg 2048w, https:\/\/academiespatiale.fr\/wp-content\/uploads\/2025\/04\/choice-1-group-with-diplomas-1-360x240.jpg 360w\" sizes=\"auto, (max-width: 1024px) 100vw, 1024px\" \/><\/figure>\n<\/div>\n\n\n\n<div class=\"wp-block-column is-layout-flow wp-block-column-is-layout-flow\">\n<figure class=\"wp-block-image size-large\"><img loading=\"lazy\" decoding=\"async\" width=\"1024\" height=\"683\" src=\"https:\/\/academiespatiale.fr\/wp-content\/uploads\/2025\/04\/DSC01699-1024x683.jpg\" alt=\"\" class=\"wp-image-4247\" srcset=\"https:\/\/academiespatiale.fr\/wp-content\/uploads\/2025\/04\/DSC01699-1024x683.jpg 1024w, https:\/\/academiespatiale.fr\/wp-content\/uploads\/2025\/04\/DSC01699-300x200.jpg 300w, https:\/\/academiespatiale.fr\/wp-content\/uploads\/2025\/04\/DSC01699-768x512.jpg 768w, https:\/\/academiespatiale.fr\/wp-content\/uploads\/2025\/04\/DSC01699-1536x1024.jpg 1536w\" sizes=\"auto, (max-width: 1024px) 100vw, 1024px\" \/><\/figure>\n<\/div>\n<\/div>\n\n\n\n<div style=\"height:20px\" aria-hidden=\"true\" class=\"wp-block-spacer\"><\/div>\n\n\n\n<hr class=\"wp-block-separator has-alpha-channel-opacity\"\/>\n\n\n\n<div style=\"height:20px\" aria-hidden=\"true\" class=\"wp-block-spacer\"><\/div>\n\n\n\n<div class=\"wp-block-columns are-vertically-aligned-center is-layout-flex wp-container-core-columns-is-layout-28f84493 wp-block-columns-is-layout-flex\">\n<div class=\"wp-block-column is-vertically-aligned-center is-layout-flow wp-block-column-is-layout-flow\"><div class=\"wp-block-image\">\n<figure class=\"aligncenter size-large is-resized\"><img loading=\"lazy\" decoding=\"async\" width=\"1024\" height=\"390\" src=\"https:\/\/academiespatiale.fr\/wp-content\/uploads\/2024\/04\/UniversiteParisCite_RVB-1024x390.jpg\" alt=\"\" class=\"wp-image-226\" style=\"width:auto;height:80px\" srcset=\"https:\/\/academiespatiale.fr\/wp-content\/uploads\/2024\/04\/UniversiteParisCite_RVB-1024x390.jpg 1024w, https:\/\/academiespatiale.fr\/wp-content\/uploads\/2024\/04\/UniversiteParisCite_RVB-300x114.jpg 300w, https:\/\/academiespatiale.fr\/wp-content\/uploads\/2024\/04\/UniversiteParisCite_RVB-768x293.jpg 768w, https:\/\/academiespatiale.fr\/wp-content\/uploads\/2024\/04\/UniversiteParisCite_RVB-1536x586.jpg 1536w, https:\/\/academiespatiale.fr\/wp-content\/uploads\/2024\/04\/UniversiteParisCite_RVB.jpg 1836w\" sizes=\"auto, (max-width: 1024px) 100vw, 1024px\" \/><\/figure>\n<\/div><\/div>\n\n\n\n<div class=\"wp-block-column is-vertically-aligned-center is-layout-flow wp-block-column-is-layout-flow\"><div class=\"wp-block-image\">\n<figure class=\"aligncenter size-large is-resized\"><img loading=\"lazy\" decoding=\"async\" width=\"1024\" height=\"245\" src=\"https:\/\/academiespatiale.fr\/wp-content\/uploads\/2024\/04\/Logo_France2030-Academie-1024x245.png\" alt=\"\" class=\"wp-image-270\" style=\"width:auto;height:80px\" srcset=\"https:\/\/academiespatiale.fr\/wp-content\/uploads\/2024\/04\/Logo_France2030-Academie-1024x245.png 1024w, https:\/\/academiespatiale.fr\/wp-content\/uploads\/2024\/04\/Logo_France2030-Academie-300x72.png 300w, https:\/\/academiespatiale.fr\/wp-content\/uploads\/2024\/04\/Logo_France2030-Academie-768x184.png 768w, https:\/\/academiespatiale.fr\/wp-content\/uploads\/2024\/04\/Logo_France2030-Academie-1536x367.png 1536w, https:\/\/academiespatiale.fr\/wp-content\/uploads\/2024\/04\/Logo_France2030-Academie-2048x490.png 2048w\" sizes=\"auto, (max-width: 1024px) 100vw, 1024px\" \/><\/figure>\n<\/div><\/div>\n<\/div>\n\n\n\n<div style=\"height:100px\" aria-hidden=\"true\" class=\"wp-block-spacer\"><\/div>\n\n\n\n<div class=\"wp-block-columns alignfull has-text-color has-link-color wp-elements-8422e2a85d9f2e5605b7dd2ae54b3e54 is-layout-flex wp-container-core-columns-is-layout-e94c545b wp-block-columns-is-layout-flex\" style=\"color:#b1b1b1;margin-top:-25px;margin-bottom:20px;padding-top:0;padding-right:0;padding-bottom:0;padding-left:60px;font-size:15px\">\n<div class=\"wp-block-column has-text-color has-link-color wp-elements-32661c60388d2123b0bf1683c717c484 is-layout-flow wp-block-column-is-layout-flow\" style=\"color:#a1a1a1;padding-top:0;padding-bottom:0;font-size:15px;font-style:normal;font-weight:100;flex-basis:100%\"><div class=\"aioseo-breadcrumbs\"><span class=\"aioseo-breadcrumb\">\n\t\t\t<a href=\"https:\/\/academiespatiale.fr\" title=\"Home\">Home<\/a>\n\t\t<\/span><span class=\"aioseo-breadcrumb-separator\">&raquo;<\/span><span class=\"aioseo-breadcrumb\">\n\t\t\t<a href=\"https:\/\/academiespatiale.fr\/index.php\/formations\/\" title=\"Formations &amp; m\u00e9tiers\">Formations &amp; m\u00e9tiers<\/a>\n\t\t<\/span><span class=\"aioseo-breadcrumb-separator\">&raquo;<\/span><span class=\"aioseo-breadcrumb\">\n\t\t\t<a href=\"https:\/\/academiespatiale.fr\/index.php\/formations\/formations-innovantes\/\" title=\"Formations innovantes\">Formations innovantes<\/a>\n\t\t<\/span><span class=\"aioseo-breadcrumb-separator\">&raquo;<\/span><span class=\"aioseo-breadcrumb\">\n\t\t\tMasterclass Remote Sensing #2 \u2013 2026\n\t\t<\/span><\/div><\/div>\n<\/div>\n","protected":false},"excerpt":{"rendered":"<p>The second edition of our winter school MasterClass #2 \u00ab\u00a0Remote Sensing of Terrestrial and Extraterrestrial Resources\u00a0\u00bb hosted by the Acad\u00e9mie Spatiale d\u2019Ile de France trough Universit\u00e9 Paris Cit\u00e9, took place from February 16-20, 2026, at the UPCit\u00e9&rsquo;s Forest Station, Fontainebleau. The international participants gain insights into cutting-edge technologies in Earth [&hellip;]<\/p>\n","protected":false},"author":1,"featured_media":5757,"parent":6131,"menu_order":0,"comment_status":"closed","ping_status":"closed","template":"","meta":{"_monsterinsights_skip_tracking":false,"_monsterinsights_sitenote_active":false,"_monsterinsights_sitenote_note":"","_monsterinsights_sitenote_category":0,"_EventAllDay":false,"_EventTimezone":"","_EventStartDate":"","_EventEndDate":"","_EventStartDateUTC":"","_EventEndDateUTC":"","_EventShowMap":false,"_EventShowMapLink":false,"_EventURL":"","_EventCost":"","_EventCostDescription":"","_EventCurrencySymbol":"","_EventCurrencyCode":"","_EventCurrencyPosition":"","_EventDateTimeSeparator":"","_EventTimeRangeSeparator":"","_EventOrganizerID":[],"_EventVenueID":[],"_OrganizerEmail":"","_OrganizerPhone":"","_OrganizerWebsite":"","_VenueAddress":"","_VenueCity":"","_VenueCountry":"","_VenueProvince":"","_VenueState":"","_VenueZip":"","_VenuePhone":"","_VenueURL":"","_VenueStateProvince":"","_VenueLat":"","_VenueLng":"","_VenueShowMap":false,"_VenueShowMapLink":false,"footnotes":""},"class_list":["post-5746","page","type-page","status-publish","has-post-thumbnail","hentry"],"aioseo_notices":[],"_links":{"self":[{"href":"https:\/\/academiespatiale.fr\/index.php\/wp-json\/wp\/v2\/pages\/5746","targetHints":{"allow":["GET"]}}],"collection":[{"href":"https:\/\/academiespatiale.fr\/index.php\/wp-json\/wp\/v2\/pages"}],"about":[{"href":"https:\/\/academiespatiale.fr\/index.php\/wp-json\/wp\/v2\/types\/page"}],"author":[{"embeddable":true,"href":"https:\/\/academiespatiale.fr\/index.php\/wp-json\/wp\/v2\/users\/1"}],"replies":[{"embeddable":true,"href":"https:\/\/academiespatiale.fr\/index.php\/wp-json\/wp\/v2\/comments?post=5746"}],"version-history":[{"count":41,"href":"https:\/\/academiespatiale.fr\/index.php\/wp-json\/wp\/v2\/pages\/5746\/revisions"}],"predecessor-version":[{"id":7718,"href":"https:\/\/academiespatiale.fr\/index.php\/wp-json\/wp\/v2\/pages\/5746\/revisions\/7718"}],"up":[{"embeddable":true,"href":"https:\/\/academiespatiale.fr\/index.php\/wp-json\/wp\/v2\/pages\/6131"}],"wp:featuredmedia":[{"embeddable":true,"href":"https:\/\/academiespatiale.fr\/index.php\/wp-json\/wp\/v2\/media\/5757"}],"wp:attachment":[{"href":"https:\/\/academiespatiale.fr\/index.php\/wp-json\/wp\/v2\/media?parent=5746"}],"curies":[{"name":"wp","href":"https:\/\/api.w.org\/{rel}","templated":true}]}}