{"id":4671,"date":"2025-05-12T18:17:54","date_gmt":"2025-05-12T16:17:54","guid":{"rendered":"https:\/\/academiespatiale.fr\/?page_id=4671"},"modified":"2026-02-20T16:37:27","modified_gmt":"2026-02-20T15:37:27","slug":"visite-de-lesoc-et-deumetsat","status":"publish","type":"page","link":"https:\/\/academiespatiale.fr\/index.php\/formations\/visites-stages-terrain\/visite-de-lesoc-et-deumetsat\/","title":{"rendered":"Visite de l&rsquo;ESOC \/ ESA et EUMETSAT &#8211; Darmstadt 2025"},"content":{"rendered":"\n<div class=\"wp-block-columns alignfull has-text-color has-link-color wp-elements-8422e2a85d9f2e5605b7dd2ae54b3e54 is-layout-flex wp-container-core-columns-is-layout-e94c545b wp-block-columns-is-layout-flex\" style=\"color:#b1b1b1;margin-top:-25px;margin-bottom:20px;padding-top:0;padding-right:0;padding-bottom:0;padding-left:60px;font-size:15px\">\n<div class=\"wp-block-column has-text-color has-link-color wp-elements-32661c60388d2123b0bf1683c717c484 is-layout-flow wp-block-column-is-layout-flow\" style=\"color:#a1a1a1;padding-top:0;padding-bottom:0;font-size:15px;font-style:normal;font-weight:100;flex-basis:100%\"><div class=\"aioseo-breadcrumbs\"><span class=\"aioseo-breadcrumb\">\n\t\t\tHome\n\t\t<\/span><\/div><\/div>\n<\/div>\n\n\n\n<div class=\"wp-block-columns alignwide is-layout-flex wp-container-core-columns-is-layout-28f84493 wp-block-columns-is-layout-flex\">\n<div class=\"wp-block-column is-layout-flow wp-block-column-is-layout-flow\" style=\"flex-basis:66.66%\">\n<p><strong>Les \u00e9tudiantes et \u00e9tudiants du M2 de T\u00e9l\u00e9d\u00e9tection TGAE (Sorbonne U.), du master FRS (IPGP \/ UPCit\u00e9) et du master IOS (ENSG G\u00e9omatique) ont d\u00e9couvert les activit\u00e9s op\u00e9rationnelles des agences spatiales europ\u00e9ennes ESOC (Centre Europ\u00e9en des Op\u00e9rations Spatiales) et EUMETSAT (Organisation europ\u00e9enne pour l&rsquo;exploitation des satellites m\u00e9t\u00e9orologiques) situ\u00e9es \u00e0 Darmstadt en Allemagne, les 28 et 29 janvier 2025.<\/strong><\/p>\n\n\n\n<p style=\"font-size:15px\"><em>Students from the M2 TGAE Remote Sensing program (Sorbonne University), the FRS master&rsquo;s program (IPGP\/UPCit\u00e9), and the IOS master&rsquo;s program (ENSG Geomatics) discovered the operational activities of the European space agencies ESOC (European Space Operations Center) and EUMETSAT (European Organization for the Exploitation of Meteorological Satellites) located in Darmstadt, Germany, on January 28 and 29, 2025.<\/em><\/p>\n<\/div>\n\n\n\n<div class=\"wp-block-column is-layout-flow wp-block-column-is-layout-flow\" style=\"flex-basis:33.33%\"><div class=\"wp-block-image\">\n<figure class=\"aligncenter size-full is-resized\"><img loading=\"lazy\" decoding=\"async\" width=\"750\" height=\"500\" src=\"https:\/\/academiespatiale.fr\/wp-content\/uploads\/2025\/05\/Darmstadt2025.png\" alt=\"\" class=\"wp-image-4689\" style=\"width:426px;height:auto\" srcset=\"https:\/\/academiespatiale.fr\/wp-content\/uploads\/2025\/05\/Darmstadt2025.png 750w, https:\/\/academiespatiale.fr\/wp-content\/uploads\/2025\/05\/Darmstadt2025-300x200.png 300w, https:\/\/academiespatiale.fr\/wp-content\/uploads\/2025\/05\/Darmstadt2025-360x240.png 360w\" sizes=\"auto, (max-width: 750px) 100vw, 750px\" \/><\/figure>\n<\/div><\/div>\n<\/div>\n\n\n\n<hr class=\"wp-block-separator has-alpha-channel-opacity\"\/>\n\n\n\n<figure class=\"wp-block-image size-large\"><img loading=\"lazy\" decoding=\"async\" width=\"1024\" height=\"57\" src=\"https:\/\/academiespatiale.fr\/wp-content\/uploads\/2025\/05\/logoESOC-1024x57.png\" alt=\"\" class=\"wp-image-4678\" srcset=\"https:\/\/academiespatiale.fr\/wp-content\/uploads\/2025\/05\/logoESOC-1024x57.png 1024w, https:\/\/academiespatiale.fr\/wp-content\/uploads\/2025\/05\/logoESOC-300x17.png 300w, https:\/\/academiespatiale.fr\/wp-content\/uploads\/2025\/05\/logoESOC-768x43.png 768w, https:\/\/academiespatiale.fr\/wp-content\/uploads\/2025\/05\/logoESOC-1536x86.png 1536w, https:\/\/academiespatiale.fr\/wp-content\/uploads\/2025\/05\/logoESOC.png 1695w\" sizes=\"auto, (max-width: 1024px) 100vw, 1024px\" \/><\/figure>\n\n\n\n<hr class=\"wp-block-separator has-alpha-channel-opacity\"\/>\n\n\n\n<div style=\"height:50px\" aria-hidden=\"true\" class=\"wp-block-spacer\"><\/div>\n\n\n\n<h3 class=\"wp-block-heading\">Mardi 28 janvier 2025 &#8211; ESOC \/ ESA <em>&#8211; Tuesday, January 28, 2025<\/em><\/h3>\n\n\n\n<p>Les \u00e9tudiant\u00b7es ont \u00e9t\u00e9 accueilli\u00b7es \u00e0 14h30 au Centre des op\u00e9rations (ESOC) de l\u2019Agence Spatiale Europ\u00e9enne (ESA) par <strong>Mme Gerber da Sousa<\/strong>, du d\u00e9partement communication.<\/p>\n\n\n\n<p><strong>Gerhard Holtkamp<\/strong>, a ensuite assur\u00e9 la visite du centre avec une pr\u00e9sentation des diff\u00e9rentes facettes des activit\u00e9s de l&rsquo;ESOC, de la salle de contr\u00f4le principale jusqu\u2019aux man\u0153uvres spatiales inh\u00e9rentes au contr\u00f4le des satellites europ\u00e9ens. La visite s\u2019est poursuivie dans le parc du centre, o\u00f9 il a pr\u00e9sent\u00e9 les caract\u00e9ristiques et les objectifs scientifiques des maquettes de satellites et de lanceurs expos\u00e9es. Gr\u00e2ce \u00e0 de nombreuses ann\u00e9es pass\u00e9es \u00e0 l\u2019ESOC, Gerhard Holtkamp, aujourd\u2019hui retrait\u00e9, a ponctu\u00e9 la pr\u00e9sentation d\u2019anecdotes et de d\u00e9tails concrets, rendant l\u2019\u00e9change particuli\u00e8rement vivant.<\/p>\n\n\n\n<p style=\"font-size:15px\"><em>The students were welcomed at 2:30 p.m. at the European Space Agency (ESA) Operations Center (ESOC) by <strong>Ms. Gerber da Sousa<\/strong> from the communications department.<\/em> <em><strong>Gerhard Holtkamp<\/strong> then gave a tour of the center, presenting the various aspects of ESOC&rsquo;s activities, from the main control room to the space maneuvers involved in controlling European satellites. The tour continued in the center&rsquo;s park, where he presented the characteristics and scientific objectives of the satellite and launcher models on display. Thanks to his many years at ESOC, Gerhard Holtkamp, now retired, punctuated the presentation with anecdotes and concrete details, making the exchange particularly lively.<\/em><\/p>\n\n\n\n<figure class=\"wp-block-image size-full\"><img loading=\"lazy\" decoding=\"async\" width=\"1009\" height=\"568\" src=\"https:\/\/academiespatiale.fr\/wp-content\/uploads\/2025\/05\/Salle-controle-ESOC.jpg\" alt=\"\" class=\"wp-image-4674\" srcset=\"https:\/\/academiespatiale.fr\/wp-content\/uploads\/2025\/05\/Salle-controle-ESOC.jpg 1009w, https:\/\/academiespatiale.fr\/wp-content\/uploads\/2025\/05\/Salle-controle-ESOC-300x169.jpg 300w, https:\/\/academiespatiale.fr\/wp-content\/uploads\/2025\/05\/Salle-controle-ESOC-768x432.jpg 768w\" sizes=\"auto, (max-width: 1009px) 100vw, 1009px\" \/><figcaption class=\"wp-element-caption\">Salle de contr\u00f4le principale de l&rsquo;ESOC<em> \/ ESOC Main Control Room<\/em> \u00a9 Laurence Picon<\/figcaption><\/figure>\n\n\n\n<p>Pour conclure la journ\u00e9e, <strong>Daniel Mesples<\/strong>, responsable des op\u00e9rations des satellites \u00e0 l\u2019ESA (Agence Spatiale Europ\u00e9enne), a donn\u00e9 une conf\u00e9rence sur l\u2019organisation de l\u2019ESA, le programme COPERNICUS\/SENTINEL, et plus particuli\u00e8rement sur la plateforme Sentinel-5P. Un temps d\u2019\u00e9change a permis aux \u00e9tudiantes et aux \u00e9tudiants de poser leurs questions \u00e0 l\u2019issue de son intervention.<\/p>\n\n\n\n<p style=\"font-size:15px\"><em>To conclude the day, <strong>Daniel Mesples<\/strong>, Head of Satellite Operations at ESA (European Space Agency), gave a lecture on the organization of ESA, the COPERNICUS\/SENTINEL program, and more specifically on the Sentinel-5P platform. A question and answer session allowed students to ask questions at the end of his presentation.<\/em><\/p>\n\n\n\n<div style=\"height:20px\" aria-hidden=\"true\" class=\"wp-block-spacer\"><\/div>\n\n\n\n<hr class=\"wp-block-separator has-alpha-channel-opacity\"\/>\n\n\n\n<h3 class=\"wp-block-heading\">Mercredi 29 janvier 2025 &#8211; EUMETSAT &#8211; <em>Wednesday, January 29, 2025<\/em><\/h3>\n\n\n\n<div class=\"wp-block-columns are-vertically-aligned-center is-layout-flex wp-container-core-columns-is-layout-28f84493 wp-block-columns-is-layout-flex\">\n<div class=\"wp-block-column is-vertically-aligned-center is-layout-flow wp-block-column-is-layout-flow\">\n<p>La promotion a \u00e9t\u00e9 accueillie par <strong>Marie Doutriaux-Boucher<\/strong>, sp\u00e9cialiste des services climatiques \u00e0 EUMETSAT, qui a introduit le r\u00f4le de l&rsquo;organisation dans le contr\u00f4le des satellites m\u00e9t\u00e9orologiques europ\u00e9ens. Aux c\u00f4t\u00e9s de <strong>Nathalie Courcoux<\/strong>, elles ont pr\u00e9sent\u00e9es la salle des contr\u00f4les et les op\u00e9rations qui y sont men\u00e9es.<\/p>\n\n\n\n<p style=\"font-size:15px\"><em>The promotion was welcomed by Marie Doutriaux-Boucher, climate services specialist at EUMETSAT, who introduced the organization&rsquo;s role in controlling European meteorological satellites. Together with Nathalie Courcoux, they presented the control room and the operations carried out there.<\/em><\/p>\n<\/div>\n\n\n\n<div class=\"wp-block-column is-vertically-aligned-center is-layout-flow wp-block-column-is-layout-flow\">\n<figure class=\"wp-block-image size-full\"><img loading=\"lazy\" decoding=\"async\" width=\"597\" height=\"764\" src=\"https:\/\/academiespatiale.fr\/wp-content\/uploads\/2025\/05\/Accueil-EUMETSAT.jpg\" alt=\"\" class=\"wp-image-4675\" srcset=\"https:\/\/academiespatiale.fr\/wp-content\/uploads\/2025\/05\/Accueil-EUMETSAT.jpg 597w, https:\/\/academiespatiale.fr\/wp-content\/uploads\/2025\/05\/Accueil-EUMETSAT-234x300.jpg 234w\" sizes=\"auto, (max-width: 597px) 100vw, 597px\" \/><figcaption class=\"wp-element-caption\">Accueil \u00e0 EUMETSAT <em>\/ Welcome to EUMETSAT <\/em>\u00a9 Laurence Picon<\/figcaption><\/figure>\n<\/div>\n<\/div>\n\n\n\n<p>La matin\u00e9e s&rsquo;est poursuivie avec les interventions suivantes : <\/p>\n\n\n\n<ul class=\"wp-block-list\">\n<li>Op\u00e9rations li\u00e9es aux satellites &#8211; <strong>M. E. Trollope<\/strong><\/li>\n\n\n\n<li>Traitement des donn\u00e9es et leur diss\u00e9mination &#8211; <strong>M. Tahtadjiev<\/strong><\/li>\n\n\n\n<li>D\u00e9veloppements de produits et d&rsquo;applications pour la surveillance des feux et des variables climatiques &#8211; <strong>M. J. Chimot<\/strong> et <strong>M. Doutriaux-Boucher<\/strong><\/li>\n<\/ul>\n\n\n\n<p style=\"font-size:15px\"><em>The morning continued with the following presentations:<\/em><\/p>\n\n\n\n<ul style=\"font-size:15px\" class=\"wp-block-list\">\n<li><em>Satellite operations &#8211; <strong>Mr. E. Trollope<\/strong><\/em><\/li>\n\n\n\n<li><em>Data processing and dissemination &#8211; <strong>Mr. Tahtadjiev<\/strong><\/em><\/li>\n\n\n\n<li><em>Product and application developments for fire and climate variable monitoring &#8211; <strong>Mr. J. Chimot<\/strong> and <strong>Ms. Doutriaux-Boucher<\/strong><\/em><\/li>\n<\/ul>\n\n\n\n<p>La programme s\u2019est encha\u00een\u00e9 avec une pr\u00e9sentation du service de ressources humaines et des possibilit\u00e9s de stage ou de candidature au \u00ab&nbsp;Early Carreer Program&nbsp;\u00bb d\u2019EUMETSAT. <strong>M. Horn<\/strong> a ensuite comment\u00e9 les maquettes en taille r\u00e9elle, particuli\u00e8rement impressionnantes,&nbsp;expos\u00e9es dans le parc \u00e0 l\u2019ext\u00e9rieur des locaux. <\/p>\n\n\n\n<p>Le d\u00e9jeuner a \u00e9t\u00e9 l&rsquo;occasion pour les \u00e9tudiant\u00b7es de poursuivre les \u00e9changes avec les intervenant\u00b7es dans un cadre convivial.<\/p>\n\n\n\n<p style=\"font-size:15px\"><em>The program continued with a presentation by the human resources department on internship opportunities and applications for EUMETSAT&rsquo;s Early Career Program. Mr. Horn then commented on the particularly impressive full-scale models on display in the park outside the premises. Lunch provided an opportunity for the students to continue their discussions with the speakers in a relaxed setting.<\/em><\/p>\n\n\n\n<figure class=\"wp-block-image size-large\"><img loading=\"lazy\" decoding=\"async\" width=\"1024\" height=\"768\" src=\"https:\/\/academiespatiale.fr\/wp-content\/uploads\/2025\/05\/Groupe-Maquette-IASI-taille-reelle-1024x768.jpg\" alt=\"\" class=\"wp-image-4676\" srcset=\"https:\/\/academiespatiale.fr\/wp-content\/uploads\/2025\/05\/Groupe-Maquette-IASI-taille-reelle-1024x768.jpg 1024w, https:\/\/academiespatiale.fr\/wp-content\/uploads\/2025\/05\/Groupe-Maquette-IASI-taille-reelle-300x225.jpg 300w, https:\/\/academiespatiale.fr\/wp-content\/uploads\/2025\/05\/Groupe-Maquette-IASI-taille-reelle-768x576.jpg 768w, https:\/\/academiespatiale.fr\/wp-content\/uploads\/2025\/05\/Groupe-Maquette-IASI-taille-reelle-1536x1152.jpg 1536w, https:\/\/academiespatiale.fr\/wp-content\/uploads\/2025\/05\/Groupe-Maquette-IASI-taille-reelle-2048x1536.jpg 2048w\" sizes=\"auto, (max-width: 1024px) 100vw, 1024px\" \/><figcaption class=\"wp-element-caption\">La promotion devant la maquette IASI en taille r\u00e9elle \/ <em>The promotion in front of the full-scale IASI model<\/em> \u00a9 Laurence Picon<\/figcaption><\/figure>\n\n\n\n<p>Au cours de ces deux visites, les \u00e9tudiantes et les \u00e9tudiants ont pu poser de nombreuses questions et ont rencontr\u00e9 des professionnel\u00b7les passionn\u00e9\u00b7es et engag\u00e9\u00b7es dans la transmission de leur savoir. Au regard des retours recueillis, ces deux journ\u00e9es ont apport\u00e9 aux participant\u00b7es des \u00e9l\u00e9ments indispensables \u00e0 leur motivation et \u00e0 leur orientation future.<\/p>\n\n\n\n<p style=\"font-size:15px\"><em>During these two visits, students were able to ask numerous questions and meet professionals who are passionate and committed to sharing their knowledge. Based on the feedback received, these two days provided participants with essential information to motivate them and guide their future career choices.<\/em><\/p>\n\n\n\n<figure class=\"wp-block-image size-large\"><img loading=\"lazy\" decoding=\"async\" width=\"1024\" height=\"57\" src=\"https:\/\/academiespatiale.fr\/wp-content\/uploads\/2025\/05\/logoESOC-1024x57.png\" alt=\"\" class=\"wp-image-4678\" srcset=\"https:\/\/academiespatiale.fr\/wp-content\/uploads\/2025\/05\/logoESOC-1024x57.png 1024w, https:\/\/academiespatiale.fr\/wp-content\/uploads\/2025\/05\/logoESOC-300x17.png 300w, https:\/\/academiespatiale.fr\/wp-content\/uploads\/2025\/05\/logoESOC-768x43.png 768w, https:\/\/academiespatiale.fr\/wp-content\/uploads\/2025\/05\/logoESOC-1536x86.png 1536w, https:\/\/academiespatiale.fr\/wp-content\/uploads\/2025\/05\/logoESOC.png 1695w\" sizes=\"auto, (max-width: 1024px) 100vw, 1024px\" \/><\/figure>\n\n\n\n<div style=\"height:100px\" aria-hidden=\"true\" class=\"wp-block-spacer\"><\/div>\n","protected":false},"excerpt":{"rendered":"<p>Les \u00e9tudiantes et \u00e9tudiants du M2 de T\u00e9l\u00e9d\u00e9tection TGAE (Sorbonne U.), du master FRS (IPGP \/ UPCit\u00e9) et du master IOS (ENSG G\u00e9omatique) ont d\u00e9couvert les activit\u00e9s op\u00e9rationnelles des agences spatiales europ\u00e9ennes ESOC (Centre Europ\u00e9en des Op\u00e9rations Spatiales) et EUMETSAT (Organisation europ\u00e9enne pour l&rsquo;exploitation des satellites m\u00e9t\u00e9orologiques) situ\u00e9es \u00e0 Darmstadt [&hellip;]<\/p>\n","protected":false},"author":1,"featured_media":4689,"parent":8093,"menu_order":0,"comment_status":"closed","ping_status":"closed","template":"","meta":{"_monsterinsights_skip_tracking":false,"_monsterinsights_sitenote_active":false,"_monsterinsights_sitenote_note":"","_monsterinsights_sitenote_category":0,"_EventAllDay":false,"_EventTimezone":"","_EventStartDate":"","_EventEndDate":"","_EventStartDateUTC":"","_EventEndDateUTC":"","_EventShowMap":false,"_EventShowMapLink":false,"_EventURL":"","_EventCost":"","_EventCostDescription":"","_EventCurrencySymbol":"","_EventCurrencyCode":"","_EventCurrencyPosition":"","_EventDateTimeSeparator":"","_EventTimeRangeSeparator":"","_EventOrganizerID":[],"_EventVenueID":[],"_OrganizerEmail":"","_OrganizerPhone":"","_OrganizerWebsite":"","_VenueAddress":"","_VenueCity":"","_VenueCountry":"","_VenueProvince":"","_VenueState":"","_VenueZip":"","_VenuePhone":"","_VenueURL":"","_VenueStateProvince":"","_VenueLat":"","_VenueLng":"","_VenueShowMap":false,"_VenueShowMapLink":false,"footnotes":""},"class_list":["post-4671","page","type-page","status-publish","has-post-thumbnail","hentry"],"aioseo_notices":[],"_links":{"self":[{"href":"https:\/\/academiespatiale.fr\/index.php\/wp-json\/wp\/v2\/pages\/4671","targetHints":{"allow":["GET"]}}],"collection":[{"href":"https:\/\/academiespatiale.fr\/index.php\/wp-json\/wp\/v2\/pages"}],"about":[{"href":"https:\/\/academiespatiale.fr\/index.php\/wp-json\/wp\/v2\/types\/page"}],"author":[{"embeddable":true,"href":"https:\/\/academiespatiale.fr\/index.php\/wp-json\/wp\/v2\/users\/1"}],"replies":[{"embeddable":true,"href":"https:\/\/academiespatiale.fr\/index.php\/wp-json\/wp\/v2\/comments?post=4671"}],"version-history":[{"count":17,"href":"https:\/\/academiespatiale.fr\/index.php\/wp-json\/wp\/v2\/pages\/4671\/revisions"}],"predecessor-version":[{"id":8240,"href":"https:\/\/academiespatiale.fr\/index.php\/wp-json\/wp\/v2\/pages\/4671\/revisions\/8240"}],"up":[{"embeddable":true,"href":"https:\/\/academiespatiale.fr\/index.php\/wp-json\/wp\/v2\/pages\/8093"}],"wp:featuredmedia":[{"embeddable":true,"href":"https:\/\/academiespatiale.fr\/index.php\/wp-json\/wp\/v2\/media\/4689"}],"wp:attachment":[{"href":"https:\/\/academiespatiale.fr\/index.php\/wp-json\/wp\/v2\/media?parent=4671"}],"curies":[{"name":"wp","href":"https:\/\/api.w.org\/{rel}","templated":true}]}}