{"id":4048,"date":"2025-04-03T15:51:37","date_gmt":"2025-04-03T13:51:37","guid":{"rendered":"https:\/\/academiespatiale.fr\/?page_id=4048"},"modified":"2026-02-20T16:34:01","modified_gmt":"2026-02-20T15:34:01","slug":"my-job-glasses","status":"publish","type":"page","link":"https:\/\/academiespatiale.fr\/index.php\/formations\/infos-orientation\/my-job-glasses\/","title":{"rendered":"My Job Glasses"},"content":{"rendered":"\n<div class=\"wp-block-columns alignfull has-text-color has-link-color wp-elements-8422e2a85d9f2e5605b7dd2ae54b3e54 is-layout-flex wp-container-core-columns-is-layout-e94c545b wp-block-columns-is-layout-flex\" style=\"color:#b1b1b1;margin-top:-25px;margin-bottom:20px;padding-top:0;padding-right:0;padding-bottom:0;padding-left:60px;font-size:15px\">\n<div class=\"wp-block-column has-text-color has-link-color wp-elements-32661c60388d2123b0bf1683c717c484 is-layout-flow wp-block-column-is-layout-flow\" style=\"color:#a1a1a1;padding-top:0;padding-bottom:0;font-size:15px;font-style:normal;font-weight:100;flex-basis:100%\"><div class=\"aioseo-breadcrumbs\"><span class=\"aioseo-breadcrumb\">\n\t\t\tHome\n\t\t<\/span><\/div><\/div>\n<\/div>\n\n\n\n<h3 class=\"wp-block-heading alignwide\">B\u00e9n\u00e9ficiez de l&rsquo;exp\u00e9rience de celles et ceux qui ont d\u00e9j\u00e0 trouv\u00e9 leur voie !<\/h3>\n\n\n\n<div style=\"height:10px\" aria-hidden=\"true\" class=\"wp-block-spacer\"><\/div>\n\n\n\n<div class=\"wp-block-columns alignwide are-vertically-aligned-top is-layout-flex wp-container-core-columns-is-layout-28f84493 wp-block-columns-is-layout-flex\">\n<div class=\"wp-block-column is-vertically-aligned-top is-layout-flow wp-block-column-is-layout-flow\" style=\"flex-basis:65%\">\n<p><strong>L&rsquo;Acad\u00e9mie Spatiale d&rsquo;\u00cele-de-France rejoint la nouvelle fonctionnalit\u00e9 \u00ab&nbsp;<a href=\"https:\/\/www.myjobglasses.com\/blog\/rencontrer\/avec-entre-jeunes-my-job-glasses-lutte-contre-linegalite-dinformation-et-rebat-les-cartes-de-lorientation\/\" target=\"_blank\" rel=\"noopener\" title=\"\">Entre jeunes<\/a>&nbsp;\u00bb de la plateforme My Job Glasses, pionn\u00e8re de la mise en relation entre professionnel\u00b7les.<\/strong> Avec <em>My Job Glasses Entre Jeunes<\/em>, les jeunes d\u00e8s le coll\u00e8ge ont la possibilit\u00e9 d&rsquo;\u00e9changer avec des \u00e9tudiantes et des \u00e9tudiants plus avanc\u00e9s qu&rsquo;eux dans leur parcours.<\/p>\n\n\n\n<p>Lors d\u2019un partage d\u2019exp\u00e9rience de 30 minutes \u00e0 1 heure, en visioconf\u00e9rence ou par t\u00e9l\u00e9phone, les \u00e9tudiant\u00b7es ambassadeurs\/ambassadrices de l&rsquo;Acad\u00e9mie Spatiale d&rsquo;IDF&nbsp;racontent leur parcours de mani\u00e8re honn\u00eate et transparente.&nbsp;<\/p>\n\n\n\n<p>C\u2019est l\u2019occasion pour les jeunes d\u2019obtenir des \u00e9clairages concrets sur&nbsp;les contenus des cours, les comp\u00e9tences cl\u00e9s, les d\u00e9bouch\u00e9s possibles, et m\u00eame&nbsp;sur la vie \u00e9tudiante ou les challenges acad\u00e9miques sp\u00e9cifiques&nbsp;\u00e0 chaque fili\u00e8re : doctorat, master, \u00e9cole d&rsquo;ing\u00e9nieur, etc.<\/p>\n<\/div>\n\n\n\n<div class=\"wp-block-column is-vertically-aligned-top is-layout-flow wp-block-column-is-layout-flow\" style=\"flex-basis:35%\"><div class=\"wp-block-image\">\n<figure class=\"aligncenter size-full has-custom-border\"><img loading=\"lazy\" decoding=\"async\" width=\"1024\" height=\"681\" src=\"https:\/\/academiespatiale.fr\/wp-content\/uploads\/2025\/04\/MyJobGlasses_young-student-wearing-small-talk-studies-online-d-2023-11-27-04-59-09-utc.jpg\" alt=\"\" class=\"wp-image-4052\" style=\"border-radius:20px\" srcset=\"https:\/\/academiespatiale.fr\/wp-content\/uploads\/2025\/04\/MyJobGlasses_young-student-wearing-small-talk-studies-online-d-2023-11-27-04-59-09-utc.jpg 1024w, https:\/\/academiespatiale.fr\/wp-content\/uploads\/2025\/04\/MyJobGlasses_young-student-wearing-small-talk-studies-online-d-2023-11-27-04-59-09-utc-300x200.jpg 300w, https:\/\/academiespatiale.fr\/wp-content\/uploads\/2025\/04\/MyJobGlasses_young-student-wearing-small-talk-studies-online-d-2023-11-27-04-59-09-utc-768x511.jpg 768w, https:\/\/academiespatiale.fr\/wp-content\/uploads\/2025\/04\/MyJobGlasses_young-student-wearing-small-talk-studies-online-d-2023-11-27-04-59-09-utc-360x240.jpg 360w\" sizes=\"auto, (max-width: 1024px) 100vw, 1024px\" \/><\/figure>\n<\/div>\n\n\n<div style=\"height:5px\" aria-hidden=\"true\" class=\"wp-block-spacer\"><\/div>\n\n\n\n<p class=\"has-background-color-background-color has-background has-small-font-size\" style=\"border-radius:20px\">Tu es un\u00b7e \u00e9tudiant\u00b7e ou un\u00b7e doctorant\u00b7e et tu souhaites rejoindre la plateforme MyJobGlasses ?<br>\u2192 <a href=\"https:\/\/academiespatiale.fr\/index.php\/les-ambassadeurs-et-ambassadrices-de-lacademie-spatiale-didf\/\">Devenir ambassadeur ou ambassadrice<\/a><\/p>\n\n\n\n<p class=\"has-small-font-size\">Plus d&rsquo;infos <br>\u2192 <a href=\"https:\/\/www.myjobglasses.com\/blog\/rencontrer\/avec-entre-jeunes-my-job-glasses-lutte-contre-linegalite-dinformation-et-rebat-les-cartes-de-lorientation\/\">Avec Entre Jeunes, My Job Glasses rebat les cartes de l&rsquo;orientation<\/a><\/p>\n<\/div>\n<\/div>\n\n\n\n<div class=\"wp-block-columns alignwide is-layout-flex wp-container-core-columns-is-layout-28f84493 wp-block-columns-is-layout-flex\">\n<div class=\"wp-block-column is-layout-flow wp-block-column-is-layout-flow\" style=\"flex-basis:100%\">\n<p><strong>Bravo \u00e0 nos \u00e9tudiantes et \u00e9tudiants ambassadeurs pour leur implication ! <br><\/strong>Et si toi aussi tu veux \u00e9changer avec eux, c\u2019est ici \u2193<\/p>\n<\/div>\n<\/div>\n\n\n\n<div class=\"wp-block-columns alignfull is-layout-flex wp-container-core-columns-is-layout-28f84493 wp-block-columns-is-layout-flex\">\n<div class=\"wp-block-column is-layout-flow wp-block-column-is-layout-flow\" style=\"flex-basis:100%\">\n<div id=\"widget-preview-regular-67e2644744a52c00151b4e22\"><\/div>\n<script async crossorigin\nsrc=\"https:\/\/api.myjobglasses.com\/widgets\/professional_search\/forms?widget_div_id=widget-preview-regular-67e2644744a52c00151b4e22&amp;widget_id=67e2644744a52c00151b4e22\"\n><\/script>\n<\/div>\n<\/div>\n\n\n\n<div class=\"wp-block-columns alignfull has-text-color has-link-color wp-elements-8422e2a85d9f2e5605b7dd2ae54b3e54 is-layout-flex wp-container-core-columns-is-layout-e94c545b wp-block-columns-is-layout-flex\" style=\"color:#b1b1b1;margin-top:-25px;margin-bottom:20px;padding-top:0;padding-right:0;padding-bottom:0;padding-left:60px;font-size:15px\">\n<div class=\"wp-block-column has-text-color has-link-color wp-elements-32661c60388d2123b0bf1683c717c484 is-layout-flow wp-block-column-is-layout-flow\" style=\"color:#a1a1a1;padding-top:0;padding-bottom:0;font-size:15px;font-style:normal;font-weight:100;flex-basis:100%\"><div class=\"aioseo-breadcrumbs\"><span class=\"aioseo-breadcrumb\">\n\t\t\tHome\n\t\t<\/span><\/div><\/div>\n<\/div>\n","protected":false},"excerpt":{"rendered":"<p>B\u00e9n\u00e9ficiez de l&rsquo;exp\u00e9rience de celles et ceux qui ont d\u00e9j\u00e0 trouv\u00e9 leur voie ! L&rsquo;Acad\u00e9mie Spatiale d&rsquo;\u00cele-de-France rejoint la nouvelle fonctionnalit\u00e9 \u00ab&nbsp;Entre jeunes&nbsp;\u00bb de la plateforme My Job Glasses, pionn\u00e8re de la mise en relation entre professionnel\u00b7les. Avec My Job Glasses Entre Jeunes, les jeunes d\u00e8s le coll\u00e8ge ont la [&hellip;]<\/p>\n","protected":false},"author":1,"featured_media":4065,"parent":8066,"menu_order":0,"comment_status":"closed","ping_status":"closed","template":"","meta":{"_monsterinsights_skip_tracking":false,"_monsterinsights_sitenote_active":false,"_monsterinsights_sitenote_note":"","_monsterinsights_sitenote_category":0,"_EventAllDay":false,"_EventTimezone":"","_EventStartDate":"","_EventEndDate":"","_EventStartDateUTC":"","_EventEndDateUTC":"","_EventShowMap":false,"_EventShowMapLink":false,"_EventURL":"","_EventCost":"","_EventCostDescription":"","_EventCurrencySymbol":"","_EventCurrencyCode":"","_EventCurrencyPosition":"","_EventDateTimeSeparator":"","_EventTimeRangeSeparator":"","_EventOrganizerID":[],"_EventVenueID":[],"_OrganizerEmail":"","_OrganizerPhone":"","_OrganizerWebsite":"","_VenueAddress":"","_VenueCity":"","_VenueCountry":"","_VenueProvince":"","_VenueState":"","_VenueZip":"","_VenuePhone":"","_VenueURL":"","_VenueStateProvince":"","_VenueLat":"","_VenueLng":"","_VenueShowMap":false,"_VenueShowMapLink":false,"footnotes":""},"class_list":["post-4048","page","type-page","status-publish","has-post-thumbnail","hentry"],"aioseo_notices":[],"_links":{"self":[{"href":"https:\/\/academiespatiale.fr\/index.php\/wp-json\/wp\/v2\/pages\/4048","targetHints":{"allow":["GET"]}}],"collection":[{"href":"https:\/\/academiespatiale.fr\/index.php\/wp-json\/wp\/v2\/pages"}],"about":[{"href":"https:\/\/academiespatiale.fr\/index.php\/wp-json\/wp\/v2\/types\/page"}],"author":[{"embeddable":true,"href":"https:\/\/academiespatiale.fr\/index.php\/wp-json\/wp\/v2\/users\/1"}],"replies":[{"embeddable":true,"href":"https:\/\/academiespatiale.fr\/index.php\/wp-json\/wp\/v2\/comments?post=4048"}],"version-history":[{"count":28,"href":"https:\/\/academiespatiale.fr\/index.php\/wp-json\/wp\/v2\/pages\/4048\/revisions"}],"predecessor-version":[{"id":7137,"href":"https:\/\/academiespatiale.fr\/index.php\/wp-json\/wp\/v2\/pages\/4048\/revisions\/7137"}],"up":[{"embeddable":true,"href":"https:\/\/academiespatiale.fr\/index.php\/wp-json\/wp\/v2\/pages\/8066"}],"wp:featuredmedia":[{"embeddable":true,"href":"https:\/\/academiespatiale.fr\/index.php\/wp-json\/wp\/v2\/media\/4065"}],"wp:attachment":[{"href":"https:\/\/academiespatiale.fr\/index.php\/wp-json\/wp\/v2\/media?parent=4048"}],"curies":[{"name":"wp","href":"https:\/\/api.w.org\/{rel}","templated":true}]}}