{"id":3786,"date":"2025-03-13T15:41:05","date_gmt":"2025-03-13T14:41:05","guid":{"rendered":"https:\/\/academiespatiale.fr\/?page_id=3786"},"modified":"2025-12-18T17:58:00","modified_gmt":"2025-12-18T16:58:00","slug":"les-ambassadeurs-et-ambassadrices-de-lacademie-spatiale-didf","status":"publish","type":"page","link":"https:\/\/academiespatiale.fr\/index.php\/les-ambassadeurs-et-ambassadrices-de-lacademie-spatiale-didf\/","title":{"rendered":"Devenir ambassadeur ou ambassadrice"},"content":{"rendered":"\n<div class=\"wp-block-columns alignfull has-text-color has-link-color wp-elements-8422e2a85d9f2e5605b7dd2ae54b3e54 is-layout-flex wp-container-core-columns-is-layout-e94c545b wp-block-columns-is-layout-flex\" style=\"color:#b1b1b1;margin-top:-25px;margin-bottom:20px;padding-top:0;padding-right:0;padding-bottom:0;padding-left:60px;font-size:15px\">\n<div class=\"wp-block-column has-text-color has-link-color wp-elements-32661c60388d2123b0bf1683c717c484 is-layout-flow wp-block-column-is-layout-flow\" style=\"color:#a1a1a1;padding-top:0;padding-bottom:0;font-size:15px;font-style:normal;font-weight:100;flex-basis:100%\"><div class=\"aioseo-breadcrumbs\"><span class=\"aioseo-breadcrumb\">\n\t\t\t<a href=\"https:\/\/academiespatiale.fr\" title=\"Home\">Home<\/a>\n\t\t<\/span><span class=\"aioseo-breadcrumb-separator\">&raquo;<\/span><span class=\"aioseo-breadcrumb\">\n\t\t\tDevenir ambassadeur ou ambassadrice\n\t\t<\/span><\/div><\/div>\n<\/div>\n\n\n\n<div class=\"wp-block-columns is-layout-flex wp-container-core-columns-is-layout-28f84493 wp-block-columns-is-layout-flex\">\n<div class=\"wp-block-column is-vertically-aligned-center is-layout-flow wp-block-column-is-layout-flow\" style=\"flex-basis:50%\">\n<p>Vous souhaitez vous engager aux c\u00f4t\u00e9s de l&rsquo;Acad\u00e9mie Spatiale et aider les jeunes \u00e0 trouver leur voie dans le spatial ?<\/p>\n\n\n\n<p>Remplissez le formulaire ci-dessous et rejoignez notre r\u00e9seau d&rsquo;ambassadeurs et d&rsquo;ambassadrices.<\/p>\n<\/div>\n\n\n\n<div class=\"wp-block-column is-layout-flow wp-block-column-is-layout-flow\" style=\"flex-basis:50%\">\n<figure class=\"wp-block-image size-large\"><img loading=\"lazy\" decoding=\"async\" width=\"1024\" height=\"683\" src=\"https:\/\/academiespatiale.fr\/wp-content\/uploads\/2025\/03\/pexels-fauxels-3184427-1024x683.jpg\" alt=\"\" class=\"wp-image-3813\" srcset=\"https:\/\/academiespatiale.fr\/wp-content\/uploads\/2025\/03\/pexels-fauxels-3184427-1024x683.jpg 1024w, https:\/\/academiespatiale.fr\/wp-content\/uploads\/2025\/03\/pexels-fauxels-3184427-300x200.jpg 300w, https:\/\/academiespatiale.fr\/wp-content\/uploads\/2025\/03\/pexels-fauxels-3184427-768x512.jpg 768w, https:\/\/academiespatiale.fr\/wp-content\/uploads\/2025\/03\/pexels-fauxels-3184427-1536x1024.jpg 1536w, https:\/\/academiespatiale.fr\/wp-content\/uploads\/2025\/03\/pexels-fauxels-3184427-2048x1365.jpg 2048w, https:\/\/academiespatiale.fr\/wp-content\/uploads\/2025\/03\/pexels-fauxels-3184427-360x240.jpg 360w\" sizes=\"auto, (max-width: 1024px) 100vw, 1024px\" \/><\/figure>\n<\/div>\n<\/div>\n\n\n\n<div class=\"wp-block-columns is-layout-flex wp-container-core-columns-is-layout-f65187a8 wp-block-columns-is-layout-flex\" style=\"border-width:1px;border-radius:17px;padding-top:var(--wp--preset--spacing--60);padding-right:var(--wp--preset--spacing--60);padding-bottom:var(--wp--preset--spacing--60);padding-left:var(--wp--preset--spacing--60)\">\n<div class=\"wp-block-column is-layout-flow wp-block-column-is-layout-flow\"><style id=\"wpforms-css-vars-3789-block-372caaaa-036a-449b-b458-53702296f56e\">\n\t\t\t\t#wpforms-3789.wpforms-block-372caaaa-036a-449b-b458-53702296f56e {\n\t\t\t\t--wpforms-field-size-input-height: 43px;\n--wpforms-field-size-input-spacing: 15px;\n--wpforms-field-size-font-size: 16px;\n--wpforms-field-size-line-height: 19px;\n--wpforms-field-size-padding-h: 14px;\n--wpforms-field-size-checkbox-size: 16px;\n--wpforms-field-size-sublabel-spacing: 5px;\n--wpforms-field-size-icon-size: 1;\n--wpforms-label-size-font-size: 16px;\n--wpforms-label-size-line-height: 19px;\n--wpforms-label-size-sublabel-font-size: 14px;\n--wpforms-label-size-sublabel-line-height: 17px;\n--wpforms-button-size-font-size: 17px;\n--wpforms-button-size-height: 41px;\n--wpforms-button-size-padding-h: 15px;\n--wpforms-button-size-margin-top: 10px;\n\t\t\t}\n\t\t\t<\/style><div class=\"wpforms-container wpforms-container-full wpforms-block wpforms-block-372caaaa-036a-449b-b458-53702296f56e wpforms-render-modern\" id=\"wpforms-3789\"><form id=\"wpforms-form-3789\" class=\"wpforms-validate wpforms-form\" data-formid=\"3789\" method=\"post\" enctype=\"multipart\/form-data\" action=\"\/index.php\/wp-json\/wp\/v2\/pages\/3786\" data-token=\"a68ca4ca0b00cdfc11b96f47d4fea4ef\" data-token-time=\"1777705104\"><noscript class=\"wpforms-error-noscript\">Veuillez activer JavaScript dans votre navigateur pour remplir ce formulaire.<\/noscript><div id=\"wpforms-error-noscript\" style=\"display: none;\">Veuillez activer JavaScript dans votre navigateur pour remplir ce formulaire.<\/div><div class=\"wpforms-field-container\"><div id=\"wpforms-3789-field_0-container\" class=\"wpforms-field wpforms-field-name wpforms-one-half wpforms-first\" data-field-id=\"0\"><label class=\"wpforms-field-label\" for=\"wpforms-3789-field_0\">Pr\u00e9nom Nom <span class=\"wpforms-required-label\" aria-hidden=\"true\">*<\/span><\/label><input type=\"text\" id=\"wpforms-3789-field_0\" class=\"wpforms-field-large wpforms-field-required\" name=\"wpforms[fields][0]\" aria-errormessage=\"wpforms-3789-field_0-error\" required><\/div><div id=\"wpforms-3789-field_3-container\" class=\"wpforms-field wpforms-field-email wpforms-one-half\" data-field-id=\"3\"><label class=\"wpforms-field-label\" for=\"wpforms-3789-field_3\">Email <span class=\"wpforms-required-label\" aria-hidden=\"true\">*<\/span><\/label><input type=\"email\" id=\"wpforms-3789-field_3\" class=\"wpforms-field-large wpforms-field-required\" name=\"wpforms[fields][3]\" spellcheck=\"false\" aria-errormessage=\"wpforms-3789-field_3-error\" required><\/div><div id=\"wpforms-3789-field_8-container\" class=\"wpforms-field wpforms-field-select wpforms-field-select-style-modern\" data-field-id=\"8\"><label class=\"wpforms-field-label\" for=\"wpforms-3789-field_8\">Vous \u00eates : <span class=\"wpforms-required-label\" aria-hidden=\"true\">*<\/span><\/label><select id=\"wpforms-3789-field_8\" class=\"wpforms-field-medium wpforms-field-required choicesjs-select\" data-size-class=\"wpforms-field-row wpforms-field-medium\" data-search-enabled=\"\" name=\"wpforms[fields][8]\" required=\"required\"><option value=\"\" class=\"placeholder\" disabled  selected='selected'><\/option><option value=\"Enseignant-chercheur \/ enseignante-chercheuse\"  class=\"choice-1 depth-1\"  >Enseignant-chercheur \/ enseignante-chercheuse<\/option><option value=\"Chercheur \/ chercheuse\"  class=\"choice-2 depth-1\"  >Chercheur \/ chercheuse<\/option><option value=\"IATSS (personnels Ing\u00e9nieur\u00b7es, Administratifs, Technicien\u00b7nes, Sociaux et de Sant\u00e9)\"  class=\"choice-3 depth-1\"  >IATSS (personnels Ing\u00e9nieur\u00b7es, Administratifs, Technicien\u00b7nes, Sociaux et de Sant\u00e9)<\/option><option value=\"Doctorant \/ doctorante\"  class=\"choice-6 depth-1\"  >Doctorant \/ doctorante<\/option><option value=\"Alternant \/ Alternante\"  class=\"choice-5 depth-1\"  >Alternant \/ Alternante<\/option><option value=\"\u00c9tudiant\u00b7e de master\"  class=\"choice-4 depth-1\"  >\u00c9tudiant\u00b7e de master<\/option><option value=\"\u00c9tudiant\u00b7e de licence\"  class=\"choice-7 depth-1\"  >\u00c9tudiant\u00b7e de licence<\/option><\/select><\/div><div id=\"wpforms-3789-field_6-container\" class=\"wpforms-field wpforms-field-checkbox\" data-field-id=\"6\"><fieldset><legend class=\"wpforms-field-label\">Quelles actions vous int\u00e9resseraient ? <span class=\"wpforms-required-label\" aria-hidden=\"true\">*<\/span><\/legend><ul id=\"wpforms-3789-field_6\" class=\"wpforms-field-required\"><li class=\"choice-2 depth-1\"><input type=\"checkbox\" id=\"wpforms-3789-field_6_2\" name=\"wpforms[fields][6][]\" value=\"Repr\u00e9senter l&#039;Acad\u00e9mie Spatiale lors de salons\" aria-errormessage=\"wpforms-3789-field_6_2-error\" required ><label class=\"wpforms-field-label-inline\" for=\"wpforms-3789-field_6_2\">Repr\u00e9senter l&rsquo;Acad\u00e9mie Spatiale lors de salons<\/label><\/li><li class=\"choice-6 depth-1\"><input type=\"checkbox\" id=\"wpforms-3789-field_6_6\" name=\"wpforms[fields][6][]\" value=\"Intervenir dans un coll\u00e8ge \/ lyc\u00e9e pour discuter de vos \u00e9tudes et\/ou de votre m\u00e9tier (D\u00e9clicsColl\u00e8ge)\" aria-errormessage=\"wpforms-3789-field_6_6-error\" required ><label class=\"wpforms-field-label-inline\" for=\"wpforms-3789-field_6_6\">Intervenir dans un coll\u00e8ge \/ lyc\u00e9e pour discuter de vos \u00e9tudes et\/ou de votre m\u00e9tier (D\u00e9clicsColl\u00e8ge)<\/label><\/li><li class=\"choice-1 depth-1\"><input type=\"checkbox\" id=\"wpforms-3789-field_6_1\" name=\"wpforms[fields][6][]\" value=\"Si vous \u00eates un\u00b7e \u00e9tudiant\u00b7e ou un\u00b7e doctorant\u00b7e : \u00e9changer individuellement avec des jeunes sur leur orientation via MyJobGlasses\" aria-errormessage=\"wpforms-3789-field_6_1-error\" required ><label class=\"wpforms-field-label-inline\" for=\"wpforms-3789-field_6_1\">Si vous \u00eates un\u00b7e \u00e9tudiant\u00b7e ou un\u00b7e doctorant\u00b7e : \u00e9changer individuellement avec des jeunes sur leur orientation via MyJobGlasses<\/label><\/li><li class=\"choice-7 depth-1\"><input type=\"checkbox\" id=\"wpforms-3789-field_6_7\" name=\"wpforms[fields][6][]\" value=\"Si vous \u00eates un\u00b7e pro ou un\u00b7e doctorant\u00b7e : accompagner un\u00b7e \u00e9l\u00e8ve pour un stage d&#039;observation de seconde (2 semaines en juin)\" aria-errormessage=\"wpforms-3789-field_6_7-error\" required ><label class=\"wpforms-field-label-inline\" for=\"wpforms-3789-field_6_7\">Si vous \u00eates un\u00b7e pro ou un\u00b7e doctorant\u00b7e : accompagner un\u00b7e \u00e9l\u00e8ve pour un stage d&rsquo;observation de seconde (2 semaines en juin)<\/label><\/li><\/ul><\/fieldset><\/div><div id=\"wpforms-3789-field_2-container\" class=\"wpforms-field wpforms-field-textarea\" data-field-id=\"2\"><label class=\"wpforms-field-label\" for=\"wpforms-3789-field_2\">Votre message <span class=\"wpforms-required-label\" aria-hidden=\"true\">*<\/span><\/label><textarea id=\"wpforms-3789-field_2\" class=\"wpforms-field-medium wpforms-field-required\" name=\"wpforms[fields][2]\" aria-errormessage=\"wpforms-3789-field_2-error\" required><\/textarea><\/div><\/div><!-- .wpforms-field-container --><div class=\"wpforms-submit-container\" ><input type=\"hidden\" name=\"wpforms[id]\" value=\"3789\"><input type=\"hidden\" name=\"page_title\" value=\"\"><input type=\"hidden\" name=\"page_url\" value=\"https:\/\/academiespatiale.fr\/index.php\/wp-json\/wp\/v2\/pages\/3786\"><input type=\"hidden\" name=\"url_referer\" value=\"\"><button type=\"submit\" name=\"wpforms[submit]\" id=\"wpforms-submit-3789\" class=\"wpforms-submit\" data-alt-text=\"En cours d&#039;envoi...\" data-submit-text=\"Envoyer\" aria-live=\"assertive\" value=\"wpforms-submit\">Envoyer<\/button><\/div><\/form><\/div>  <!-- .wpforms-container --><\/div>\n<\/div>\n\n\n\n<p><\/p>\n","protected":false},"excerpt":{"rendered":"<p>Vous souhaitez vous engager aux c\u00f4t\u00e9s de l&rsquo;Acad\u00e9mie Spatiale et aider les jeunes \u00e0 trouver leur voie dans le spatial ? Remplissez le formulaire ci-dessous et rejoignez notre r\u00e9seau d&rsquo;ambassadeurs et d&rsquo;ambassadrices.<\/p>\n","protected":false},"author":1,"featured_media":0,"parent":0,"menu_order":0,"comment_status":"closed","ping_status":"closed","template":"","meta":{"_monsterinsights_skip_tracking":false,"_monsterinsights_sitenote_active":false,"_monsterinsights_sitenote_note":"","_monsterinsights_sitenote_category":0,"_EventAllDay":false,"_EventTimezone":"","_EventStartDate":"","_EventEndDate":"","_EventStartDateUTC":"","_EventEndDateUTC":"","_EventShowMap":false,"_EventShowMapLink":false,"_EventURL":"","_EventCost":"","_EventCostDescription":"","_EventCurrencySymbol":"","_EventCurrencyCode":"","_EventCurrencyPosition":"","_EventDateTimeSeparator":"","_EventTimeRangeSeparator":"","_EventOrganizerID":[],"_EventVenueID":[],"_OrganizerEmail":"","_OrganizerPhone":"","_OrganizerWebsite":"","_VenueAddress":"","_VenueCity":"","_VenueCountry":"","_VenueProvince":"","_VenueState":"","_VenueZip":"","_VenuePhone":"","_VenueURL":"","_VenueStateProvince":"","_VenueLat":"","_VenueLng":"","_VenueShowMap":false,"_VenueShowMapLink":false,"footnotes":""},"class_list":["post-3786","page","type-page","status-publish","hentry"],"aioseo_notices":[],"_links":{"self":[{"href":"https:\/\/academiespatiale.fr\/index.php\/wp-json\/wp\/v2\/pages\/3786","targetHints":{"allow":["GET"]}}],"collection":[{"href":"https:\/\/academiespatiale.fr\/index.php\/wp-json\/wp\/v2\/pages"}],"about":[{"href":"https:\/\/academiespatiale.fr\/index.php\/wp-json\/wp\/v2\/types\/page"}],"author":[{"embeddable":true,"href":"https:\/\/academiespatiale.fr\/index.php\/wp-json\/wp\/v2\/users\/1"}],"replies":[{"embeddable":true,"href":"https:\/\/academiespatiale.fr\/index.php\/wp-json\/wp\/v2\/comments?post=3786"}],"version-history":[{"count":14,"href":"https:\/\/academiespatiale.fr\/index.php\/wp-json\/wp\/v2\/pages\/3786\/revisions"}],"predecessor-version":[{"id":7138,"href":"https:\/\/academiespatiale.fr\/index.php\/wp-json\/wp\/v2\/pages\/3786\/revisions\/7138"}],"wp:attachment":[{"href":"https:\/\/academiespatiale.fr\/index.php\/wp-json\/wp\/v2\/media?parent=3786"}],"curies":[{"name":"wp","href":"https:\/\/api.w.org\/{rel}","templated":true}]}}