{"id":3574,"date":"2025-02-26T18:06:53","date_gmt":"2025-02-26T17:06:53","guid":{"rendered":"https:\/\/academiespatiale.fr\/?page_id=3574"},"modified":"2026-03-25T18:22:04","modified_gmt":"2026-03-25T17:22:04","slug":"logos","status":"publish","type":"page","link":"https:\/\/academiespatiale.fr\/index.php\/a-propos\/logos\/","title":{"rendered":"Logos de l&rsquo;Acad\u00e9mie Spatiale d&rsquo;\u00cele-de-France"},"content":{"rendered":"\n<div class=\"wp-block-columns alignfull has-text-color has-link-color wp-elements-8422e2a85d9f2e5605b7dd2ae54b3e54 is-layout-flex wp-container-core-columns-is-layout-e94c545b wp-block-columns-is-layout-flex\" style=\"color:#b1b1b1;margin-top:-25px;margin-bottom:20px;padding-top:0;padding-right:0;padding-bottom:0;padding-left:60px;font-size:15px\">\n<div class=\"wp-block-column has-text-color has-link-color wp-elements-32661c60388d2123b0bf1683c717c484 is-layout-flow wp-block-column-is-layout-flow\" style=\"color:#a1a1a1;padding-top:0;padding-bottom:0;font-size:15px;font-style:normal;font-weight:100;flex-basis:100%\"><div class=\"aioseo-breadcrumbs\"><span class=\"aioseo-breadcrumb\">\n\t\t\t<a href=\"https:\/\/academiespatiale.fr\" title=\"Home\">Home<\/a>\n\t\t<\/span><span class=\"aioseo-breadcrumb-separator\">&raquo;<\/span><span class=\"aioseo-breadcrumb\">\n\t\t\t<a href=\"https:\/\/academiespatiale.fr\/index.php\/a-propos\/\" title=\"\u00c0 propos de l\u2019Acad\u00e9mie Spatiale d\u2019IDF\">\u00c0 propos de l\u2019Acad\u00e9mie Spatiale d\u2019IDF<\/a>\n\t\t<\/span><span class=\"aioseo-breadcrumb-separator\">&raquo;<\/span><span class=\"aioseo-breadcrumb\">\n\t\t\tLogos de l\u2019Acad\u00e9mie Spatiale d\u2019\u00cele-de-France\n\t\t<\/span><\/div><\/div>\n<\/div>\n\n\n\n<div class=\"wp-block-columns alignwide is-layout-flex wp-container-core-columns-is-layout-28f84493 wp-block-columns-is-layout-flex\">\n<div class=\"wp-block-column is-layout-flow wp-block-column-is-layout-flow\" style=\"flex-basis:100%\">\n<p><strong>Vous trouverez sur cette page les logos de l&rsquo;Acad\u00e9mie Spatiale d&rsquo;\u00cele-de-France et de France 2030. Le format patch ainsi que les fichiers modifiables sont disponibles sur demande.<\/strong><\/p>\n\n\n\n<p>L&rsquo;Acad\u00e9mie Spatiale a b\u00e9n\u00e9fici\u00e9 d\u2019une aide de l\u2019\u00c9tat g\u00e9r\u00e9e par l\u2019Agence Nationale de la Recherche au titre de France 2030 portant la r\u00e9f\u00e9rence ANR-23-CMAS-0041.<\/p>\n\n\n\n<p>Pour toutes questions, merci de contacter : <a href=\"mailto:communication@academiespatiale.fr\" target=\"_blank\" rel=\"noopener\" title=\"\">communication@academiespatiale.fr <\/a><\/p>\n<\/div>\n<\/div>\n\n\n\n<hr class=\"wp-block-separator has-alpha-channel-opacity\" style=\"margin-top:var(--wp--preset--spacing--80);margin-bottom:var(--wp--preset--spacing--80)\"\/>\n\n\n\n<div class=\"wp-block-columns alignwide is-layout-flex wp-container-core-columns-is-layout-cf05694f wp-block-columns-is-layout-flex\">\n<div class=\"wp-block-column is-layout-flow wp-block-column-is-layout-flow\">\n<div style=\"height:20px\" aria-hidden=\"true\" class=\"wp-block-spacer\"><\/div>\n\n\n<div class=\"wp-block-image\">\n<figure class=\"aligncenter size-full is-resized\"><img loading=\"lazy\" decoding=\"async\" width=\"1716\" height=\"473\" src=\"https:\/\/academiespatiale.fr\/wp-content\/uploads\/2026\/03\/ASIDF-Fr2030_logo_compact_RVB.png\" alt=\"\" class=\"wp-image-8670\" style=\"width:250px\" srcset=\"https:\/\/academiespatiale.fr\/wp-content\/uploads\/2026\/03\/ASIDF-Fr2030_logo_compact_RVB.png 1716w, https:\/\/academiespatiale.fr\/wp-content\/uploads\/2026\/03\/ASIDF-Fr2030_logo_compact_RVB-300x83.png 300w, https:\/\/academiespatiale.fr\/wp-content\/uploads\/2026\/03\/ASIDF-Fr2030_logo_compact_RVB-1024x282.png 1024w, https:\/\/academiespatiale.fr\/wp-content\/uploads\/2026\/03\/ASIDF-Fr2030_logo_compact_RVB-768x212.png 768w, https:\/\/academiespatiale.fr\/wp-content\/uploads\/2026\/03\/ASIDF-Fr2030_logo_compact_RVB-1536x423.png 1536w\" sizes=\"auto, (max-width: 1716px) 100vw, 1716px\" \/><\/figure>\n<\/div>\n\n\n<hr class=\"wp-block-separator has-alpha-channel-opacity\" style=\"margin-top:var(--wp--preset--spacing--80);margin-bottom:var(--wp--preset--spacing--80)\"\/>\n\n\n\n<p class=\"has-text-align-center\"><strong>Format compact<\/strong><br>en couleur ou en blanc<\/p>\n\n\n\n<div class=\"wp-block-file aligncenter\"><a id=\"wp-block-file--media-08e42981-f897-4939-b254-bf4461ecef7b\" href=\"https:\/\/academiespatiale.fr\/wp-content\/uploads\/2026\/03\/ASIDF-Fr2030_logo_compact_RVB-1.png\">ASIDF-Fr2030_logo_compact_RVB<\/a><a href=\"https:\/\/academiespatiale.fr\/wp-content\/uploads\/2026\/03\/ASIDF-Fr2030_logo_compact_RVB-1.png\" class=\"wp-block-file__button wp-element-button\" download aria-describedby=\"wp-block-file--media-08e42981-f897-4939-b254-bf4461ecef7b\">Usage num\u00e9rique : RVB &#8211; PNG<\/a><\/div>\n\n\n\n<div class=\"wp-block-file aligncenter\"><a id=\"wp-block-file--media-56bd7b89-70c8-43dd-8bcd-8d0a5fc4515a\" href=\"https:\/\/academiespatiale.fr\/wp-content\/uploads\/2026\/03\/ASIDF-Fr2030_logo_compact_CMJN.jpg\">ASIDF-Fr2030_logo_compact_CMJN<\/a><a href=\"https:\/\/academiespatiale.fr\/wp-content\/uploads\/2026\/03\/ASIDF-Fr2030_logo_compact_CMJN.jpg\" class=\"wp-block-file__button wp-element-button\" download aria-describedby=\"wp-block-file--media-56bd7b89-70c8-43dd-8bcd-8d0a5fc4515a\">Impression papier : CMJN &#8211; JPG<\/a><\/div>\n\n\n\n<div class=\"wp-block-file aligncenter\"><a id=\"wp-block-file--media-7731431c-4abf-4b36-932e-1fa111e32938\" href=\"https:\/\/academiespatiale.fr\/wp-content\/uploads\/2026\/03\/ASIDF-Fr2030_logo_compact_CMJN.pdf\">ASIDF-Fr2030_logo_compact_CMJN<\/a><a href=\"https:\/\/academiespatiale.fr\/wp-content\/uploads\/2026\/03\/ASIDF-Fr2030_logo_compact_CMJN.pdf\" class=\"wp-block-file__button wp-element-button\" download aria-describedby=\"wp-block-file--media-7731431c-4abf-4b36-932e-1fa111e32938\">Impression papier : CMJN &#8211; PDF<\/a><\/div>\n\n\n\n<div class=\"wp-block-file aligncenter\"><a id=\"wp-block-file--media-b6be41c6-8aef-4711-8671-96da121a2c4e\" href=\"https:\/\/academiespatiale.fr\/wp-content\/uploads\/2026\/03\/ASIDF-Fr2030_logo_compact_blanc.png\">ASIDF-Fr2030_logo_compact_blanc<\/a><a href=\"https:\/\/academiespatiale.fr\/wp-content\/uploads\/2026\/03\/ASIDF-Fr2030_logo_compact_blanc.png\" class=\"wp-block-file__button wp-element-button\" download aria-describedby=\"wp-block-file--media-b6be41c6-8aef-4711-8671-96da121a2c4e\">Monochrome BLANC<\/a><\/div>\n<\/div>\n\n\n\n<div class=\"wp-block-column is-layout-flow wp-block-column-is-layout-flow\"><div class=\"wp-block-image\">\n<figure class=\"aligncenter size-full is-resized\"><img loading=\"lazy\" decoding=\"async\" width=\"1245\" height=\"901\" src=\"https:\/\/academiespatiale.fr\/wp-content\/uploads\/2026\/03\/ASIDF-Fr2030_logo_carre_RVB.png\" alt=\"\" class=\"wp-image-8676\" style=\"width:250px\" srcset=\"https:\/\/academiespatiale.fr\/wp-content\/uploads\/2026\/03\/ASIDF-Fr2030_logo_carre_RVB.png 1245w, https:\/\/academiespatiale.fr\/wp-content\/uploads\/2026\/03\/ASIDF-Fr2030_logo_carre_RVB-300x217.png 300w, https:\/\/academiespatiale.fr\/wp-content\/uploads\/2026\/03\/ASIDF-Fr2030_logo_carre_RVB-1024x741.png 1024w, https:\/\/academiespatiale.fr\/wp-content\/uploads\/2026\/03\/ASIDF-Fr2030_logo_carre_RVB-768x556.png 768w\" sizes=\"auto, (max-width: 1245px) 100vw, 1245px\" \/><\/figure>\n<\/div>\n\n\n<hr class=\"wp-block-separator has-alpha-channel-opacity\" style=\"margin-top:var(--wp--preset--spacing--80);margin-bottom:var(--wp--preset--spacing--80)\"\/>\n\n\n\n<p class=\"has-text-align-center\"><strong>Format carr\u00e9<\/strong><br>en couleur ou en blanc<\/p>\n\n\n\n<div class=\"wp-block-file aligncenter\"><a id=\"wp-block-file--media-221c5b48-7f2e-4230-86b4-e8f291dac972\" href=\"https:\/\/academiespatiale.fr\/wp-content\/uploads\/2026\/03\/ASIDF-Fr2030_logo_carre_RVB-1.png\">ASIDF-Fr2030_logo_carre_RVB<\/a><a href=\"https:\/\/academiespatiale.fr\/wp-content\/uploads\/2026\/03\/ASIDF-Fr2030_logo_carre_RVB-1.png\" class=\"wp-block-file__button wp-element-button\" download aria-describedby=\"wp-block-file--media-221c5b48-7f2e-4230-86b4-e8f291dac972\">Usage num\u00e9rique : RVB &#8211; PNG<\/a><\/div>\n\n\n\n<div class=\"wp-block-file aligncenter\"><a id=\"wp-block-file--media-cad9d615-5b58-4fc8-b8bc-b53b368338be\" href=\"https:\/\/academiespatiale.fr\/wp-content\/uploads\/2026\/03\/ASIDF-Fr2030_logo_carre_CMJN.jpg\">ASIDF-Fr2030_logo_carre_CMJN<\/a><a href=\"https:\/\/academiespatiale.fr\/wp-content\/uploads\/2026\/03\/ASIDF-Fr2030_logo_carre_CMJN.jpg\" class=\"wp-block-file__button wp-element-button\" download aria-describedby=\"wp-block-file--media-cad9d615-5b58-4fc8-b8bc-b53b368338be\">Impression papier : CMJN &#8211; JPG<\/a><\/div>\n\n\n\n<div class=\"wp-block-file aligncenter\"><a id=\"wp-block-file--media-b29c14c2-6b52-403a-b86f-9d08075bf81d\" href=\"https:\/\/academiespatiale.fr\/wp-content\/uploads\/2026\/03\/ASIDF-Fr2030_logo_carre_CMJN.pdf\">ASIDF-Fr2030_logo_carre_CMJN<\/a><a href=\"https:\/\/academiespatiale.fr\/wp-content\/uploads\/2026\/03\/ASIDF-Fr2030_logo_carre_CMJN.pdf\" class=\"wp-block-file__button wp-element-button\" download aria-describedby=\"wp-block-file--media-b29c14c2-6b52-403a-b86f-9d08075bf81d\">Impression papier : CMJN &#8211; PDF<\/a><\/div>\n\n\n\n<div class=\"wp-block-file aligncenter\"><a id=\"wp-block-file--media-4c59d39e-bff6-428b-a861-9f5faa4371b1\" href=\"https:\/\/academiespatiale.fr\/wp-content\/uploads\/2026\/03\/ASIDF-Fr2030_logo_carre_blanc.png\">ASIDF-Fr2030_logo_carre_blanc<\/a><a href=\"https:\/\/academiespatiale.fr\/wp-content\/uploads\/2026\/03\/ASIDF-Fr2030_logo_carre_blanc.png\" class=\"wp-block-file__button wp-element-button\" download aria-describedby=\"wp-block-file--media-4c59d39e-bff6-428b-a861-9f5faa4371b1\">Monochrome BLANC<\/a><\/div>\n<\/div>\n\n\n\n<div class=\"wp-block-column is-layout-flow wp-block-column-is-layout-flow\">\n<div style=\"height:20px\" aria-hidden=\"true\" class=\"wp-block-spacer\"><\/div>\n\n\n<div class=\"wp-block-image\">\n<figure class=\"aligncenter size-full is-resized\"><img loading=\"lazy\" decoding=\"async\" width=\"2192\" height=\"366\" src=\"https:\/\/academiespatiale.fr\/wp-content\/uploads\/2026\/03\/ASIDF-Fr2030_logo_ligne_RVB.png\" alt=\"\" class=\"wp-image-8681\" style=\"aspect-ratio:5.981308411214953;width:250px\" srcset=\"https:\/\/academiespatiale.fr\/wp-content\/uploads\/2026\/03\/ASIDF-Fr2030_logo_ligne_RVB.png 2192w, https:\/\/academiespatiale.fr\/wp-content\/uploads\/2026\/03\/ASIDF-Fr2030_logo_ligne_RVB-300x50.png 300w, https:\/\/academiespatiale.fr\/wp-content\/uploads\/2026\/03\/ASIDF-Fr2030_logo_ligne_RVB-1024x171.png 1024w, https:\/\/academiespatiale.fr\/wp-content\/uploads\/2026\/03\/ASIDF-Fr2030_logo_ligne_RVB-768x128.png 768w, https:\/\/academiespatiale.fr\/wp-content\/uploads\/2026\/03\/ASIDF-Fr2030_logo_ligne_RVB-1536x256.png 1536w, https:\/\/academiespatiale.fr\/wp-content\/uploads\/2026\/03\/ASIDF-Fr2030_logo_ligne_RVB-2048x342.png 2048w\" sizes=\"auto, (max-width: 2192px) 100vw, 2192px\" \/><\/figure>\n<\/div>\n\n\n<hr class=\"wp-block-separator has-alpha-channel-opacity\" style=\"margin-top:var(--wp--preset--spacing--80);margin-bottom:var(--wp--preset--spacing--80)\"\/>\n\n\n\n<p class=\"has-text-align-center\"><strong>Format ligne<br><\/strong>en couleur ou en blanc<\/p>\n\n\n\n<div class=\"wp-block-file aligncenter\"><a id=\"wp-block-file--media-52a07525-ceb1-49e7-9859-aaa221e37f9a\" href=\"https:\/\/academiespatiale.fr\/wp-content\/uploads\/2026\/03\/ASIDF-Fr2030_logo_ligne_RVB-1.png\">ASIDF-Fr2030_logo_ligne_RVB<\/a><a href=\"https:\/\/academiespatiale.fr\/wp-content\/uploads\/2026\/03\/ASIDF-Fr2030_logo_ligne_RVB-1.png\" class=\"wp-block-file__button wp-element-button\" download aria-describedby=\"wp-block-file--media-52a07525-ceb1-49e7-9859-aaa221e37f9a\">Usage num\u00e9rique : RVB &#8211; PNG<\/a><\/div>\n\n\n\n<div class=\"wp-block-file aligncenter\"><a id=\"wp-block-file--media-58c2f748-6c8a-4877-abe1-c3903e07776e\" href=\"https:\/\/academiespatiale.fr\/wp-content\/uploads\/2026\/03\/ASIDF-Fr2030_logo_ligne_CMJN.jpg\">ASIDF-Fr2030_logo_ligne_CMJN<\/a><a href=\"https:\/\/academiespatiale.fr\/wp-content\/uploads\/2026\/03\/ASIDF-Fr2030_logo_ligne_CMJN.jpg\" class=\"wp-block-file__button wp-element-button\" download aria-describedby=\"wp-block-file--media-58c2f748-6c8a-4877-abe1-c3903e07776e\">Impression papier : CMJN &#8211; JPG<\/a><\/div>\n\n\n\n<div class=\"wp-block-file aligncenter\"><a id=\"wp-block-file--media-e9a73da5-a8b5-4d23-95f0-fa258bda90fe\" href=\"https:\/\/academiespatiale.fr\/wp-content\/uploads\/2026\/03\/ASIDF-Fr2030_logo_ligne_CMJN.pdf\">ASIDF-Fr2030_logo_ligne_CMJN<\/a><a href=\"https:\/\/academiespatiale.fr\/wp-content\/uploads\/2026\/03\/ASIDF-Fr2030_logo_ligne_CMJN.pdf\" class=\"wp-block-file__button wp-element-button\" download aria-describedby=\"wp-block-file--media-e9a73da5-a8b5-4d23-95f0-fa258bda90fe\">Impression papier : CMJN &#8211; PDF<\/a><\/div>\n\n\n\n<div class=\"wp-block-file aligncenter\"><a id=\"wp-block-file--media-dc3fcf6b-85e0-4a38-b13a-4d2c14a07c4a\" href=\"https:\/\/academiespatiale.fr\/wp-content\/uploads\/2026\/03\/ASIDF-Fr2030_logo_ligne_blanc.png\">ASIDF-Fr2030_logo_ligne_blanc<\/a><a href=\"https:\/\/academiespatiale.fr\/wp-content\/uploads\/2026\/03\/ASIDF-Fr2030_logo_ligne_blanc.png\" class=\"wp-block-file__button wp-element-button\" download aria-describedby=\"wp-block-file--media-dc3fcf6b-85e0-4a38-b13a-4d2c14a07c4a\">Monochrome BLANC<\/a><\/div>\n<\/div>\n<\/div>\n\n\n\n<hr class=\"wp-block-separator has-alpha-channel-opacity\" style=\"margin-top:var(--wp--preset--spacing--80);margin-bottom:var(--wp--preset--spacing--80)\"\/>\n\n\n\n<figure class=\"wp-block-image alignwide size-full\"><img loading=\"lazy\" decoding=\"async\" width=\"20875\" height=\"1462\" src=\"https:\/\/academiespatiale.fr\/wp-content\/uploads\/2024\/05\/Frise_logosCMA-HDD.png\" alt=\"\" class=\"wp-image-1001\" srcset=\"https:\/\/academiespatiale.fr\/wp-content\/uploads\/2024\/05\/Frise_logosCMA-HDD.png 20875w, https:\/\/academiespatiale.fr\/wp-content\/uploads\/2024\/05\/Frise_logosCMA-HDD-300x21.png 300w, https:\/\/academiespatiale.fr\/wp-content\/uploads\/2024\/05\/Frise_logosCMA-HDD-1024x72.png 1024w, https:\/\/academiespatiale.fr\/wp-content\/uploads\/2024\/05\/Frise_logosCMA-HDD-768x54.png 768w, https:\/\/academiespatiale.fr\/wp-content\/uploads\/2024\/05\/Frise_logosCMA-HDD-1536x108.png 1536w, https:\/\/academiespatiale.fr\/wp-content\/uploads\/2024\/05\/Frise_logosCMA-HDD-2048x143.png 2048w\" sizes=\"auto, (max-width: 20875px) 100vw, 20875px\" \/><\/figure>\n\n\n\n<div style=\"height:100px\" aria-hidden=\"true\" class=\"wp-block-spacer\"><\/div>\n","protected":false},"excerpt":{"rendered":"<p>Vous trouverez sur cette page les logos de l&rsquo;Acad\u00e9mie Spatiale d&rsquo;\u00cele-de-France et de France 2030. Le format patch ainsi que les fichiers modifiables sont disponibles sur demande. L&rsquo;Acad\u00e9mie Spatiale a b\u00e9n\u00e9fici\u00e9 d\u2019une aide de l\u2019\u00c9tat g\u00e9r\u00e9e par l\u2019Agence Nationale de la Recherche au titre de France 2030 portant la r\u00e9f\u00e9rence [&hellip;]<\/p>\n","protected":false},"author":1,"featured_media":0,"parent":61,"menu_order":0,"comment_status":"closed","ping_status":"closed","template":"","meta":{"_monsterinsights_skip_tracking":false,"_monsterinsights_sitenote_active":false,"_monsterinsights_sitenote_note":"","_monsterinsights_sitenote_category":0,"_EventAllDay":false,"_EventTimezone":"","_EventStartDate":"","_EventEndDate":"","_EventStartDateUTC":"","_EventEndDateUTC":"","_EventShowMap":false,"_EventShowMapLink":false,"_EventURL":"","_EventCost":"","_EventCostDescription":"","_EventCurrencySymbol":"","_EventCurrencyCode":"","_EventCurrencyPosition":"","_EventDateTimeSeparator":"","_EventTimeRangeSeparator":"","_EventOrganizerID":[],"_EventVenueID":[],"_OrganizerEmail":"","_OrganizerPhone":"","_OrganizerWebsite":"","_VenueAddress":"","_VenueCity":"","_VenueCountry":"","_VenueProvince":"","_VenueState":"","_VenueZip":"","_VenuePhone":"","_VenueURL":"","_VenueStateProvince":"","_VenueLat":"","_VenueLng":"","_VenueShowMap":false,"_VenueShowMapLink":false,"footnotes":""},"class_list":["post-3574","page","type-page","status-publish","hentry"],"aioseo_notices":[],"_links":{"self":[{"href":"https:\/\/academiespatiale.fr\/index.php\/wp-json\/wp\/v2\/pages\/3574","targetHints":{"allow":["GET"]}}],"collection":[{"href":"https:\/\/academiespatiale.fr\/index.php\/wp-json\/wp\/v2\/pages"}],"about":[{"href":"https:\/\/academiespatiale.fr\/index.php\/wp-json\/wp\/v2\/types\/page"}],"author":[{"embeddable":true,"href":"https:\/\/academiespatiale.fr\/index.php\/wp-json\/wp\/v2\/users\/1"}],"replies":[{"embeddable":true,"href":"https:\/\/academiespatiale.fr\/index.php\/wp-json\/wp\/v2\/comments?post=3574"}],"version-history":[{"count":30,"href":"https:\/\/academiespatiale.fr\/index.php\/wp-json\/wp\/v2\/pages\/3574\/revisions"}],"predecessor-version":[{"id":8686,"href":"https:\/\/academiespatiale.fr\/index.php\/wp-json\/wp\/v2\/pages\/3574\/revisions\/8686"}],"up":[{"embeddable":true,"href":"https:\/\/academiespatiale.fr\/index.php\/wp-json\/wp\/v2\/pages\/61"}],"wp:attachment":[{"href":"https:\/\/academiespatiale.fr\/index.php\/wp-json\/wp\/v2\/media?parent=3574"}],"curies":[{"name":"wp","href":"https:\/\/api.w.org\/{rel}","templated":true}]}}