{"id":2927,"date":"2025-01-21T11:24:11","date_gmt":"2025-01-21T10:24:11","guid":{"rendered":"https:\/\/academiespatiale.fr\/?page_id=2927"},"modified":"2025-12-18T17:37:41","modified_gmt":"2025-12-18T16:37:41","slug":"medical-biologie","status":"publish","type":"page","link":"https:\/\/academiespatiale.fr\/index.php\/formations\/trouver-une-formation\/medical-biologie\/","title":{"rendered":"M\u00e9dical &#8211; Biologie"},"content":{"rendered":"\n<div class=\"wp-block-columns alignfull has-text-color has-link-color wp-elements-8422e2a85d9f2e5605b7dd2ae54b3e54 is-layout-flex wp-container-core-columns-is-layout-e94c545b wp-block-columns-is-layout-flex\" style=\"color:#b1b1b1;margin-top:-25px;margin-bottom:20px;padding-top:0;padding-right:0;padding-bottom:0;padding-left:60px;font-size:15px\">\n<div class=\"wp-block-column has-text-color has-link-color wp-elements-32661c60388d2123b0bf1683c717c484 is-layout-flow wp-block-column-is-layout-flow\" style=\"color:#a1a1a1;padding-top:0;padding-bottom:0;font-size:15px;font-style:normal;font-weight:100;flex-basis:100%\"><div class=\"aioseo-breadcrumbs\"><span class=\"aioseo-breadcrumb\">\n\t\t\t<a href=\"https:\/\/academiespatiale.fr\" title=\"Home\">Home<\/a>\n\t\t<\/span><span class=\"aioseo-breadcrumb-separator\">&raquo;<\/span><span class=\"aioseo-breadcrumb\">\n\t\t\t<a href=\"https:\/\/academiespatiale.fr\/index.php\/formations\/\" title=\"Formations &amp; m\u00e9tiers\">Formations &amp; m\u00e9tiers<\/a>\n\t\t<\/span><span class=\"aioseo-breadcrumb-separator\">&raquo;<\/span><span class=\"aioseo-breadcrumb\">\n\t\t\t<a href=\"https:\/\/academiespatiale.fr\/index.php\/formations\/trouver-une-formation\/\" title=\"Trouver une formation\">Trouver une formation<\/a>\n\t\t<\/span><span class=\"aioseo-breadcrumb-separator\">&raquo;<\/span><span class=\"aioseo-breadcrumb\">\n\t\t\tM\u00e9dical \u2013 Biologie\n\t\t<\/span><\/div><\/div>\n<\/div>\n\n\n\n<div class=\"wp-block-columns is-layout-flex wp-container-core-columns-is-layout-28f84493 wp-block-columns-is-layout-flex\">\n<div class=\"wp-block-column is-layout-flow wp-block-column-is-layout-flow\" style=\"flex-basis:33.33%\">\n<figure class=\"wp-block-image size-large\"><img loading=\"lazy\" decoding=\"async\" width=\"683\" height=\"1024\" src=\"https:\/\/academiespatiale.fr\/wp-content\/uploads\/2025\/01\/pexels-tara-winstead-7723392-683x1024.jpg\" alt=\"\" class=\"wp-image-2881\" srcset=\"https:\/\/academiespatiale.fr\/wp-content\/uploads\/2025\/01\/pexels-tara-winstead-7723392-683x1024.jpg 683w, https:\/\/academiespatiale.fr\/wp-content\/uploads\/2025\/01\/pexels-tara-winstead-7723392-200x300.jpg 200w, https:\/\/academiespatiale.fr\/wp-content\/uploads\/2025\/01\/pexels-tara-winstead-7723392-768x1152.jpg 768w, https:\/\/academiespatiale.fr\/wp-content\/uploads\/2025\/01\/pexels-tara-winstead-7723392-1024x1536.jpg 1024w, https:\/\/academiespatiale.fr\/wp-content\/uploads\/2025\/01\/pexels-tara-winstead-7723392-1365x2048.jpg 1365w, https:\/\/academiespatiale.fr\/wp-content\/uploads\/2025\/01\/pexels-tara-winstead-7723392-scaled.jpg 1707w\" sizes=\"auto, (max-width: 683px) 100vw, 683px\" \/><\/figure>\n<\/div>\n\n\n\n<div class=\"wp-block-column is-layout-flow wp-block-column-is-layout-flow\" style=\"flex-basis:66.66%\">\n<p>Nous proposons des formations en m\u00e9decine spatiale. Cependant, nous vous rappellons qu&rsquo;il existe de nombreuses voies pour int\u00e9grer le secteur spatial sans parcours sp\u00e9cifique !<\/p>\n\n\n\n<p><strong>Comp\u00e9tences<\/strong><\/p>\n\n\n\n<p>Les expertises recherch\u00e9es dans ce domaine incluent, entre autres :&nbsp;<\/p>\n\n\n\n<ul class=\"wp-block-list\">\n<li>m\u00e9decine<\/li>\n\n\n\n<li>biologie<\/li>\n\n\n\n<li>physiologie<\/li>\n\n\n\n<li>etc.<\/li>\n<\/ul>\n<\/div>\n<\/div>\n\n\n\n<hr class=\"wp-block-separator has-alpha-channel-opacity\"\/>\n\n\n\n<div class=\"wp-block-columns alignwide is-layout-flex wp-container-core-columns-is-layout-ef06f3fc wp-block-columns-is-layout-flex\">\n<div class=\"wp-block-column is-layout-flow wp-block-column-is-layout-flow\">\n<p>DU\/DE<\/p>\n\n\n\n<p class=\"has-large-font-size\">DU Physiologie et ergonomie a\u00e9rospatiale<\/p>\n\n\n\n<p>Pour toute personne non m\u00e9decin int\u00e9ress\u00e9e par la physiologie a\u00e9ronautique et spatiale<br>76 ou 148 heures &#8211; Universit\u00e9 Paris Cit\u00e9<\/p>\n\n\n\n<div data-wp-interactive=\"core\/file\" class=\"wp-block-file\"><object data-wp-bind--hidden=\"!state.hasPdfPreview\" hidden class=\"wp-block-file__embed\" data=\"https:\/\/academiespatiale.fr\/wp-content\/uploads\/2025\/01\/DU_PEA_Physiologie-Ergonomie-Aerospatiale_2024.pdf\" type=\"application\/pdf\" style=\"width:100%;height:200px\" aria-label=\"Contenu embarqu\u00e9 DU_PEA_Physiologie-Ergonomie-A\u00e9rospatiale_2024.\"><\/object><a id=\"wp-block-file--media-6ae9895a-d47a-41c4-a462-c0f917b733a0\" href=\"https:\/\/academiespatiale.fr\/wp-content\/uploads\/2025\/01\/DU_PEA_Physiologie-Ergonomie-Aerospatiale_2024.pdf\">DU_PEA_Physiologie-Ergonomie-A\u00e9rospatiale_2024<\/a><a href=\"https:\/\/academiespatiale.fr\/wp-content\/uploads\/2025\/01\/DU_PEA_Physiologie-Ergonomie-Aerospatiale_2024.pdf\" class=\"wp-block-file__button wp-element-button\" download aria-describedby=\"wp-block-file--media-6ae9895a-d47a-41c4-a462-c0f917b733a0\">T\u00e9l\u00e9charger la brochure<\/a><\/div>\n\n\n\n<p class=\"has-background-color-background-color has-background\">Plus d&rsquo;infos \u2192 <a href=\"https:\/\/odf.u-paris.fr\/fr\/offre-de-formation\/diplome-d-universite-du-diu-1\/sciences-technologies-sante-STS\/du-physiologie-et-ergonomie-aerospatiale-K1GOJW8W.html?search-keywords=aerospatial\" target=\"_blank\" rel=\"noopener\" title=\"\">DU Physiologie et ergonomie a\u00e9rospatiale &#8211; Ametys Campus &#8211; Paris Cit\u00e9<\/a><\/p>\n<\/div>\n\n\n\n<div class=\"wp-block-column is-layout-flow wp-block-column-is-layout-flow\">\n<p>Bac+9<\/p>\n\n\n\n<p class=\"has-large-font-size\">Capacit\u00e9 de m\u00e9decine a\u00e9rospatiale<\/p>\n\n\n\n<p>Agr\u00e9ment pour les m\u00e9decins<br>148 heures &#8211; Universit\u00e9 Paris Cit\u00e9<\/p>\n\n\n\n<div data-wp-interactive=\"core\/file\" class=\"wp-block-file\"><object data-wp-bind--hidden=\"!state.hasPdfPreview\" hidden class=\"wp-block-file__embed\" data=\"https:\/\/academiespatiale.fr\/wp-content\/uploads\/2025\/01\/Capacite-Medecine-Aerospatiale_2023.pdf\" type=\"application\/pdf\" style=\"width:100%;height:200px\" aria-label=\"Contenu embarqu\u00e9 Capacit\u00e9-M\u00e9decine-A\u00e9rospatiale_2023.\"><\/object><a id=\"wp-block-file--media-29b6aff5-8342-4374-a4b0-4106e52a9e14\" href=\"https:\/\/academiespatiale.fr\/wp-content\/uploads\/2025\/01\/Capacite-Medecine-Aerospatiale_2023.pdf\">Capacit\u00e9-M\u00e9decine-A\u00e9rospatiale_2023<\/a><a href=\"https:\/\/academiespatiale.fr\/wp-content\/uploads\/2025\/01\/Capacite-Medecine-Aerospatiale_2023.pdf\" class=\"wp-block-file__button wp-element-button\" download aria-describedby=\"wp-block-file--media-29b6aff5-8342-4374-a4b0-4106e52a9e14\">T\u00e9l\u00e9charger la brochure<\/a><\/div>\n\n\n\n<p class=\"has-background-color-background-color has-background\">Plus d&rsquo;infos \u2192 <a href=\"https:\/\/odf.u-paris.fr\/fr\/offre-de-formation\/capacite-medecine-KG\/sciences-technologies-sante-STS\/capacite-de-medecine-aerospatiale-JX3B4411.html\" target=\"_blank\" rel=\"noopener\" title=\"\">Capacit\u00e9 de m\u00e9decine A\u00e9rospatiale &#8211; Ametys Campus &#8211; Paris Cit\u00e9<\/a><\/p>\n<\/div>\n<\/div>\n\n\n\n<div style=\"height:100px\" aria-hidden=\"true\" class=\"wp-block-spacer\"><\/div>\n\n\n\n<div class=\"wp-block-columns alignfull has-text-color has-link-color wp-elements-8422e2a85d9f2e5605b7dd2ae54b3e54 is-layout-flex wp-container-core-columns-is-layout-e94c545b wp-block-columns-is-layout-flex\" style=\"color:#b1b1b1;margin-top:-25px;margin-bottom:20px;padding-top:0;padding-right:0;padding-bottom:0;padding-left:60px;font-size:15px\">\n<div class=\"wp-block-column has-text-color has-link-color wp-elements-32661c60388d2123b0bf1683c717c484 is-layout-flow wp-block-column-is-layout-flow\" style=\"color:#a1a1a1;padding-top:0;padding-bottom:0;font-size:15px;font-style:normal;font-weight:100;flex-basis:100%\"><div class=\"aioseo-breadcrumbs\"><span class=\"aioseo-breadcrumb\">\n\t\t\t<a href=\"https:\/\/academiespatiale.fr\" title=\"Home\">Home<\/a>\n\t\t<\/span><span class=\"aioseo-breadcrumb-separator\">&raquo;<\/span><span class=\"aioseo-breadcrumb\">\n\t\t\t<a href=\"https:\/\/academiespatiale.fr\/index.php\/formations\/\" title=\"Formations &amp; m\u00e9tiers\">Formations &amp; m\u00e9tiers<\/a>\n\t\t<\/span><span class=\"aioseo-breadcrumb-separator\">&raquo;<\/span><span class=\"aioseo-breadcrumb\">\n\t\t\t<a href=\"https:\/\/academiespatiale.fr\/index.php\/formations\/trouver-une-formation\/\" title=\"Trouver une formation\">Trouver une formation<\/a>\n\t\t<\/span><span class=\"aioseo-breadcrumb-separator\">&raquo;<\/span><span class=\"aioseo-breadcrumb\">\n\t\t\tM\u00e9dical \u2013 Biologie\n\t\t<\/span><\/div><\/div>\n<\/div>\n","protected":false},"excerpt":{"rendered":"<p>Nous proposons des formations en m\u00e9decine spatiale. Cependant, nous vous rappellons qu&rsquo;il existe de nombreuses voies pour int\u00e9grer le secteur spatial sans parcours sp\u00e9cifique ! Comp\u00e9tences Les expertises recherch\u00e9es dans ce domaine incluent, entre autres :&nbsp; DU\/DE DU Physiologie et ergonomie a\u00e9rospatiale Pour toute personne non m\u00e9decin int\u00e9ress\u00e9e par la [&hellip;]<\/p>\n","protected":false},"author":1,"featured_media":0,"parent":2351,"menu_order":0,"comment_status":"closed","ping_status":"closed","template":"","meta":{"_monsterinsights_skip_tracking":false,"_monsterinsights_sitenote_active":false,"_monsterinsights_sitenote_note":"","_monsterinsights_sitenote_category":0,"_EventAllDay":false,"_EventTimezone":"","_EventStartDate":"","_EventEndDate":"","_EventStartDateUTC":"","_EventEndDateUTC":"","_EventShowMap":false,"_EventShowMapLink":false,"_EventURL":"","_EventCost":"","_EventCostDescription":"","_EventCurrencySymbol":"","_EventCurrencyCode":"","_EventCurrencyPosition":"","_EventDateTimeSeparator":"","_EventTimeRangeSeparator":"","_EventOrganizerID":[],"_EventVenueID":[],"_OrganizerEmail":"","_OrganizerPhone":"","_OrganizerWebsite":"","_VenueAddress":"","_VenueCity":"","_VenueCountry":"","_VenueProvince":"","_VenueState":"","_VenueZip":"","_VenuePhone":"","_VenueURL":"","_VenueStateProvince":"","_VenueLat":"","_VenueLng":"","_VenueShowMap":false,"_VenueShowMapLink":false,"footnotes":""},"class_list":["post-2927","page","type-page","status-publish","hentry"],"aioseo_notices":[],"_links":{"self":[{"href":"https:\/\/academiespatiale.fr\/index.php\/wp-json\/wp\/v2\/pages\/2927","targetHints":{"allow":["GET"]}}],"collection":[{"href":"https:\/\/academiespatiale.fr\/index.php\/wp-json\/wp\/v2\/pages"}],"about":[{"href":"https:\/\/academiespatiale.fr\/index.php\/wp-json\/wp\/v2\/types\/page"}],"author":[{"embeddable":true,"href":"https:\/\/academiespatiale.fr\/index.php\/wp-json\/wp\/v2\/users\/1"}],"replies":[{"embeddable":true,"href":"https:\/\/academiespatiale.fr\/index.php\/wp-json\/wp\/v2\/comments?post=2927"}],"version-history":[{"count":11,"href":"https:\/\/academiespatiale.fr\/index.php\/wp-json\/wp\/v2\/pages\/2927\/revisions"}],"predecessor-version":[{"id":7129,"href":"https:\/\/academiespatiale.fr\/index.php\/wp-json\/wp\/v2\/pages\/2927\/revisions\/7129"}],"up":[{"embeddable":true,"href":"https:\/\/academiespatiale.fr\/index.php\/wp-json\/wp\/v2\/pages\/2351"}],"wp:attachment":[{"href":"https:\/\/academiespatiale.fr\/index.php\/wp-json\/wp\/v2\/media?parent=2927"}],"curies":[{"name":"wp","href":"https:\/\/api.w.org\/{rel}","templated":true}]}}