{"id":2912,"date":"2025-01-20T18:37:10","date_gmt":"2025-01-20T17:37:10","guid":{"rendered":"https:\/\/academiespatiale.fr\/?page_id=2912"},"modified":"2025-12-18T17:33:48","modified_gmt":"2025-12-18T16:33:48","slug":"juridique-politique","status":"publish","type":"page","link":"https:\/\/academiespatiale.fr\/index.php\/formations\/trouver-une-formation\/juridique-politique\/","title":{"rendered":"Juridique &#8211; Politique"},"content":{"rendered":"\n<div class=\"wp-block-columns alignfull has-text-color has-link-color wp-elements-8422e2a85d9f2e5605b7dd2ae54b3e54 is-layout-flex wp-container-core-columns-is-layout-e94c545b wp-block-columns-is-layout-flex\" style=\"color:#b1b1b1;margin-top:-25px;margin-bottom:20px;padding-top:0;padding-right:0;padding-bottom:0;padding-left:60px;font-size:15px\">\n<div class=\"wp-block-column has-text-color has-link-color wp-elements-32661c60388d2123b0bf1683c717c484 is-layout-flow wp-block-column-is-layout-flow\" style=\"color:#a1a1a1;padding-top:0;padding-bottom:0;font-size:15px;font-style:normal;font-weight:100;flex-basis:100%\"><div class=\"aioseo-breadcrumbs\"><span class=\"aioseo-breadcrumb\">\n\t\t\t<a href=\"https:\/\/academiespatiale.fr\" title=\"Home\">Home<\/a>\n\t\t<\/span><span class=\"aioseo-breadcrumb-separator\">&raquo;<\/span><span class=\"aioseo-breadcrumb\">\n\t\t\t<a href=\"https:\/\/academiespatiale.fr\/index.php\/formations\/\" title=\"Formations &amp; m\u00e9tiers\">Formations &amp; m\u00e9tiers<\/a>\n\t\t<\/span><span class=\"aioseo-breadcrumb-separator\">&raquo;<\/span><span class=\"aioseo-breadcrumb\">\n\t\t\t<a href=\"https:\/\/academiespatiale.fr\/index.php\/formations\/trouver-une-formation\/\" title=\"Trouver une formation\">Trouver une formation<\/a>\n\t\t<\/span><span class=\"aioseo-breadcrumb-separator\">&raquo;<\/span><span class=\"aioseo-breadcrumb\">\n\t\t\tJuridique \u2013 Politique\n\t\t<\/span><\/div><\/div>\n<\/div>\n\n\n\n<div class=\"wp-block-columns is-layout-flex wp-container-core-columns-is-layout-28f84493 wp-block-columns-is-layout-flex\">\n<div class=\"wp-block-column is-layout-flow wp-block-column-is-layout-flow\" style=\"flex-basis:66.66%\">\n<figure class=\"wp-block-image size-large\"><img loading=\"lazy\" decoding=\"async\" width=\"1024\" height=\"683\" src=\"https:\/\/academiespatiale.fr\/wp-content\/uploads\/2025\/01\/pexels-towfiqu-barbhuiya-3440682-8693379-1024x683.jpg\" alt=\"\" class=\"wp-image-2882\" style=\"aspect-ratio:16\/9;object-fit:cover\" srcset=\"https:\/\/academiespatiale.fr\/wp-content\/uploads\/2025\/01\/pexels-towfiqu-barbhuiya-3440682-8693379-1024x683.jpg 1024w, https:\/\/academiespatiale.fr\/wp-content\/uploads\/2025\/01\/pexels-towfiqu-barbhuiya-3440682-8693379-300x200.jpg 300w, https:\/\/academiespatiale.fr\/wp-content\/uploads\/2025\/01\/pexels-towfiqu-barbhuiya-3440682-8693379-768x512.jpg 768w, https:\/\/academiespatiale.fr\/wp-content\/uploads\/2025\/01\/pexels-towfiqu-barbhuiya-3440682-8693379-1536x1025.jpg 1536w, https:\/\/academiespatiale.fr\/wp-content\/uploads\/2025\/01\/pexels-towfiqu-barbhuiya-3440682-8693379-2048x1367.jpg 2048w, https:\/\/academiespatiale.fr\/wp-content\/uploads\/2025\/01\/pexels-towfiqu-barbhuiya-3440682-8693379-360x240.jpg 360w\" sizes=\"auto, (max-width: 1024px) 100vw, 1024px\" \/><\/figure>\n\n\n\n<p>Nous proposons des formations en droit ou en sciences politiques au niveau master. Cependant, nous vous rappellons qu&rsquo;il existe de nombreuses voies pour int\u00e9grer le secteur spatial sans parcours sp\u00e9cifique !<\/p>\n<\/div>\n\n\n\n<div class=\"wp-block-column is-layout-flow wp-block-column-is-layout-flow\" style=\"flex-basis:33.33%\">\n<p><strong>Comp\u00e9tences<\/strong><\/p>\n\n\n\n<p>Les expertises recherch\u00e9es dans ce domaine incluent, entre autres : <\/p>\n\n\n\n<ul class=\"wp-block-list\">\n<li>sciences politiques<\/li>\n\n\n\n<li>droit spatial international<\/li>\n\n\n\n<li>r\u00e8glementation et conformit\u00e9<\/li>\n\n\n\n<li>diplomatie<\/li>\n\n\n\n<li>gestion des risques<\/li>\n\n\n\n<li>s\u00e9curit\u00e9 juridique<\/li>\n\n\n\n<li>\u00e9conomie<\/li>\n\n\n\n<li>g\u00e9opolitique<\/li>\n\n\n\n<li>relations gouvernementales<\/li>\n\n\n\n<li>etc.<\/li>\n<\/ul>\n<\/div>\n<\/div>\n\n\n\n<div class=\"wp-block-cover alignwide has-parallax is-repeated\" style=\"min-height:222px;aspect-ratio:unset;\"><div class=\"wp-block-cover__image-background wp-image-5782 size-full has-parallax is-repeated\" style=\"background-position:50% 50%;background-image:url(https:\/\/academiespatiale.fr\/wp-content\/uploads\/2025\/09\/Ambassadeurs_2025.jpg)\"><\/div><span aria-hidden=\"true\" class=\"wp-block-cover__background has-background-dim-70 has-background-dim\" style=\"background-color:#003761\"><\/span><div class=\"wp-block-cover__inner-container is-layout-constrained wp-block-cover-is-layout-constrained\">\n<p class=\"has-text-align-center\" style=\"font-size:15px\"><strong>Tu es un\/une \u00e9l\u00e8ve de coll\u00e8ge, lyc\u00e9e ou du sup\u00e9rieur ? Trouve ton orientation en discutant avec d\u2019autres jeunes !<br>Avec&nbsp;<em>My Job Glasses \u00ab&nbsp;Entre Jeunes&nbsp;\u00bb<\/em>, profite de l\u2019exp\u00e9rience de celles et ceux qui ont d\u00e9j\u00e0 trouv\u00e9 leur voie.<\/strong><\/p>\n\n\n\n<div class=\"wp-block-buttons is-content-justification-center is-layout-flex wp-container-core-buttons-is-layout-a89b3969 wp-block-buttons-is-layout-flex\">\n<div class=\"wp-block-button\"><a class=\"wp-block-button__link has-black-color has-white-background-color has-text-color has-background has-link-color has-custom-font-size wp-element-button\" href=\"https:\/\/academiespatiale.fr\/index.php\/my-job-glasses\/\" style=\"font-size:15px\"><strong>Rencontre nos \u00e9tudiantes et \u00e9tudiants ambassadeurs<\/strong><\/a><\/div>\n<\/div>\n<\/div><\/div>\n\n\n\n<div style=\"height:30px\" aria-hidden=\"true\" class=\"wp-block-spacer\"><\/div>\n\n\n\n<hr class=\"wp-block-separator has-alpha-channel-opacity\"\/>\n\n\n\n<div style=\"height:30px\" aria-hidden=\"true\" class=\"wp-block-spacer\"><\/div>\n\n\n\n<div class=\"wp-block-columns alignwide is-layout-flex wp-container-core-columns-is-layout-f5a44f5b wp-block-columns-is-layout-flex\">\n<div class=\"wp-block-column is-layout-flow wp-block-column-is-layout-flow\" style=\"flex-basis:66.66%\">\n<h4 class=\"wp-block-heading\">Master <\/h4>\n\n\n\n<div class=\"wp-block-cover has-white-color has-text-color has-link-color wp-elements-aca6170ae513602ba806321f2973c212\"><span aria-hidden=\"true\" class=\"wp-block-cover__background has-background-dim-100 has-background-dim\" style=\"background-color:#003761\"><\/span><div class=\"wp-block-cover__inner-container is-layout-constrained wp-block-cover-is-layout-constrained\">\n<p class=\"has-text-align-center has-large-font-size\"><a href=\"https:\/\/www.universite-paris-saclay.fr\/formation\/master\/droit-de-la-propriete-intellectuelle-du-numerique-et-de-lespace\/m1-droit-de-la-propriete-intellectuelle-et-du-numerique-site-sceaux#presentation\" target=\"_blank\" rel=\"noopener\" title=\"\">Master 1 <br>Droit de la propri\u00e9t\u00e9 intellectuelle et du num\u00e9rique<\/a><\/p>\n\n\n\n<p>1 an &#8211; Universit\u00e9 Paris-Saclay (Site de Sceaux)<\/p>\n\n\n\n<div class=\"wp-block-columns is-layout-flex wp-container-core-columns-is-layout-28f84493 wp-block-columns-is-layout-flex\">\n<div class=\"wp-block-column is-layout-flow wp-block-column-is-layout-flow\">\n<div data-wp-interactive=\"core\/file\" class=\"wp-block-file aligncenter\"><object data-wp-bind--hidden=\"!state.hasPdfPreview\" hidden class=\"wp-block-file__embed\" data=\"https:\/\/academiespatiale.fr\/wp-content\/uploads\/2025\/04\/Master_Propriete-Intellectuelle-Numerique-Espace_M1DPIN-M2DAST_Presentation.pdf\" type=\"application\/pdf\" style=\"width:100%;height:200px\" aria-label=\"Contenu embarqu\u00e9 Master_Propriete-Intellectuelle-Numerique-Espace_M1DPIN-M2DAST_Presentation.\"><\/object><a id=\"wp-block-file--media-6ac5a266-9670-4e1d-ad89-d98a1192880f\" href=\"https:\/\/academiespatiale.fr\/wp-content\/uploads\/2025\/04\/Master_Propriete-Intellectuelle-Numerique-Espace_M1DPIN-M2DAST_Presentation.pdf\">Master_Propriete-Intellectuelle-Numerique-Espace_M1DPIN-M2DAST_Presentation<\/a><a href=\"https:\/\/academiespatiale.fr\/wp-content\/uploads\/2025\/04\/Master_Propriete-Intellectuelle-Numerique-Espace_M1DPIN-M2DAST_Presentation.pdf\" class=\"wp-block-file__button wp-element-button\" download aria-describedby=\"wp-block-file--media-6ac5a266-9670-4e1d-ad89-d98a1192880f\">T\u00e9l\u00e9charger la pr\u00e9sentation<\/a><\/div>\n<\/div>\n\n\n\n<div class=\"wp-block-column is-layout-flow wp-block-column-is-layout-flow\">\n<p>Cette formation propose des enseignements en droit des activit\u00e9s spatiales et des industries de d\u00e9fense, ainsi qu&rsquo;une option en droit de l&rsquo;a\u00e9ronautique, car la mention droit de la propri\u00e9t\u00e9 intellectuelle et du num\u00e9rique int\u00e8grera le&nbsp;<a href=\"https:\/\/www.jm.universite-paris-saclay.fr\/formation\/master\/droit-international-et-droit-europeen\/m2-droit-des-activites-spatiales-et-des-telecommunications\">M2 DAST<\/a> (voir ci-dessous).<\/p>\n<\/div>\n<\/div>\n\n\n\n<hr class=\"wp-block-separator has-alpha-channel-opacity\"\/>\n\n\n\n<div style=\"height:20px\" aria-hidden=\"true\" class=\"wp-block-spacer\"><\/div>\n\n\n\n<p><strong>Plus d&rsquo;infos \u2192<\/strong> <a href=\"https:\/\/www.universite-paris-saclay.fr\/formation\/master\/droit-de-la-propriete-intellectuelle-du-numerique-et-de-lespace\/m1-droit-de-la-propriete-intellectuelle-et-du-numerique-site-sceaux#presentation\" target=\"_blank\" rel=\"noopener\" title=\"\">M1 Droit de la propri\u00e9t\u00e9 intellectuelle et du num\u00e9rique &#8211; Site Sceaux | Universit\u00e9 Paris-Saclay<\/a><\/p>\n<\/div><\/div>\n<\/div>\n\n\n\n<div class=\"wp-block-column is-vertically-aligned-center has-background-color-background-color has-background is-layout-flow wp-container-core-column-is-layout-12dbec6b wp-block-column-is-layout-flow\" style=\"padding-top:var(--wp--preset--spacing--80);padding-right:var(--wp--preset--spacing--80);padding-bottom:var(--wp--preset--spacing--80);padding-left:var(--wp--preset--spacing--80);flex-basis:33.33%\">\n<p class=\"has-text-align-center\" style=\"font-size:15px\"><strong>IEGA &#8211; Institut d&rsquo;\u00c9tudes de G\u00e9opolitique Appliqu\u00e9e<\/strong><\/p>\n\n\n\n<p class=\"has-text-align-center\" style=\"font-size:15px\">Formation OSINT et GEOINT <br><em>Du 29 sept. au 31 oct. 2025 &#8211; En ligne<\/em><\/p>\n\n\n\n<p class=\"has-text-align-center\" style=\"font-size:15px\">Pratique du renseignement \u00e0 sources ouvertes et du renseignement g\u00e9ospatial.<\/p>\n\n\n\n<div data-wp-interactive=\"core\/file\" class=\"wp-block-file aligncenter\"><object data-wp-bind--hidden=\"!state.hasPdfPreview\" hidden class=\"wp-block-file__embed\" data=\"https:\/\/academiespatiale.fr\/wp-content\/uploads\/2025\/09\/Formation-OSINT-et-GEOINT-pratiques-du-renseignement.pdf.pdf\" type=\"application\/pdf\" style=\"width:100%;height:200px\" aria-label=\"Contenu embarqu\u00e9 Formation - OSINT et GEOINT  pratiques du renseignement.pdf.\"><\/object><a id=\"wp-block-file--media-7001ef4e-1ca0-4c04-b1d1-396f6a1ed6d2\" href=\"https:\/\/academiespatiale.fr\/wp-content\/uploads\/2025\/09\/Formation-OSINT-et-GEOINT-pratiques-du-renseignement.pdf.pdf\">Formation &#8211; OSINT et GEOINT  pratiques du renseignement.pdf<\/a><a href=\"https:\/\/academiespatiale.fr\/wp-content\/uploads\/2025\/09\/Formation-OSINT-et-GEOINT-pratiques-du-renseignement.pdf.pdf\" class=\"wp-block-file__button wp-element-button\" download aria-describedby=\"wp-block-file--media-7001ef4e-1ca0-4c04-b1d1-396f6a1ed6d2\">T\u00e9l\u00e9charger<\/a><\/div>\n\n\n\n<div style=\"height:15px\" aria-hidden=\"true\" class=\"wp-block-spacer\"><\/div>\n\n\n\n<p class=\"has-white-background-color has-background\" style=\"font-size:15px\">Plus d&rsquo;infos \u2192 <a href=\"https:\/\/www.institut-ega.org\/formation-osint-geoint-pratiques-du-renseignement\/\" target=\"_blank\" rel=\"noopener\" title=\"\">Formation &#8211; OSINT et GEOINT : pratiques du renseignement<\/a><\/p>\n<\/div>\n<\/div>\n\n\n\n<div class=\"wp-block-cover has-white-color has-text-color has-link-color wp-elements-42ae6ab2ecde117a76ce5e4ba9fa121b\"><span aria-hidden=\"true\" class=\"wp-block-cover__background has-background-dim-100 has-background-dim has-background-gradient\" style=\"background:linear-gradient(210deg,rgb(24,82,142) 26%,rgb(141,19,15) 100%)\"><\/span><div class=\"wp-block-cover__inner-container is-layout-constrained wp-block-cover-is-layout-constrained\">\n<p class=\"has-text-align-center has-large-font-size\"><a href=\"https:\/\/idest-paris.com\/enseignement\/master-2-droit-des-activites-spatiales-et-des-telecommunications\/\" target=\"_blank\" rel=\"noopener\" title=\"\">Master 2 DAST<br>Droit des Activit\u00e9s Spatiales et des T\u00e9l\u00e9communications<\/a><\/p>\n\n\n\n<p>1 an &#8211; Universit\u00e9 Paris-Saclay<\/p>\n\n\n\n<figure class=\"wp-block-image size-large\"><a href=\"https:\/\/idest-paris.com\/enseignement\/master-2-droit-des-activites-spatiales-et-des-telecommunications\/\" target=\"_blank\" rel=\" noreferrer noopener\"><img loading=\"lazy\" decoding=\"async\" width=\"1024\" height=\"229\" src=\"https:\/\/academiespatiale.fr\/wp-content\/uploads\/2025\/01\/Master_DAST-1024x229.jpg\" alt=\"\" class=\"wp-image-2913\" srcset=\"https:\/\/academiespatiale.fr\/wp-content\/uploads\/2025\/01\/Master_DAST-1024x229.jpg 1024w, https:\/\/academiespatiale.fr\/wp-content\/uploads\/2025\/01\/Master_DAST-300x67.jpg 300w, https:\/\/academiespatiale.fr\/wp-content\/uploads\/2025\/01\/Master_DAST-768x172.jpg 768w, https:\/\/academiespatiale.fr\/wp-content\/uploads\/2025\/01\/Master_DAST-1536x344.jpg 1536w, https:\/\/academiespatiale.fr\/wp-content\/uploads\/2025\/01\/Master_DAST-2048x459.jpg 2048w\" sizes=\"auto, (max-width: 1024px) 100vw, 1024px\" \/><\/a><\/figure>\n\n\n\n<div style=\"height:10px\" aria-hidden=\"true\" class=\"wp-block-spacer\"><\/div>\n\n\n\n<div class=\"wp-block-columns is-layout-flex wp-container-core-columns-is-layout-28f84493 wp-block-columns-is-layout-flex\">\n<div class=\"wp-block-column is-layout-flow wp-block-column-is-layout-flow\">\n<div data-wp-interactive=\"core\/file\" class=\"wp-block-file aligncenter\"><object data-wp-bind--hidden=\"!state.hasPdfPreview\" hidden class=\"wp-block-file__embed\" data=\"https:\/\/academiespatiale.fr\/wp-content\/uploads\/2025\/01\/M2_DAST_Droit-Activites-Spatiales-Telecommunications.pdf\" type=\"application\/pdf\" style=\"width:100%;height:200px\" aria-label=\"Contenu embarqu\u00e9 M2_DAST_Droit-Activites-Spatiales-T\u00e9l\u00e9communications.\"><\/object><a id=\"wp-block-file--media-ef825423-7696-45ce-bad1-978e5ab14f06\" href=\"https:\/\/academiespatiale.fr\/wp-content\/uploads\/2025\/01\/M2_DAST_Droit-Activites-Spatiales-Telecommunications.pdf\">M2_DAST_Droit-Activites-Spatiales-T\u00e9l\u00e9communications<\/a><a href=\"https:\/\/academiespatiale.fr\/wp-content\/uploads\/2025\/01\/M2_DAST_Droit-Activites-Spatiales-Telecommunications.pdf\" class=\"wp-block-file__button wp-element-button\" download aria-describedby=\"wp-block-file--media-ef825423-7696-45ce-bad1-978e5ab14f06\">T\u00e9l\u00e9charger<\/a><\/div>\n<\/div>\n\n\n\n<div class=\"wp-block-column is-layout-flow wp-block-column-is-layout-flow\">\n<div data-wp-interactive=\"core\/file\" class=\"wp-block-file aligncenter\"><object data-wp-bind--hidden=\"!state.hasPdfPreview\" hidden class=\"wp-block-file__embed\" data=\"https:\/\/academiespatiale.fr\/wp-content\/uploads\/2025\/01\/M2_DAST_Student-Book-promotion-2023.pdf\" type=\"application\/pdf\" style=\"width:100%;height:200px\" aria-label=\"Contenu embarqu\u00e9 M2_DAST_Student-Book-promotion-2023.\"><\/object><a id=\"wp-block-file--media-dc6259e2-cc3f-46da-a0e9-c1074eaee449\" href=\"https:\/\/academiespatiale.fr\/wp-content\/uploads\/2025\/01\/M2_DAST_Student-Book-promotion-2023.pdf\">M2_DAST_Student-Book-promotion-2023<\/a><a href=\"https:\/\/academiespatiale.fr\/wp-content\/uploads\/2025\/01\/M2_DAST_Student-Book-promotion-2023.pdf\" class=\"wp-block-file__button wp-element-button\" download aria-describedby=\"wp-block-file--media-dc6259e2-cc3f-46da-a0e9-c1074eaee449\">T\u00e9l\u00e9charger<\/a><\/div>\n<\/div>\n<\/div>\n\n\n\n<hr class=\"wp-block-separator has-alpha-channel-opacity\"\/>\n\n\n\n<div style=\"height:20px\" aria-hidden=\"true\" class=\"wp-block-spacer\"><\/div>\n\n\n\n<p><strong>Plus d&rsquo;infos<\/strong> <br><strong>\u2192<\/strong> Site IDEST Paris : <a href=\"https:\/\/idest-paris.com\/enseignement\/master-2-droit-des-activites-spatiales-et-des-telecommunications\/\" target=\"_blank\" rel=\"noopener\" title=\"\">Master 2 DAST &#8211; IDEST<\/a><br>\u2192 Site de Paris-Saclay : <a href=\"https:\/\/www.jm.universite-paris-saclay.fr\/formation\/master\/droit-de-la-propriete-intellectuelle-du-numerique-et-de-lespace\/m2-droit-des-activites-spatiales-et-des-telecommunications\">M2 Droit des activit\u00e9s spatiales et des Telecommunications | Facult\u00e9 de Droit-Economie-Management<\/a><\/p>\n<\/div><\/div>\n\n\n\n<div style=\"height:10px\" aria-hidden=\"true\" class=\"wp-block-spacer\"><\/div>\n\n\n\n<div style=\"height:50px\" aria-hidden=\"true\" class=\"wp-block-spacer\"><\/div>\n\n\n\n<div class=\"wp-block-columns alignfull has-text-color has-link-color wp-elements-8422e2a85d9f2e5605b7dd2ae54b3e54 is-layout-flex wp-container-core-columns-is-layout-e94c545b wp-block-columns-is-layout-flex\" style=\"color:#b1b1b1;margin-top:-25px;margin-bottom:20px;padding-top:0;padding-right:0;padding-bottom:0;padding-left:60px;font-size:15px\">\n<div class=\"wp-block-column has-text-color has-link-color wp-elements-32661c60388d2123b0bf1683c717c484 is-layout-flow wp-block-column-is-layout-flow\" style=\"color:#a1a1a1;padding-top:0;padding-bottom:0;font-size:15px;font-style:normal;font-weight:100;flex-basis:100%\"><div class=\"aioseo-breadcrumbs\"><span class=\"aioseo-breadcrumb\">\n\t\t\t<a href=\"https:\/\/academiespatiale.fr\" title=\"Home\">Home<\/a>\n\t\t<\/span><span class=\"aioseo-breadcrumb-separator\">&raquo;<\/span><span class=\"aioseo-breadcrumb\">\n\t\t\t<a href=\"https:\/\/academiespatiale.fr\/index.php\/formations\/\" title=\"Formations &amp; m\u00e9tiers\">Formations &amp; m\u00e9tiers<\/a>\n\t\t<\/span><span class=\"aioseo-breadcrumb-separator\">&raquo;<\/span><span class=\"aioseo-breadcrumb\">\n\t\t\t<a href=\"https:\/\/academiespatiale.fr\/index.php\/formations\/trouver-une-formation\/\" title=\"Trouver une formation\">Trouver une formation<\/a>\n\t\t<\/span><span class=\"aioseo-breadcrumb-separator\">&raquo;<\/span><span class=\"aioseo-breadcrumb\">\n\t\t\tJuridique \u2013 Politique\n\t\t<\/span><\/div><\/div>\n<\/div>\n","protected":false},"excerpt":{"rendered":"<p>Nous proposons des formations en droit ou en sciences politiques au niveau master. Cependant, nous vous rappellons qu&rsquo;il existe de nombreuses voies pour int\u00e9grer le secteur spatial sans parcours sp\u00e9cifique ! Comp\u00e9tences Les expertises recherch\u00e9es dans ce domaine incluent, entre autres : Master IEGA &#8211; Institut d&rsquo;\u00c9tudes de G\u00e9opolitique Appliqu\u00e9e [&hellip;]<\/p>\n","protected":false},"author":1,"featured_media":0,"parent":2351,"menu_order":0,"comment_status":"closed","ping_status":"closed","template":"","meta":{"_monsterinsights_skip_tracking":false,"_monsterinsights_sitenote_active":false,"_monsterinsights_sitenote_note":"","_monsterinsights_sitenote_category":0,"_EventAllDay":false,"_EventTimezone":"","_EventStartDate":"","_EventEndDate":"","_EventStartDateUTC":"","_EventEndDateUTC":"","_EventShowMap":false,"_EventShowMapLink":false,"_EventURL":"","_EventCost":"","_EventCostDescription":"","_EventCurrencySymbol":"","_EventCurrencyCode":"","_EventCurrencyPosition":"","_EventDateTimeSeparator":"","_EventTimeRangeSeparator":"","_EventOrganizerID":[],"_EventVenueID":[],"_OrganizerEmail":"","_OrganizerPhone":"","_OrganizerWebsite":"","_VenueAddress":"","_VenueCity":"","_VenueCountry":"","_VenueProvince":"","_VenueState":"","_VenueZip":"","_VenuePhone":"","_VenueURL":"","_VenueStateProvince":"","_VenueLat":"","_VenueLng":"","_VenueShowMap":false,"_VenueShowMapLink":false,"footnotes":""},"class_list":["post-2912","page","type-page","status-publish","hentry"],"aioseo_notices":[],"_links":{"self":[{"href":"https:\/\/academiespatiale.fr\/index.php\/wp-json\/wp\/v2\/pages\/2912","targetHints":{"allow":["GET"]}}],"collection":[{"href":"https:\/\/academiespatiale.fr\/index.php\/wp-json\/wp\/v2\/pages"}],"about":[{"href":"https:\/\/academiespatiale.fr\/index.php\/wp-json\/wp\/v2\/types\/page"}],"author":[{"embeddable":true,"href":"https:\/\/academiespatiale.fr\/index.php\/wp-json\/wp\/v2\/users\/1"}],"replies":[{"embeddable":true,"href":"https:\/\/academiespatiale.fr\/index.php\/wp-json\/wp\/v2\/comments?post=2912"}],"version-history":[{"count":45,"href":"https:\/\/academiespatiale.fr\/index.php\/wp-json\/wp\/v2\/pages\/2912\/revisions"}],"predecessor-version":[{"id":7125,"href":"https:\/\/academiespatiale.fr\/index.php\/wp-json\/wp\/v2\/pages\/2912\/revisions\/7125"}],"up":[{"embeddable":true,"href":"https:\/\/academiespatiale.fr\/index.php\/wp-json\/wp\/v2\/pages\/2351"}],"wp:attachment":[{"href":"https:\/\/academiespatiale.fr\/index.php\/wp-json\/wp\/v2\/media?parent=2912"}],"curies":[{"name":"wp","href":"https:\/\/api.w.org\/{rel}","templated":true}]}}