{"id":2891,"date":"2025-01-20T18:11:41","date_gmt":"2025-01-20T17:11:41","guid":{"rendered":"https:\/\/academiespatiale.fr\/?page_id=2891"},"modified":"2025-12-18T17:44:20","modified_gmt":"2025-12-18T16:44:20","slug":"commerce-economie","status":"publish","type":"page","link":"https:\/\/academiespatiale.fr\/index.php\/formations\/trouver-une-formation\/commerce-economie\/","title":{"rendered":"Commerce &#8211; \u00c9conomie"},"content":{"rendered":"\n<div class=\"wp-block-columns alignfull has-text-color has-link-color wp-elements-8422e2a85d9f2e5605b7dd2ae54b3e54 is-layout-flex wp-container-core-columns-is-layout-e94c545b wp-block-columns-is-layout-flex\" style=\"color:#b1b1b1;margin-top:-25px;margin-bottom:20px;padding-top:0;padding-right:0;padding-bottom:0;padding-left:60px;font-size:15px\">\n<div class=\"wp-block-column has-text-color has-link-color wp-elements-32661c60388d2123b0bf1683c717c484 is-layout-flow wp-block-column-is-layout-flow\" style=\"color:#a1a1a1;padding-top:0;padding-bottom:0;font-size:15px;font-style:normal;font-weight:100;flex-basis:100%\"><div class=\"aioseo-breadcrumbs\"><span class=\"aioseo-breadcrumb\">\n\t\t\t<a href=\"https:\/\/academiespatiale.fr\" title=\"Home\">Home<\/a>\n\t\t<\/span><span class=\"aioseo-breadcrumb-separator\">&raquo;<\/span><span class=\"aioseo-breadcrumb\">\n\t\t\t<a href=\"https:\/\/academiespatiale.fr\/index.php\/formations\/\" title=\"Formations &amp; m\u00e9tiers\">Formations &amp; m\u00e9tiers<\/a>\n\t\t<\/span><span class=\"aioseo-breadcrumb-separator\">&raquo;<\/span><span class=\"aioseo-breadcrumb\">\n\t\t\t<a href=\"https:\/\/academiespatiale.fr\/index.php\/formations\/trouver-une-formation\/\" title=\"Trouver une formation\">Trouver une formation<\/a>\n\t\t<\/span><span class=\"aioseo-breadcrumb-separator\">&raquo;<\/span><span class=\"aioseo-breadcrumb\">\n\t\t\tCommerce \u2013 \u00c9conomie\n\t\t<\/span><\/div><\/div>\n<\/div>\n\n\n\n<div class=\"wp-block-columns is-layout-flex wp-container-core-columns-is-layout-28f84493 wp-block-columns-is-layout-flex\">\n<div class=\"wp-block-column is-layout-flow wp-block-column-is-layout-flow\" style=\"flex-basis:66.66%\">\n<figure class=\"wp-block-image size-large\"><img loading=\"lazy\" decoding=\"async\" width=\"1024\" height=\"576\" src=\"https:\/\/academiespatiale.fr\/wp-content\/uploads\/2025\/01\/pexels-artempodrez-5716032-1024x576.jpg\" alt=\"\" class=\"wp-image-2883\" style=\"aspect-ratio:16\/9;object-fit:cover\" srcset=\"https:\/\/academiespatiale.fr\/wp-content\/uploads\/2025\/01\/pexels-artempodrez-5716032-1024x576.jpg 1024w, https:\/\/academiespatiale.fr\/wp-content\/uploads\/2025\/01\/pexels-artempodrez-5716032-300x169.jpg 300w, https:\/\/academiespatiale.fr\/wp-content\/uploads\/2025\/01\/pexels-artempodrez-5716032-768x432.jpg 768w, https:\/\/academiespatiale.fr\/wp-content\/uploads\/2025\/01\/pexels-artempodrez-5716032-1536x864.jpg 1536w, https:\/\/academiespatiale.fr\/wp-content\/uploads\/2025\/01\/pexels-artempodrez-5716032-2048x1152.jpg 2048w\" sizes=\"auto, (max-width: 1024px) 100vw, 1024px\" \/><\/figure>\n\n\n\n<p>Nous proposons une formation de commerce au niveau master. Cependant, nous vous rappellons qu&rsquo;il existe de nombreuses voies pour int\u00e9grer le secteur spatial sans parcours sp\u00e9cifique !<\/p>\n<\/div>\n\n\n\n<div class=\"wp-block-column is-layout-flow wp-block-column-is-layout-flow\" style=\"flex-basis:33.33%\">\n<p><strong>Comp\u00e9tence<\/strong><\/p>\n\n\n\n<p>Les expertises recherch\u00e9es dans ce domaine incluent, entre autres : <\/p>\n\n\n\n<ul class=\"wp-block-list\">\n<li>d\u00e9veloppement commercial<\/li>\n\n\n\n<li>n\u00e9gociation<\/li>\n\n\n\n<li>gestion des contrats<\/li>\n\n\n\n<li>finance<\/li>\n\n\n\n<li>droit et politique spatiale<\/li>\n\n\n\n<li>\u00e9conomie<\/li>\n\n\n\n<li>gestion de projet<\/li>\n\n\n\n<li>marketing<\/li>\n\n\n\n<li>etc.<\/li>\n<\/ul>\n<\/div>\n<\/div>\n\n\n\n<hr class=\"wp-block-separator has-alpha-channel-opacity\"\/>\n\n\n\n<div style=\"height:30px\" aria-hidden=\"true\" class=\"wp-block-spacer\"><\/div>\n\n\n\n<h4 class=\"wp-block-heading\">Master <\/h4>\n\n\n\n<div class=\"wp-block-cover has-white-color has-text-color has-link-color wp-elements-91f2d76e440936838eabb1591dc3c260\"><span aria-hidden=\"true\" class=\"wp-block-cover__background has-background-dim-100 has-background-dim\" style=\"background-color:#003761\"><\/span><div class=\"wp-block-cover__inner-container is-layout-constrained wp-block-cover-is-layout-constrained\">\n<p class=\"has-text-align-center has-large-font-size\"><a href=\"https:\/\/www.centralesupelec.fr\/en\/msct-space-business-strategy-entrepreneurship-and-sustainability-design?tab=overview\" target=\"_blank\" rel=\"noopener\" title=\"\">Master Science &amp; Technology<br>in Space Business Strategy<\/a><\/p>\n\n\n\n<p>15 mois &#8211; Universit\u00e9 Paris-Saclay \/ UVSQ \/ CentraleSup\u00e9lec<br>Cours dispens\u00e9 en anglais<br><em>All courswork will be administered in English<\/em><\/p>\n\n\n\n<div class=\"wp-block-columns is-layout-flex wp-container-core-columns-is-layout-28f84493 wp-block-columns-is-layout-flex\">\n<div class=\"wp-block-column is-layout-flow wp-block-column-is-layout-flow\">\n<div data-wp-interactive=\"core\/file\" class=\"wp-block-file aligncenter\"><object data-wp-bind--hidden=\"!state.hasPdfPreview\" hidden class=\"wp-block-file__embed\" data=\"https:\/\/academiespatiale.fr\/wp-content\/uploads\/2025\/01\/Master-ScT_SBS_Space-Business-Strategy_CentraleSupelec_2024-2025.pdf\" type=\"application\/pdf\" style=\"width:100%;height:200px\" aria-label=\"Contenu embarqu\u00e9 Master-ScT_SBS_Space-Business-Strategy_CentraleSup\u00e9lec_2024-2025.\"><\/object><a id=\"wp-block-file--media-06b22cd9-a28f-4174-b8bd-abd0935ce123\" href=\"https:\/\/academiespatiale.fr\/wp-content\/uploads\/2025\/01\/Master-ScT_SBS_Space-Business-Strategy_CentraleSupelec_2024-2025.pdf\">Master-ScT_SBS_Space-Business-Strategy_CentraleSup\u00e9lec_2024-2025<\/a><a href=\"https:\/\/academiespatiale.fr\/wp-content\/uploads\/2025\/01\/Master-ScT_SBS_Space-Business-Strategy_CentraleSupelec_2024-2025.pdf\" class=\"wp-block-file__button wp-element-button\" download aria-describedby=\"wp-block-file--media-06b22cd9-a28f-4174-b8bd-abd0935ce123\">T\u00e9l\u00e9charger la brochure<\/a><\/div>\n<\/div>\n\n\n\n<div class=\"wp-block-column is-layout-flow wp-block-column-is-layout-flow\">\n<figure class=\"wp-block-image size-large\"><a href=\"https:\/\/www.centralesupelec.fr\/en\/msct-space-business-strategy-entrepreneurship-and-sustainability-design?tab=overview\" target=\"_blank\" rel=\" noreferrer noopener\"><img loading=\"lazy\" decoding=\"async\" width=\"720\" height=\"1024\" src=\"https:\/\/academiespatiale.fr\/wp-content\/uploads\/2025\/01\/Brochure-Space-business-strategy-720x1024.jpg\" alt=\"\" class=\"wp-image-2895\" style=\"aspect-ratio:16\/9;object-fit:cover\" srcset=\"https:\/\/academiespatiale.fr\/wp-content\/uploads\/2025\/01\/Brochure-Space-business-strategy-720x1024.jpg 720w, https:\/\/academiespatiale.fr\/wp-content\/uploads\/2025\/01\/Brochure-Space-business-strategy-211x300.jpg 211w, https:\/\/academiespatiale.fr\/wp-content\/uploads\/2025\/01\/Brochure-Space-business-strategy-768x1093.jpg 768w, https:\/\/academiespatiale.fr\/wp-content\/uploads\/2025\/01\/Brochure-Space-business-strategy.jpg 806w\" sizes=\"auto, (max-width: 720px) 100vw, 720px\" \/><\/a><\/figure>\n<\/div>\n<\/div>\n\n\n\n<hr class=\"wp-block-separator has-alpha-channel-opacity\"\/>\n\n\n\n<div style=\"height:20px\" aria-hidden=\"true\" class=\"wp-block-spacer\"><\/div>\n\n\n\n<p><strong>Plus d&rsquo;infos \u2192<\/strong> <a href=\"https:\/\/www.centralesupelec.fr\/en\/msct-space-business-strategy-entrepreneurship-and-sustainability-design?tab=overview\" target=\"_blank\" rel=\"noopener\" title=\"\">MSc&amp;T in Space Business Strategy<\/a><\/p>\n<\/div><\/div>\n\n\n\n<div style=\"height:50px\" aria-hidden=\"true\" class=\"wp-block-spacer\"><\/div>\n\n\n\n<div class=\"wp-block-columns alignfull has-text-color has-link-color wp-elements-8422e2a85d9f2e5605b7dd2ae54b3e54 is-layout-flex wp-container-core-columns-is-layout-e94c545b wp-block-columns-is-layout-flex\" style=\"color:#b1b1b1;margin-top:-25px;margin-bottom:20px;padding-top:0;padding-right:0;padding-bottom:0;padding-left:60px;font-size:15px\">\n<div class=\"wp-block-column has-text-color has-link-color wp-elements-32661c60388d2123b0bf1683c717c484 is-layout-flow wp-block-column-is-layout-flow\" style=\"color:#a1a1a1;padding-top:0;padding-bottom:0;font-size:15px;font-style:normal;font-weight:100;flex-basis:100%\"><div class=\"aioseo-breadcrumbs\"><span class=\"aioseo-breadcrumb\">\n\t\t\t<a href=\"https:\/\/academiespatiale.fr\" title=\"Home\">Home<\/a>\n\t\t<\/span><span class=\"aioseo-breadcrumb-separator\">&raquo;<\/span><span class=\"aioseo-breadcrumb\">\n\t\t\t<a href=\"https:\/\/academiespatiale.fr\/index.php\/formations\/\" title=\"Formations &amp; m\u00e9tiers\">Formations &amp; m\u00e9tiers<\/a>\n\t\t<\/span><span class=\"aioseo-breadcrumb-separator\">&raquo;<\/span><span class=\"aioseo-breadcrumb\">\n\t\t\t<a href=\"https:\/\/academiespatiale.fr\/index.php\/formations\/trouver-une-formation\/\" title=\"Trouver une formation\">Trouver une formation<\/a>\n\t\t<\/span><span class=\"aioseo-breadcrumb-separator\">&raquo;<\/span><span class=\"aioseo-breadcrumb\">\n\t\t\tCommerce \u2013 \u00c9conomie\n\t\t<\/span><\/div><\/div>\n<\/div>\n\n\n\n<p><\/p>\n","protected":false},"excerpt":{"rendered":"<p>Nous proposons une formation de commerce au niveau master. Cependant, nous vous rappellons qu&rsquo;il existe de nombreuses voies pour int\u00e9grer le secteur spatial sans parcours sp\u00e9cifique ! Comp\u00e9tence Les expertises recherch\u00e9es dans ce domaine incluent, entre autres : Master<\/p>\n","protected":false},"author":1,"featured_media":0,"parent":2351,"menu_order":0,"comment_status":"closed","ping_status":"closed","template":"","meta":{"_monsterinsights_skip_tracking":false,"_monsterinsights_sitenote_active":false,"_monsterinsights_sitenote_note":"","_monsterinsights_sitenote_category":0,"_EventAllDay":false,"_EventTimezone":"","_EventStartDate":"","_EventEndDate":"","_EventStartDateUTC":"","_EventEndDateUTC":"","_EventShowMap":false,"_EventShowMapLink":false,"_EventURL":"","_EventCost":"","_EventCostDescription":"","_EventCurrencySymbol":"","_EventCurrencyCode":"","_EventCurrencyPosition":"","_EventDateTimeSeparator":"","_EventTimeRangeSeparator":"","_EventOrganizerID":[],"_EventVenueID":[],"_OrganizerEmail":"","_OrganizerPhone":"","_OrganizerWebsite":"","_VenueAddress":"","_VenueCity":"","_VenueCountry":"","_VenueProvince":"","_VenueState":"","_VenueZip":"","_VenuePhone":"","_VenueURL":"","_VenueStateProvince":"","_VenueLat":"","_VenueLng":"","_VenueShowMap":false,"_VenueShowMapLink":false,"footnotes":""},"class_list":["post-2891","page","type-page","status-publish","hentry"],"aioseo_notices":[],"_links":{"self":[{"href":"https:\/\/academiespatiale.fr\/index.php\/wp-json\/wp\/v2\/pages\/2891","targetHints":{"allow":["GET"]}}],"collection":[{"href":"https:\/\/academiespatiale.fr\/index.php\/wp-json\/wp\/v2\/pages"}],"about":[{"href":"https:\/\/academiespatiale.fr\/index.php\/wp-json\/wp\/v2\/types\/page"}],"author":[{"embeddable":true,"href":"https:\/\/academiespatiale.fr\/index.php\/wp-json\/wp\/v2\/users\/1"}],"replies":[{"embeddable":true,"href":"https:\/\/academiespatiale.fr\/index.php\/wp-json\/wp\/v2\/comments?post=2891"}],"version-history":[{"count":15,"href":"https:\/\/academiespatiale.fr\/index.php\/wp-json\/wp\/v2\/pages\/2891\/revisions"}],"predecessor-version":[{"id":7132,"href":"https:\/\/academiespatiale.fr\/index.php\/wp-json\/wp\/v2\/pages\/2891\/revisions\/7132"}],"up":[{"embeddable":true,"href":"https:\/\/academiespatiale.fr\/index.php\/wp-json\/wp\/v2\/pages\/2351"}],"wp:attachment":[{"href":"https:\/\/academiespatiale.fr\/index.php\/wp-json\/wp\/v2\/media?parent=2891"}],"curies":[{"name":"wp","href":"https:\/\/api.w.org\/{rel}","templated":true}]}}