{"id":2644,"date":"2024-12-19T18:36:57","date_gmt":"2024-12-19T17:36:57","guid":{"rendered":"https:\/\/academiespatiale.fr\/?page_id=2644"},"modified":"2025-12-02T16:00:50","modified_gmt":"2025-12-02T15:00:50","slug":"contact","status":"publish","type":"page","link":"https:\/\/academiespatiale.fr\/index.php\/contact\/","title":{"rendered":"Contact"},"content":{"rendered":"\n<div class=\"wp-block-columns alignwide is-layout-flex wp-container-core-columns-is-layout-28f84493 wp-block-columns-is-layout-flex\">\n<div class=\"wp-block-column is-layout-flow wp-block-column-is-layout-flow\">\n<div style=\"height:30px\" aria-hidden=\"true\" class=\"wp-block-spacer\"><\/div>\n\n\n\n<p style=\"font-size:16px\">BUREAU<\/p>\n\n\n\n<div style=\"height:15px\" aria-hidden=\"true\" class=\"wp-block-spacer\"><\/div>\n\n\n\n<p style=\"margin-top:0;margin-bottom:0\"><strong>Philippe Keckhut<\/strong> &#8211; Directeur du projet<\/p>\n\n\n\n<p class=\"has-small-font-size\" style=\"margin-top:0;margin-bottom:0\"><a href=\"mailto:philippe.keckhut@academiespatiale.fr\" target=\"_blank\" rel=\"noopener\" title=\"\">philippe.keckhut (at) academiespatiale.fr<\/a><\/p>\n\n\n\n<div style=\"height:15px\" aria-hidden=\"true\" class=\"wp-block-spacer\"><\/div>\n\n\n\n<p style=\"margin-top:0;margin-bottom:0\"><strong>H\u00e9l\u00e8ne Chepfer<\/strong> &#8211; Directrice adjointe<\/p>\n\n\n\n<p class=\"has-small-font-size\" style=\"margin-top:0;margin-bottom:0\"><a href=\"mailto:chepfer@academiespatiale.fr\" target=\"_blank\" rel=\"noopener\" title=\"\">chepfer (at) academiespatiale.fr<\/a><\/p>\n\n\n\n<div style=\"height:15px\" aria-hidden=\"true\" class=\"wp-block-spacer\"><\/div>\n\n\n\n<p style=\"margin-top:0;margin-bottom:0\"><strong>Rasika Fernando <\/strong>&#8211; Contact industrie<\/p>\n\n\n\n<p class=\"has-small-font-size\" style=\"margin-top:0;margin-bottom:0\"><a href=\"mailto:rasika.fernando@academiespatiale.fr\" target=\"_blank\" rel=\"noopener\" title=\"\">rasika.fernando (at) academiespatiale.fr<\/a><\/p>\n\n\n\n<div style=\"height:10px\" aria-hidden=\"true\" class=\"wp-block-spacer\"><\/div>\n\n\n\n<hr class=\"wp-block-separator has-alpha-channel-opacity\"\/>\n\n\n\n<div style=\"height:30px\" aria-hidden=\"true\" class=\"wp-block-spacer\"><\/div>\n\n\n\n<p style=\"margin-top:0;margin-bottom:0\"><strong>Carole Stora-Calt\u00e9<\/strong> &#8211; Cheffe de projet<\/p>\n\n\n\n<p class=\"has-small-font-size\" style=\"margin-top:0;margin-bottom:0\"><a href=\"mailto:carole.stora-calte@academiespatiale.fr\" target=\"_blank\" rel=\"noopener\" title=\"\">carole.stora-calte (at) academiespatiale.fr<\/a><\/p>\n\n\n\n<div style=\"height:15px\" aria-hidden=\"true\" class=\"wp-block-spacer\"><\/div>\n\n\n\n<p style=\"margin-top:0;margin-bottom:0\"><strong>Georges Baaklini<\/strong> &#8211; Chef de projet Sorbonne Universit\u00e9<\/p>\n\n\n\n<p class=\"has-small-font-size\" style=\"margin-top:0;margin-bottom:0\"><a href=\"mailto:georges.baaklini@lmd.ipsl.fr\" target=\"_blank\" rel=\"noopener\" title=\"\">georges.baaklini (at) lmd.ipsl.fr<\/a><\/p>\n\n\n\n<div style=\"height:15px\" aria-hidden=\"true\" class=\"wp-block-spacer\"><\/div>\n\n\n\n<p style=\"margin-top:0;margin-bottom:0\"><strong>Charlotte Edy<\/strong> &#8211; Cheffe de projet UPEC<\/p>\n\n\n\n<p class=\"has-small-font-size\" style=\"margin-top:0;margin-bottom:0\"><a href=\"mailto:charlotte.edy@lisa.ipsl.fr\" target=\"_blank\" rel=\"noopener\" title=\"\">charlotte.edy (at) lisa.ipsl.fr<\/a><\/p>\n\n\n\n<div style=\"height:15px\" aria-hidden=\"true\" class=\"wp-block-spacer\"><\/div>\n\n\n\n<p style=\"margin-top:0;margin-bottom:0\"><strong>Delphine Urbah<\/strong> &#8211; Cheffe de projet Universit\u00e9 Paris Cit\u00e9<\/p>\n\n\n\n<p class=\"has-small-font-size\" style=\"margin-top:0;margin-bottom:0\"><a href=\"mailto:delphine.urbah@u-paris.fr\" target=\"_blank\" rel=\"noopener\" title=\"\">delphine.urbah (at) u-paris.fr<\/a><\/p>\n\n\n\n<div style=\"height:10px\" aria-hidden=\"true\" class=\"wp-block-spacer\"><\/div>\n\n\n\n<hr class=\"wp-block-separator has-alpha-channel-opacity\"\/>\n\n\n\n<div style=\"height:30px\" aria-hidden=\"true\" class=\"wp-block-spacer\"><\/div>\n\n\n\n<p style=\"margin-top:0;margin-bottom:0\"><strong>Alice Gronier<\/strong> &#8211; Charg\u00e9e de communication \u00e9v\u00e8nementielle et audiovisuelle<\/p>\n\n\n\n<p class=\"has-small-font-size\" style=\"margin-top:0;margin-bottom:0\"><a href=\"mailto:alice.gronier@academiespatiale.fr\" target=\"_blank\" rel=\"noopener\" title=\"\">alice.gronier (at) academiespatiale.fr<\/a><\/p>\n\n\n\n<div style=\"height:15px\" aria-hidden=\"true\" class=\"wp-block-spacer\"><\/div>\n\n\n\n<p style=\"margin-top:0;margin-bottom:0\"><strong>Ga\u00eblle Katchourine<\/strong> &#8211; Charg\u00e9e de m\u00e9diation et communication scientifique<\/p>\n\n\n\n<p class=\"has-small-font-size\" style=\"margin-top:0;margin-bottom:0\"><a href=\"mailto:gaelle.katchourine@academiespatiale.fr\" target=\"_blank\" rel=\"noopener\" title=\"\">gaelle.katchourine (at) academiespatiale.fr<\/a><\/p>\n\n\n\n<div style=\"height:15px\" aria-hidden=\"true\" class=\"wp-block-spacer\"><\/div>\n\n\n\n<p style=\"margin-top:0;margin-bottom:0\"><strong>Marie-Anne Zakin<\/strong> &#8211; Ing\u00e9nieure p\u00e9dagogique<\/p>\n\n\n\n<p class=\"has-small-font-size\" style=\"margin-top:0;margin-bottom:0\"><a href=\"mailto:marie-anne.zakin@academiespatiale.fr\" target=\"_blank\" rel=\"noopener\" title=\"\">marie-anne.zakin (at) academiespatiale.fr<\/a><\/p>\n<\/div>\n\n\n\n<div class=\"wp-block-column is-layout-flow wp-block-column-is-layout-flow\">\n<div style=\"height:30px\" aria-hidden=\"true\" class=\"wp-block-spacer\"><\/div>\n\n\n\n<p style=\"font-size:16px\">VOTRE DEMANDE CONCERNE :<\/p>\n\n\n\n<div style=\"height:15px\" aria-hidden=\"true\" class=\"wp-block-spacer\"><\/div>\n\n\n\n<p style=\"margin-top:0;margin-bottom:0\">Les bourses de mobilit\u00e9s internationales<\/p>\n\n\n\n<p class=\"has-small-font-size\" style=\"margin-top:0;margin-bottom:0\"><a href=\"mailto:mobility@academiespatiale.fr\" target=\"_blank\" rel=\"noopener\" title=\"\">mobility (at) academiespatiale.fr<\/a><\/p>\n\n\n\n<div style=\"height:15px\" aria-hidden=\"true\" class=\"wp-block-spacer\"><\/div>\n\n\n\n<p style=\"margin-top:0;margin-bottom:0\">Les appels \u00e0 projets apprentissages ou th\u00e8ses<\/p>\n\n\n\n<p class=\"has-small-font-size\" style=\"margin-top:0;margin-bottom:0\"><a href=\"mailto:alternance@academiespatiale.fr\" title=\"\">alternance (at) academiespatiale.fr<\/a><br><a href=\"mailto:theses@academiespatiale.fr\" target=\"_blank\" rel=\"noopener\" title=\"\">theses (at) academiespatiale.fr<\/a><\/p>\n\n\n\n<div style=\"height:30px\" aria-hidden=\"true\" class=\"wp-block-spacer\"><\/div>\n\n\n\n<div class=\"wp-block-group\" style=\"border-width:1px;border-radius:17px;padding-top:var(--wp--preset--spacing--60);padding-right:var(--wp--preset--spacing--60);padding-bottom:var(--wp--preset--spacing--60);padding-left:var(--wp--preset--spacing--60)\"><div class=\"wp-block-group__inner-container is-layout-constrained wp-container-core-group-is-layout-db32e940 wp-block-group-is-layout-constrained\">\n<p class=\"has-text-align-left\"><strong>Formulaire de contact<\/strong><\/p>\n\n\n\n<div style=\"height:20px\" aria-hidden=\"true\" class=\"wp-block-spacer\"><\/div>\n\n\n<style id=\"wpforms-css-vars-732-block-12c0d537-9210-4f77-a320-5ef0dc3ffe22\">\n\t\t\t\t#wpforms-732.wpforms-block-12c0d537-9210-4f77-a320-5ef0dc3ffe22 {\n\t\t\t\t--wpforms-field-size-input-height: 43px;\n--wpforms-field-size-input-spacing: 15px;\n--wpforms-field-size-font-size: 16px;\n--wpforms-field-size-line-height: 19px;\n--wpforms-field-size-padding-h: 14px;\n--wpforms-field-size-checkbox-size: 16px;\n--wpforms-field-size-sublabel-spacing: 5px;\n--wpforms-field-size-icon-size: 1;\n--wpforms-label-size-font-size: 16px;\n--wpforms-label-size-line-height: 19px;\n--wpforms-label-size-sublabel-font-size: 14px;\n--wpforms-label-size-sublabel-line-height: 17px;\n--wpforms-button-size-font-size: 17px;\n--wpforms-button-size-height: 41px;\n--wpforms-button-size-padding-h: 15px;\n--wpforms-button-size-margin-top: 10px;\n\t\t\t}\n\t\t\t<\/style><div class=\"wpforms-container wpforms-container-full wpforms-block wpforms-block-12c0d537-9210-4f77-a320-5ef0dc3ffe22 wpforms-render-modern\" id=\"wpforms-732\"><form id=\"wpforms-form-732\" class=\"wpforms-validate wpforms-form\" data-formid=\"732\" method=\"post\" enctype=\"multipart\/form-data\" action=\"\/index.php\/wp-json\/wp\/v2\/pages\/2644\" data-token=\"2491b9aa5ef00377db3ed921e722b53f\" data-token-time=\"1777712635\"><noscript class=\"wpforms-error-noscript\">Veuillez activer JavaScript dans votre navigateur pour remplir ce formulaire.<\/noscript><div id=\"wpforms-error-noscript\" style=\"display: none;\">Veuillez activer JavaScript dans votre navigateur pour remplir ce formulaire.<\/div><div class=\"wpforms-field-container\"><div id=\"wpforms-732-field_0-container\" class=\"wpforms-field wpforms-field-name wpforms-one-half wpforms-first\" data-field-id=\"0\"><label class=\"wpforms-field-label\" for=\"wpforms-732-field_0\">Nom <span class=\"wpforms-required-label\" aria-hidden=\"true\">*<\/span><\/label><input type=\"text\" id=\"wpforms-732-field_0\" class=\"wpforms-field-large wpforms-field-required\" name=\"wpforms[fields][0]\" aria-errormessage=\"wpforms-732-field_0-error\" required><\/div><div id=\"wpforms-732-field_3-container\" class=\"wpforms-field wpforms-field-email wpforms-one-half\" data-field-id=\"3\"><label class=\"wpforms-field-label\" for=\"wpforms-732-field_3\">Email <span class=\"wpforms-required-label\" aria-hidden=\"true\">*<\/span><\/label><input type=\"email\" id=\"wpforms-732-field_3\" class=\"wpforms-field-large wpforms-field-required\" name=\"wpforms[fields][3]\" spellcheck=\"false\" aria-errormessage=\"wpforms-732-field_3-error\" required><\/div><div id=\"wpforms-732-field_6-container\" class=\"wpforms-field wpforms-field-checkbox wpforms-list-2-columns\" data-field-id=\"6\"><fieldset><legend class=\"wpforms-field-label wpforms-label-hide\" aria-hidden=\"false\">Cases \u00e0 cocher <span class=\"wpforms-required-label\" aria-hidden=\"true\">*<\/span><\/legend><ul id=\"wpforms-732-field_6\" class=\"wpforms-field-required\"><li class=\"choice-1 depth-1\"><input type=\"checkbox\" id=\"wpforms-732-field_6_1\" name=\"wpforms[fields][6][]\" value=\"Etudiant\u00b7es\" aria-errormessage=\"wpforms-732-field_6_1-error\" required ><label class=\"wpforms-field-label-inline\" for=\"wpforms-732-field_6_1\">Etudiant\u00b7es<\/label><\/li><li class=\"choice-2 depth-1\"><input type=\"checkbox\" id=\"wpforms-732-field_6_2\" name=\"wpforms[fields][6][]\" value=\"Enseignant\u00b7es\" aria-errormessage=\"wpforms-732-field_6_2-error\" required ><label class=\"wpforms-field-label-inline\" for=\"wpforms-732-field_6_2\">Enseignant\u00b7es<\/label><\/li><li class=\"choice-4 depth-1\"><input type=\"checkbox\" id=\"wpforms-732-field_6_4\" name=\"wpforms[fields][6][]\" value=\"Industriel\" aria-errormessage=\"wpforms-732-field_6_4-error\" required ><label class=\"wpforms-field-label-inline\" for=\"wpforms-732-field_6_4\">Industriel<\/label><\/li><li class=\"choice-3 depth-1\"><input type=\"checkbox\" id=\"wpforms-732-field_6_3\" name=\"wpforms[fields][6][]\" value=\"Institutionnel\" aria-errormessage=\"wpforms-732-field_6_3-error\" required ><label class=\"wpforms-field-label-inline\" for=\"wpforms-732-field_6_3\">Institutionnel<\/label><\/li><\/ul><\/fieldset><\/div><div id=\"wpforms-732-field_2-container\" class=\"wpforms-field wpforms-field-textarea\" data-field-id=\"2\"><label class=\"wpforms-field-label\" for=\"wpforms-732-field_2\">Votre message <span class=\"wpforms-required-label\" aria-hidden=\"true\">*<\/span><\/label><textarea id=\"wpforms-732-field_2\" class=\"wpforms-field-medium wpforms-field-required\" name=\"wpforms[fields][2]\" aria-errormessage=\"wpforms-732-field_2-error\" required><\/textarea><\/div><\/div><!-- .wpforms-field-container --><div class=\"wpforms-submit-container\" ><input type=\"hidden\" name=\"wpforms[id]\" value=\"732\"><input type=\"hidden\" name=\"page_title\" value=\"\"><input type=\"hidden\" name=\"page_url\" value=\"https:\/\/academiespatiale.fr\/index.php\/wp-json\/wp\/v2\/pages\/2644\"><input type=\"hidden\" name=\"url_referer\" value=\"\"><button type=\"submit\" name=\"wpforms[submit]\" id=\"wpforms-submit-732\" class=\"wpforms-submit\" data-alt-text=\"En cours d&#039;envoi...\" data-submit-text=\"Envoyer\" aria-live=\"assertive\" value=\"wpforms-submit\">Envoyer<\/button><\/div><\/form><\/div>  <!-- .wpforms-container --><\/div><\/div>\n<\/div>\n<\/div>\n\n\n\n<div style=\"height:30px\" aria-hidden=\"true\" class=\"wp-block-spacer\"><\/div>\n\n\n\n<hr class=\"wp-block-separator has-alpha-channel-opacity\"\/>\n\n\n\n<h3 class=\"wp-block-heading has-text-align-center\">Suivez-nous !<\/h3>\n\n\n\n<p class=\"has-text-align-center\">Rejoignez notre communaut\u00e9 et faites partie de l&rsquo;aventure spatiale !<\/p>\n\n\n\n<div style=\"height:30px\" aria-hidden=\"true\" class=\"wp-block-spacer\"><\/div>\n\n\n\n<ul class=\"wp-block-social-links has-large-icon-size has-visible-labels is-style-pill-shape is-vertical is-content-justification-center is-nowrap is-layout-flex wp-container-core-social-links-is-layout-d7b04dc7 wp-block-social-links-is-layout-flex\"><li class=\"wp-social-link wp-social-link-instagram  wp-block-social-link\"><a rel=\"noopener nofollow\" target=\"_blank\" href=\"https:\/\/www.instagram.com\/academie_spatiale\/\" class=\"wp-block-social-link-anchor\"><svg width=\"24\" height=\"24\" viewBox=\"0 0 24 24\" version=\"1.1\" xmlns=\"http:\/\/www.w3.org\/2000\/svg\" aria-hidden=\"true\" focusable=\"false\"><path d=\"M12,4.622c2.403,0,2.688,0.009,3.637,0.052c0.877,0.04,1.354,0.187,1.671,0.31c0.42,0.163,0.72,0.358,1.035,0.673 c0.315,0.315,0.51,0.615,0.673,1.035c0.123,0.317,0.27,0.794,0.31,1.671c0.043,0.949,0.052,1.234,0.052,3.637 s-0.009,2.688-0.052,3.637c-0.04,0.877-0.187,1.354-0.31,1.671c-0.163,0.42-0.358,0.72-0.673,1.035 c-0.315,0.315-0.615,0.51-1.035,0.673c-0.317,0.123-0.794,0.27-1.671,0.31c-0.949,0.043-1.233,0.052-3.637,0.052 s-2.688-0.009-3.637-0.052c-0.877-0.04-1.354-0.187-1.671-0.31c-0.42-0.163-0.72-0.358-1.035-0.673 c-0.315-0.315-0.51-0.615-0.673-1.035c-0.123-0.317-0.27-0.794-0.31-1.671C4.631,14.688,4.622,14.403,4.622,12 s0.009-2.688,0.052-3.637c0.04-0.877,0.187-1.354,0.31-1.671c0.163-0.42,0.358-0.72,0.673-1.035 c0.315-0.315,0.615-0.51,1.035-0.673c0.317-0.123,0.794-0.27,1.671-0.31C9.312,4.631,9.597,4.622,12,4.622 M12,3 C9.556,3,9.249,3.01,8.289,3.054C7.331,3.098,6.677,3.25,6.105,3.472C5.513,3.702,5.011,4.01,4.511,4.511 c-0.5,0.5-0.808,1.002-1.038,1.594C3.25,6.677,3.098,7.331,3.054,8.289C3.01,9.249,3,9.556,3,12c0,2.444,0.01,2.751,0.054,3.711 c0.044,0.958,0.196,1.612,0.418,2.185c0.23,0.592,0.538,1.094,1.038,1.594c0.5,0.5,1.002,0.808,1.594,1.038 c0.572,0.222,1.227,0.375,2.185,0.418C9.249,20.99,9.556,21,12,21s2.751-0.01,3.711-0.054c0.958-0.044,1.612-0.196,2.185-0.418 c0.592-0.23,1.094-0.538,1.594-1.038c0.5-0.5,0.808-1.002,1.038-1.594c0.222-0.572,0.375-1.227,0.418-2.185 C20.99,14.751,21,14.444,21,12s-0.01-2.751-0.054-3.711c-0.044-0.958-0.196-1.612-0.418-2.185c-0.23-0.592-0.538-1.094-1.038-1.594 c-0.5-0.5-1.002-0.808-1.594-1.038c-0.572-0.222-1.227-0.375-2.185-0.418C14.751,3.01,14.444,3,12,3L12,3z M12,7.378 c-2.552,0-4.622,2.069-4.622,4.622S9.448,16.622,12,16.622s4.622-2.069,4.622-4.622S14.552,7.378,12,7.378z M12,15 c-1.657,0-3-1.343-3-3s1.343-3,3-3s3,1.343,3,3S13.657,15,12,15z M16.804,6.116c-0.596,0-1.08,0.484-1.08,1.08 s0.484,1.08,1.08,1.08c0.596,0,1.08-0.484,1.08-1.08S17.401,6.116,16.804,6.116z\"><\/path><\/svg><span class=\"wp-block-social-link-label\">academie_spatiale<\/span><\/a><\/li>\n\n<li class=\"wp-social-link wp-social-link-linkedin  wp-block-social-link\"><a rel=\"noopener nofollow\" target=\"_blank\" href=\"https:\/\/www.linkedin.com\/company\/academie-spatiale-ile-de-france\/\" class=\"wp-block-social-link-anchor\"><svg width=\"24\" height=\"24\" viewBox=\"0 0 24 24\" version=\"1.1\" xmlns=\"http:\/\/www.w3.org\/2000\/svg\" aria-hidden=\"true\" focusable=\"false\"><path d=\"M19.7,3H4.3C3.582,3,3,3.582,3,4.3v15.4C3,20.418,3.582,21,4.3,21h15.4c0.718,0,1.3-0.582,1.3-1.3V4.3 C21,3.582,20.418,3,19.7,3z M8.339,18.338H5.667v-8.59h2.672V18.338z M7.004,8.574c-0.857,0-1.549-0.694-1.549-1.548 c0-0.855,0.691-1.548,1.549-1.548c0.854,0,1.547,0.694,1.547,1.548C8.551,7.881,7.858,8.574,7.004,8.574z M18.339,18.338h-2.669 v-4.177c0-0.996-0.017-2.278-1.387-2.278c-1.389,0-1.601,1.086-1.601,2.206v4.249h-2.667v-8.59h2.559v1.174h0.037 c0.356-0.675,1.227-1.387,2.526-1.387c2.703,0,3.203,1.779,3.203,4.092V18.338z\"><\/path><\/svg><span class=\"wp-block-social-link-label\">Acad\u00e9mie Spatiale d&#039;\u00cele-de-France<\/span><\/a><\/li><\/ul>\n\n\n\n<div style=\"height:50px\" aria-hidden=\"true\" class=\"wp-block-spacer\"><\/div>\n\n\n\n<p><\/p>\n","protected":false},"excerpt":{"rendered":"<p>BUREAU Philippe Keckhut &#8211; Directeur du projet philippe.keckhut (at) academiespatiale.fr H\u00e9l\u00e8ne Chepfer &#8211; Directrice adjointe chepfer (at) academiespatiale.fr Rasika Fernando &#8211; Contact industrie rasika.fernando (at) academiespatiale.fr Carole Stora-Calt\u00e9 &#8211; Cheffe de projet carole.stora-calte (at) academiespatiale.fr Georges Baaklini &#8211; Chef de projet Sorbonne Universit\u00e9 georges.baaklini (at) lmd.ipsl.fr Charlotte Edy &#8211; Cheffe [&hellip;]<\/p>\n","protected":false},"author":1,"featured_media":0,"parent":0,"menu_order":0,"comment_status":"closed","ping_status":"closed","template":"","meta":{"_monsterinsights_skip_tracking":false,"_monsterinsights_sitenote_active":false,"_monsterinsights_sitenote_note":"","_monsterinsights_sitenote_category":0,"_EventAllDay":false,"_EventTimezone":"","_EventStartDate":"","_EventEndDate":"","_EventStartDateUTC":"","_EventEndDateUTC":"","_EventShowMap":false,"_EventShowMapLink":false,"_EventURL":"","_EventCost":"","_EventCostDescription":"","_EventCurrencySymbol":"","_EventCurrencyCode":"","_EventCurrencyPosition":"","_EventDateTimeSeparator":"","_EventTimeRangeSeparator":"","_EventOrganizerID":[],"_EventVenueID":[],"_OrganizerEmail":"","_OrganizerPhone":"","_OrganizerWebsite":"","_VenueAddress":"","_VenueCity":"","_VenueCountry":"","_VenueProvince":"","_VenueState":"","_VenueZip":"","_VenuePhone":"","_VenueURL":"","_VenueStateProvince":"","_VenueLat":"","_VenueLng":"","_VenueShowMap":false,"_VenueShowMapLink":false,"footnotes":""},"class_list":["post-2644","page","type-page","status-publish","hentry"],"aioseo_notices":[],"_links":{"self":[{"href":"https:\/\/academiespatiale.fr\/index.php\/wp-json\/wp\/v2\/pages\/2644","targetHints":{"allow":["GET"]}}],"collection":[{"href":"https:\/\/academiespatiale.fr\/index.php\/wp-json\/wp\/v2\/pages"}],"about":[{"href":"https:\/\/academiespatiale.fr\/index.php\/wp-json\/wp\/v2\/types\/page"}],"author":[{"embeddable":true,"href":"https:\/\/academiespatiale.fr\/index.php\/wp-json\/wp\/v2\/users\/1"}],"replies":[{"embeddable":true,"href":"https:\/\/academiespatiale.fr\/index.php\/wp-json\/wp\/v2\/comments?post=2644"}],"version-history":[{"count":21,"href":"https:\/\/academiespatiale.fr\/index.php\/wp-json\/wp\/v2\/pages\/2644\/revisions"}],"predecessor-version":[{"id":6599,"href":"https:\/\/academiespatiale.fr\/index.php\/wp-json\/wp\/v2\/pages\/2644\/revisions\/6599"}],"wp:attachment":[{"href":"https:\/\/academiespatiale.fr\/index.php\/wp-json\/wp\/v2\/media?parent=2644"}],"curies":[{"name":"wp","href":"https:\/\/api.w.org\/{rel}","templated":true}]}}