{"id":2351,"date":"2024-12-03T11:35:16","date_gmt":"2024-12-03T10:35:16","guid":{"rendered":"https:\/\/academiespatiale.fr\/?page_id=2351"},"modified":"2025-12-19T11:02:56","modified_gmt":"2025-12-19T10:02:56","slug":"trouver-une-formation","status":"publish","type":"page","link":"https:\/\/academiespatiale.fr\/index.php\/formations\/trouver-une-formation\/","title":{"rendered":"Trouver une formation"},"content":{"rendered":"\n<div class=\"wp-block-columns alignfull has-text-color has-link-color wp-elements-8422e2a85d9f2e5605b7dd2ae54b3e54 is-layout-flex wp-container-core-columns-is-layout-e94c545b wp-block-columns-is-layout-flex\" style=\"color:#b1b1b1;margin-top:-25px;margin-bottom:20px;padding-top:0;padding-right:0;padding-bottom:0;padding-left:60px;font-size:15px\">\n<div class=\"wp-block-column has-text-color has-link-color wp-elements-32661c60388d2123b0bf1683c717c484 is-layout-flow wp-block-column-is-layout-flow\" style=\"color:#a1a1a1;padding-top:0;padding-bottom:0;font-size:15px;font-style:normal;font-weight:100;flex-basis:100%\"><div class=\"aioseo-breadcrumbs\"><span class=\"aioseo-breadcrumb\">\n\t\t\t<a href=\"https:\/\/academiespatiale.fr\" title=\"Home\">Home<\/a>\n\t\t<\/span><span class=\"aioseo-breadcrumb-separator\">&raquo;<\/span><span class=\"aioseo-breadcrumb\">\n\t\t\t<a href=\"https:\/\/academiespatiale.fr\/index.php\/formations\/\" title=\"Formations &amp; m\u00e9tiers\">Formations &amp; m\u00e9tiers<\/a>\n\t\t<\/span><span class=\"aioseo-breadcrumb-separator\">&raquo;<\/span><span class=\"aioseo-breadcrumb\">\n\t\t\tTrouver une formation\n\t\t<\/span><\/div><\/div>\n<\/div>\n\n\n\n<div class=\"wp-block-columns is-layout-flex wp-container-core-columns-is-layout-28f84493 wp-block-columns-is-layout-flex\">\n<div class=\"wp-block-column is-layout-flow wp-block-column-is-layout-flow\" style=\"flex-basis:66.66%\">\n<div style=\"height:30px\" aria-hidden=\"true\" class=\"wp-block-spacer\"><\/div>\n\n\n\n<p>Les formations pr\u00e9sent\u00e9es ici sont situ\u00e9es en \u00eele-de-france et sont partenaires de l&rsquo;Acad\u00e9mie Spatiale. Elles sont sp\u00e9cialis\u00e9es dans le domaine spatial ou offrent une orientation spatiale. <\/p>\n\n\n\n<p class=\"has-background-color-background-color has-background\" style=\"font-size:16px\">\/!\\ <br>La plupart de ces cursus se concentrant sur les sciences, nous souhaitons rappeler qu&rsquo;il existe de nombreuses voies pour travailler dans le secteur spatial sans formation d\u00e9di\u00e9e. Cela s&rsquo;applique \u00e9galement aux niveaux CAP\/BEP jusqu\u2019au bac+2, pour lesquels nous n&rsquo;avons pas encore de programmes sp\u00e9cifiques \u00e0 proposer.<\/p>\n<\/div>\n\n\n\n<div class=\"wp-block-column is-layout-flow wp-block-column-is-layout-flow\" style=\"flex-basis:33.33%\">\n<figure class=\"wp-block-image size-large\"><img loading=\"lazy\" decoding=\"async\" width=\"683\" height=\"1024\" src=\"https:\/\/academiespatiale.fr\/wp-content\/uploads\/2025\/01\/pexels-armin-rimoldi-5553071-1-683x1024.jpg\" alt=\"\" class=\"wp-image-2853\" srcset=\"https:\/\/academiespatiale.fr\/wp-content\/uploads\/2025\/01\/pexels-armin-rimoldi-5553071-1-683x1024.jpg 683w, https:\/\/academiespatiale.fr\/wp-content\/uploads\/2025\/01\/pexels-armin-rimoldi-5553071-1-200x300.jpg 200w, https:\/\/academiespatiale.fr\/wp-content\/uploads\/2025\/01\/pexels-armin-rimoldi-5553071-1-768x1152.jpg 768w, https:\/\/academiespatiale.fr\/wp-content\/uploads\/2025\/01\/pexels-armin-rimoldi-5553071-1-1024x1536.jpg 1024w, https:\/\/academiespatiale.fr\/wp-content\/uploads\/2025\/01\/pexels-armin-rimoldi-5553071-1-1365x2048.jpg 1365w, https:\/\/academiespatiale.fr\/wp-content\/uploads\/2025\/01\/pexels-armin-rimoldi-5553071-1-scaled.jpg 1707w\" sizes=\"auto, (max-width: 683px) 100vw, 683px\" \/><\/figure>\n<\/div>\n<\/div>\n\n\n\n<div class=\"wp-block-cover alignwide has-parallax is-repeated\" style=\"min-height:222px;aspect-ratio:unset;\"><div class=\"wp-block-cover__image-background wp-image-5782 size-full has-parallax is-repeated\" style=\"background-position:50% 50%;background-image:url(https:\/\/academiespatiale.fr\/wp-content\/uploads\/2025\/09\/Ambassadeurs_2025.jpg)\"><\/div><span aria-hidden=\"true\" class=\"wp-block-cover__background has-background-dim-70 has-background-dim\" style=\"background-color:#003761\"><\/span><div class=\"wp-block-cover__inner-container is-layout-constrained wp-block-cover-is-layout-constrained\">\n<p class=\"has-text-align-center\" style=\"font-size:15px\"><strong>Tu es un\/une \u00e9l\u00e8ve de coll\u00e8ge, lyc\u00e9e ou du sup\u00e9rieur ? Trouve ton orientation en discutant avec d\u2019autres jeunes !<br>Avec&nbsp;<em>My Job Glasses \u00ab&nbsp;Entre Jeunes&nbsp;\u00bb<\/em>, profite de l\u2019exp\u00e9rience de celles et ceux qui ont d\u00e9j\u00e0 trouv\u00e9 leur voie.<\/strong><\/p>\n\n\n\n<div class=\"wp-block-buttons is-content-justification-center is-layout-flex wp-container-core-buttons-is-layout-a89b3969 wp-block-buttons-is-layout-flex\">\n<div class=\"wp-block-button\"><a class=\"wp-block-button__link has-black-color has-white-background-color has-text-color has-background has-link-color has-custom-font-size wp-element-button\" href=\"https:\/\/academiespatiale.fr\/index.php\/my-job-glasses\/\" style=\"font-size:15px\"><strong>Rencontre nos \u00e9tudiantes et \u00e9tudiants ambassadeurs<\/strong><\/a><\/div>\n<\/div>\n<\/div><\/div>\n\n\n\n<div style=\"height:30px\" aria-hidden=\"true\" class=\"wp-block-spacer\"><\/div>\n\n\n\n<hr class=\"wp-block-separator has-alpha-channel-opacity\"\/>\n\n\n\n<div style=\"height:30px\" aria-hidden=\"true\" class=\"wp-block-spacer\"><\/div>\n\n\n\n<div class=\"wp-block-columns alignwide is-layout-flex wp-container-core-columns-is-layout-28f84493 wp-block-columns-is-layout-flex\">\n<div class=\"wp-block-column is-layout-flow wp-block-column-is-layout-flow\">\n<div style=\"aspect-ratio:1;min-height:unset;\" class=\"wp-block-cover has-white-color has-text-color has-link-color wp-elements-e47298760f1b172b48be3f3e3dbb64fe has-aspect-ratio\"><img loading=\"lazy\" decoding=\"async\" width=\"624\" height=\"378\" class=\"wp-block-cover__image-background wp-image-2878\" alt=\"\" src=\"https:\/\/academiespatiale.fr\/wp-content\/uploads\/2025\/01\/UVSQSAT-NG221124-1.png\" style=\"object-position:45% 62%\" data-object-fit=\"cover\" data-object-position=\"45% 62%\" srcset=\"https:\/\/academiespatiale.fr\/wp-content\/uploads\/2025\/01\/UVSQSAT-NG221124-1.png 624w, https:\/\/academiespatiale.fr\/wp-content\/uploads\/2025\/01\/UVSQSAT-NG221124-1-300x182.png 300w\" sizes=\"auto, (max-width: 624px) 100vw, 624px\" \/><span aria-hidden=\"true\" class=\"wp-block-cover__background has-background-dim\" style=\"background-color:#003761\"><\/span><div class=\"wp-block-cover__inner-container is-layout-constrained wp-block-cover-is-layout-constrained\">\n<p class=\"has-text-align-center\" style=\"font-size:30px\"><a href=\"https:\/\/academiespatiale.fr\/index.php\/formations\/trouver-une-formation\/technologie-ingenierie\/\" title=\"\">Technologie<br>Ing\u00e9nierie<\/a><\/p>\n<\/div><\/div>\n<\/div>\n\n\n\n<div class=\"wp-block-column is-layout-flow wp-block-column-is-layout-flow\">\n<div style=\"aspect-ratio:1;min-height:unset;\" class=\"wp-block-cover is-light has-white-color has-text-color has-link-color wp-elements-67665cb3b96aace9a4244a3968b6fdde has-aspect-ratio\"><img loading=\"lazy\" decoding=\"async\" width=\"720\" height=\"480\" class=\"wp-block-cover__image-background wp-image-2880\" alt=\"\" src=\"https:\/\/academiespatiale.fr\/wp-content\/uploads\/2025\/01\/Unhealthy-Skies-over-Los-Angeles-County_TEMPO-data-from-Nasa-earthdata-_-NASA-_-Michala-Garrison.jpg\" data-object-fit=\"cover\" srcset=\"https:\/\/academiespatiale.fr\/wp-content\/uploads\/2025\/01\/Unhealthy-Skies-over-Los-Angeles-County_TEMPO-data-from-Nasa-earthdata-_-NASA-_-Michala-Garrison.jpg 720w, https:\/\/academiespatiale.fr\/wp-content\/uploads\/2025\/01\/Unhealthy-Skies-over-Los-Angeles-County_TEMPO-data-from-Nasa-earthdata-_-NASA-_-Michala-Garrison-300x200.jpg 300w, https:\/\/academiespatiale.fr\/wp-content\/uploads\/2025\/01\/Unhealthy-Skies-over-Los-Angeles-County_TEMPO-data-from-Nasa-earthdata-_-NASA-_-Michala-Garrison-360x240.jpg 360w\" sizes=\"auto, (max-width: 720px) 100vw, 720px\" \/><span aria-hidden=\"true\" class=\"wp-block-cover__background has-background-dim\" style=\"background-color:#003761\"><\/span><div class=\"wp-block-cover__inner-container is-layout-constrained wp-block-cover-is-layout-constrained\">\n<p class=\"has-text-align-center\" style=\"font-size:30px\"><a href=\"https:\/\/academiespatiale.fr\/index.php\/formations\/trouver-une-formation\/numerique-informatique\/\" title=\"\">Num\u00e9rique<br>Informatique<\/a><\/p>\n<\/div><\/div>\n<\/div>\n\n\n\n<div class=\"wp-block-column is-layout-flow wp-block-column-is-layout-flow\">\n<div style=\"aspect-ratio:1;min-height:unset;\" class=\"wp-block-cover has-white-color has-text-color has-link-color wp-elements-f10e433ad1f86baec73e81a8b9947e88 has-aspect-ratio\"><img loading=\"lazy\" decoding=\"async\" width=\"1707\" height=\"2560\" class=\"wp-block-cover__image-background wp-image-2881\" alt=\"\" src=\"https:\/\/academiespatiale.fr\/wp-content\/uploads\/2025\/01\/pexels-tara-winstead-7723392-scaled.jpg\" data-object-fit=\"cover\" srcset=\"https:\/\/academiespatiale.fr\/wp-content\/uploads\/2025\/01\/pexels-tara-winstead-7723392-scaled.jpg 1707w, https:\/\/academiespatiale.fr\/wp-content\/uploads\/2025\/01\/pexels-tara-winstead-7723392-200x300.jpg 200w, https:\/\/academiespatiale.fr\/wp-content\/uploads\/2025\/01\/pexels-tara-winstead-7723392-683x1024.jpg 683w, https:\/\/academiespatiale.fr\/wp-content\/uploads\/2025\/01\/pexels-tara-winstead-7723392-768x1152.jpg 768w, https:\/\/academiespatiale.fr\/wp-content\/uploads\/2025\/01\/pexels-tara-winstead-7723392-1024x1536.jpg 1024w, https:\/\/academiespatiale.fr\/wp-content\/uploads\/2025\/01\/pexels-tara-winstead-7723392-1365x2048.jpg 1365w\" sizes=\"auto, (max-width: 1707px) 100vw, 1707px\" \/><span aria-hidden=\"true\" class=\"wp-block-cover__background has-background-dim\" style=\"background-color:#003761\"><\/span><div class=\"wp-block-cover__inner-container is-layout-constrained wp-block-cover-is-layout-constrained\">\n<p class=\"has-text-align-center\" style=\"font-size:30px\"><a href=\"https:\/\/academiespatiale.fr\/index.php\/formations\/trouver-une-formation\/medical-biologie\/\" title=\"\">Medical<br>Biologie<\/a><\/p>\n<\/div><\/div>\n<\/div>\n<\/div>\n\n\n\n<div class=\"wp-block-columns alignwide is-layout-flex wp-container-core-columns-is-layout-28f84493 wp-block-columns-is-layout-flex\">\n<div class=\"wp-block-column is-layout-flow wp-block-column-is-layout-flow\">\n<div style=\"aspect-ratio:1;min-height:unset;\" class=\"wp-block-cover has-white-color has-text-color has-link-color wp-elements-f4cce81ff467773f976a3e16c68e2218 has-aspect-ratio\"><img loading=\"lazy\" decoding=\"async\" width=\"2560\" height=\"1707\" class=\"wp-block-cover__image-background wp-image-2993\" alt=\"\" src=\"https:\/\/academiespatiale.fr\/wp-content\/uploads\/2025\/01\/pexels-jakubzerdzicki-17065769-scaled.jpg\" data-object-fit=\"cover\" srcset=\"https:\/\/academiespatiale.fr\/wp-content\/uploads\/2025\/01\/pexels-jakubzerdzicki-17065769-scaled.jpg 2560w, https:\/\/academiespatiale.fr\/wp-content\/uploads\/2025\/01\/pexels-jakubzerdzicki-17065769-300x200.jpg 300w, https:\/\/academiespatiale.fr\/wp-content\/uploads\/2025\/01\/pexels-jakubzerdzicki-17065769-1024x683.jpg 1024w, https:\/\/academiespatiale.fr\/wp-content\/uploads\/2025\/01\/pexels-jakubzerdzicki-17065769-768x512.jpg 768w, https:\/\/academiespatiale.fr\/wp-content\/uploads\/2025\/01\/pexels-jakubzerdzicki-17065769-1536x1024.jpg 1536w, https:\/\/academiespatiale.fr\/wp-content\/uploads\/2025\/01\/pexels-jakubzerdzicki-17065769-2048x1366.jpg 2048w, https:\/\/academiespatiale.fr\/wp-content\/uploads\/2025\/01\/pexels-jakubzerdzicki-17065769-360x240.jpg 360w\" sizes=\"auto, (max-width: 2560px) 100vw, 2560px\" \/><span aria-hidden=\"true\" class=\"wp-block-cover__background has-background-dim\" style=\"background-color:#003761\"><\/span><div class=\"wp-block-cover__inner-container is-layout-constrained wp-block-cover-is-layout-constrained\">\n<p class=\"has-text-align-center\" style=\"font-size:30px\"><a href=\"https:\/\/academiespatiale.fr\/index.php\/formations\/trouver-une-formation\/gestion-administration\/\" title=\"\">Gestion<br>Administration<\/a><\/p>\n<\/div><\/div>\n<\/div>\n\n\n\n<div class=\"wp-block-column is-layout-flow wp-block-column-is-layout-flow\">\n<div style=\"aspect-ratio:1;min-height:unset;\" class=\"wp-block-cover has-white-color has-text-color has-link-color wp-elements-96c8eddc992c48659aea58b91a49dc6d has-aspect-ratio\"><img loading=\"lazy\" decoding=\"async\" width=\"2560\" height=\"1708\" class=\"wp-block-cover__image-background wp-image-2882\" alt=\"\" src=\"https:\/\/academiespatiale.fr\/wp-content\/uploads\/2025\/01\/pexels-towfiqu-barbhuiya-3440682-8693379-scaled.jpg\" data-object-fit=\"cover\" srcset=\"https:\/\/academiespatiale.fr\/wp-content\/uploads\/2025\/01\/pexels-towfiqu-barbhuiya-3440682-8693379-scaled.jpg 2560w, https:\/\/academiespatiale.fr\/wp-content\/uploads\/2025\/01\/pexels-towfiqu-barbhuiya-3440682-8693379-300x200.jpg 300w, https:\/\/academiespatiale.fr\/wp-content\/uploads\/2025\/01\/pexels-towfiqu-barbhuiya-3440682-8693379-1024x683.jpg 1024w, https:\/\/academiespatiale.fr\/wp-content\/uploads\/2025\/01\/pexels-towfiqu-barbhuiya-3440682-8693379-768x512.jpg 768w, https:\/\/academiespatiale.fr\/wp-content\/uploads\/2025\/01\/pexels-towfiqu-barbhuiya-3440682-8693379-1536x1025.jpg 1536w, https:\/\/academiespatiale.fr\/wp-content\/uploads\/2025\/01\/pexels-towfiqu-barbhuiya-3440682-8693379-2048x1367.jpg 2048w, https:\/\/academiespatiale.fr\/wp-content\/uploads\/2025\/01\/pexels-towfiqu-barbhuiya-3440682-8693379-360x240.jpg 360w\" sizes=\"auto, (max-width: 2560px) 100vw, 2560px\" \/><span aria-hidden=\"true\" class=\"wp-block-cover__background has-background-dim\" style=\"background-color:#003761\"><\/span><div class=\"wp-block-cover__inner-container is-layout-constrained wp-block-cover-is-layout-constrained\">\n<p class=\"has-text-align-center\" style=\"font-size:30px\"><a href=\"https:\/\/academiespatiale.fr\/index.php\/formations\/trouver-une-formation\/juridique-politique\/\" title=\"\">Juridique<br>Politique<\/a><\/p>\n<\/div><\/div>\n<\/div>\n\n\n\n<div class=\"wp-block-column is-layout-flow wp-block-column-is-layout-flow\">\n<div style=\"aspect-ratio:1;min-height:unset;\" class=\"wp-block-cover has-white-color has-text-color has-link-color wp-elements-3d5ababdf3cdbc0cf4650e5ef32644a4 has-aspect-ratio\"><img loading=\"lazy\" decoding=\"async\" width=\"2560\" height=\"1440\" class=\"wp-block-cover__image-background wp-image-2883\" alt=\"\" src=\"https:\/\/academiespatiale.fr\/wp-content\/uploads\/2025\/01\/pexels-artempodrez-5716032-scaled.jpg\" data-object-fit=\"cover\" srcset=\"https:\/\/academiespatiale.fr\/wp-content\/uploads\/2025\/01\/pexels-artempodrez-5716032-scaled.jpg 2560w, https:\/\/academiespatiale.fr\/wp-content\/uploads\/2025\/01\/pexels-artempodrez-5716032-300x169.jpg 300w, https:\/\/academiespatiale.fr\/wp-content\/uploads\/2025\/01\/pexels-artempodrez-5716032-1024x576.jpg 1024w, https:\/\/academiespatiale.fr\/wp-content\/uploads\/2025\/01\/pexels-artempodrez-5716032-768x432.jpg 768w, https:\/\/academiespatiale.fr\/wp-content\/uploads\/2025\/01\/pexels-artempodrez-5716032-1536x864.jpg 1536w, https:\/\/academiespatiale.fr\/wp-content\/uploads\/2025\/01\/pexels-artempodrez-5716032-2048x1152.jpg 2048w\" sizes=\"auto, (max-width: 2560px) 100vw, 2560px\" \/><span aria-hidden=\"true\" class=\"wp-block-cover__background has-background-dim\" style=\"background-color:#003761\"><\/span><div class=\"wp-block-cover__inner-container is-layout-constrained wp-block-cover-is-layout-constrained\">\n<p class=\"has-text-align-center\" style=\"font-size:30px\"><a href=\"https:\/\/academiespatiale.fr\/index.php\/formations\/trouver-une-formation\/commerce-economie\/\" title=\"\">Commerce<br>\u00c9conomie<\/a><\/p>\n<\/div><\/div>\n<\/div>\n\n\n\n<div class=\"wp-block-column is-layout-flow wp-block-column-is-layout-flow\">\n<div style=\"aspect-ratio:1;min-height:unset;\" class=\"wp-block-cover has-white-color has-text-color has-link-color wp-elements-f2c2326b400335c094a142bda7af73ed has-aspect-ratio\"><img loading=\"lazy\" decoding=\"async\" width=\"1707\" height=\"2560\" class=\"wp-block-cover__image-background wp-image-2884\" alt=\"\" src=\"https:\/\/academiespatiale.fr\/wp-content\/uploads\/2025\/01\/pexels-bertellifotografia-3697813-scaled.jpg\" style=\"object-position:28% 63%\" data-object-fit=\"cover\" data-object-position=\"28% 63%\" srcset=\"https:\/\/academiespatiale.fr\/wp-content\/uploads\/2025\/01\/pexels-bertellifotografia-3697813-scaled.jpg 1707w, https:\/\/academiespatiale.fr\/wp-content\/uploads\/2025\/01\/pexels-bertellifotografia-3697813-200x300.jpg 200w, https:\/\/academiespatiale.fr\/wp-content\/uploads\/2025\/01\/pexels-bertellifotografia-3697813-683x1024.jpg 683w, https:\/\/academiespatiale.fr\/wp-content\/uploads\/2025\/01\/pexels-bertellifotografia-3697813-768x1152.jpg 768w, https:\/\/academiespatiale.fr\/wp-content\/uploads\/2025\/01\/pexels-bertellifotografia-3697813-1024x1536.jpg 1024w, https:\/\/academiespatiale.fr\/wp-content\/uploads\/2025\/01\/pexels-bertellifotografia-3697813-1365x2048.jpg 1365w\" sizes=\"auto, (max-width: 1707px) 100vw, 1707px\" \/><span aria-hidden=\"true\" class=\"wp-block-cover__background has-background-dim\" style=\"background-color:#003761\"><\/span><div class=\"wp-block-cover__inner-container is-layout-constrained wp-block-cover-is-layout-constrained\">\n<p class=\"has-text-align-center\" style=\"font-size:30px\"><a href=\"https:\/\/academiespatiale.fr\/index.php\/formations\/trouver-une-formation\/communication-culture-patrimoine\/\" title=\"\">Communication<br>Culture<br>Patrimoine<\/a><\/p>\n<\/div><\/div>\n<\/div>\n<\/div>\n\n\n\n<div class=\"wp-block-columns is-layout-flex wp-container-core-columns-is-layout-28f84493 wp-block-columns-is-layout-flex\">\n<div class=\"wp-block-column is-layout-flow wp-block-column-is-layout-flow\"><\/div>\n\n\n\n<div class=\"wp-block-column is-layout-flow wp-block-column-is-layout-flow\"><\/div>\n<\/div>\n\n\n\n<p class=\"has-text-align-center has-background-color-background-color has-background\">Consulter le catalogue mis \u00e0 jour par l&rsquo;ISSAT :<br><a href=\"https:\/\/www.formations-spatiales.fr\/\">Catalogue des formations spatiales (formations-spatiales.fr)<\/a><\/p>\n\n\n\n<div style=\"height:100px\" aria-hidden=\"true\" class=\"wp-block-spacer\"><\/div>\n\n\n\n<div class=\"wp-block-columns alignfull has-text-color has-link-color wp-elements-8422e2a85d9f2e5605b7dd2ae54b3e54 is-layout-flex wp-container-core-columns-is-layout-e94c545b wp-block-columns-is-layout-flex\" style=\"color:#b1b1b1;margin-top:-25px;margin-bottom:20px;padding-top:0;padding-right:0;padding-bottom:0;padding-left:60px;font-size:15px\">\n<div class=\"wp-block-column has-text-color has-link-color wp-elements-32661c60388d2123b0bf1683c717c484 is-layout-flow wp-block-column-is-layout-flow\" style=\"color:#a1a1a1;padding-top:0;padding-bottom:0;font-size:15px;font-style:normal;font-weight:100;flex-basis:100%\"><div class=\"aioseo-breadcrumbs\"><span class=\"aioseo-breadcrumb\">\n\t\t\t<a href=\"https:\/\/academiespatiale.fr\" title=\"Home\">Home<\/a>\n\t\t<\/span><span class=\"aioseo-breadcrumb-separator\">&raquo;<\/span><span class=\"aioseo-breadcrumb\">\n\t\t\t<a href=\"https:\/\/academiespatiale.fr\/index.php\/formations\/\" title=\"Formations &amp; m\u00e9tiers\">Formations &amp; m\u00e9tiers<\/a>\n\t\t<\/span><span class=\"aioseo-breadcrumb-separator\">&raquo;<\/span><span class=\"aioseo-breadcrumb\">\n\t\t\tTrouver une formation\n\t\t<\/span><\/div><\/div>\n<\/div>\n\n\n\n<p><\/p>\n","protected":false},"excerpt":{"rendered":"<p>Les formations pr\u00e9sent\u00e9es ici sont situ\u00e9es en \u00eele-de-france et sont partenaires de l&rsquo;Acad\u00e9mie Spatiale. Elles sont sp\u00e9cialis\u00e9es dans le domaine spatial ou offrent une orientation spatiale. \/!\\ La plupart de ces cursus se concentrant sur les sciences, nous souhaitons rappeler qu&rsquo;il existe de nombreuses voies pour travailler dans le secteur [&hellip;]<\/p>\n","protected":false},"author":1,"featured_media":0,"parent":65,"menu_order":0,"comment_status":"closed","ping_status":"closed","template":"","meta":{"_monsterinsights_skip_tracking":false,"_monsterinsights_sitenote_active":false,"_monsterinsights_sitenote_note":"","_monsterinsights_sitenote_category":0,"_EventAllDay":false,"_EventTimezone":"","_EventStartDate":"","_EventEndDate":"","_EventStartDateUTC":"","_EventEndDateUTC":"","_EventShowMap":false,"_EventShowMapLink":false,"_EventURL":"","_EventCost":"","_EventCostDescription":"","_EventCurrencySymbol":"","_EventCurrencyCode":"","_EventCurrencyPosition":"","_EventDateTimeSeparator":"","_EventTimeRangeSeparator":"","_EventOrganizerID":[],"_EventVenueID":[],"_OrganizerEmail":"","_OrganizerPhone":"","_OrganizerWebsite":"","_VenueAddress":"","_VenueCity":"","_VenueCountry":"","_VenueProvince":"","_VenueState":"","_VenueZip":"","_VenuePhone":"","_VenueURL":"","_VenueStateProvince":"","_VenueLat":"","_VenueLng":"","_VenueShowMap":false,"_VenueShowMapLink":false,"footnotes":""},"class_list":["post-2351","page","type-page","status-publish","hentry"],"aioseo_notices":[],"_links":{"self":[{"href":"https:\/\/academiespatiale.fr\/index.php\/wp-json\/wp\/v2\/pages\/2351","targetHints":{"allow":["GET"]}}],"collection":[{"href":"https:\/\/academiespatiale.fr\/index.php\/wp-json\/wp\/v2\/pages"}],"about":[{"href":"https:\/\/academiespatiale.fr\/index.php\/wp-json\/wp\/v2\/types\/page"}],"author":[{"embeddable":true,"href":"https:\/\/academiespatiale.fr\/index.php\/wp-json\/wp\/v2\/users\/1"}],"replies":[{"embeddable":true,"href":"https:\/\/academiespatiale.fr\/index.php\/wp-json\/wp\/v2\/comments?post=2351"}],"version-history":[{"count":37,"href":"https:\/\/academiespatiale.fr\/index.php\/wp-json\/wp\/v2\/pages\/2351\/revisions"}],"predecessor-version":[{"id":7117,"href":"https:\/\/academiespatiale.fr\/index.php\/wp-json\/wp\/v2\/pages\/2351\/revisions\/7117"}],"up":[{"embeddable":true,"href":"https:\/\/academiespatiale.fr\/index.php\/wp-json\/wp\/v2\/pages\/65"}],"wp:attachment":[{"href":"https:\/\/academiespatiale.fr\/index.php\/wp-json\/wp\/v2\/media?parent=2351"}],"curies":[{"name":"wp","href":"https:\/\/api.w.org\/{rel}","templated":true}]}}