{"id":2,"date":"2024-03-27T18:21:00","date_gmt":"2024-03-27T17:21:00","guid":{"rendered":"http:\/\/academiespatiale.fr\/?page_id=2"},"modified":"2026-04-20T17:56:13","modified_gmt":"2026-04-20T15:56:13","slug":"accueil","status":"publish","type":"page","link":"https:\/\/academiespatiale.fr\/","title":{"rendered":"Accueil"},"content":{"rendered":"\n<div class=\"wp-block-columns alignfull is-layout-flex wp-container-core-columns-is-layout-c6a03c77 wp-block-columns-is-layout-flex\" style=\"padding-right:var(--wp--preset--spacing--80);padding-left:var(--wp--preset--spacing--80)\">\n<div class=\"wp-block-column is-layout-flow wp-container-core-column-is-layout-6ea35227 wp-block-column-is-layout-flow\" style=\"border-width:1px;border-radius:0px;padding-top:0;padding-right:0px;padding-bottom:0;padding-left:10px;flex-basis:28.57%\"><style id=\"wpforms-css-vars-1078-block-1c5b6886-d241-4376-bde6-cd8678b86494\">\n\t\t\t\t#wpforms-1078.wpforms-block-1c5b6886-d241-4376-bde6-cd8678b86494 {\n\t\t\t\t--wpforms-field-border-radius: ;\n--wpforms-field-background-color: rgba( 0, 0, 0, 0 );\n--wpforms-field-border-color: #E5E5E5;\n--wpforms-field-border-color-spare: #E5E5E5;\n--wpforms-button-background-color: #d10a0a;\n--wpforms-field-size-input-height: 31px;\n--wpforms-field-size-input-spacing: 10px;\n--wpforms-field-size-font-size: 14px;\n--wpforms-field-size-line-height: 17px;\n--wpforms-field-size-padding-h: 9px;\n--wpforms-field-size-checkbox-size: 14px;\n--wpforms-field-size-sublabel-spacing: 5px;\n--wpforms-field-size-icon-size: 0.75;\n--wpforms-label-size-font-size: 14px;\n--wpforms-label-size-line-height: 17px;\n--wpforms-label-size-sublabel-font-size: 13px;\n--wpforms-label-size-sublabel-line-height: 16px;\n--wpforms-button-size-font-size: 14px;\n--wpforms-button-size-height: 37px;\n--wpforms-button-size-padding-h: 15px;\n--wpforms-button-size-margin-top: 5px;\n\t\t\t}\n\t\t\t<\/style><div class=\"wpforms-container wpforms-container-full wpforms-block wpforms-block-1c5b6886-d241-4376-bde6-cd8678b86494 wpforms-render-modern\" id=\"wpforms-1078\"><form id=\"wpforms-form-1078\" class=\"wpforms-validate wpforms-form wpforms-ajax-form\" data-formid=\"1078\" method=\"post\" enctype=\"multipart\/form-data\" action=\"\/index.php\/wp-json\/wp\/v2\/pages\/2\" data-token=\"b282a2ddb873393e1dc7d7a56937b88f\" data-token-time=\"1777068877\"><div class=\"wpforms-head-container\"><div class=\"wpforms-title\">Qui \u00eates-vous ?<\/div><\/div><noscript class=\"wpforms-error-noscript\">Veuillez activer JavaScript dans votre navigateur pour remplir ce formulaire.<\/noscript><div id=\"wpforms-error-noscript\" style=\"display: none;\">Veuillez activer JavaScript dans votre navigateur pour remplir ce formulaire.<\/div><div class=\"wpforms-field-container\"><div id=\"wpforms-1078-field_1-container\" class=\"wpforms-field wpforms-field-radio wpforms-one-halfwpforms-one-third wpforms-first\" data-field-id=\"1\"><fieldset><legend class=\"wpforms-field-label wpforms-label-hide\" aria-hidden=\"false\">Qui \u00eates-vous ?<\/legend><ul id=\"wpforms-1078-field_1\"><li class=\"choice-1 depth-1\"><input type=\"radio\" id=\"wpforms-1078-field_1_1\" name=\"wpforms[fields][1]\" value=\"Coll\u00e9gien\/coll\u00e9gienne\" aria-errormessage=\"wpforms-1078-field_1_1-error\"  ><label class=\"wpforms-field-label-inline\" for=\"wpforms-1078-field_1_1\">Coll\u00e9gien\/coll\u00e9gienne<\/label><\/li><li class=\"choice-2 depth-1\"><input type=\"radio\" id=\"wpforms-1078-field_1_2\" name=\"wpforms[fields][1]\" value=\"Lyc\u00e9en\/lyc\u00e9enne\" aria-errormessage=\"wpforms-1078-field_1_2-error\"  ><label class=\"wpforms-field-label-inline\" for=\"wpforms-1078-field_1_2\">Lyc\u00e9en\/lyc\u00e9enne<\/label><\/li><li class=\"choice-3 depth-1\"><input type=\"radio\" id=\"wpforms-1078-field_1_3\" name=\"wpforms[fields][1]\" value=\"\u00c9tudiant\u00b7e de licence\" aria-errormessage=\"wpforms-1078-field_1_3-error\"  ><label class=\"wpforms-field-label-inline\" for=\"wpforms-1078-field_1_3\">\u00c9tudiant\u00b7e de licence<\/label><\/li><li class=\"choice-4 depth-1\"><input type=\"radio\" id=\"wpforms-1078-field_1_4\" name=\"wpforms[fields][1]\" value=\"\u00c9tudiant\u00b7e de master\" aria-errormessage=\"wpforms-1078-field_1_4-error\"  ><label class=\"wpforms-field-label-inline\" for=\"wpforms-1078-field_1_4\">\u00c9tudiant\u00b7e de master<\/label><\/li><li class=\"choice-5 depth-1\"><input type=\"radio\" id=\"wpforms-1078-field_1_5\" name=\"wpforms[fields][1]\" value=\"Doctorant\u00b7e\" aria-errormessage=\"wpforms-1078-field_1_5-error\"  ><label class=\"wpforms-field-label-inline\" for=\"wpforms-1078-field_1_5\">Doctorant\u00b7e<\/label><\/li><li class=\"choice-6 depth-1\"><input type=\"radio\" id=\"wpforms-1078-field_1_6\" name=\"wpforms[fields][1]\" value=\"Enseignant\u00b7e\" aria-errormessage=\"wpforms-1078-field_1_6-error\"  ><label class=\"wpforms-field-label-inline\" for=\"wpforms-1078-field_1_6\">Enseignant\u00b7e<\/label><\/li><li class=\"choice-7 depth-1\"><input type=\"radio\" id=\"wpforms-1078-field_1_7\" name=\"wpforms[fields][1]\" value=\"J&#039;ai d\u00e9j\u00e0 r\u00e9pondu ! :)\" aria-errormessage=\"wpforms-1078-field_1_7-error\"  ><label class=\"wpforms-field-label-inline\" for=\"wpforms-1078-field_1_7\">J&rsquo;ai d\u00e9j\u00e0 r\u00e9pondu ! \ud83d\ude42<\/label><\/li><\/ul><\/fieldset><\/div><div id=\"wpforms-1078-field_5-container\" class=\"wpforms-field wpforms-field-text wpforms-one-half\" data-field-id=\"5\"><label class=\"wpforms-field-label wpforms-label-hide\" for=\"wpforms-1078-field_5\" aria-hidden=\"false\">Ligne de texte<\/label><input type=\"text\" id=\"wpforms-1078-field_5\" class=\"wpforms-field-large\" name=\"wpforms[fields][5]\" placeholder=\"Autre :\" aria-errormessage=\"wpforms-1078-field_5-error\" ><\/div><\/div><!-- .wpforms-field-container --><div class=\"wpforms-submit-container\" ><input type=\"hidden\" name=\"wpforms[id]\" value=\"1078\"><input type=\"hidden\" name=\"page_title\" value=\"\"><input type=\"hidden\" name=\"page_url\" value=\"https:\/\/academiespatiale.fr\/index.php\/wp-json\/wp\/v2\/pages\/2\"><input type=\"hidden\" name=\"url_referer\" value=\"\"><button type=\"submit\" name=\"wpforms[submit]\" id=\"wpforms-submit-1078\" class=\"wpforms-submit\" data-alt-text=\"Envoi...\" data-submit-text=\"Envoyer\" aria-live=\"assertive\" value=\"wpforms-submit\">Envoyer<\/button><img loading=\"lazy\" decoding=\"async\" src=\"https:\/\/academiespatiale.fr\/wp-content\/plugins\/wpforms-lite\/assets\/images\/submit-spin.svg\" class=\"wpforms-submit-spinner\" style=\"display: none;\" width=\"26\" height=\"26\" alt=\"Chargement en cours\"><\/div><\/form><\/div>  <!-- .wpforms-container --><\/div>\n\n\n\n<div class=\"wp-block-column is-layout-flow wp-block-column-is-layout-flow\" style=\"flex-basis:42.86%\"><div class=\"wp-block-image wp-duotone-rgb1411915-rgba2091010031-1\">\n<figure class=\"aligncenter size-full is-resized\"><img loading=\"lazy\" decoding=\"async\" width=\"512\" height=\"512\" src=\"https:\/\/academiespatiale.fr\/wp-content\/uploads\/2024\/04\/univeristy_4902093.png\" alt=\"\" class=\"wp-image-201\" style=\"width:70px\" srcset=\"https:\/\/academiespatiale.fr\/wp-content\/uploads\/2024\/04\/univeristy_4902093.png 512w, https:\/\/academiespatiale.fr\/wp-content\/uploads\/2024\/04\/univeristy_4902093-300x300.png 300w, https:\/\/academiespatiale.fr\/wp-content\/uploads\/2024\/04\/univeristy_4902093-150x150.png 150w\" sizes=\"auto, (max-width: 512px) 100vw, 512px\" \/><\/figure>\n<\/div>\n\n\n<p class=\"has-text-align-center\">Comment se former et travailler dans le spatial ?<\/p>\n\n\n\n<div class=\"wp-block-buttons is-content-justification-center is-layout-flex wp-container-core-buttons-is-layout-a89b3969 wp-block-buttons-is-layout-flex\">\n<div class=\"wp-block-button has-custom-width wp-block-button__width-50 is-style-fill\"><a class=\"wp-block-button__link has-white-color has-accent-background-color has-text-color has-background has-link-color wp-element-button\" href=\"https:\/\/academiespatiale.fr\/index.php\/formations\/\" style=\"border-radius:0px\"><strong>Formations &amp; m\u00e9tiers<\/strong><\/a><\/div>\n<\/div>\n\n\n\n<hr class=\"wp-block-separator has-alpha-channel-opacity\" style=\"margin-top:var(--wp--preset--spacing--70);margin-bottom:var(--wp--preset--spacing--70)\"\/>\n\n\n\n<div class=\"wp-block-buttons is-content-justification-center is-layout-flex wp-container-core-buttons-is-layout-d75b1f39 wp-block-buttons-is-layout-flex\" style=\"padding-top:var(--wp--preset--spacing--30);padding-bottom:var(--wp--preset--spacing--30)\">\n<div class=\"wp-block-button has-custom-width wp-block-button__width-75 is-style-fill\"><a class=\"wp-block-button__link has-background has-custom-font-size wp-element-button\" href=\"https:\/\/academiespatiale.fr\/index.php\/a-propos\/\" style=\"border-style:none;border-width:0px;border-top-left-radius:0px;border-top-right-radius:0px;border-bottom-left-radius:0px;border-bottom-right-radius:0px;background:linear-gradient(38deg,rgb(24,82,142) 0%,rgb(209,10,10) 100%);padding-top:var(--wp--preset--spacing--70);padding-bottom:var(--wp--preset--spacing--70);font-size:22px\"><strong>\u00c0 propos de l&rsquo;Acad\u00e9mie Spatiale d&rsquo;\u00cele-de-France<\/strong><\/a><\/div>\n<\/div>\n<\/div>\n\n\n\n<div class=\"wp-block-column is-layout-flow wp-block-column-is-layout-flow\" style=\"padding-right:0px;padding-left:0px;flex-basis:28.57%\">\n<p class=\"has-black-color has-text-color has-link-color wp-elements-fdd2118b9986402bbfbd69ffca4cbe2b\"><strong>AGENDA<\/strong><\/p>\n\n\n<!=========Events Static list Template 2.6.2=========><div id=\"ect-events-minimal-list-content\"><div id=\"ect-minimal-list-wrp\" class=\"ect-minimal-list-wrapper all\"><div id=\"event-7647\" class=\"ect-list-posts style-1 ect-simple-event future\"><div class=\"ect-event-date-tag\"><div class=\"ect-event-datetimes\">\n\t\t\t        <span class=\"ev-mo\">Mai<\/span>\n\t\t\t        <span class=\"ev-day\">21<\/span>\n\t\t\t        <\/div><\/div><div class=\"ect-event-details\">\n    <div class=\"ect-events-title\"><a class=\"ect-event-url\" href=\"https:\/\/academiespatiale.fr\/index.php\/event\/seminaire-federation-nanosat-la-mission-lumio-detection-des-flashs-dimpact-depuis-la-face-cachee-de-la-lune\/\" rel=\"bookmark\">[S\u00e9minaire] F\u00e9d\u00e9ration Nanosat &#8211; La mission LUMIO : d\u00e9tection des flashs d\u2019impact depuis la face cach\u00e9e de la Lune<\/a><\/div>\n                <div class=\"ect-event-datetime\"><i class=\"ect-icon-clock\"><\/i>\n                <span class=\"ect-minimal-list-time\">8h00 - 17h00<\/span><\/div>\n\t\t\t\t<\/div><\/div><div id=\"event-7654\" class=\"ect-list-posts style-1 ect-simple-event future\"><div class=\"ect-event-date-tag\"><div class=\"ect-event-datetimes\">\n\t\t\t        <span class=\"ev-mo\">Juin<\/span>\n\t\t\t        <span class=\"ev-day\">11<\/span>\n\t\t\t        <\/div><\/div><div class=\"ect-event-details\">\n    <div class=\"ect-events-title\"><a class=\"ect-event-url\" href=\"https:\/\/academiespatiale.fr\/index.php\/event\/seminaire-federation-nanosat-ameliorer-le-succes-des-cubesats-le-role-de-lesa-dans-la-fourniture-dinfrastructures-et-dexpertise-pour-les-essais-des-cubesat\/\" rel=\"bookmark\">[S\u00e9minaire] F\u00e9d\u00e9ration Nanosat &#8211; Am\u00e9liorer le succ\u00e8s des CubeSats : le r\u00f4le de l\u2019ESA dans la fourniture d\u2019infrastructures et d\u2019expertise pour les essais des CubeSat<\/a><\/div>\n                <div class=\"ect-event-datetime\"><i class=\"ect-icon-clock\"><\/i>\n                <span class=\"ect-minimal-list-time\">8h00 - 17h00<\/span><\/div>\n\t\t\t\t<\/div><\/div><div id=\"event-8880\" class=\"ect-list-posts style-1 ect-simple-event future\"><div class=\"ect-event-date-tag\"><div class=\"ect-event-datetimes\">\n\t\t\t        <span class=\"ev-mo\">Juin<\/span>\n\t\t\t        <span class=\"ev-day\">15<\/span>\n\t\t\t        <\/div><\/div><div class=\"ect-event-details\">\n    <div class=\"ect-events-title\"><a class=\"ect-event-url\" href=\"https:\/\/academiespatiale.fr\/index.php\/event\/junior-space-academy-3-immersion-dans-lunivers-spatial-francilien\/\" rel=\"bookmark\">Junior Space Academy #3 &#8211; Immersion dans l&rsquo;univers spatial francilien<\/a><\/div>\n                <div class=\"ect-event-datetime\"><i class=\"ect-icon-clock\"><\/i>\n                <span class=\"ect-minimal-list-time\">15 juin - 19 juin<\/span><\/div>\n\t\t\t\t<\/div><\/div><\/div><\/div>\n\n\n<p style=\"font-size:15px\">&gt;&gt;&gt; <a href=\"https:\/\/academiespatiale.fr\/index.php\/event\/\" title=\"\">Voir tous les \u00e9v\u00e8nements \u00e0 venir<\/a><\/p>\n<\/div>\n<\/div>\n\n\n\n<h4 class=\"wp-block-heading has-text-align-center has-text-color has-link-color wp-elements-86e55f7ac11d896ba09fe8e5e7edbe42\" style=\"color:#003761\">\u00c0 ne pas manquer ! <em>Don\u2019t Miss Out!<\/em><\/h4>\n\n\n\n<div class=\"wp-block-columns alignfull has-white-color has-text-color has-background has-link-color wp-elements-55ae786e5323de19e28d144f66730fa5 is-layout-flex wp-container-core-columns-is-layout-a6b28ac7 wp-block-columns-is-layout-flex\" style=\"background-color:#003761;padding-right:var(--wp--preset--spacing--80);padding-left:var(--wp--preset--spacing--80)\">\n<div class=\"wp-block-column is-layout-flow wp-block-column-is-layout-flow\" style=\"padding-right:var(--wp--preset--spacing--60);padding-left:var(--wp--preset--spacing--60)\"><div class=\"wp-block-image\">\n<figure class=\"aligncenter size-full\"><a href=\"https:\/\/academiespatiale.fr\/index.php\/ecole-dete\/junior-space-academy\/\"><img loading=\"lazy\" decoding=\"async\" width=\"750\" height=\"500\" src=\"https:\/\/academiespatiale.fr\/wp-content\/uploads\/2025\/12\/JSA26_Miniature-RVB_v01.jpg\" alt=\"\" class=\"wp-image-6662\" srcset=\"https:\/\/academiespatiale.fr\/wp-content\/uploads\/2025\/12\/JSA26_Miniature-RVB_v01.jpg 750w, https:\/\/academiespatiale.fr\/wp-content\/uploads\/2025\/12\/JSA26_Miniature-RVB_v01-300x200.jpg 300w, https:\/\/academiespatiale.fr\/wp-content\/uploads\/2025\/12\/JSA26_Miniature-RVB_v01-360x240.jpg 360w\" sizes=\"auto, (max-width: 750px) 100vw, 750px\" \/><\/a><figcaption class=\"wp-element-caption\"><em>[Inscriptions distanciel ouvertes]<\/em><\/figcaption><\/figure>\n<\/div><\/div>\n\n\n\n<div class=\"wp-block-column is-layout-flow wp-block-column-is-layout-flow\" style=\"padding-right:var(--wp--preset--spacing--60);padding-left:var(--wp--preset--spacing--60)\"><div class=\"wp-block-image\">\n<figure class=\"aligncenter size-full\"><a href=\"https:\/\/academiespatiale.fr\/index.php\/formations\/formations-innovantes\/space-executive-school\/\"><img loading=\"lazy\" decoding=\"async\" width=\"750\" height=\"500\" src=\"https:\/\/academiespatiale.fr\/wp-content\/uploads\/2026\/04\/SPACE-EXECUTIVE-SCHOOL-royaumont-2026.png\" alt=\"\" class=\"wp-image-8914\" srcset=\"https:\/\/academiespatiale.fr\/wp-content\/uploads\/2026\/04\/SPACE-EXECUTIVE-SCHOOL-royaumont-2026.png 750w, https:\/\/academiespatiale.fr\/wp-content\/uploads\/2026\/04\/SPACE-EXECUTIVE-SCHOOL-royaumont-2026-300x200.png 300w, https:\/\/academiespatiale.fr\/wp-content\/uploads\/2026\/04\/SPACE-EXECUTIVE-SCHOOL-royaumont-2026-360x240.png 360w\" sizes=\"auto, (max-width: 750px) 100vw, 750px\" \/><\/a><figcaption class=\"wp-element-caption\"><em>[Candidatures en cours]<\/em><\/figcaption><\/figure>\n<\/div><\/div>\n\n\n\n<div class=\"wp-block-column is-layout-flow wp-block-column-is-layout-flow\" style=\"padding-right:var(--wp--preset--spacing--60);padding-left:var(--wp--preset--spacing--60)\"><div class=\"wp-block-image\">\n<figure class=\"aligncenter size-full\"><a href=\"https:\/\/academiespatiale.fr\/index.php\/2026\/03\/26\/ouverture-des-inscriptions-ecole-dete-build-your-own-satellite-in-5-days-juin-2026\/\"><img loading=\"lazy\" decoding=\"async\" width=\"750\" height=\"500\" src=\"https:\/\/academiespatiale.fr\/wp-content\/uploads\/2026\/03\/Ecole-ete_build-your-own-satellite_upec_juin2026.png\" alt=\"\" class=\"wp-image-8708\" srcset=\"https:\/\/academiespatiale.fr\/wp-content\/uploads\/2026\/03\/Ecole-ete_build-your-own-satellite_upec_juin2026.png 750w, https:\/\/academiespatiale.fr\/wp-content\/uploads\/2026\/03\/Ecole-ete_build-your-own-satellite_upec_juin2026-300x200.png 300w, https:\/\/academiespatiale.fr\/wp-content\/uploads\/2026\/03\/Ecole-ete_build-your-own-satellite_upec_juin2026-360x240.png 360w\" sizes=\"auto, (max-width: 750px) 100vw, 750px\" \/><\/a><figcaption class=\"wp-element-caption\"><em>[Candidatures en cours]<\/em><\/figcaption><\/figure>\n<\/div><\/div>\n\n\n\n<div class=\"wp-block-column is-layout-flow wp-block-column-is-layout-flow\" style=\"padding-right:var(--wp--preset--spacing--60);padding-left:var(--wp--preset--spacing--60)\"><div class=\"wp-block-image\">\n<figure class=\"aligncenter size-full\"><a href=\"https:\/\/academiespatiale.fr\/index.php\/recherche\/ao\/ao-mobilites\/\"><img loading=\"lazy\" decoding=\"async\" width=\"750\" height=\"500\" src=\"https:\/\/academiespatiale.fr\/wp-content\/uploads\/2024\/11\/AAC_mobilites-internationales.png\" alt=\"\" class=\"wp-image-3437\" srcset=\"https:\/\/academiespatiale.fr\/wp-content\/uploads\/2024\/11\/AAC_mobilites-internationales.png 750w, https:\/\/academiespatiale.fr\/wp-content\/uploads\/2024\/11\/AAC_mobilites-internationales-300x200.png 300w, https:\/\/academiespatiale.fr\/wp-content\/uploads\/2024\/11\/AAC_mobilites-internationales-360x240.png 360w\" sizes=\"auto, (max-width: 750px) 100vw, 750px\" \/><\/a><figcaption class=\"wp-element-caption\"><em>[Dernier appel en cours]<\/em><\/figcaption><\/figure>\n<\/div><\/div>\n<\/div>\n\n\n\n<div style=\"height:30px\" aria-hidden=\"true\" class=\"wp-block-spacer\"><\/div>\n\n\n\n<div class=\"wp-block-group alignwide has-background\" style=\"background:linear-gradient(135deg,rgb(24,82,142) 0%,rgb(141,19,15) 97%);padding-top:var(--wp--preset--spacing--60);padding-right:var(--wp--preset--spacing--60);padding-bottom:var(--wp--preset--spacing--60);padding-left:var(--wp--preset--spacing--60)\"><div class=\"wp-block-group__inner-container is-layout-constrained wp-container-core-group-is-layout-db32e940 wp-block-group-is-layout-constrained\">\n<h4 class=\"wp-block-heading has-text-align-center has-white-color has-text-color has-link-color wp-elements-f5f8b848599283d12ed0180b4868e861\">Ambassadeurs et ambassadrices de l&rsquo;Acad\u00e9mie Spatiale d&rsquo;IDF<\/h4>\n\n\n\n<p class=\"has-text-align-center has-white-color has-text-color has-link-color wp-elements-71878462203cd9e5a1fc916ecd45cfe0\">Vous souhaitez vous associer \u00e0 l&rsquo;Acad\u00e9mie Spatiale et aider les plus jeunes \u00e0 trouver leur voie dans le spatial ? <br>Contactez-nous d\u00e8s maintenant et devenez les ambassadeurs et ambassadrices de l&rsquo;Acad\u00e9mie Spatiale.<\/p>\n\n\n\n<div class=\"wp-block-buttons is-content-justification-center is-layout-flex wp-container-core-buttons-is-layout-a89b3969 wp-block-buttons-is-layout-flex\">\n<div class=\"wp-block-button\"><a class=\"wp-block-button__link has-accent-background-color has-background wp-element-button\" href=\"https:\/\/academiespatiale.fr\/index.php\/les-ambassadeurs-et-ambassadrices-de-lacademie-spatiale-didf\/\" style=\"border-radius:0px\"><strong>Devenir ambassadeur ou ambassadrice<\/strong><\/a><\/div>\n<\/div>\n<\/div><\/div>\n\n\n\n<div style=\"height:10px\" aria-hidden=\"true\" class=\"wp-block-spacer\"><\/div>\n\n\n\n<div class=\"wp-block-group alignwide has-background\" style=\"background:linear-gradient(135deg,rgb(24,82,142) 0%,rgb(141,19,15) 97%);padding-top:var(--wp--preset--spacing--60);padding-right:var(--wp--preset--spacing--60);padding-bottom:var(--wp--preset--spacing--60);padding-left:var(--wp--preset--spacing--60)\"><div class=\"wp-block-group__inner-container is-layout-constrained wp-container-core-group-is-layout-db32e940 wp-block-group-is-layout-constrained\">\n<p class=\"has-text-align-center has-white-color has-text-color has-link-color wp-elements-d758b2f4ec777bfddac0e54a004cf423\">Tu es un\/une \u00e9l\u00e8ve de coll\u00e8ge, lyc\u00e9e ou du sup\u00e9rieur ? Trouve ton orientation en \u00e9changeant avec d&rsquo;autres jeunes !<br>Avec <em>My Job Glasses \u00ab&nbsp;Entre Jeunes&nbsp;\u00bb<\/em>, profite de l&rsquo;exp\u00e9rience de celles et ceux qui ont d\u00e9j\u00e0 trouv\u00e9 leur voie.<\/p>\n\n\n\n<div class=\"wp-block-buttons is-content-justification-center is-layout-flex wp-container-core-buttons-is-layout-a89b3969 wp-block-buttons-is-layout-flex\">\n<div class=\"wp-block-button\"><a class=\"wp-block-button__link has-accent-background-color has-background wp-element-button\" href=\"https:\/\/academiespatiale.fr\/index.php\/my-job-glasses\/\" style=\"border-radius:0px\"><strong>Rencontre nos \u00e9tudiantes et \u00e9tudiants ambassadeurs<\/strong><\/a><\/div>\n<\/div>\n<\/div><\/div>\n\n\n\n<div style=\"height:30px\" aria-hidden=\"true\" class=\"wp-block-spacer\"><\/div>\n\n\n\n<hr class=\"wp-block-separator has-alpha-channel-opacity\"\/>\n\n\n\n<p class=\"has-text-align-center\">Etablissements partenaires<\/p>\n\n\n\n<figure class=\"wp-block-image alignwide size-full\"><a href=\"https:\/\/academiespatiale.fr\/index.php\/a-propos\/porteurs-projet\/\"><img loading=\"lazy\" decoding=\"async\" width=\"14840\" height=\"1039\" src=\"https:\/\/academiespatiale.fr\/wp-content\/uploads\/2024\/04\/Frise_logosCMA-HD.png\" alt=\"\" class=\"wp-image-188\" srcset=\"https:\/\/academiespatiale.fr\/wp-content\/uploads\/2024\/04\/Frise_logosCMA-HD.png 14840w, https:\/\/academiespatiale.fr\/wp-content\/uploads\/2024\/04\/Frise_logosCMA-HD-300x21.png 300w, https:\/\/academiespatiale.fr\/wp-content\/uploads\/2024\/04\/Frise_logosCMA-HD-1024x72.png 1024w, https:\/\/academiespatiale.fr\/wp-content\/uploads\/2024\/04\/Frise_logosCMA-HD-768x54.png 768w, https:\/\/academiespatiale.fr\/wp-content\/uploads\/2024\/04\/Frise_logosCMA-HD-1536x108.png 1536w, https:\/\/academiespatiale.fr\/wp-content\/uploads\/2024\/04\/Frise_logosCMA-HD-2048x143.png 2048w\" sizes=\"auto, (max-width: 14840px) 100vw, 14840px\" \/><\/a><\/figure>\n\n\n\n<p><\/p>\n","protected":false},"excerpt":{"rendered":"<p>Comment se former et travailler dans le spatial ? AGENDA &gt;&gt;&gt; Voir tous les \u00e9v\u00e8nements \u00e0 venir \u00c0 ne pas manquer ! Don\u2019t Miss Out! Ambassadeurs et ambassadrices de l&rsquo;Acad\u00e9mie Spatiale d&rsquo;IDF Vous souhaitez vous associer \u00e0 l&rsquo;Acad\u00e9mie Spatiale et aider les plus jeunes \u00e0 trouver leur voie dans le [&hellip;]<\/p>\n","protected":false},"author":1,"featured_media":0,"parent":0,"menu_order":0,"comment_status":"closed","ping_status":"closed","template":"","meta":{"_monsterinsights_skip_tracking":false,"_monsterinsights_sitenote_active":false,"_monsterinsights_sitenote_note":"","_monsterinsights_sitenote_category":0,"_EventAllDay":false,"_EventTimezone":"","_EventStartDate":"","_EventEndDate":"","_EventStartDateUTC":"","_EventEndDateUTC":"","_EventShowMap":false,"_EventShowMapLink":false,"_EventURL":"","_EventCost":"","_EventCostDescription":"","_EventCurrencySymbol":"","_EventCurrencyCode":"","_EventCurrencyPosition":"","_EventDateTimeSeparator":"","_EventTimeRangeSeparator":"","_EventOrganizerID":[],"_EventVenueID":[],"_OrganizerEmail":"","_OrganizerPhone":"","_OrganizerWebsite":"","_VenueAddress":"","_VenueCity":"","_VenueCountry":"","_VenueProvince":"","_VenueState":"","_VenueZip":"","_VenuePhone":"","_VenueURL":"","_VenueStateProvince":"","_VenueLat":"","_VenueLng":"","_VenueShowMap":false,"_VenueShowMapLink":false,"footnotes":""},"class_list":["post-2","page","type-page","status-publish","hentry"],"aioseo_notices":[],"_links":{"self":[{"href":"https:\/\/academiespatiale.fr\/index.php\/wp-json\/wp\/v2\/pages\/2","targetHints":{"allow":["GET"]}}],"collection":[{"href":"https:\/\/academiespatiale.fr\/index.php\/wp-json\/wp\/v2\/pages"}],"about":[{"href":"https:\/\/academiespatiale.fr\/index.php\/wp-json\/wp\/v2\/types\/page"}],"author":[{"embeddable":true,"href":"https:\/\/academiespatiale.fr\/index.php\/wp-json\/wp\/v2\/users\/1"}],"replies":[{"embeddable":true,"href":"https:\/\/academiespatiale.fr\/index.php\/wp-json\/wp\/v2\/comments?post=2"}],"version-history":[{"count":160,"href":"https:\/\/academiespatiale.fr\/index.php\/wp-json\/wp\/v2\/pages\/2\/revisions"}],"predecessor-version":[{"id":9012,"href":"https:\/\/academiespatiale.fr\/index.php\/wp-json\/wp\/v2\/pages\/2\/revisions\/9012"}],"wp:attachment":[{"href":"https:\/\/academiespatiale.fr\/index.php\/wp-json\/wp\/v2\/media?parent=2"}],"curies":[{"name":"wp","href":"https:\/\/api.w.org\/{rel}","templated":true}]}}